{"id":212,"date":"2019-01-21T08:52:36","date_gmt":"2019-01-21T13:52:36","guid":{"rendered":"http:\/\/instituciones.gtm.sld.cu\/bpsg\/?page_id=212"},"modified":"2024-01-19T12:12:49","modified_gmt":"2024-01-19T17:12:49","slug":"servicios-prestados","status":"publish","type":"page","link":"https:\/\/instituciones.gtm.sld.cu\/bpsg\/servicios-prestados\/","title":{"rendered":"Servicios que se prestan"},"content":{"rendered":"<div class=\"post-meta\">Actualizado el viernes, enero 19, 2024<\/div><h2>Donaciones de sangre voluntarias<\/h2>\n<p>Disponible a la poblaci\u00f3n aparentemente sana; en las edades comprendidas entre 18 y 65 a\u00f1os. El horario de atencion es <strong>de lunes a viernes de 7:00AM a 2:00PM y los S\u00e1bados de 7:00AM a 11:30AM<\/strong>. Las unidades que prestan este servicio son:<\/p>\n<ul>\n<li><a href=\"#bpsg\">UPR Banco Provincial de Sangre. Guant\u00e1namo<\/a>.<\/li>\n<li><a href=\"#bmsb\">Banco Municipal de Sangre. Baracoa<\/a>.<\/li>\n<li><a href=\"#cesc\">Centro de extracci\u00f3n. Caimanera<\/a>.<\/li>\n<li><a href=\"#cesjmt\">Centro de extracci\u00f3n. Jamaica, Manuel T\u00e1mes<\/a>.<\/li>\n<\/ul>\n<h3>Banco m\u00f3vil<\/h3>\n<p>Es la unidad m\u00f3vil que visita lugares alejado de nuestras unidades extractoras con un equipo Tecn\u00f3logos de la Medicina Transfusuional y se encargan de instalar un centro de extracci\u00f3n provisional.<\/p>\n<p>Para conocer de las actividades de este equipo puede consultar la <a href=\"http:\/\/instituciones.gtm.sld.cu\/bpsg\/programa-de-sangre\/programacion-de-bancos-moviles\/\">programaci\u00f3n de bancos m\u00f3viles<\/a>.<\/p>\n<h2>Donaciones de plasma por plasmaf\u00e9resis<\/h2>\n<p>Est\u00e1 dirigido a los donantes incorporados de forma voluntaria al <a href=\"http:\/\/instituciones.gtm.sld.cu\/bpsg\/programa-de-sangre\/programa-de-palsmaferesis\/\">Programa de Plasmaf\u00e9resis<\/a>. El horario de atencion es de Lunes a Viernes <strong>de 7:00AM a 2:00PM y los S\u00e1bados de 7:00AM a 11:30AM<\/strong>. El programa de plasmaf\u00e9reis est\u00e1 habilitado en la <a href=\"#bpsg\">UPR Banco Provincial de Sangre. Guant\u00e1namo<\/a>.<\/p>\n<h2>Prueba de COOMBS<\/h2>\n<p>Dirigido a gestantes con factor RH negativo y que han sido remitidas de su \u00e1rea de salud para realizarles este tipo de complementario. El horario de extracci\u00f3n de muestras es de<strong> Lunes a Viernes de 7:00AM a 9:00AM<\/strong> en el laboratorio de Inmunoqu\u00edmica de la <a href=\"#bpsg\">UPR Banco Provincial de Sangre. Guant\u00e1namo<\/a>.<\/p>\n","protected":false},"excerpt":{"rendered":"<p>Actualizado el viernes, enero 19, 2024Donaciones de sangre voluntarias Disponible a la poblaci\u00f3n aparentemente sana; en las edades comprendidas entre 18 y 65 a\u00f1os. El horario de atencion es de lunes a viernes de 7:00AM a 2:00PM y los S\u00e1bados de 7:00AM a 11:30AM. Las unidades que prestan este servicio son: UPR Banco Provincial de &hellip; <\/p>\n<p><a class=\"more-link btn\" href=\"https:\/\/instituciones.gtm.sld.cu\/bpsg\/servicios-prestados\/\">Seguir leyendo<\/a><\/p>\n","protected":false},"author":7,"featured_media":556,"parent":0,"menu_order":2,"comment_status":"closed","ping_status":"closed","template":"","meta":{"ngg_post_thumbnail":0,"_mc_calendar":[]},"yoast_head":"<!-- This site is optimized with the Yoast SEO plugin v21.8 - https:\/\/yoast.com\/wordpress\/plugins\/seo\/ -->\n<title>Servicios que se prestan - UPR Banco Provincial de Sangre de Guant\u00e1namo<\/title>\n<meta name=\"robots\" content=\"index, follow, max-snippet:-1, max-image-preview:large, max-video-preview:-1\" \/>\n<link rel=\"canonical\" href=\"https:\/\/instituciones.gtm.sld.cu\/bpsg\/servicios-prestados\/\" \/>\n<meta property=\"og:locale\" content=\"es_ES\" \/>\n<meta property=\"og:type\" content=\"article\" \/>\n<meta property=\"og:title\" content=\"Servicios que se prestan - UPR Banco Provincial de Sangre de Guant\u00e1namo\" \/>\n<meta property=\"og:description\" content=\"Actualizado el viernes, enero 19, 2024Donaciones de sangre voluntarias Disponible a la poblaci\u00f3n aparentemente sana; en las edades comprendidas entre 18 y 65 a\u00f1os. El horario de atencion es de lunes a viernes de 7:00AM a 2:00PM y los S\u00e1bados de 7:00AM a 11:30AM. Las unidades que prestan este servicio son: UPR Banco Provincial de &hellip; Seguir leyendo\" \/>\n<meta property=\"og:url\" content=\"https:\/\/instituciones.gtm.sld.cu\/bpsg\/servicios-prestados\/\" \/>\n<meta property=\"og:site_name\" content=\"UPR Banco Provincial de Sangre de Guant\u00e1namo\" \/>\n<meta property=\"article:modified_time\" content=\"2024-01-19T17:12:49+00:00\" \/>\n<meta property=\"og:image\" content=\"https:\/\/instituciones.gtm.sld.cu\/bpsg\/wp-content\/uploads\/sites\/8\/2019\/01\/gota_grupo_factor.jpg\" \/>\n\t<meta property=\"og:image:width\" content=\"267\" \/>\n\t<meta property=\"og:image:height\" content=\"150\" \/>\n\t<meta property=\"og:image:type\" content=\"image\/jpeg\" \/>\n<meta name=\"twitter:card\" content=\"summary_large_image\" \/>\n<meta name=\"twitter:label1\" content=\"Tiempo de lectura\" \/>\n\t<meta name=\"twitter:data1\" content=\"1 minuto\" \/>\n<script type=\"application\/ld+json\" class=\"yoast-schema-graph\">{\"@context\":\"https:\/\/schema.org\",\"@graph\":[{\"@type\":\"WebPage\",\"@id\":\"https:\/\/instituciones.gtm.sld.cu\/bpsg\/servicios-prestados\/\",\"url\":\"https:\/\/instituciones.gtm.sld.cu\/bpsg\/servicios-prestados\/\",\"name\":\"Servicios que se prestan - UPR Banco Provincial de Sangre de Guant\u00e1namo\",\"isPartOf\":{\"@id\":\"https:\/\/instituciones.gtm.sld.cu\/bpsg\/#website\"},\"datePublished\":\"2019-01-21T13:52:36+00:00\",\"dateModified\":\"2024-01-19T17:12:49+00:00\",\"breadcrumb\":{\"@id\":\"https:\/\/instituciones.gtm.sld.cu\/bpsg\/servicios-prestados\/#breadcrumb\"},\"inLanguage\":\"es\",\"potentialAction\":[{\"@type\":\"ReadAction\",\"target\":[\"https:\/\/instituciones.gtm.sld.cu\/bpsg\/servicios-prestados\/\"]}]},{\"@type\":\"BreadcrumbList\",\"@id\":\"https:\/\/instituciones.gtm.sld.cu\/bpsg\/servicios-prestados\/#breadcrumb\",\"itemListElement\":[{\"@type\":\"ListItem\",\"position\":1,\"name\":\"Portada\",\"item\":\"https:\/\/instituciones.gtm.sld.cu\/bpsg\/\"},{\"@type\":\"ListItem\",\"position\":2,\"name\":\"Servicios que se prestan\"}]},{\"@type\":\"WebSite\",\"@id\":\"https:\/\/instituciones.gtm.sld.cu\/bpsg\/#website\",\"url\":\"https:\/\/instituciones.gtm.sld.cu\/bpsg\/\",\"name\":\"UPR Banco Provincial de Sangre de Guant\u00e1namo\",\"description\":\"&quot;Donar sangre es DONAR VIDA&quot;\",\"potentialAction\":[{\"@type\":\"SearchAction\",\"target\":{\"@type\":\"EntryPoint\",\"urlTemplate\":\"https:\/\/instituciones.gtm.sld.cu\/bpsg\/?s={search_term_string}\"},\"query-input\":\"required name=search_term_string\"}],\"inLanguage\":\"es\"}]}<\/script>\n<!-- \/ Yoast SEO plugin. -->","yoast_head_json":{"title":"Servicios que se prestan - UPR Banco Provincial de Sangre de Guant\u00e1namo","robots":{"index":"index","follow":"follow","max-snippet":"max-snippet:-1","max-image-preview":"max-image-preview:large","max-video-preview":"max-video-preview:-1"},"canonical":"https:\/\/instituciones.gtm.sld.cu\/bpsg\/servicios-prestados\/","og_locale":"es_ES","og_type":"article","og_title":"Servicios que se prestan - UPR Banco Provincial de Sangre de Guant\u00e1namo","og_description":"Actualizado el viernes, enero 19, 2024Donaciones de sangre voluntarias Disponible a la poblaci\u00f3n aparentemente sana; en las edades comprendidas entre 18 y 65 a\u00f1os. El horario de atencion es de lunes a viernes de 7:00AM a 2:00PM y los S\u00e1bados de 7:00AM a 11:30AM. Las unidades que prestan este servicio son: UPR Banco Provincial de &hellip; Seguir leyendo","og_url":"https:\/\/instituciones.gtm.sld.cu\/bpsg\/servicios-prestados\/","og_site_name":"UPR Banco Provincial de Sangre de Guant\u00e1namo","article_modified_time":"2024-01-19T17:12:49+00:00","og_image":[{"width":267,"height":150,"url":"https:\/\/instituciones.gtm.sld.cu\/bpsg\/wp-content\/uploads\/sites\/8\/2019\/01\/gota_grupo_factor.jpg","type":"image\/jpeg"}],"twitter_card":"summary_large_image","twitter_misc":{"Tiempo de lectura":"1 minuto"},"schema":{"@context":"https:\/\/schema.org","@graph":[{"@type":"WebPage","@id":"https:\/\/instituciones.gtm.sld.cu\/bpsg\/servicios-prestados\/","url":"https:\/\/instituciones.gtm.sld.cu\/bpsg\/servicios-prestados\/","name":"Servicios que se prestan - UPR Banco Provincial de Sangre de Guant\u00e1namo","isPartOf":{"@id":"https:\/\/instituciones.gtm.sld.cu\/bpsg\/#website"},"datePublished":"2019-01-21T13:52:36+00:00","dateModified":"2024-01-19T17:12:49+00:00","breadcrumb":{"@id":"https:\/\/instituciones.gtm.sld.cu\/bpsg\/servicios-prestados\/#breadcrumb"},"inLanguage":"es","potentialAction":[{"@type":"ReadAction","target":["https:\/\/instituciones.gtm.sld.cu\/bpsg\/servicios-prestados\/"]}]},{"@type":"BreadcrumbList","@id":"https:\/\/instituciones.gtm.sld.cu\/bpsg\/servicios-prestados\/#breadcrumb","itemListElement":[{"@type":"ListItem","position":1,"name":"Portada","item":"https:\/\/instituciones.gtm.sld.cu\/bpsg\/"},{"@type":"ListItem","position":2,"name":"Servicios que se prestan"}]},{"@type":"WebSite","@id":"https:\/\/instituciones.gtm.sld.cu\/bpsg\/#website","url":"https:\/\/instituciones.gtm.sld.cu\/bpsg\/","name":"UPR Banco Provincial de Sangre de Guant\u00e1namo","description":"&quot;Donar sangre es DONAR VIDA&quot;","potentialAction":[{"@type":"SearchAction","target":{"@type":"EntryPoint","urlTemplate":"https:\/\/instituciones.gtm.sld.cu\/bpsg\/?s={search_term_string}"},"query-input":"required name=search_term_string"}],"inLanguage":"es"}]}},"_links":{"self":[{"href":"https:\/\/instituciones.gtm.sld.cu\/bpsg\/wp-json\/wp\/v2\/pages\/212"}],"collection":[{"href":"https:\/\/instituciones.gtm.sld.cu\/bpsg\/wp-json\/wp\/v2\/pages"}],"about":[{"href":"https:\/\/instituciones.gtm.sld.cu\/bpsg\/wp-json\/wp\/v2\/types\/page"}],"author":[{"embeddable":true,"href":"https:\/\/instituciones.gtm.sld.cu\/bpsg\/wp-json\/wp\/v2\/users\/7"}],"replies":[{"embeddable":true,"href":"https:\/\/instituciones.gtm.sld.cu\/bpsg\/wp-json\/wp\/v2\/comments?post=212"}],"version-history":[{"count":1,"href":"https:\/\/instituciones.gtm.sld.cu\/bpsg\/wp-json\/wp\/v2\/pages\/212\/revisions"}],"predecessor-version":[{"id":1489,"href":"https:\/\/instituciones.gtm.sld.cu\/bpsg\/wp-json\/wp\/v2\/pages\/212\/revisions\/1489"}],"wp:featuredmedia":[{"embeddable":true,"href":"https:\/\/instituciones.gtm.sld.cu\/bpsg\/wp-json\/wp\/v2\/media\/556"}],"wp:attachment":[{"href":"https:\/\/instituciones.gtm.sld.cu\/bpsg\/wp-json\/wp\/v2\/media?parent=212"}],"curies":[{"name":"wp","href":"https:\/\/api.w.org\/{rel}","templated":true}]}}