{"id":83,"date":"2019-01-14T10:22:11","date_gmt":"2019-01-14T15:22:11","guid":{"rendered":"http:\/\/instituciones.gtm.sld.cu\/bpsg\/?page_id=83"},"modified":"2024-01-30T09:52:14","modified_gmt":"2024-01-30T14:52:14","slug":"programa-de-sangre","status":"publish","type":"page","link":"https:\/\/instituciones.gtm.sld.cu\/bpsg\/programa-de-sangre\/","title":{"rendered":"Programa de Sangre"},"content":{"rendered":"<div class=\"post-meta\">Actualizado el martes, enero 30, 2024<\/div><h3>Horario del servicio:<\/h3>\n<ul>\n<li>Lunes a Viernes, de 7:00AM a 2:00PM.<\/li>\n<li>S\u00e1bado, de 7:00AM a 11:30AM.<\/li>\n<\/ul>\n<p><strong>El programa de donaciones voluntarias de sangre<\/strong> tiene como prop\u00f3sito promover la cultura de la donaci\u00f3n voluntaria altruista de sangre indispensable en emergencias. La decisi\u00f3n de donar sangre puede salvar vidas y contribuir a mejorar la esperanza y la calidad de vida de los pacientes que sufren enfermedades potencialmente mortales. En nuestro pa\u00eds d\u00eda a d\u00eda, muchas personas necesitan una transfusi\u00f3n de sangre como las v\u00edctimas de accidentes, enfermos, bebes prematuros y muchos casos m\u00e1s. Tu donaci\u00f3n de sangre significa mucho para quienes la necesitan y puedes salvar vidas donando sangre. La transfusi\u00f3n desempe\u00f1a un rol fundamental en la atenci\u00f3n m\u00e9dica, tanto cl\u00ednica como quir\u00fargica.<br \/>\nA pesar de los importantes recursos econ\u00f3micos destinados a la investigaci\u00f3n, no se ha logrado producir sangre artificial en el laboratorio, capaz de reemplazar las m\u00faltiples funciones que esta cumple. Por lo tanto, necesitamos de la donaci\u00f3n como la \u00fanica forma de obtenerla. Esto constituye un regalo de vida que comienza cuando el donante empieza a dar su sangre, y se completa en diez minutos, cuando se logra una unidad de sangre que puede representar la vida de una o m\u00e1s personas ya que con esto se pueden salvar hasta 4 vidas. El donante es el primer eslab\u00f3n de la cadena, para alcanzar la eficiencia y calidad que la transfusi\u00f3n demanda. \u201cNi el mejor equipo m\u00e9dico puede hacerlo sin su ayuda\u201d.<\/p>\n<h3>El donante de sangre voluntario y altruista<\/h3>\n<p>Es la persona que dona sangre libre y voluntariamente sin recibir dinero ni ninguna otra forma de pago. Su motivo principal es de ayudar a receptores desconocidos. Las transfusiones provenientes de donantes voluntarios son las m\u00e1s seguras porque quienes deciden aportar el l\u00edquido vital son menos propensos a esconder detalles sobre su salud y comportamientos que podr\u00edan descalificarlos como donantes. Est\u00e1n mejor informados, tienen mayor conciencia y responsabilidad, son capaces de obviar las molestias que ocasiona la donaci\u00f3n, tienen experiencia en el proceso y contribuyen aumentar la seguridad.<\/p>\n<h3>Requisitos b\u00e1sicos para donar sangre<\/h3>\n<ul>\n<li>Gozar de buen estado de salud, sentirse bien el d\u00eda de la donaci\u00f3n.<\/li>\n<li>Tener entre 18 y 65 a\u00f1os de edad. La edad l\u00edmite superior est\u00e1 dada por el estado f\u00edsico individual, por lo que, los mayores de 65 a\u00f1os que deseen ser donantes, pueden concurrir a su m\u00e9dico de cabecera y solicitarle un certificado de autorizaci\u00f3n para realizar la donaci\u00f3n de sangre.<\/li>\n<li>Pesar m\u00e1s de 50 kilos.<\/li>\n<li>Tener valores de presi\u00f3n arterial dentro de los l\u00edmites que se consideran adecuados.<\/li>\n<li>No presentar fiebre o haber padecido alguna enfermedad en los \u00faltimos 7 d\u00edas.<\/li>\n<li>Es recomendable haber descansado por lo menos 6 horas la noche anterior la donaci\u00f3n.<\/li>\n<li>No estar involucrado en conductas sexuales de riesgo.<\/li>\n<li>No haber donado sangre en los \u00faltimos 3 meses (hombres) y 4 meses (mujeres).<\/li>\n<\/ul>\n<h3>\u00bfQu\u00e9 medidas son recomendables antes de donar sangre?<\/h3>\n<p>Para favorecer la tolerancia es conveniente:<\/p>\n<ul>\n<li>Descansar bien la noche anterior, 6 a 8 hrs de sue\u00f1o.<\/li>\n<li>Tomar abundantes l\u00edquidos, agua o zumo de frutas la noche y ma\u00f1ana antes de donar; evitar\u00e1 algunos efectos adversos.<\/li>\n<li>En nuestra zona por el calor, se recomienda beber bastante agua 24 horas antes del momento de donar, debes concurrir con ayuno de s\u00f3lidos de no m\u00e1s de 4 horas.<\/li>\n<li>No haber consumido leche, l\u00e1cteos o comidas con alto contenido de grasa.<\/li>\n<li>No es una buena idea venir con el est\u00f3mago vac\u00edo; es necesario mantener estables tus niveles de az\u00facar en sangre, ayud\u00e1ndote a sentirte mejor despu\u00e9s de haber donado sangre.<\/li>\n<li>Es importante llevar tu identificaci\u00f3n.<\/li>\n<li>Evita donar sangre durante 48 horas despu\u00e9s de una ingesta de alcohol.<\/li>\n<\/ul>\n<h3>Recomendaciones para despu\u00e9s de la donaci\u00f3n<\/h3>\n<ul>\n<li>Presionar el sitio de la punci\u00f3n venosa de 3 a 5 minutos y dejarlo cubierto durante 4 horas.<\/li>\n<li>Si la punci\u00f3n venosa sangra, elevar el brazo y efectuar compresi\u00f3n durante 5 a 10 minutos, hasta que el sangrado se detenga.<\/li>\n<li>Permanecer en reposo no menos de 15 \u2013 20 minutos para que el organismo se adapte a la disminuci\u00f3n del volumen sangu\u00edneo (10 minutos en la camilla\/10 minutos durante el refrigerio).<\/li>\n<li>Evitar realizar trabajo que requiera demasiado esfuerzo f\u00edsico como: Subir escaleras, levantar objetos pesados, hacer deportes, otros ejercicios; durante las siguientes 12 horas posteriores a la donaci\u00f3n. No cargar peso con el brazo en que se efectu\u00f3 la extracci\u00f3n, ni conducir veh\u00edculos si no est\u00e1 recuperado<\/li>\n<li>Si se desvanece o marea sentarse y colocar la cabeza entre las piernas. Si los s\u00edntomas persisten, ponerse en contacto con el banco de sangre, un m\u00e9dico o una enfermera.<\/li>\n<li>En caso de formarse un moret\u00f3n en el lugar de la extracci\u00f3n, apl\u00edquese hielo (envuelto en una toalla). No necesita sobrealimentarse (la alimentaci\u00f3n debe ser como acostumbra)<\/li>\n<li>No fumar, ni consumir alcohol por lo menos12 horas despu\u00e9s de la donaci\u00f3n.<\/li>\n<li>Beber abundantes l\u00edquidos las primeras 24 horas.<\/li>\n<\/ul>\n","protected":false},"excerpt":{"rendered":"<p>Actualizado el martes, enero 30, 2024Horario del servicio: Lunes a Viernes, de 7:00AM a 2:00PM. S\u00e1bado, de 7:00AM a 11:30AM. El programa de donaciones voluntarias de sangre tiene como prop\u00f3sito promover la cultura de la donaci\u00f3n voluntaria altruista de sangre indispensable en emergencias. La decisi\u00f3n de donar sangre puede salvar vidas y contribuir a mejorar &hellip; <\/p>\n<p><a class=\"more-link btn\" href=\"https:\/\/instituciones.gtm.sld.cu\/bpsg\/programa-de-sangre\/\">Seguir leyendo<\/a><\/p>\n","protected":false},"author":7,"featured_media":84,"parent":0,"menu_order":0,"comment_status":"closed","ping_status":"closed","template":"","meta":{"ngg_post_thumbnail":0,"_mc_calendar":[]},"yoast_head":"<!-- This site is optimized with the Yoast SEO plugin v21.8 - https:\/\/yoast.com\/wordpress\/plugins\/seo\/ -->\n<title>Programa de Sangre - UPR Banco Provincial de Sangre de Guant\u00e1namo<\/title>\n<meta name=\"robots\" content=\"index, follow, max-snippet:-1, max-image-preview:large, max-video-preview:-1\" \/>\n<link rel=\"canonical\" href=\"https:\/\/instituciones.gtm.sld.cu\/bpsg\/programa-de-sangre\/\" \/>\n<meta property=\"og:locale\" content=\"es_ES\" \/>\n<meta property=\"og:type\" content=\"article\" \/>\n<meta property=\"og:title\" content=\"Programa de Sangre - UPR Banco Provincial de Sangre de Guant\u00e1namo\" \/>\n<meta property=\"og:description\" content=\"Actualizado el martes, enero 30, 2024Horario del servicio: Lunes a Viernes, de 7:00AM a 2:00PM. S\u00e1bado, de 7:00AM a 11:30AM. El programa de donaciones voluntarias de sangre tiene como prop\u00f3sito promover la cultura de la donaci\u00f3n voluntaria altruista de sangre indispensable en emergencias. La decisi\u00f3n de donar sangre puede salvar vidas y contribuir a mejorar &hellip; Seguir leyendo\" \/>\n<meta property=\"og:url\" content=\"https:\/\/instituciones.gtm.sld.cu\/bpsg\/programa-de-sangre\/\" \/>\n<meta property=\"og:site_name\" content=\"UPR Banco Provincial de Sangre de Guant\u00e1namo\" \/>\n<meta property=\"article:modified_time\" content=\"2024-01-30T14:52:14+00:00\" \/>\n<meta property=\"og:image\" content=\"https:\/\/instituciones.gtm.sld.cu\/bpsg\/wp-content\/uploads\/sites\/8\/2019\/01\/donacion.jpeg\" \/>\n\t<meta property=\"og:image:width\" content=\"277\" \/>\n\t<meta property=\"og:image:height\" content=\"182\" \/>\n\t<meta property=\"og:image:type\" content=\"image\/jpeg\" \/>\n<meta name=\"twitter:card\" content=\"summary_large_image\" \/>\n<meta name=\"twitter:label1\" content=\"Tiempo de lectura\" \/>\n\t<meta name=\"twitter:data1\" content=\"4 minutos\" \/>\n<script type=\"application\/ld+json\" class=\"yoast-schema-graph\">{\"@context\":\"https:\/\/schema.org\",\"@graph\":[{\"@type\":\"WebPage\",\"@id\":\"https:\/\/instituciones.gtm.sld.cu\/bpsg\/programa-de-sangre\/\",\"url\":\"https:\/\/instituciones.gtm.sld.cu\/bpsg\/programa-de-sangre\/\",\"name\":\"Programa de Sangre - UPR Banco Provincial de Sangre de Guant\u00e1namo\",\"isPartOf\":{\"@id\":\"https:\/\/instituciones.gtm.sld.cu\/bpsg\/#website\"},\"datePublished\":\"2019-01-14T15:22:11+00:00\",\"dateModified\":\"2024-01-30T14:52:14+00:00\",\"breadcrumb\":{\"@id\":\"https:\/\/instituciones.gtm.sld.cu\/bpsg\/programa-de-sangre\/#breadcrumb\"},\"inLanguage\":\"es\",\"potentialAction\":[{\"@type\":\"ReadAction\",\"target\":[\"https:\/\/instituciones.gtm.sld.cu\/bpsg\/programa-de-sangre\/\"]}]},{\"@type\":\"BreadcrumbList\",\"@id\":\"https:\/\/instituciones.gtm.sld.cu\/bpsg\/programa-de-sangre\/#breadcrumb\",\"itemListElement\":[{\"@type\":\"ListItem\",\"position\":1,\"name\":\"Portada\",\"item\":\"https:\/\/instituciones.gtm.sld.cu\/bpsg\/\"},{\"@type\":\"ListItem\",\"position\":2,\"name\":\"Programa de Sangre\"}]},{\"@type\":\"WebSite\",\"@id\":\"https:\/\/instituciones.gtm.sld.cu\/bpsg\/#website\",\"url\":\"https:\/\/instituciones.gtm.sld.cu\/bpsg\/\",\"name\":\"UPR Banco Provincial de Sangre de Guant\u00e1namo\",\"description\":\"&quot;Donar sangre es DONAR VIDA&quot;\",\"potentialAction\":[{\"@type\":\"SearchAction\",\"target\":{\"@type\":\"EntryPoint\",\"urlTemplate\":\"https:\/\/instituciones.gtm.sld.cu\/bpsg\/?s={search_term_string}\"},\"query-input\":\"required name=search_term_string\"}],\"inLanguage\":\"es\"}]}<\/script>\n<!-- \/ Yoast SEO plugin. -->","yoast_head_json":{"title":"Programa de Sangre - UPR Banco Provincial de Sangre de Guant\u00e1namo","robots":{"index":"index","follow":"follow","max-snippet":"max-snippet:-1","max-image-preview":"max-image-preview:large","max-video-preview":"max-video-preview:-1"},"canonical":"https:\/\/instituciones.gtm.sld.cu\/bpsg\/programa-de-sangre\/","og_locale":"es_ES","og_type":"article","og_title":"Programa de Sangre - UPR Banco Provincial de Sangre de Guant\u00e1namo","og_description":"Actualizado el martes, enero 30, 2024Horario del servicio: Lunes a Viernes, de 7:00AM a 2:00PM. S\u00e1bado, de 7:00AM a 11:30AM. El programa de donaciones voluntarias de sangre tiene como prop\u00f3sito promover la cultura de la donaci\u00f3n voluntaria altruista de sangre indispensable en emergencias. La decisi\u00f3n de donar sangre puede salvar vidas y contribuir a mejorar &hellip; Seguir leyendo","og_url":"https:\/\/instituciones.gtm.sld.cu\/bpsg\/programa-de-sangre\/","og_site_name":"UPR Banco Provincial de Sangre de Guant\u00e1namo","article_modified_time":"2024-01-30T14:52:14+00:00","og_image":[{"width":277,"height":182,"url":"https:\/\/instituciones.gtm.sld.cu\/bpsg\/wp-content\/uploads\/sites\/8\/2019\/01\/donacion.jpeg","type":"image\/jpeg"}],"twitter_card":"summary_large_image","twitter_misc":{"Tiempo de lectura":"4 minutos"},"schema":{"@context":"https:\/\/schema.org","@graph":[{"@type":"WebPage","@id":"https:\/\/instituciones.gtm.sld.cu\/bpsg\/programa-de-sangre\/","url":"https:\/\/instituciones.gtm.sld.cu\/bpsg\/programa-de-sangre\/","name":"Programa de Sangre - UPR Banco Provincial de Sangre de Guant\u00e1namo","isPartOf":{"@id":"https:\/\/instituciones.gtm.sld.cu\/bpsg\/#website"},"datePublished":"2019-01-14T15:22:11+00:00","dateModified":"2024-01-30T14:52:14+00:00","breadcrumb":{"@id":"https:\/\/instituciones.gtm.sld.cu\/bpsg\/programa-de-sangre\/#breadcrumb"},"inLanguage":"es","potentialAction":[{"@type":"ReadAction","target":["https:\/\/instituciones.gtm.sld.cu\/bpsg\/programa-de-sangre\/"]}]},{"@type":"BreadcrumbList","@id":"https:\/\/instituciones.gtm.sld.cu\/bpsg\/programa-de-sangre\/#breadcrumb","itemListElement":[{"@type":"ListItem","position":1,"name":"Portada","item":"https:\/\/instituciones.gtm.sld.cu\/bpsg\/"},{"@type":"ListItem","position":2,"name":"Programa de Sangre"}]},{"@type":"WebSite","@id":"https:\/\/instituciones.gtm.sld.cu\/bpsg\/#website","url":"https:\/\/instituciones.gtm.sld.cu\/bpsg\/","name":"UPR Banco Provincial de Sangre de Guant\u00e1namo","description":"&quot;Donar sangre es DONAR VIDA&quot;","potentialAction":[{"@type":"SearchAction","target":{"@type":"EntryPoint","urlTemplate":"https:\/\/instituciones.gtm.sld.cu\/bpsg\/?s={search_term_string}"},"query-input":"required name=search_term_string"}],"inLanguage":"es"}]}},"_links":{"self":[{"href":"https:\/\/instituciones.gtm.sld.cu\/bpsg\/wp-json\/wp\/v2\/pages\/83"}],"collection":[{"href":"https:\/\/instituciones.gtm.sld.cu\/bpsg\/wp-json\/wp\/v2\/pages"}],"about":[{"href":"https:\/\/instituciones.gtm.sld.cu\/bpsg\/wp-json\/wp\/v2\/types\/page"}],"author":[{"embeddable":true,"href":"https:\/\/instituciones.gtm.sld.cu\/bpsg\/wp-json\/wp\/v2\/users\/7"}],"replies":[{"embeddable":true,"href":"https:\/\/instituciones.gtm.sld.cu\/bpsg\/wp-json\/wp\/v2\/comments?post=83"}],"version-history":[{"count":1,"href":"https:\/\/instituciones.gtm.sld.cu\/bpsg\/wp-json\/wp\/v2\/pages\/83\/revisions"}],"predecessor-version":[{"id":1505,"href":"https:\/\/instituciones.gtm.sld.cu\/bpsg\/wp-json\/wp\/v2\/pages\/83\/revisions\/1505"}],"wp:featuredmedia":[{"embeddable":true,"href":"https:\/\/instituciones.gtm.sld.cu\/bpsg\/wp-json\/wp\/v2\/media\/84"}],"wp:attachment":[{"href":"https:\/\/instituciones.gtm.sld.cu\/bpsg\/wp-json\/wp\/v2\/media?parent=83"}],"curies":[{"name":"wp","href":"https:\/\/api.w.org\/{rel}","templated":true}]}}