{"id":88,"date":"2019-01-14T10:26:24","date_gmt":"2019-01-14T15:26:24","guid":{"rendered":"http:\/\/instituciones.gtm.sld.cu\/bpsg\/?page_id=88"},"modified":"2024-01-30T09:52:23","modified_gmt":"2024-01-30T14:52:23","slug":"programa-de-palsmaferesis","status":"publish","type":"page","link":"https:\/\/instituciones.gtm.sld.cu\/bpsg\/programa-de-palsmaferesis\/","title":{"rendered":"Programa de Plasmaf\u00e9resis"},"content":{"rendered":"<h3>Horario del servicio:<\/h3>\n<ul>\n<li>Lunes a Viernes, de 7:00AM a 2:00PM<\/li>\n<li>S\u00e1bado, de 7:00AM a 11:30AM<\/li>\n<\/ul>\n<p><strong>La plasmaf\u00e9resis<\/strong> es un m\u00e9todo mediante el cual se extrae la sangre del cuerpo y se procesa de forma que los gl\u00f3bulos blancos, gl\u00f3bulos rojos y plaquetas se separen del plasma. Las c\u00e9lulas de la sangre se devuelven luego al donante sin el plasma, el cual el organismo sustituye r\u00e1pidamente. Se realiza utilizando una m\u00e1quina de af\u00e9resis, que hace girar la sangre a altas velocidades para separar las c\u00e9lulas sangu\u00edneas del plasma. Este plasma, esencialmente se emplea en la industria con fines farmac\u00e9uticos.<\/p>\n<p>Entre los medicamentos m\u00e1s conocidos obtenidos gracias al plasma de las donaciones se encuentran la Alb\u00famina, Inmunoglobulinas normales o espec\u00edficas, Interfer\u00f3n, Factor de Transferencia y otros que de no ser producidos en Cuba tendr\u00edan que ser comprados a altos precios.<\/p>\n<p>El procedimiento de donaci\u00f3n por plasmaf\u00e9resis productiva automatizada permite la obtenci\u00f3n de un mayor volumen de plasma, ya que los elementos celulares de la sangre son devueltos al donante, lo que aumenta la frecuencia del procedimiento y permite la obtenci\u00f3n de plasma espec\u00edfico, mediante la inmunizaci\u00f3n previa de donantes seleccionados o mediante la selecci\u00f3n de donantes que presentan niveles adecuados de anticuerpos adquiridos naturalmente o por inmunizaci\u00f3n profil\u00e1ctica y que son identificados en los pesquisajes de las donaciones de sangre total.<\/p>\n<p>Quienes brindan voluntariamente este producto son los llamados donantes especiales, los cuales de manera m\u00e1s sistem\u00e1tica regalan vida a los m\u00e1s necesitados.<\/p>\n","protected":false},"excerpt":{"rendered":"<p>Horario del servicio: Lunes a Viernes, de 7:00AM a 2:00PM S\u00e1bado, de 7:00AM a 11:30AM La plasmaf\u00e9resis es un m\u00e9todo mediante el cual se extrae la sangre del cuerpo y se procesa de forma que los gl\u00f3bulos blancos, gl\u00f3bulos rojos y plaquetas se separen del plasma. Las c\u00e9lulas de la sangre se devuelven luego al &hellip; <\/p>\n<p><a class=\"more-link btn\" href=\"https:\/\/instituciones.gtm.sld.cu\/bpsg\/programa-de-palsmaferesis\/\">Seguir leyendo<\/a><\/p>\n","protected":false},"author":7,"featured_media":89,"parent":0,"menu_order":0,"comment_status":"closed","ping_status":"closed","template":"","meta":{"ngg_post_thumbnail":0,"_mc_calendar":[]},"yoast_head":"<!-- This site is optimized with the Yoast SEO plugin v21.8 - https:\/\/yoast.com\/wordpress\/plugins\/seo\/ -->\n<title>Programa de Plasmaf\u00e9resis - UPR Banco Provincial de Sangre de Guant\u00e1namo<\/title>\n<meta name=\"robots\" content=\"index, follow, max-snippet:-1, max-image-preview:large, max-video-preview:-1\" \/>\n<link rel=\"canonical\" href=\"https:\/\/instituciones.gtm.sld.cu\/bpsg\/programa-de-palsmaferesis\/\" \/>\n<meta property=\"og:locale\" content=\"es_ES\" \/>\n<meta property=\"og:type\" content=\"article\" \/>\n<meta property=\"og:title\" content=\"Programa de Plasmaf\u00e9resis - UPR Banco Provincial de Sangre de Guant\u00e1namo\" \/>\n<meta property=\"og:description\" content=\"Horario del servicio: Lunes a Viernes, de 7:00AM a 2:00PM S\u00e1bado, de 7:00AM a 11:30AM La plasmaf\u00e9resis es un m\u00e9todo mediante el cual se extrae la sangre del cuerpo y se procesa de forma que los gl\u00f3bulos blancos, gl\u00f3bulos rojos y plaquetas se separen del plasma. Las c\u00e9lulas de la sangre se devuelven luego al &hellip; Seguir leyendo\" \/>\n<meta property=\"og:url\" content=\"https:\/\/instituciones.gtm.sld.cu\/bpsg\/programa-de-palsmaferesis\/\" \/>\n<meta property=\"og:site_name\" content=\"UPR Banco Provincial de Sangre de Guant\u00e1namo\" \/>\n<meta property=\"article:modified_time\" content=\"2024-01-30T14:52:23+00:00\" \/>\n<meta property=\"og:image\" content=\"https:\/\/instituciones.gtm.sld.cu\/bpsg\/wp-content\/uploads\/sites\/8\/2019\/01\/nigale.jpeg\" \/>\n\t<meta property=\"og:image:width\" content=\"240\" \/>\n\t<meta property=\"og:image:height\" content=\"208\" \/>\n\t<meta property=\"og:image:type\" content=\"image\/jpeg\" \/>\n<meta name=\"twitter:card\" content=\"summary_large_image\" \/>\n<meta name=\"twitter:label1\" content=\"Tiempo de lectura\" \/>\n\t<meta name=\"twitter:data1\" content=\"1 minuto\" \/>\n<script type=\"application\/ld+json\" class=\"yoast-schema-graph\">{\"@context\":\"https:\/\/schema.org\",\"@graph\":[{\"@type\":\"WebPage\",\"@id\":\"https:\/\/instituciones.gtm.sld.cu\/bpsg\/programa-de-palsmaferesis\/\",\"url\":\"https:\/\/instituciones.gtm.sld.cu\/bpsg\/programa-de-palsmaferesis\/\",\"name\":\"Programa de Plasmaf\u00e9resis - UPR Banco Provincial de Sangre de Guant\u00e1namo\",\"isPartOf\":{\"@id\":\"https:\/\/instituciones.gtm.sld.cu\/bpsg\/#website\"},\"datePublished\":\"2019-01-14T15:26:24+00:00\",\"dateModified\":\"2024-01-30T14:52:23+00:00\",\"breadcrumb\":{\"@id\":\"https:\/\/instituciones.gtm.sld.cu\/bpsg\/programa-de-palsmaferesis\/#breadcrumb\"},\"inLanguage\":\"es\",\"potentialAction\":[{\"@type\":\"ReadAction\",\"target\":[\"https:\/\/instituciones.gtm.sld.cu\/bpsg\/programa-de-palsmaferesis\/\"]}]},{\"@type\":\"BreadcrumbList\",\"@id\":\"https:\/\/instituciones.gtm.sld.cu\/bpsg\/programa-de-palsmaferesis\/#breadcrumb\",\"itemListElement\":[{\"@type\":\"ListItem\",\"position\":1,\"name\":\"Portada\",\"item\":\"https:\/\/instituciones.gtm.sld.cu\/bpsg\/\"},{\"@type\":\"ListItem\",\"position\":2,\"name\":\"Programa de Plasmaf\u00e9resis\"}]},{\"@type\":\"WebSite\",\"@id\":\"https:\/\/instituciones.gtm.sld.cu\/bpsg\/#website\",\"url\":\"https:\/\/instituciones.gtm.sld.cu\/bpsg\/\",\"name\":\"UPR Banco Provincial de Sangre de Guant\u00e1namo\",\"description\":\"&quot;Donar sangre es DONAR VIDA&quot;\",\"potentialAction\":[{\"@type\":\"SearchAction\",\"target\":{\"@type\":\"EntryPoint\",\"urlTemplate\":\"https:\/\/instituciones.gtm.sld.cu\/bpsg\/?s={search_term_string}\"},\"query-input\":\"required name=search_term_string\"}],\"inLanguage\":\"es\"}]}<\/script>\n<!-- \/ Yoast SEO plugin. -->","yoast_head_json":{"title":"Programa de Plasmaf\u00e9resis - UPR Banco Provincial de Sangre de Guant\u00e1namo","robots":{"index":"index","follow":"follow","max-snippet":"max-snippet:-1","max-image-preview":"max-image-preview:large","max-video-preview":"max-video-preview:-1"},"canonical":"https:\/\/instituciones.gtm.sld.cu\/bpsg\/programa-de-palsmaferesis\/","og_locale":"es_ES","og_type":"article","og_title":"Programa de Plasmaf\u00e9resis - UPR Banco Provincial de Sangre de Guant\u00e1namo","og_description":"Horario del servicio: Lunes a Viernes, de 7:00AM a 2:00PM S\u00e1bado, de 7:00AM a 11:30AM La plasmaf\u00e9resis es un m\u00e9todo mediante el cual se extrae la sangre del cuerpo y se procesa de forma que los gl\u00f3bulos blancos, gl\u00f3bulos rojos y plaquetas se separen del plasma. Las c\u00e9lulas de la sangre se devuelven luego al &hellip; Seguir leyendo","og_url":"https:\/\/instituciones.gtm.sld.cu\/bpsg\/programa-de-palsmaferesis\/","og_site_name":"UPR Banco Provincial de Sangre de Guant\u00e1namo","article_modified_time":"2024-01-30T14:52:23+00:00","og_image":[{"width":240,"height":208,"url":"https:\/\/instituciones.gtm.sld.cu\/bpsg\/wp-content\/uploads\/sites\/8\/2019\/01\/nigale.jpeg","type":"image\/jpeg"}],"twitter_card":"summary_large_image","twitter_misc":{"Tiempo de lectura":"1 minuto"},"schema":{"@context":"https:\/\/schema.org","@graph":[{"@type":"WebPage","@id":"https:\/\/instituciones.gtm.sld.cu\/bpsg\/programa-de-palsmaferesis\/","url":"https:\/\/instituciones.gtm.sld.cu\/bpsg\/programa-de-palsmaferesis\/","name":"Programa de Plasmaf\u00e9resis - UPR Banco Provincial de Sangre de Guant\u00e1namo","isPartOf":{"@id":"https:\/\/instituciones.gtm.sld.cu\/bpsg\/#website"},"datePublished":"2019-01-14T15:26:24+00:00","dateModified":"2024-01-30T14:52:23+00:00","breadcrumb":{"@id":"https:\/\/instituciones.gtm.sld.cu\/bpsg\/programa-de-palsmaferesis\/#breadcrumb"},"inLanguage":"es","potentialAction":[{"@type":"ReadAction","target":["https:\/\/instituciones.gtm.sld.cu\/bpsg\/programa-de-palsmaferesis\/"]}]},{"@type":"BreadcrumbList","@id":"https:\/\/instituciones.gtm.sld.cu\/bpsg\/programa-de-palsmaferesis\/#breadcrumb","itemListElement":[{"@type":"ListItem","position":1,"name":"Portada","item":"https:\/\/instituciones.gtm.sld.cu\/bpsg\/"},{"@type":"ListItem","position":2,"name":"Programa de Plasmaf\u00e9resis"}]},{"@type":"WebSite","@id":"https:\/\/instituciones.gtm.sld.cu\/bpsg\/#website","url":"https:\/\/instituciones.gtm.sld.cu\/bpsg\/","name":"UPR Banco Provincial de Sangre de Guant\u00e1namo","description":"&quot;Donar sangre es DONAR VIDA&quot;","potentialAction":[{"@type":"SearchAction","target":{"@type":"EntryPoint","urlTemplate":"https:\/\/instituciones.gtm.sld.cu\/bpsg\/?s={search_term_string}"},"query-input":"required name=search_term_string"}],"inLanguage":"es"}]}},"_links":{"self":[{"href":"https:\/\/instituciones.gtm.sld.cu\/bpsg\/wp-json\/wp\/v2\/pages\/88"}],"collection":[{"href":"https:\/\/instituciones.gtm.sld.cu\/bpsg\/wp-json\/wp\/v2\/pages"}],"about":[{"href":"https:\/\/instituciones.gtm.sld.cu\/bpsg\/wp-json\/wp\/v2\/types\/page"}],"author":[{"embeddable":true,"href":"https:\/\/instituciones.gtm.sld.cu\/bpsg\/wp-json\/wp\/v2\/users\/7"}],"replies":[{"embeddable":true,"href":"https:\/\/instituciones.gtm.sld.cu\/bpsg\/wp-json\/wp\/v2\/comments?post=88"}],"version-history":[{"count":1,"href":"https:\/\/instituciones.gtm.sld.cu\/bpsg\/wp-json\/wp\/v2\/pages\/88\/revisions"}],"predecessor-version":[{"id":1506,"href":"https:\/\/instituciones.gtm.sld.cu\/bpsg\/wp-json\/wp\/v2\/pages\/88\/revisions\/1506"}],"wp:featuredmedia":[{"embeddable":true,"href":"https:\/\/instituciones.gtm.sld.cu\/bpsg\/wp-json\/wp\/v2\/media\/89"}],"wp:attachment":[{"href":"https:\/\/instituciones.gtm.sld.cu\/bpsg\/wp-json\/wp\/v2\/media?parent=88"}],"curies":[{"name":"wp","href":"https:\/\/api.w.org\/{rel}","templated":true}]}}