{"id":92,"date":"2019-01-14T10:42:50","date_gmt":"2019-01-14T15:42:50","guid":{"rendered":"http:\/\/instituciones.gtm.sld.cu\/bpsg\/?page_id=92"},"modified":"2024-01-30T09:51:06","modified_gmt":"2024-01-30T14:51:06","slug":"donde-puedo-donar","status":"publish","type":"page","link":"https:\/\/instituciones.gtm.sld.cu\/bpsg\/donde-puedo-donar\/","title":{"rendered":"\u00bfD\u00f3nde puedo donar?"},"content":{"rendered":"<div class=\"post-meta\">Actualizado el martes, enero 30, 2024<\/div><p>Tenemos en nuestra provincia 2 bancos de sangre en los municipios Guant\u00e1namo y Baracoa; 2 centros de extracci\u00f3n en los municipios Caimanera y Manuel Tames.<\/p>\n<p>Adem\u00e1s el Banco Provincial de Sangre de Guant\u00e1namo y el Municipal de Baracoa cuentan con unidades m\u00f3viles que asisten a diversos lugares de la provincia respondiendo a la programaci\u00f3n que le recomendamos consultar. [<a href=\"http:\/\/bsp.sld.cu\/?page_id=221\">ver programaci\u00f3n de bancos m\u00f3viles<\/a>]<\/p>\n<p>\u00a1Esperamos su visita!<\/p>\n[table \u201cloc-01\u201d not found \/]<br \/>\n\n<p>&lt;iframe src=\u00bbhttps:\/\/www.google.com\/maps\/embed?pb=!1m18!1m12!1m3!1d3745.3921469257953!2d-75.2109970503053!3d20.159391486409366!2m3!1f0!2f0!3f0!3m2!1i1024!2i768!4f13.1!3m3!1m2!1s0x8eceb90b25b84437%3A0x52c150a0467f4fd9!2sUPR+Banco+Provincial+de+Sangre.+Guant%C3%A1namo!5e0!3m2!1ses!2scu!4v1553683143265&#8243; width=\u00bb600&#8243; height=\u00bb450&#8243; frameborder=\u00bb0&#8243; style=\u00bbborder:0&#8243; allowfullscreen&gt;&lt;\/iframe&gt;<\/p>\n[table \u201cloc-02\u201d not found \/]<br \/>\n\n[table \u201cloc-03\u201d not found \/]<br \/>\n\n[table \u201cloc-04\u201d not found \/]<br \/>\n\n","protected":false},"excerpt":{"rendered":"<p>Actualizado el martes, enero 30, 2024Tenemos en nuestra provincia 2 bancos de sangre en los municipios Guant\u00e1namo y Baracoa; 2 centros de extracci\u00f3n en los municipios Caimanera y Manuel Tames. Adem\u00e1s el Banco Provincial de Sangre de Guant\u00e1namo y el Municipal de Baracoa cuentan con unidades m\u00f3viles que asisten a diversos lugares de la provincia &hellip; <\/p>\n<p><a class=\"more-link btn\" href=\"https:\/\/instituciones.gtm.sld.cu\/bpsg\/donde-puedo-donar\/\">Seguir leyendo<\/a><\/p>\n","protected":false},"author":7,"featured_media":0,"parent":0,"menu_order":0,"comment_status":"closed","ping_status":"closed","template":"","meta":{"ngg_post_thumbnail":0,"_mc_calendar":[]},"yoast_head":"<!-- This site is optimized with the Yoast SEO plugin v21.8 - https:\/\/yoast.com\/wordpress\/plugins\/seo\/ -->\n<title>\u00bfD\u00f3nde puedo donar? - UPR Banco Provincial de Sangre de Guant\u00e1namo<\/title>\n<meta name=\"robots\" content=\"index, follow, max-snippet:-1, max-image-preview:large, max-video-preview:-1\" \/>\n<link rel=\"canonical\" href=\"https:\/\/instituciones.gtm.sld.cu\/bpsg\/donde-puedo-donar\/\" \/>\n<meta property=\"og:locale\" content=\"es_ES\" \/>\n<meta property=\"og:type\" content=\"article\" \/>\n<meta property=\"og:title\" content=\"\u00bfD\u00f3nde puedo donar? - UPR Banco Provincial de Sangre de Guant\u00e1namo\" \/>\n<meta property=\"og:description\" content=\"Actualizado el martes, enero 30, 2024Tenemos en nuestra provincia 2 bancos de sangre en los municipios Guant\u00e1namo y Baracoa; 2 centros de extracci\u00f3n en los municipios Caimanera y Manuel Tames. Adem\u00e1s el Banco Provincial de Sangre de Guant\u00e1namo y el Municipal de Baracoa cuentan con unidades m\u00f3viles que asisten a diversos lugares de la provincia &hellip; Seguir leyendo\" \/>\n<meta property=\"og:url\" content=\"https:\/\/instituciones.gtm.sld.cu\/bpsg\/donde-puedo-donar\/\" \/>\n<meta property=\"og:site_name\" content=\"UPR Banco Provincial de Sangre de Guant\u00e1namo\" \/>\n<meta property=\"article:modified_time\" content=\"2024-01-30T14:51:06+00:00\" \/>\n<meta name=\"twitter:card\" content=\"summary_large_image\" \/>\n<meta name=\"twitter:label1\" content=\"Tiempo de lectura\" \/>\n\t<meta name=\"twitter:data1\" content=\"1 minuto\" \/>\n<script type=\"application\/ld+json\" class=\"yoast-schema-graph\">{\"@context\":\"https:\/\/schema.org\",\"@graph\":[{\"@type\":\"WebPage\",\"@id\":\"https:\/\/instituciones.gtm.sld.cu\/bpsg\/donde-puedo-donar\/\",\"url\":\"https:\/\/instituciones.gtm.sld.cu\/bpsg\/donde-puedo-donar\/\",\"name\":\"\u00bfD\u00f3nde puedo donar? - UPR Banco Provincial de Sangre de Guant\u00e1namo\",\"isPartOf\":{\"@id\":\"https:\/\/instituciones.gtm.sld.cu\/bpsg\/#website\"},\"datePublished\":\"2019-01-14T15:42:50+00:00\",\"dateModified\":\"2024-01-30T14:51:06+00:00\",\"breadcrumb\":{\"@id\":\"https:\/\/instituciones.gtm.sld.cu\/bpsg\/donde-puedo-donar\/#breadcrumb\"},\"inLanguage\":\"es\",\"potentialAction\":[{\"@type\":\"ReadAction\",\"target\":[\"https:\/\/instituciones.gtm.sld.cu\/bpsg\/donde-puedo-donar\/\"]}]},{\"@type\":\"BreadcrumbList\",\"@id\":\"https:\/\/instituciones.gtm.sld.cu\/bpsg\/donde-puedo-donar\/#breadcrumb\",\"itemListElement\":[{\"@type\":\"ListItem\",\"position\":1,\"name\":\"Portada\",\"item\":\"https:\/\/instituciones.gtm.sld.cu\/bpsg\/\"},{\"@type\":\"ListItem\",\"position\":2,\"name\":\"\u00bfD\u00f3nde puedo donar?\"}]},{\"@type\":\"WebSite\",\"@id\":\"https:\/\/instituciones.gtm.sld.cu\/bpsg\/#website\",\"url\":\"https:\/\/instituciones.gtm.sld.cu\/bpsg\/\",\"name\":\"UPR Banco Provincial de Sangre de Guant\u00e1namo\",\"description\":\"&quot;Donar sangre es DONAR VIDA&quot;\",\"potentialAction\":[{\"@type\":\"SearchAction\",\"target\":{\"@type\":\"EntryPoint\",\"urlTemplate\":\"https:\/\/instituciones.gtm.sld.cu\/bpsg\/?s={search_term_string}\"},\"query-input\":\"required name=search_term_string\"}],\"inLanguage\":\"es\"}]}<\/script>\n<!-- \/ Yoast SEO plugin. -->","yoast_head_json":{"title":"\u00bfD\u00f3nde puedo donar? - UPR Banco Provincial de Sangre de Guant\u00e1namo","robots":{"index":"index","follow":"follow","max-snippet":"max-snippet:-1","max-image-preview":"max-image-preview:large","max-video-preview":"max-video-preview:-1"},"canonical":"https:\/\/instituciones.gtm.sld.cu\/bpsg\/donde-puedo-donar\/","og_locale":"es_ES","og_type":"article","og_title":"\u00bfD\u00f3nde puedo donar? - UPR Banco Provincial de Sangre de Guant\u00e1namo","og_description":"Actualizado el martes, enero 30, 2024Tenemos en nuestra provincia 2 bancos de sangre en los municipios Guant\u00e1namo y Baracoa; 2 centros de extracci\u00f3n en los municipios Caimanera y Manuel Tames. Adem\u00e1s el Banco Provincial de Sangre de Guant\u00e1namo y el Municipal de Baracoa cuentan con unidades m\u00f3viles que asisten a diversos lugares de la provincia &hellip; Seguir leyendo","og_url":"https:\/\/instituciones.gtm.sld.cu\/bpsg\/donde-puedo-donar\/","og_site_name":"UPR Banco Provincial de Sangre de Guant\u00e1namo","article_modified_time":"2024-01-30T14:51:06+00:00","twitter_card":"summary_large_image","twitter_misc":{"Tiempo de lectura":"1 minuto"},"schema":{"@context":"https:\/\/schema.org","@graph":[{"@type":"WebPage","@id":"https:\/\/instituciones.gtm.sld.cu\/bpsg\/donde-puedo-donar\/","url":"https:\/\/instituciones.gtm.sld.cu\/bpsg\/donde-puedo-donar\/","name":"\u00bfD\u00f3nde puedo donar? - UPR Banco Provincial de Sangre de Guant\u00e1namo","isPartOf":{"@id":"https:\/\/instituciones.gtm.sld.cu\/bpsg\/#website"},"datePublished":"2019-01-14T15:42:50+00:00","dateModified":"2024-01-30T14:51:06+00:00","breadcrumb":{"@id":"https:\/\/instituciones.gtm.sld.cu\/bpsg\/donde-puedo-donar\/#breadcrumb"},"inLanguage":"es","potentialAction":[{"@type":"ReadAction","target":["https:\/\/instituciones.gtm.sld.cu\/bpsg\/donde-puedo-donar\/"]}]},{"@type":"BreadcrumbList","@id":"https:\/\/instituciones.gtm.sld.cu\/bpsg\/donde-puedo-donar\/#breadcrumb","itemListElement":[{"@type":"ListItem","position":1,"name":"Portada","item":"https:\/\/instituciones.gtm.sld.cu\/bpsg\/"},{"@type":"ListItem","position":2,"name":"\u00bfD\u00f3nde puedo donar?"}]},{"@type":"WebSite","@id":"https:\/\/instituciones.gtm.sld.cu\/bpsg\/#website","url":"https:\/\/instituciones.gtm.sld.cu\/bpsg\/","name":"UPR Banco Provincial de Sangre de Guant\u00e1namo","description":"&quot;Donar sangre es DONAR VIDA&quot;","potentialAction":[{"@type":"SearchAction","target":{"@type":"EntryPoint","urlTemplate":"https:\/\/instituciones.gtm.sld.cu\/bpsg\/?s={search_term_string}"},"query-input":"required name=search_term_string"}],"inLanguage":"es"}]}},"_links":{"self":[{"href":"https:\/\/instituciones.gtm.sld.cu\/bpsg\/wp-json\/wp\/v2\/pages\/92"}],"collection":[{"href":"https:\/\/instituciones.gtm.sld.cu\/bpsg\/wp-json\/wp\/v2\/pages"}],"about":[{"href":"https:\/\/instituciones.gtm.sld.cu\/bpsg\/wp-json\/wp\/v2\/types\/page"}],"author":[{"embeddable":true,"href":"https:\/\/instituciones.gtm.sld.cu\/bpsg\/wp-json\/wp\/v2\/users\/7"}],"replies":[{"embeddable":true,"href":"https:\/\/instituciones.gtm.sld.cu\/bpsg\/wp-json\/wp\/v2\/comments?post=92"}],"version-history":[{"count":1,"href":"https:\/\/instituciones.gtm.sld.cu\/bpsg\/wp-json\/wp\/v2\/pages\/92\/revisions"}],"predecessor-version":[{"id":1504,"href":"https:\/\/instituciones.gtm.sld.cu\/bpsg\/wp-json\/wp\/v2\/pages\/92\/revisions\/1504"}],"wp:attachment":[{"href":"https:\/\/instituciones.gtm.sld.cu\/bpsg\/wp-json\/wp\/v2\/media?parent=92"}],"curies":[{"name":"wp","href":"https:\/\/api.w.org\/{rel}","templated":true}]}}