{"id":967,"date":"2019-01-29T08:23:07","date_gmt":"2019-01-29T13:23:07","guid":{"rendered":"http:\/\/instituciones.gtm.sld.cu\/bpsg\/?page_id=967"},"modified":"2019-02-02T08:57:29","modified_gmt":"2019-02-02T13:57:29","slug":"directorio-web","status":"publish","type":"page","link":"https:\/\/instituciones.gtm.sld.cu\/bpsg\/directorio-web\/","title":{"rendered":"Directorio Web"},"content":{"rendered":"<div class=\"post-meta\">Actualizado el s\u00e1bado, febrero 2, 2019<\/div><span id=\"tablepress-DirWeb-description\" class=\"tablepress-table-description tablepress-table-description-id-DirWeb\">Publicamos las URLs de los sitios webs que consideramos sean de su inter\u00e9s. Agradecemos cualquier colaboraci\u00f3n para el enriquecimiento de este espacio.<\/span>\n\n<table id=\"tablepress-DirWeb\" class=\"tablepress tablepress-id-DirWeb tbody-has-connected-cells\" aria-describedby=\"tablepress-DirWeb-description\">\n<thead>\n<tr class=\"row-1\">\n\t<td class=\"column-1\"><\/td><td class=\"column-2\"><\/td><td class=\"column-3\"><\/td><td class=\"column-4\"><\/td>\n<\/tr>\n<\/thead>\n<tbody>\n<tr class=\"row-2\">\n\t<td colspan=\"4\" class=\"column-1\"><h3 align=\"center\" style=\"background:#000000\"><div style=\"color:#FFFFFF\">Red de Salud P\u00fablica<\/div><\/h3><\/td>\n<\/tr>\n<tr class=\"row-3\">\n\t<td class=\"column-1\">[expand title=\"Infomed\"]<br \/>\n<a href=\"http:\/\/www.sld.cu\/\" rel=\"noopener\" target=\"_blank\">Portal Infomed<\/a><br \/>\n<a href=\"http:\/\/bvscuba.sld.cu\" rel=\"noopener\" target=\"_blank\">Biblioteca Virtual de Salud<\/a><br \/>\n<a href=\"http:\/\/www.cecmed.cu\/\" rel=\"noopener\" target=\"_blank\">CECMED<\/a><br \/>\n<a href=\"http:\/\/www.di.sld.cu\/\" rel=\"noopener\" target=\"_blank\">Dir. Inform\u00e1tica<\/a><br \/>\n<a href=\"http:\/\/www.dncontabilidad.sld.cu\/\" rel=\"noopener\" target=\"_blank\">Economistas de la Salud<\/a><br \/>\n<a href=\"http:\/\/www.sld.cu\/sitios\/hematologia\/\" rel=\"noopener\" target=\"_blank\">Hematolog\u00eda<\/a><br \/>\n<a href=\"http:\/\/ris.sld.cu\/\" rel=\"noopener\" target=\"_blank\">SISalud<\/a><br \/>\n<a href=\"http:\/\/www.uvs.sld.cu\/\" rel=\"noopener\" target=\"_blank\">Universidad Virtual de Salud<\/a><br \/>\n[\/expand]<\/td><td class=\"column-2\">[expand title=\"FTP\"]<br \/>\n<a href=\"http:\/\/webftp.gtm.sld.cu\/\" rel=\"noopener\" target=\"_blank\">Guant\u00e1namo<\/a><br \/>\n<a href=\"http:\/\/ftp.hlg.sld.cu\/\" rel=\"noopener\" target=\"_blank\">Holgu\u00edn<\/a><br \/>\n<a href=\"ftp:\/\/ftp.ijv.sld.cu\/\" rel=\"noopener\" target=\"_blank\">Isla de la Juventud<\/a><br \/>\n<a href=\"http:\/\/webftp.sld.cu\/\" rel=\"noopener\" target=\"_blank\">La Habana<\/a><br \/>\n<a href=\"ftp:\/\/ftp.ltu.sld.cu\/\" rel=\"noopener\" target=\"_blank\">Las Tunas<\/a><br \/>\n<a href=\"http:\/\/webftp.pri.sld.cu\/\" rel=\"noopener\" target=\"_blank\">Pinar del Rio<\/a><br \/>\n[\/expand]<\/td><td class=\"column-3\">[expand title=\"Nodos Provinciales\"]<br \/>\n<a href=\"http:\/\/instituciones.sld.cu\/cpicmart\/\" target=\"_blank\" rel=\"noopener\">Artemisa<\/a><br \/>\n<a href=\"http:\/\/www.cmw.sld.cu\/\" target=\"_blank\" rel=\"noopener\">Camag\u00fcey<\/a><br \/>\n<a href=\"http:\/\/www.grm.sld.cu\/\" target=\"_blank\" rel=\"noopener\">Granma<\/a><br \/>\n<a href=\"http:\/\/www.gtm.sld.cu\/\" target=\"_blank\" rel=\"noopener\">Guant\u00e1namo<\/a><br \/>\n<a href=\"http:\/\/www.hlg.sld.cu\/\" target=\"_blank\" rel=\"noopener\">Holgu\u00edn<\/a><br \/>\n<a href=\"http:\/\/www.ijv.sld.cu\/\" target=\"_blank\" rel=\"noopener\">Isla de la Juventud<\/a><br \/>\n<a href=\"http:\/\/www.sld.cu\/\" target=\"_blank\" rel=\"noopener\">La Habana<\/a><br \/>\n<a target=\"_blank\" rel=\"noopener\">Las Tunas<\/a><br \/>\n<a href=\"http:\/\/instituciones.sld.cu\/cpicmmtz\/\" target=\"_blank\" rel=\"noopener\">Matanzas<\/a><br \/>\n<a href=\"http:\/\/www.cpicmha.sld.cu\/\" target=\"_blank\" rel=\"noopener\">Mayabeque<\/a><br \/>\n<a href=\"http:\/\/www.pri.sld.cu\/\" target=\"_blank\" rel=\"noopener\">Pinar del R\u00edo<\/a><br \/>\n<a href=\"http:\/\/instituciones.sld.cu\/infomedscu\/\" target=\"_blank\" rel=\"noopener\">Santiago de Cuba<\/a><br \/>\n<a href=\"http:\/\/instituciones.sld.cu\/cpicmssp\/\" target=\"_blank\" rel=\"noopener\">Santi Spiritus<\/a><br \/>\n<a href=\"http:\/\/www.vcl.sld.cu\/\" target=\"_blank\" rel=\"noopener\">Villa Clara<\/a><br \/>\n[\/expand]<\/td><td class=\"column-4\"><\/td>\n<\/tr>\n<tr class=\"row-4\">\n\t<td colspan=\"4\" class=\"column-1\"><div align=\"center\"><strong>Instituciones de Guant\u00e1namo<\/strong><\/div><\/td>\n<\/tr>\n<tr class=\"row-5\">\n\t<td class=\"column-1\">[expand title=\"Unidades Provinciales\"]<br \/>\n<a href=\"http:\/\/instituciones.gtm.sld.cu\/electromedicina\/\" rel=\"noopener\" target=\"_blank\">Centro Provincial de Electromedicina<\/a><br \/>\n<a href=\"http:\/\/instituciones.gtm.sld.cu\/cphem\/\" rel=\"noopener\" target=\"_blank\">Centro Provincial de Higiene, Epidemiolog\u00eda y Microbiolog\u00eda<\/a><br \/>\n<a href=\"http:\/\/www.gtm.sld.cu\" rel=\"noopener\" target=\"_blank\">Centro Provincial de Informaci\u00f3n de Ciencias M\u00e9dicas<\/a><br \/>\n<a href=\"http:\/\/instituciones.gtm.sld.cu\/dps\/\" rel=\"noopener\" target=\"_blank\">Direcci\u00f3n Provincial de Salud<\/a><br \/>\n<a href=\"http:\/\/www.ucm.gtm.sld.cu\/\" rel=\"noopener\" target=\"_blank\">Universidad de Ciencias M\u00e9dicas<\/a><br \/>\n[\/expand]<\/td><td class=\"column-2\">[expand title=\"Direcciones Municipales\"]<br \/>\n<a href=\"http:\/\/instituciones.gtm.sld.cu\/dmsslv\/\" rel=\"noopener\" target=\"_blank\">01-DMS El Salvador<\/a><br \/>\n<a href=\"http:\/\/instituciones.gtm.sld.cu\/dmsgtm\/\" rel=\"noopener\" target=\"_blank\">02-DMS Guant\u00e1namo<\/a><br \/>\n<a href=\"http:\/\/instituciones.gtm.sld.cu\/dmsyat\/\" rel=\"noopener\" target=\"_blank\">03-DMS Yateras<\/a><br \/>\n<a href=\"http:\/\/instituciones.gtm.sld.cu\/dmsbcoa\/\" rel=\"noopener\" target=\"_blank\">04-DMS Baracoa<\/a><br \/>\n<a href=\"http:\/\/instituciones.gtm.sld.cu\/dmsmai\/\" rel=\"noopener\" target=\"_blank\">05-DMS Mais\u00ed<\/a><br \/>\n<a href=\"http:\/\/instituciones.gtm.sld.cu\/dmsims\/\" rel=\"noopener\" target=\"_blank\">06-DMS Im\u00edas<\/a><br \/>\n<a href=\"http:\/\/instituciones.gtm.sld.cu\/dmssas\/\" rel=\"noopener\" target=\"_blank\">07-DMS San Antonio del Sur<\/a><br \/>\n<a href=\"http:\/\/instituciones.gtm.sld.cu\/dmsmta\/\" rel=\"noopener\" target=\"_blank\">08-DMS ,Manuel Tames<\/a><br \/>\n<a href=\"http:\/\/instituciones.gtm.sld.cu\/dmscai\/\" rel=\"noopener\" target=\"_blank\">09-DMS Caimanera<\/a><br \/>\n<a href=\"http:\/\/instituciones.gtm.sld.cu\/dmsnpe\/\" rel=\"noopener\" target=\"_blank\">10-DMS Niceto P\u00e9rez<\/a><br \/>\n[\/expand]<\/td><td class=\"column-3\">[expand title=\"Hospitales\"]<br \/>\n<a href=\"http:\/\/instituciones.gtm.sld.cu\/hgdan\/\" rel=\"noopener\" target=\"_blank\">Hospital General Docente \"Dr. Agostinho Neto<\/a><br \/>\n<a href=\"\" rel=\"noopener\" target=\"_blank\">Hospital Pedi\u00e1trico \"Gral. Pedro Agust\u00edn P\u00e9rez\"<\/a><br \/>\n<a href=\"http:\/\/instituciones.gtm.sld.cu\/hplrl\/\" rel=\"noopener\" target=\"_blank\">Hospital Psiqui\u00e1trico \"Luis Ram\u00edrez L\u00f3pez\"<\/a><br \/>\n<a href=\"http:\/\/instituciones.gtm.sld.cu\/hbcoa\/\" rel=\"noopener\" target=\"_blank\">Hospital \u201cOctavio de la Concepci\u00f3n y la Pedraja\u201d<\/a><br \/>\n[\/expand]<\/td><td class=\"column-4\">[expand title=\"Empresas\"]<br \/>\n<a href=\"http:\/\/www.gtm.smcsalud.cu\/\" rel=\"noopener\" target=\"_blank\">Comercializadora de Servicios M\u00e9dicos Cubanos<\/a><br \/>\n<a href=\"http:\/\/instituciones.gtm.sld.cu\/emprofarma\/\" rel=\"noopener\" target=\"_blank\">Empresa Provincial de Farmacias y Opticas<\/a><br \/>\n<a href=\"http:\/\/instituciones.gtm.sld.cu\/epss\/\" rel=\"noopener\" target=\"_blank\">Empresa Provincial de Servicios a la Salud<\/a><br \/>\n<a href=\"http:\/\/instituciones.gtm.sld.cu\/emsume\/\" rel=\"noopener\" target=\"_blank\">Empresa de Suministros M\u00e9dicos<\/a><br \/>\n[\/expand]<\/td>\n<\/tr>\n<tr class=\"row-6\">\n\t<td colspan=\"4\" class=\"column-1\"><h3 align=\"center\" style=\"background:#000000\"><div style=\"color:#FFFFFF\">Red Nacional<\/div><\/h3><\/td>\n<\/tr>\n<tr class=\"row-7\">\n\t<td class=\"column-1\">[expand title=\"B\u00fasqueda &amp; Referencia\"]<br \/>\n<a href=\"https:\/\/www.ecured.cu\" target=\"_blank\" rel=\"noopener\">Ecured<\/a><br \/>\n<a href=\"http:\/\/efemerides.cuba.cu\/\" target=\"_blank\" rel=\"noopener\">Efem\u00e9rides Cuba<\/a><br \/>\n<a href=\"http:\/\/www.redcuba.cu\/\" target=\"_blank\" rel=\"noopener\">RedCuba<\/a><br \/>\n[\/expand]<\/td><td class=\"column-2\">[expand title=\"Centros Acad\u00e9micos\"]<br \/>\n<a href=\"http:\/\/www.cug.co.cu\/\">Centro Universitario Guant\u00e1namo<\/a><br \/>\n<a href=\"https:\/\/www.uci.cu\/\">Universidad de Ciencias Inform\u00e1ticas<\/a><br \/>\n<a href=\"https:\/\/www.uo.edu.cu\/\">Universidad de Oeriente<\/a><br \/>\n[\/expand]<\/td><td class=\"column-3\">[expand title=\"Cubav\u00e1\"]<br \/>\n<a href=\"http:\/\/cubava.cu\/\" target=\"_blank\" rel=\"noopener\">Reflejo<\/a><br \/>\n<a href=\"http:\/\/desdeguantanamo.cubava.cu\/\" target=\"_blank\" rel=\"noopener\">==&gt; Desde Guant\u00e1namo<\/a><br \/>\n<a href=\"http:\/\/mochilablog.cubava.cu\/\" target=\"_blank\" rel=\"noopener\">==&gt; La Mochila<\/a><br \/>\n[\/expand]<\/td><td class=\"column-4\">[expand title=\"Empresas\"]<br \/>\n<a href=\"http:\/\/www.cimexweb.com\/\" target=\"_blank\" rel=\"noopener\">Cimex<\/a><br \/>\n<a href=\"https:\/\/www.desoft.cu\/\" target=\"_blank\" rel=\"noopener\">Desoft<\/a><br \/>\n<a href=\"http:\/\/www.etecsa.cu\/\" target=\"_blank\" rel=\"noopener\">Etecsa<\/a><br \/>\n<a href=\"http:\/\/mms.cubacel.cu\" target=\"_blank\" rel=\"noopener\">==&gt; Cubacel (leer MMS)<\/a><br \/>\n<a href=\"https:\/\/www.jovenclub.cu\/\" target=\"_blank\" rel=\"noopener\">JC Computaci\u00f3n y Electr\u00f3nica<\/a><br \/>\n<a href=\"http:\/\/www.gtm.jovenclub.cu\/\" target=\"_blank\" rel=\"noopener\">==&gt; JCCE Guant\u00e1namo<\/a><br \/>\n<a href=\"http:\/\/www.segurmatica.cu\/\" target=\"_blank\" rel=\"noopener\">Segurm\u00e1tica<\/a><br \/>\n<a href=\"http:\/\/www.softel.cu\/\" target=\"_blank\" rel=\"noopener\">Softel<\/a><br \/>\n<a href=\"http:\/\/www.tecnosuma.com\/\" target=\"_blank\" rel=\"noopener\">Tecnosuma<\/a><br \/>\n[\/expand]<\/td>\n<\/tr>\n<tr class=\"row-8\">\n\t<td class=\"column-1\">[expand title=\"Prensa\"]<br \/>\n<a href=\"http:\/\/www.acn.cu\/\" target=\"_blank\" rel=\"noopener\">Agencia Cubana de Noticias<\/a><br \/>\n<a href=\"http:\/\/www.cubahora.cu\/\" target=\"_blank\" rel=\"noopener\">Cubahora<\/a><br \/>\n<a href=\"http:\/\/www.cubadebate.cu\/\" target=\"_blank\" rel=\"noopener\">Cubadebate<\/a><br \/>\n<a href=\"http:\/\/www.granma.cu\/\" target=\"_blank\" rel=\"noopener\">Granma<\/a><br \/>\n<a href=\"http:\/\/www.juventudrebelde.cu\/\" target=\"_blank\" rel=\"noopener\">Juventud Rebelde<\/a><br \/>\n<a href=\"http:\/\/prensa-latina.cu\/\" target=\"_blank\" rel=\"noopener\">Prensa Latina<\/a><br \/>\n<a href=\"http:\/\/www.trabajadores.cu\/\" target=\"_blank\" rel=\"noopener\">Trabajadores<\/a><br \/>\n<a href=\"http:\/\/www.venceremos.cu\/\" target=\"_blank\" rel=\"noopener\">Venceremos<\/a><br \/>\n[\/expand]<\/td><td class=\"column-2\">[expand title=\"Publicaciones seriadas\"]<br \/>\n<a href=\"http:\/\/bohemia.cu\/\" target=\"_blank\" rel=\"noopener\">Bohemia<\/a><br \/>\n<a href=\"http:\/\/www.caimanbarbudo.cu\/\" target=\"_blank\" rel=\"noopener\">Caiman Barbudo<\/a><br \/>\n<a href=\"http:\/\/www.gacetaoficial.gob.cu\/\" target=\"_blank\" rel=\"noopener\">Gaceta Oficial Rep\u00fablica de Cuba<\/a><br \/>\n<a href=\"http:\/\/www.juventudtecnica.cu\/\" target=\"_blank\" rel=\"noopener\">Juventud T\u00e9cnica<\/a><br \/>\n<a href=\"http:\/\/www.mujeres.co.cu\/\" target=\"_blank\" rel=\"noopener\">Mujeres<\/a><br \/>\n<a href=\"http:\/\/www.somosjovenes.cu\/\" target=\"_blank\" rel=\"noopener\">Somos J\u00f3venes<\/a><br \/>\n[\/expand]<\/td><td class=\"column-3\">[expand title=\"Radio\"]<br \/>\n<a href=\"http:\/\/www.radiocubana.cu\/\" target=\"_blank\" rel=\"noopener\">Radio Cubana<\/a><br \/>\n<a href=\"http:\/\/www.radioguantanamo.icrt.cu\/\" target=\"_blank\" rel=\"noopener\">Radio Guant\u00e1namo<\/a><br \/>\n<a href=\"http:\/\/www.radiohc.cu\/\" target=\"_blank\" rel=\"noopener\">Radio Habana Cuba<\/a><br \/>\n<a href=\"http:\/\/www.radiorebelde.cu\/\" target=\"_blank\" rel=\"noopener\">Radio Rebelde<\/a><br \/>\n<a href=\"http:\/\/www.radiorebelde.cu\/consejos\/\" target=\"_blank\" rel=\"noopener\">===&gt; Consejos de MNT<\/a><br \/>\n<a href=\"http:\/\/www.radiotaino.cu\/\" target=\"_blank\" rel=\"noopener\">Radio Taino<\/a><br \/>\n[\/expand]<\/td><td class=\"column-4\">[expand title=\"Televisi\u00f3n\"]<br \/>\n<a href=\"http:\/\/www.solvision.cu\/\" target=\"_blank\" rel=\"noopener\">Telecentro Solvisi\u00f3n<\/a><br \/>\n<a href=\"http:\/\/www.tvcubana.icrt.cu\/\" target=\"_blank\" rel=\"noopener\">Televisi\u00f3n Cubana<\/a><br \/>\n[\/expand]<\/td>\n<\/tr>\n<tr class=\"row-9\">\n\t<td class=\"column-1\">[expand title=\"Otros\"]<br \/>\n<a href=\"http:\/\/www.cubaeduca.cu\/\" target=\"_blank\" rel=\"noopener\">CubaEduca<\/a><br \/>\n<a href=\"http:\/\/www.pcc.cu\/\" target=\"_blank\" rel=\"noopener\">Partido Comunista de Cuba<\/a><br \/>\n[\/expand]<\/td><td class=\"column-2\"><\/td><td class=\"column-3\"><\/td><td class=\"column-4\"><\/td>\n<\/tr>\n<tr class=\"row-10\">\n\t<td colspan=\"4\" class=\"column-1\"><h3 align=\"center\" style=\"background:#000000\"><div style=\"color:#FFFFFF\">Internet<\/div><\/h3><\/td>\n<\/tr>\n<tr class=\"row-11\">\n\t<td class=\"column-1\">[expand title=\"B\u00fasqueda &amp; Referencia\"]<br \/>\n<a href=\"http:\/\/www.rae.es\/\" target=\"_blank\" rel=\"noopener\">Diccionario RAE<\/a><br \/>\n<a href=\"https:\/\/www.google.com.cu\/\" target=\"_blank\" rel=\"noopener\">Google<\/a><br \/>\n<a href=\"https:\/\/es.wikipedia.org\" target=\"_blank\" rel=\"noopener\">Wikipedia<\/a><br \/>\n[\/expand]<\/td><td class=\"column-2\">[expand title=\"Correo Electr\u00f3nico\"]<br \/>\n<a href=\"https:\/\/accounts.google.com\" target=\"_blank\" rel=\"noopener\">Correo@gmail.com<\/a><br \/>\n<a href=\"https:\/\/login.live.com\/login.srf\" target=\"_blank\" rel=\"noopener\">Correo@hotmail.com<\/a><br \/>\n<a href=\"https:\/\/login.yahoo.com\/?.src=ym&amp;.intl=es&amp;.lang=es-ES&amp;.done=https%3a\/\/mail.yahoo.com\" target=\"_blank\" rel=\"noopener\">Correo@yahoo.com<\/a><br \/>\n[\/expand]<\/td><td class=\"column-3\">[expand title=\"Noticias\"]<br \/>\n<a href=\"https:\/\/actualidad.rt.com\/\" target=\"_blank\" rel=\"noopener\">Rusia Today<\/a><br \/>\n<a href=\"https:\/\/www.telesurtv.net\/\" target=\"_blank\" rel=\"noopener\">TeleSUR<\/a><br \/>\n[\/expand]<\/td><td class=\"column-4\">[expand title=\"Redes Sociales\"]<br \/>\n<a href=\"https:\/\/www.facebook.com\/\" target=\"_blank\" rel=\"noopener\">Facebook<\/a><br \/>\n<a href=\"https:\/\/www.instagram.com\/accounts\/login\/\" target=\"_blank\" rel=\"noopener\">Instagram<\/a><br \/>\n<a href=\"https:\/\/twitter.com\/\" target=\"_blank\" rel=\"noopener\">Twitter<\/a><br \/>\n<a href=\"https:\/\/www.youtube.com\/\" target=\"_blank\" rel=\"noopener\">YouTube<\/a><br \/>\n[\/expand]<\/td>\n<\/tr>\n<tr class=\"row-12\">\n\t<td class=\"column-1\">[expand title=\"Software Libre\"]<br \/>\n<a href=\"http:\/\/www.centos.org\/\" target=\"_blank\" rel=\"noopener\">CentOS<\/a><br \/>\n<a href=\"https:\/\/www.debian.org\/\" target=\"_blank\" rel=\"noopener\">Debian<\/a><br \/>\n<a href=\"https:\/\/www.uci.cu\/investigacion-y-desarrollo\/productos\" target=\"_blank\" rel=\"noopener\">Nova<\/a><br \/>\n<a href=\"www.pfsense.org\" target=\"_blank\" rel=\"noopener\">pfSense<\/a><br \/>\n<a href=\"http:\/\/www.proxmox.com\/products\/proxmox-ve\" target=\"_blank\" rel=\"noopener\">Proxmox<\/a><br \/>\n<a href=\"http:\/\/www.ubuntu.com\/\" target=\"_blank\" rel=\"noopener\">Ubuntu<\/a><br \/>\n<a href=\"https:\/\/es.wordpress.org\/\" target=\"_blank\" rel=\"noopener\">WordPress<\/a><br \/>\n[\/expand]<\/td><td class=\"column-2\"><\/td><td class=\"column-3\"><\/td><td class=\"column-4\"><\/td>\n<\/tr>\n<\/tbody>\n<\/table>\n\n<p>Env\u00edenos sus sugerencias y las URL que considere importantes para este espacio.<\/p>\n\n<div class=\"wpcf7 no-js\" id=\"wpcf7-f1013-o1\" lang=\"es-ES\" dir=\"ltr\">\n<div class=\"screen-reader-response\"><p role=\"status\" aria-live=\"polite\" aria-atomic=\"true\"><\/p> <ul><\/ul><\/div>\n<form action=\"\/bpsg\/wp-json\/wp\/v2\/pages\/967#wpcf7-f1013-o1\" method=\"post\" class=\"wpcf7-form init\" aria-label=\"Formulario de contacto\" novalidate=\"novalidate\" data-status=\"init\">\n<div style=\"display: none;\">\n<input type=\"hidden\" name=\"_wpcf7\" value=\"1013\" \/>\n<input type=\"hidden\" name=\"_wpcf7_version\" value=\"5.8.7\" \/>\n<input type=\"hidden\" name=\"_wpcf7_locale\" value=\"es_ES\" \/>\n<input type=\"hidden\" name=\"_wpcf7_unit_tag\" value=\"wpcf7-f1013-o1\" \/>\n<input type=\"hidden\" name=\"_wpcf7_container_post\" value=\"0\" \/>\n<input type=\"hidden\" name=\"_wpcf7_posted_data_hash\" value=\"\" \/>\n<\/div>\n<p><label> Su nombre (requerido)<br \/>\n<span class=\"wpcf7-form-control-wrap\" data-name=\"your-name\"><input size=\"40\" class=\"wpcf7-form-control wpcf7-text wpcf7-validates-as-required\" aria-required=\"true\" aria-invalid=\"false\" value=\"\" type=\"text\" name=\"your-name\" \/><\/span> <\/label>\n<\/p>\n<p><label> Su correo electr\u00f3nico (requerido)<br \/>\n<span class=\"wpcf7-form-control-wrap\" data-name=\"your-email\"><input size=\"40\" class=\"wpcf7-form-control wpcf7-email wpcf7-validates-as-required wpcf7-text wpcf7-validates-as-email\" aria-required=\"true\" aria-invalid=\"false\" value=\"\" type=\"email\" name=\"your-email\" \/><\/span> <\/label>\n<\/p>\n<p><label> Asunto<br \/>\n<span class=\"wpcf7-form-control-wrap\" data-name=\"your-subject\"><input size=\"40\" class=\"wpcf7-form-control wpcf7-text\" aria-invalid=\"false\" value=\"\" type=\"text\" name=\"your-subject\" \/><\/span> <\/label>\n<\/p>\n<p><label> Su mensaje<br \/>\n<span class=\"wpcf7-form-control-wrap\" data-name=\"your-message\"><textarea cols=\"40\" rows=\"10\" class=\"wpcf7-form-control wpcf7-textarea\" aria-invalid=\"false\" name=\"your-message\"><\/textarea><\/span> <\/label>\n<\/p>\n<p><input class=\"wpcf7-form-control wpcf7-submit has-spinner\" type=\"submit\" value=\"Enviar\" \/>\n<\/p><p style=\"display: none !important;\" class=\"akismet-fields-container\" data-prefix=\"_wpcf7_ak_\"><label>&#916;<textarea name=\"_wpcf7_ak_hp_textarea\" cols=\"45\" rows=\"8\" maxlength=\"100\"><\/textarea><\/label><input type=\"hidden\" id=\"ak_js_1\" name=\"_wpcf7_ak_js\" value=\"212\"\/><script>document.getElementById( \"ak_js_1\" ).setAttribute( \"value\", ( new Date() ).getTime() );<\/script><\/p><div class=\"wpcf7-response-output\" aria-hidden=\"true\"><\/div>\n<\/form>\n<\/div>\n\n<p>&nbsp;<\/p>\n","protected":false},"excerpt":{"rendered":"<p>Actualizado el s\u00e1bado, febrero 2, 2019Env\u00edenos sus sugerencias y las URL que considere importantes para este espacio. &nbsp;<\/p>\n","protected":false},"author":7,"featured_media":0,"parent":0,"menu_order":0,"comment_status":"closed","ping_status":"closed","template":"template-onecolumn.php","meta":{"ngg_post_thumbnail":0,"_mc_calendar":[]},"yoast_head":"<!-- This site is optimized with the Yoast SEO plugin v21.8 - https:\/\/yoast.com\/wordpress\/plugins\/seo\/ -->\n<title>Directorio Web - UPR Banco Provincial de Sangre de Guant\u00e1namo<\/title>\n<meta name=\"robots\" content=\"index, follow, max-snippet:-1, max-image-preview:large, max-video-preview:-1\" \/>\n<link rel=\"canonical\" href=\"https:\/\/instituciones.gtm.sld.cu\/bpsg\/directorio-web\/\" \/>\n<meta property=\"og:locale\" content=\"es_ES\" \/>\n<meta property=\"og:type\" content=\"article\" \/>\n<meta property=\"og:title\" content=\"Directorio Web - UPR Banco Provincial de Sangre de Guant\u00e1namo\" \/>\n<meta property=\"og:description\" content=\"Actualizado el s\u00e1bado, febrero 2, 2019Env\u00edenos sus sugerencias y las URL que considere importantes para este espacio. &nbsp;\" \/>\n<meta property=\"og:url\" content=\"https:\/\/instituciones.gtm.sld.cu\/bpsg\/directorio-web\/\" \/>\n<meta property=\"og:site_name\" content=\"UPR Banco Provincial de Sangre de Guant\u00e1namo\" \/>\n<meta property=\"article:modified_time\" content=\"2019-02-02T13:57:29+00:00\" \/>\n<meta name=\"twitter:card\" content=\"summary_large_image\" \/>\n<script type=\"application\/ld+json\" class=\"yoast-schema-graph\">{\"@context\":\"https:\/\/schema.org\",\"@graph\":[{\"@type\":\"WebPage\",\"@id\":\"https:\/\/instituciones.gtm.sld.cu\/bpsg\/directorio-web\/\",\"url\":\"https:\/\/instituciones.gtm.sld.cu\/bpsg\/directorio-web\/\",\"name\":\"Directorio Web - UPR Banco Provincial de Sangre de Guant\u00e1namo\",\"isPartOf\":{\"@id\":\"https:\/\/instituciones.gtm.sld.cu\/bpsg\/#website\"},\"datePublished\":\"2019-01-29T13:23:07+00:00\",\"dateModified\":\"2019-02-02T13:57:29+00:00\",\"breadcrumb\":{\"@id\":\"https:\/\/instituciones.gtm.sld.cu\/bpsg\/directorio-web\/#breadcrumb\"},\"inLanguage\":\"es\",\"potentialAction\":[{\"@type\":\"ReadAction\",\"target\":[\"https:\/\/instituciones.gtm.sld.cu\/bpsg\/directorio-web\/\"]}]},{\"@type\":\"BreadcrumbList\",\"@id\":\"https:\/\/instituciones.gtm.sld.cu\/bpsg\/directorio-web\/#breadcrumb\",\"itemListElement\":[{\"@type\":\"ListItem\",\"position\":1,\"name\":\"Portada\",\"item\":\"https:\/\/instituciones.gtm.sld.cu\/bpsg\/\"},{\"@type\":\"ListItem\",\"position\":2,\"name\":\"Directorio Web\"}]},{\"@type\":\"WebSite\",\"@id\":\"https:\/\/instituciones.gtm.sld.cu\/bpsg\/#website\",\"url\":\"https:\/\/instituciones.gtm.sld.cu\/bpsg\/\",\"name\":\"UPR Banco Provincial de Sangre de Guant\u00e1namo\",\"description\":\"&quot;Donar sangre es DONAR VIDA&quot;\",\"potentialAction\":[{\"@type\":\"SearchAction\",\"target\":{\"@type\":\"EntryPoint\",\"urlTemplate\":\"https:\/\/instituciones.gtm.sld.cu\/bpsg\/?s={search_term_string}\"},\"query-input\":\"required name=search_term_string\"}],\"inLanguage\":\"es\"}]}<\/script>\n<!-- \/ Yoast SEO plugin. -->","yoast_head_json":{"title":"Directorio Web - UPR Banco Provincial de Sangre de Guant\u00e1namo","robots":{"index":"index","follow":"follow","max-snippet":"max-snippet:-1","max-image-preview":"max-image-preview:large","max-video-preview":"max-video-preview:-1"},"canonical":"https:\/\/instituciones.gtm.sld.cu\/bpsg\/directorio-web\/","og_locale":"es_ES","og_type":"article","og_title":"Directorio Web - UPR Banco Provincial de Sangre de Guant\u00e1namo","og_description":"Actualizado el s\u00e1bado, febrero 2, 2019Env\u00edenos sus sugerencias y las URL que considere importantes para este espacio. &nbsp;","og_url":"https:\/\/instituciones.gtm.sld.cu\/bpsg\/directorio-web\/","og_site_name":"UPR Banco Provincial de Sangre de Guant\u00e1namo","article_modified_time":"2019-02-02T13:57:29+00:00","twitter_card":"summary_large_image","schema":{"@context":"https:\/\/schema.org","@graph":[{"@type":"WebPage","@id":"https:\/\/instituciones.gtm.sld.cu\/bpsg\/directorio-web\/","url":"https:\/\/instituciones.gtm.sld.cu\/bpsg\/directorio-web\/","name":"Directorio Web - UPR Banco Provincial de Sangre de Guant\u00e1namo","isPartOf":{"@id":"https:\/\/instituciones.gtm.sld.cu\/bpsg\/#website"},"datePublished":"2019-01-29T13:23:07+00:00","dateModified":"2019-02-02T13:57:29+00:00","breadcrumb":{"@id":"https:\/\/instituciones.gtm.sld.cu\/bpsg\/directorio-web\/#breadcrumb"},"inLanguage":"es","potentialAction":[{"@type":"ReadAction","target":["https:\/\/instituciones.gtm.sld.cu\/bpsg\/directorio-web\/"]}]},{"@type":"BreadcrumbList","@id":"https:\/\/instituciones.gtm.sld.cu\/bpsg\/directorio-web\/#breadcrumb","itemListElement":[{"@type":"ListItem","position":1,"name":"Portada","item":"https:\/\/instituciones.gtm.sld.cu\/bpsg\/"},{"@type":"ListItem","position":2,"name":"Directorio Web"}]},{"@type":"WebSite","@id":"https:\/\/instituciones.gtm.sld.cu\/bpsg\/#website","url":"https:\/\/instituciones.gtm.sld.cu\/bpsg\/","name":"UPR Banco Provincial de Sangre de Guant\u00e1namo","description":"&quot;Donar sangre es DONAR VIDA&quot;","potentialAction":[{"@type":"SearchAction","target":{"@type":"EntryPoint","urlTemplate":"https:\/\/instituciones.gtm.sld.cu\/bpsg\/?s={search_term_string}"},"query-input":"required name=search_term_string"}],"inLanguage":"es"}]}},"_links":{"self":[{"href":"https:\/\/instituciones.gtm.sld.cu\/bpsg\/wp-json\/wp\/v2\/pages\/967"}],"collection":[{"href":"https:\/\/instituciones.gtm.sld.cu\/bpsg\/wp-json\/wp\/v2\/pages"}],"about":[{"href":"https:\/\/instituciones.gtm.sld.cu\/bpsg\/wp-json\/wp\/v2\/types\/page"}],"author":[{"embeddable":true,"href":"https:\/\/instituciones.gtm.sld.cu\/bpsg\/wp-json\/wp\/v2\/users\/7"}],"replies":[{"embeddable":true,"href":"https:\/\/instituciones.gtm.sld.cu\/bpsg\/wp-json\/wp\/v2\/comments?post=967"}],"version-history":[{"count":0,"href":"https:\/\/instituciones.gtm.sld.cu\/bpsg\/wp-json\/wp\/v2\/pages\/967\/revisions"}],"wp:attachment":[{"href":"https:\/\/instituciones.gtm.sld.cu\/bpsg\/wp-json\/wp\/v2\/media?parent=967"}],"curies":[{"name":"wp","href":"https:\/\/api.w.org\/{rel}","templated":true}]}}