{"id":25,"date":"2019-01-14T17:59:30","date_gmt":"2019-01-14T22:59:30","guid":{"rendered":"http:\/\/instituciones2.gtm.sld.cu\/cphem\/?page_id=25"},"modified":"2019-11-04T09:31:40","modified_gmt":"2019-11-04T14:31:40","slug":"examenes-de-laboratorio","status":"publish","type":"page","link":"https:\/\/instituciones.gtm.sld.cu\/cphem\/examenes-de-laboratorio\/","title":{"rendered":"Ex\u00e1menes de Laboratorio"},"content":{"rendered":"<table width=\"643\">\n<tbody>\n<tr>\n<td width=\"643\"><strong>Lunes, Mi\u00e9rcoles y Viernes<\/strong><\/td>\n<\/tr>\n<tr>\n<td width=\"643\">\u00b7&nbsp;&nbsp;&nbsp;&nbsp;&nbsp;&nbsp;&nbsp;&nbsp; Entrega de pomos para urocultivo y recogida de muestra.<\/p>\n<p>\u00b7&nbsp;&nbsp;&nbsp;&nbsp;&nbsp;&nbsp;&nbsp;&nbsp; Raspado de piel y campo oscuro.<\/td>\n<\/tr>\n<tr>\n<td width=\"643\"><strong>Lunes y Viernes<\/strong><\/td>\n<\/tr>\n<tr>\n<td width=\"643\">\u00b7&nbsp;&nbsp;&nbsp;&nbsp;&nbsp;&nbsp;&nbsp;&nbsp; Exudado vaginal con cultivo.<\/td>\n<\/tr>\n<tr>\n<td width=\"643\"><strong>Lunes a Viernes<\/strong><\/td>\n<\/tr>\n<tr>\n<td width=\"643\">\u00b7&nbsp;&nbsp;&nbsp;&nbsp;&nbsp;&nbsp;&nbsp;&nbsp; Exudado uretral para Hombres<\/td>\n<\/tr>\n<tr>\n<td width=\"643\"><strong>Martes y Jueves<\/strong><\/td>\n<\/tr>\n<tr>\n<td width=\"643\">\u00b7&nbsp;&nbsp;&nbsp;&nbsp;&nbsp;&nbsp;&nbsp;&nbsp; Secreciones (exudado \u00f3ptico, nasofaringe, secreciones de piel, conjuntival y esputo bacteriol\u00f3gico)<\/td>\n<\/tr>\n<tr>\n<td width=\"643\"><strong>Nota:<\/strong> Toma de muestra. Hora:7:00AM y entrega de resultados de 9:00AM a 12:00M<\/td>\n<\/tr>\n<\/tbody>\n<\/table>\n","protected":false},"excerpt":{"rendered":"<p>Lunes, Mi\u00e9rcoles y Viernes \u00b7&nbsp;&nbsp;&nbsp;&nbsp;&nbsp;&nbsp;&nbsp;&nbsp; Entrega de pomos para urocultivo y recogida de muestra. \u00b7&nbsp;&nbsp;&nbsp;&nbsp;&nbsp;&nbsp;&nbsp;&nbsp; Raspado de piel y campo oscuro. Lunes y Viernes \u00b7&nbsp;&nbsp;&nbsp;&nbsp;&nbsp;&nbsp;&nbsp;&nbsp; Exudado vaginal con cultivo. Lunes a Viernes \u00b7&nbsp;&nbsp;&nbsp;&nbsp;&nbsp;&nbsp;&nbsp;&nbsp; Exudado uretral para Hombres Martes y Jueves \u00b7&nbsp;&nbsp;&nbsp;&nbsp;&nbsp;&nbsp;&nbsp;&nbsp; Secreciones (exudado \u00f3ptico, nasofaringe, secreciones de piel, conjuntival y esputo bacteriol\u00f3gico) Nota: Toma de &hellip; <\/p>\n<p><a class=\"more-link btn\" href=\"https:\/\/instituciones.gtm.sld.cu\/cphem\/examenes-de-laboratorio\/\">Seguir leyendo<\/a><\/p>\n","protected":false},"author":20,"featured_media":0,"parent":0,"menu_order":0,"comment_status":"closed","ping_status":"closed","template":"","meta":{"ngg_post_thumbnail":0,"_mc_calendar":[]},"yoast_head":"<!-- This site is optimized with the Yoast SEO plugin v21.8 - https:\/\/yoast.com\/wordpress\/plugins\/seo\/ -->\n<title>Ex\u00e1menes de Laboratorio - Centro Provincial de Higiene, Epidemiolog\u00eda y Microbiolog\u00eda<\/title>\n<meta name=\"robots\" content=\"index, follow, max-snippet:-1, max-image-preview:large, max-video-preview:-1\" \/>\n<link rel=\"canonical\" href=\"https:\/\/instituciones.gtm.sld.cu\/cphem\/examenes-de-laboratorio\/\" \/>\n<meta property=\"og:locale\" content=\"es_ES\" \/>\n<meta property=\"og:type\" content=\"article\" \/>\n<meta property=\"og:title\" content=\"Ex\u00e1menes de Laboratorio - Centro Provincial de Higiene, Epidemiolog\u00eda y Microbiolog\u00eda\" \/>\n<meta property=\"og:description\" content=\"Lunes, Mi\u00e9rcoles y Viernes \u00b7&nbsp;&nbsp;&nbsp;&nbsp;&nbsp;&nbsp;&nbsp;&nbsp; Entrega de pomos para urocultivo y recogida de muestra. \u00b7&nbsp;&nbsp;&nbsp;&nbsp;&nbsp;&nbsp;&nbsp;&nbsp; Raspado de piel y campo oscuro. Lunes y Viernes \u00b7&nbsp;&nbsp;&nbsp;&nbsp;&nbsp;&nbsp;&nbsp;&nbsp; Exudado vaginal con cultivo. Lunes a Viernes \u00b7&nbsp;&nbsp;&nbsp;&nbsp;&nbsp;&nbsp;&nbsp;&nbsp; Exudado uretral para Hombres Martes y Jueves \u00b7&nbsp;&nbsp;&nbsp;&nbsp;&nbsp;&nbsp;&nbsp;&nbsp; Secreciones (exudado \u00f3ptico, nasofaringe, secreciones de piel, conjuntival y esputo bacteriol\u00f3gico) Nota: Toma de &hellip; Seguir leyendo\" \/>\n<meta property=\"og:url\" content=\"https:\/\/instituciones.gtm.sld.cu\/cphem\/examenes-de-laboratorio\/\" \/>\n<meta property=\"og:site_name\" content=\"Centro Provincial de Higiene, Epidemiolog\u00eda y Microbiolog\u00eda\" \/>\n<meta property=\"article:modified_time\" content=\"2019-11-04T14:31:40+00:00\" \/>\n<meta name=\"twitter:card\" content=\"summary_large_image\" \/>\n<meta name=\"twitter:label1\" content=\"Tiempo de lectura\" \/>\n\t<meta name=\"twitter:data1\" content=\"1 minuto\" \/>\n<script type=\"application\/ld+json\" class=\"yoast-schema-graph\">{\"@context\":\"https:\/\/schema.org\",\"@graph\":[{\"@type\":\"WebPage\",\"@id\":\"https:\/\/instituciones.gtm.sld.cu\/cphem\/examenes-de-laboratorio\/\",\"url\":\"https:\/\/instituciones.gtm.sld.cu\/cphem\/examenes-de-laboratorio\/\",\"name\":\"Ex\u00e1menes de Laboratorio - Centro Provincial de Higiene, Epidemiolog\u00eda y Microbiolog\u00eda\",\"isPartOf\":{\"@id\":\"https:\/\/instituciones.gtm.sld.cu\/cphem\/#website\"},\"datePublished\":\"2019-01-14T22:59:30+00:00\",\"dateModified\":\"2019-11-04T14:31:40+00:00\",\"breadcrumb\":{\"@id\":\"https:\/\/instituciones.gtm.sld.cu\/cphem\/examenes-de-laboratorio\/#breadcrumb\"},\"inLanguage\":\"es\",\"potentialAction\":[{\"@type\":\"ReadAction\",\"target\":[\"https:\/\/instituciones.gtm.sld.cu\/cphem\/examenes-de-laboratorio\/\"]}]},{\"@type\":\"BreadcrumbList\",\"@id\":\"https:\/\/instituciones.gtm.sld.cu\/cphem\/examenes-de-laboratorio\/#breadcrumb\",\"itemListElement\":[{\"@type\":\"ListItem\",\"position\":1,\"name\":\"Portada\",\"item\":\"https:\/\/instituciones.gtm.sld.cu\/cphem\/\"},{\"@type\":\"ListItem\",\"position\":2,\"name\":\"Ex\u00e1menes de Laboratorio\"}]},{\"@type\":\"WebSite\",\"@id\":\"https:\/\/instituciones.gtm.sld.cu\/cphem\/#website\",\"url\":\"https:\/\/instituciones.gtm.sld.cu\/cphem\/\",\"name\":\"Centro Provincial de Higiene, Epidemiolog\u00eda y Microbiolog\u00eda\",\"description\":\"\",\"potentialAction\":[{\"@type\":\"SearchAction\",\"target\":{\"@type\":\"EntryPoint\",\"urlTemplate\":\"https:\/\/instituciones.gtm.sld.cu\/cphem\/?s={search_term_string}\"},\"query-input\":\"required name=search_term_string\"}],\"inLanguage\":\"es\"}]}<\/script>\n<!-- \/ Yoast SEO plugin. -->","yoast_head_json":{"title":"Ex\u00e1menes de Laboratorio - Centro Provincial de Higiene, Epidemiolog\u00eda y Microbiolog\u00eda","robots":{"index":"index","follow":"follow","max-snippet":"max-snippet:-1","max-image-preview":"max-image-preview:large","max-video-preview":"max-video-preview:-1"},"canonical":"https:\/\/instituciones.gtm.sld.cu\/cphem\/examenes-de-laboratorio\/","og_locale":"es_ES","og_type":"article","og_title":"Ex\u00e1menes de Laboratorio - Centro Provincial de Higiene, Epidemiolog\u00eda y Microbiolog\u00eda","og_description":"Lunes, Mi\u00e9rcoles y Viernes \u00b7&nbsp;&nbsp;&nbsp;&nbsp;&nbsp;&nbsp;&nbsp;&nbsp; Entrega de pomos para urocultivo y recogida de muestra. \u00b7&nbsp;&nbsp;&nbsp;&nbsp;&nbsp;&nbsp;&nbsp;&nbsp; Raspado de piel y campo oscuro. Lunes y Viernes \u00b7&nbsp;&nbsp;&nbsp;&nbsp;&nbsp;&nbsp;&nbsp;&nbsp; Exudado vaginal con cultivo. Lunes a Viernes \u00b7&nbsp;&nbsp;&nbsp;&nbsp;&nbsp;&nbsp;&nbsp;&nbsp; Exudado uretral para Hombres Martes y Jueves \u00b7&nbsp;&nbsp;&nbsp;&nbsp;&nbsp;&nbsp;&nbsp;&nbsp; Secreciones (exudado \u00f3ptico, nasofaringe, secreciones de piel, conjuntival y esputo bacteriol\u00f3gico) Nota: Toma de &hellip; Seguir leyendo","og_url":"https:\/\/instituciones.gtm.sld.cu\/cphem\/examenes-de-laboratorio\/","og_site_name":"Centro Provincial de Higiene, Epidemiolog\u00eda y Microbiolog\u00eda","article_modified_time":"2019-11-04T14:31:40+00:00","twitter_card":"summary_large_image","twitter_misc":{"Tiempo de lectura":"1 minuto"},"schema":{"@context":"https:\/\/schema.org","@graph":[{"@type":"WebPage","@id":"https:\/\/instituciones.gtm.sld.cu\/cphem\/examenes-de-laboratorio\/","url":"https:\/\/instituciones.gtm.sld.cu\/cphem\/examenes-de-laboratorio\/","name":"Ex\u00e1menes de Laboratorio - Centro Provincial de Higiene, Epidemiolog\u00eda y Microbiolog\u00eda","isPartOf":{"@id":"https:\/\/instituciones.gtm.sld.cu\/cphem\/#website"},"datePublished":"2019-01-14T22:59:30+00:00","dateModified":"2019-11-04T14:31:40+00:00","breadcrumb":{"@id":"https:\/\/instituciones.gtm.sld.cu\/cphem\/examenes-de-laboratorio\/#breadcrumb"},"inLanguage":"es","potentialAction":[{"@type":"ReadAction","target":["https:\/\/instituciones.gtm.sld.cu\/cphem\/examenes-de-laboratorio\/"]}]},{"@type":"BreadcrumbList","@id":"https:\/\/instituciones.gtm.sld.cu\/cphem\/examenes-de-laboratorio\/#breadcrumb","itemListElement":[{"@type":"ListItem","position":1,"name":"Portada","item":"https:\/\/instituciones.gtm.sld.cu\/cphem\/"},{"@type":"ListItem","position":2,"name":"Ex\u00e1menes de Laboratorio"}]},{"@type":"WebSite","@id":"https:\/\/instituciones.gtm.sld.cu\/cphem\/#website","url":"https:\/\/instituciones.gtm.sld.cu\/cphem\/","name":"Centro Provincial de Higiene, Epidemiolog\u00eda y Microbiolog\u00eda","description":"","potentialAction":[{"@type":"SearchAction","target":{"@type":"EntryPoint","urlTemplate":"https:\/\/instituciones.gtm.sld.cu\/cphem\/?s={search_term_string}"},"query-input":"required name=search_term_string"}],"inLanguage":"es"}]}},"_links":{"self":[{"href":"https:\/\/instituciones.gtm.sld.cu\/cphem\/wp-json\/wp\/v2\/pages\/25"}],"collection":[{"href":"https:\/\/instituciones.gtm.sld.cu\/cphem\/wp-json\/wp\/v2\/pages"}],"about":[{"href":"https:\/\/instituciones.gtm.sld.cu\/cphem\/wp-json\/wp\/v2\/types\/page"}],"author":[{"embeddable":true,"href":"https:\/\/instituciones.gtm.sld.cu\/cphem\/wp-json\/wp\/v2\/users\/20"}],"replies":[{"embeddable":true,"href":"https:\/\/instituciones.gtm.sld.cu\/cphem\/wp-json\/wp\/v2\/comments?post=25"}],"version-history":[{"count":1,"href":"https:\/\/instituciones.gtm.sld.cu\/cphem\/wp-json\/wp\/v2\/pages\/25\/revisions"}],"predecessor-version":[{"id":751,"href":"https:\/\/instituciones.gtm.sld.cu\/cphem\/wp-json\/wp\/v2\/pages\/25\/revisions\/751"}],"wp:attachment":[{"href":"https:\/\/instituciones.gtm.sld.cu\/cphem\/wp-json\/wp\/v2\/media?parent=25"}],"curies":[{"name":"wp","href":"https:\/\/api.w.org\/{rel}","templated":true}]}}