{"id":544,"date":"2019-05-10T10:00:32","date_gmt":"2019-05-10T14:00:32","guid":{"rendered":"http:\/\/instituciones2.gtm.sld.cu\/cphem\/?page_id=544"},"modified":"2019-11-04T11:20:17","modified_gmt":"2019-11-04T16:20:17","slug":"mapa-del-sitio","status":"publish","type":"page","link":"https:\/\/instituciones.gtm.sld.cu\/cphem\/mapa-del-sitio\/","title":{"rendered":"Mapa del Sitio"},"content":{"rendered":"\n<p><strong>P\u00e1ginas<\/strong><\/p>\n\n\n\n<ul><li>Acerca de.<\/li><li>Objetivo del\nsitio.<\/li><li>\u00bfQui\u00e9nes\nsomos?<\/li><li>Contactos.<\/li><li>Consejo\ncient\u00edfico.<\/li><li>Servicios.<\/li><li>Ex\u00e1menes de\nLaboratorio.<\/li><li>Horarios de\natenci\u00f3n a la poblaci\u00f3n por departamentos.<\/li><li>Docencia.<\/li><\/ul>\n\n\n\n<p><strong>Posts por categor\u00edas<\/strong><\/p>\n\n\n\n<ul><li>Campa\u00f1a de vacunaci\u00f3n.<\/li><li>Comandante.<\/li><li>Convocatorias.<\/li><li>Cursos.<\/li><li>Educativas<\/li><li>Pol\u00edticas.<\/li><li>Talleres.<\/li><\/ul>\n","protected":false},"excerpt":{"rendered":"<p>P\u00e1ginas Acerca de. Objetivo del sitio. \u00bfQui\u00e9nes somos? Contactos. Consejo cient\u00edfico. Servicios. Ex\u00e1menes de Laboratorio. Horarios de atenci\u00f3n a la poblaci\u00f3n por departamentos. Docencia. Posts por categor\u00edas Campa\u00f1a de vacunaci\u00f3n. Comandante. Convocatorias. Cursos. Educativas Pol\u00edticas. Talleres.<\/p>\n","protected":false},"author":20,"featured_media":0,"parent":0,"menu_order":0,"comment_status":"closed","ping_status":"closed","template":"","meta":{"ngg_post_thumbnail":0,"_mc_calendar":[]},"yoast_head":"<!-- This site is optimized with the Yoast SEO plugin v21.8 - https:\/\/yoast.com\/wordpress\/plugins\/seo\/ -->\n<title>Mapa del Sitio - Centro Provincial de Higiene, Epidemiolog\u00eda y Microbiolog\u00eda<\/title>\n<meta name=\"robots\" content=\"index, follow, max-snippet:-1, max-image-preview:large, max-video-preview:-1\" \/>\n<link rel=\"canonical\" href=\"https:\/\/instituciones.gtm.sld.cu\/cphem\/mapa-del-sitio\/\" \/>\n<meta property=\"og:locale\" content=\"es_ES\" \/>\n<meta property=\"og:type\" content=\"article\" \/>\n<meta property=\"og:title\" content=\"Mapa del Sitio - Centro Provincial de Higiene, Epidemiolog\u00eda y Microbiolog\u00eda\" \/>\n<meta property=\"og:description\" content=\"P\u00e1ginas Acerca de. Objetivo del sitio. \u00bfQui\u00e9nes somos? Contactos. Consejo cient\u00edfico. Servicios. Ex\u00e1menes de Laboratorio. Horarios de atenci\u00f3n a la poblaci\u00f3n por departamentos. Docencia. Posts por categor\u00edas Campa\u00f1a de vacunaci\u00f3n. Comandante. Convocatorias. Cursos. Educativas Pol\u00edticas. Talleres.\" \/>\n<meta property=\"og:url\" content=\"https:\/\/instituciones.gtm.sld.cu\/cphem\/mapa-del-sitio\/\" \/>\n<meta property=\"og:site_name\" content=\"Centro Provincial de Higiene, Epidemiolog\u00eda y Microbiolog\u00eda\" \/>\n<meta property=\"article:modified_time\" content=\"2019-11-04T16:20:17+00:00\" \/>\n<meta name=\"twitter:card\" content=\"summary_large_image\" \/>\n<script type=\"application\/ld+json\" class=\"yoast-schema-graph\">{\"@context\":\"https:\/\/schema.org\",\"@graph\":[{\"@type\":\"WebPage\",\"@id\":\"https:\/\/instituciones.gtm.sld.cu\/cphem\/mapa-del-sitio\/\",\"url\":\"https:\/\/instituciones.gtm.sld.cu\/cphem\/mapa-del-sitio\/\",\"name\":\"Mapa del Sitio - Centro Provincial de Higiene, Epidemiolog\u00eda y Microbiolog\u00eda\",\"isPartOf\":{\"@id\":\"https:\/\/instituciones.gtm.sld.cu\/cphem\/#website\"},\"datePublished\":\"2019-05-10T14:00:32+00:00\",\"dateModified\":\"2019-11-04T16:20:17+00:00\",\"breadcrumb\":{\"@id\":\"https:\/\/instituciones.gtm.sld.cu\/cphem\/mapa-del-sitio\/#breadcrumb\"},\"inLanguage\":\"es\",\"potentialAction\":[{\"@type\":\"ReadAction\",\"target\":[\"https:\/\/instituciones.gtm.sld.cu\/cphem\/mapa-del-sitio\/\"]}]},{\"@type\":\"BreadcrumbList\",\"@id\":\"https:\/\/instituciones.gtm.sld.cu\/cphem\/mapa-del-sitio\/#breadcrumb\",\"itemListElement\":[{\"@type\":\"ListItem\",\"position\":1,\"name\":\"Portada\",\"item\":\"https:\/\/instituciones.gtm.sld.cu\/cphem\/\"},{\"@type\":\"ListItem\",\"position\":2,\"name\":\"Mapa del Sitio\"}]},{\"@type\":\"WebSite\",\"@id\":\"https:\/\/instituciones.gtm.sld.cu\/cphem\/#website\",\"url\":\"https:\/\/instituciones.gtm.sld.cu\/cphem\/\",\"name\":\"Centro Provincial de Higiene, Epidemiolog\u00eda y Microbiolog\u00eda\",\"description\":\"\",\"potentialAction\":[{\"@type\":\"SearchAction\",\"target\":{\"@type\":\"EntryPoint\",\"urlTemplate\":\"https:\/\/instituciones.gtm.sld.cu\/cphem\/?s={search_term_string}\"},\"query-input\":\"required name=search_term_string\"}],\"inLanguage\":\"es\"}]}<\/script>\n<!-- \/ Yoast SEO plugin. -->","yoast_head_json":{"title":"Mapa del Sitio - Centro Provincial de Higiene, Epidemiolog\u00eda y Microbiolog\u00eda","robots":{"index":"index","follow":"follow","max-snippet":"max-snippet:-1","max-image-preview":"max-image-preview:large","max-video-preview":"max-video-preview:-1"},"canonical":"https:\/\/instituciones.gtm.sld.cu\/cphem\/mapa-del-sitio\/","og_locale":"es_ES","og_type":"article","og_title":"Mapa del Sitio - Centro Provincial de Higiene, Epidemiolog\u00eda y Microbiolog\u00eda","og_description":"P\u00e1ginas Acerca de. Objetivo del sitio. \u00bfQui\u00e9nes somos? Contactos. Consejo cient\u00edfico. Servicios. Ex\u00e1menes de Laboratorio. Horarios de atenci\u00f3n a la poblaci\u00f3n por departamentos. Docencia. Posts por categor\u00edas Campa\u00f1a de vacunaci\u00f3n. Comandante. Convocatorias. Cursos. Educativas Pol\u00edticas. Talleres.","og_url":"https:\/\/instituciones.gtm.sld.cu\/cphem\/mapa-del-sitio\/","og_site_name":"Centro Provincial de Higiene, Epidemiolog\u00eda y Microbiolog\u00eda","article_modified_time":"2019-11-04T16:20:17+00:00","twitter_card":"summary_large_image","schema":{"@context":"https:\/\/schema.org","@graph":[{"@type":"WebPage","@id":"https:\/\/instituciones.gtm.sld.cu\/cphem\/mapa-del-sitio\/","url":"https:\/\/instituciones.gtm.sld.cu\/cphem\/mapa-del-sitio\/","name":"Mapa del Sitio - Centro Provincial de Higiene, Epidemiolog\u00eda y Microbiolog\u00eda","isPartOf":{"@id":"https:\/\/instituciones.gtm.sld.cu\/cphem\/#website"},"datePublished":"2019-05-10T14:00:32+00:00","dateModified":"2019-11-04T16:20:17+00:00","breadcrumb":{"@id":"https:\/\/instituciones.gtm.sld.cu\/cphem\/mapa-del-sitio\/#breadcrumb"},"inLanguage":"es","potentialAction":[{"@type":"ReadAction","target":["https:\/\/instituciones.gtm.sld.cu\/cphem\/mapa-del-sitio\/"]}]},{"@type":"BreadcrumbList","@id":"https:\/\/instituciones.gtm.sld.cu\/cphem\/mapa-del-sitio\/#breadcrumb","itemListElement":[{"@type":"ListItem","position":1,"name":"Portada","item":"https:\/\/instituciones.gtm.sld.cu\/cphem\/"},{"@type":"ListItem","position":2,"name":"Mapa del Sitio"}]},{"@type":"WebSite","@id":"https:\/\/instituciones.gtm.sld.cu\/cphem\/#website","url":"https:\/\/instituciones.gtm.sld.cu\/cphem\/","name":"Centro Provincial de Higiene, Epidemiolog\u00eda y Microbiolog\u00eda","description":"","potentialAction":[{"@type":"SearchAction","target":{"@type":"EntryPoint","urlTemplate":"https:\/\/instituciones.gtm.sld.cu\/cphem\/?s={search_term_string}"},"query-input":"required name=search_term_string"}],"inLanguage":"es"}]}},"_links":{"self":[{"href":"https:\/\/instituciones.gtm.sld.cu\/cphem\/wp-json\/wp\/v2\/pages\/544"}],"collection":[{"href":"https:\/\/instituciones.gtm.sld.cu\/cphem\/wp-json\/wp\/v2\/pages"}],"about":[{"href":"https:\/\/instituciones.gtm.sld.cu\/cphem\/wp-json\/wp\/v2\/types\/page"}],"author":[{"embeddable":true,"href":"https:\/\/instituciones.gtm.sld.cu\/cphem\/wp-json\/wp\/v2\/users\/20"}],"replies":[{"embeddable":true,"href":"https:\/\/instituciones.gtm.sld.cu\/cphem\/wp-json\/wp\/v2\/comments?post=544"}],"version-history":[{"count":3,"href":"https:\/\/instituciones.gtm.sld.cu\/cphem\/wp-json\/wp\/v2\/pages\/544\/revisions"}],"predecessor-version":[{"id":756,"href":"https:\/\/instituciones.gtm.sld.cu\/cphem\/wp-json\/wp\/v2\/pages\/544\/revisions\/756"}],"wp:attachment":[{"href":"https:\/\/instituciones.gtm.sld.cu\/cphem\/wp-json\/wp\/v2\/media?parent=544"}],"curies":[{"name":"wp","href":"https:\/\/api.w.org\/{rel}","templated":true}]}}