{"id":599,"date":"2019-10-25T09:48:25","date_gmt":"2019-10-25T13:48:25","guid":{"rendered":"http:\/\/instituciones2.gtm.sld.cu\/cphem\/?page_id=599"},"modified":"2019-10-25T09:49:49","modified_gmt":"2019-10-25T13:49:49","slug":"acerca-de","status":"publish","type":"page","link":"https:\/\/instituciones.gtm.sld.cu\/cphem\/acerca-de\/","title":{"rendered":"Acerca de"},"content":{"rendered":"\n<p><strong>CENTRO PROVINCIAL DE HIGIENE Y EPIDEMIOLOGIA<\/strong><\/p>\n\n\n\n<p>El Centro provincial de Higiene, Epidemiolog\u00eda y Microbiolog\u00eda de la Direcci\u00f3n Provincial de Salud P\u00fablica de Guant\u00e1namo, es el encargado de dirigir en el territorio las acciones higi\u00e9nicas-epidemiol\u00f3gicas, encaminadas a la prevenci\u00f3n, control y erradicaci\u00f3n de las enfermedades y accidentes mediante la realizaci\u00f3n de acciones de salud que propicien el bienestar de las personas, la familia y las comunidades y la protecci\u00f3n del medio ambiente.<\/p>\n\n\n\n<p><strong>&nbsp;MISI\u00d3N <\/strong><\/p>\n\n\n\n<p>El Centro Provincial de Higiene, Epidemiolog\u00eda y Microbiolog\u00eda de Guant\u00e1namo desde un elevado nivel cient\u00edfico de sus trabajadores presta servicios integrales de vigilancia, control y asesoramiento higi\u00e9nico-epidemiol\u00f3gico en funci\u00f3n de la disminuci\u00f3n de las Enfermedades transmisibles y no transmisibles.<\/p>\n\n\n\n<p><strong>&nbsp;Visi\u00f3n:<\/strong><\/p>\n\n\n\n<p>El Centro Provincial de Higiene, Epidemiolog\u00eda y Microbiolog\u00eda de Guant\u00e1namo, sustentado en los valores del compromiso colectivo de sus trabajadores y disposici\u00f3n para el cambio, la responsabilidad y profesionalidad ante el cumplimiento de las tareas y la consagraci\u00f3n e iniciativa para innovar,&nbsp; cumple con eficiencia el control, asesoramiento y direcci\u00f3n de las acciones higi\u00e9nico epidemiol\u00f3gicas de la provincia y aprovecha la beneficencia que ofrece los programas de la Revoluci\u00f3n, el proyecto de desarrollo humano local obteniendo resultados positivos en algunos indicadores priorizados, lo que permite la introducci\u00f3n de nuevos estilos de direcci\u00f3n que profundizan en los resultados de la universalizaci\u00f3n de la ense\u00f1anza y la motivaci\u00f3n por la investigaci\u00f3n cient\u00edfica, elevando&nbsp; de forma confiable la competencia de los recursos humanos, lo que nos ha llevado a convertirnos en una entidad Colectivo Moral.<\/p>\n\n\n\n<p><strong>OBJETO SOCIAL<\/strong><\/p>\n\n\n\n<ul><li>Acometer la inspecci\u00f3n sanitaria estatal para exigir la aplicaci\u00f3n d\u00e9las normas territoriales y cumplimiento de los planes y programas de la Higiene y la Epidemiolog\u00eda,<\/li><li>Asesorar, supervisar y evaluar a las instituciones que se le subordinan.<\/li><li>Ejecutar y coordinar las actividades docentes y de investigaci\u00f3n en su campo de acci\u00f3n.<\/li><li>Realizar eventos cient\u00edficos sobre las actividades d\u00e9la instituci\u00f3n.<\/li><li>Asesorar a las distintas autoridades de Gobierno y direcciones sanitarias o no en todo lo relacionado Con la Higiene y la Epidemiolog\u00eda.<\/li><li>Aplicar o proponer las sanciones por violaciones de la Legislaci\u00f3n Sanitarias a entidades del territorio.<\/li><li>Realizar la divulgaci\u00f3n de conocimiento higi\u00e9nico y epidemiol\u00f3gico entre la poblaci\u00f3n.<\/li><li>Realizar investigaciones y diagnostico en todas aquellas disciplinas que componen la Higiene y Epidemiolog\u00eda, tanto a entidades nacionales como extranjeras dentro del territorio nacional.<\/li><li>Realizar la inspecci\u00f3n m\u00e9dico-sanitaria de aeronaves y embarcaciones de todo tipo procedentes del extranjero, exigiendo las reglamentarias vigentes, as\u00ed como ejercer el control higi\u00e9nico sanitario de toda el \u00e1rea del aeropuerto, marina o puerto, incluyendo embarcaciones surtas en marinas y puertos, instalaciones&nbsp; y trabajadores.<\/li><li>Ejercer el control medico de trabajadores expuesto a riesgos y realizar el control de plagas y roedores, incluyendo fumigaci\u00f3n en barcos y aeronaves.<\/li><li>Realizar ex\u00e1menes de qu\u00edmica sanitaria y microbiolog\u00eda a personas y en medio ambiente.<\/li><li>Promover el control de plagas y roedores incluyendo fumigaci\u00f3n a centros tur\u00edsticos internacionales, hoteles y empresa del territorio, el control sanitario de productos alimentarios de importaci\u00f3n y de cargas y productos que impliquen un riesgo para la salud.<\/li><li>Coordinar con otras instituciones del Sistema Nacional de Salud y de terceros para referencias ante situaciones que lo requieran y servicios especializados.<\/li><li>Brindar servicios de cafeter\u00eda en moneda nacional, a sus trabajadores.<\/li><\/ul>\n","protected":false},"excerpt":{"rendered":"<p>CENTRO PROVINCIAL DE HIGIENE Y EPIDEMIOLOGIA El Centro provincial de Higiene, Epidemiolog\u00eda y Microbiolog\u00eda de la Direcci\u00f3n Provincial de Salud P\u00fablica de Guant\u00e1namo, es el encargado de dirigir en el territorio las acciones higi\u00e9nicas-epidemiol\u00f3gicas, encaminadas a la prevenci\u00f3n, control y erradicaci\u00f3n de las enfermedades y accidentes mediante la realizaci\u00f3n de acciones de salud que propicien &hellip; <\/p>\n<p><a class=\"more-link btn\" href=\"https:\/\/instituciones.gtm.sld.cu\/cphem\/acerca-de\/\">Seguir leyendo<\/a><\/p>\n","protected":false},"author":20,"featured_media":0,"parent":0,"menu_order":0,"comment_status":"closed","ping_status":"closed","template":"","meta":{"ngg_post_thumbnail":0,"_mc_calendar":[]},"yoast_head":"<!-- This site is optimized with the Yoast SEO plugin v21.8 - https:\/\/yoast.com\/wordpress\/plugins\/seo\/ -->\n<title>Acerca de - Centro Provincial de Higiene, Epidemiolog\u00eda y Microbiolog\u00eda<\/title>\n<meta name=\"robots\" content=\"index, follow, max-snippet:-1, max-image-preview:large, max-video-preview:-1\" \/>\n<link rel=\"canonical\" href=\"https:\/\/instituciones.gtm.sld.cu\/cphem\/acerca-de\/\" \/>\n<meta property=\"og:locale\" content=\"es_ES\" \/>\n<meta property=\"og:type\" content=\"article\" \/>\n<meta property=\"og:title\" content=\"Acerca de - Centro Provincial de Higiene, Epidemiolog\u00eda y Microbiolog\u00eda\" \/>\n<meta property=\"og:description\" content=\"CENTRO PROVINCIAL DE HIGIENE Y EPIDEMIOLOGIA El Centro provincial de Higiene, Epidemiolog\u00eda y Microbiolog\u00eda de la Direcci\u00f3n Provincial de Salud P\u00fablica de Guant\u00e1namo, es el encargado de dirigir en el territorio las acciones higi\u00e9nicas-epidemiol\u00f3gicas, encaminadas a la prevenci\u00f3n, control y erradicaci\u00f3n de las enfermedades y accidentes mediante la realizaci\u00f3n de acciones de salud que propicien &hellip; Seguir leyendo\" \/>\n<meta property=\"og:url\" content=\"https:\/\/instituciones.gtm.sld.cu\/cphem\/acerca-de\/\" \/>\n<meta property=\"og:site_name\" content=\"Centro Provincial de Higiene, Epidemiolog\u00eda y Microbiolog\u00eda\" \/>\n<meta property=\"article:modified_time\" content=\"2019-10-25T13:49:49+00:00\" \/>\n<meta name=\"twitter:card\" content=\"summary_large_image\" \/>\n<meta name=\"twitter:label1\" content=\"Tiempo de lectura\" \/>\n\t<meta name=\"twitter:data1\" content=\"3 minutos\" \/>\n<script type=\"application\/ld+json\" class=\"yoast-schema-graph\">{\"@context\":\"https:\/\/schema.org\",\"@graph\":[{\"@type\":\"WebPage\",\"@id\":\"https:\/\/instituciones.gtm.sld.cu\/cphem\/acerca-de\/\",\"url\":\"https:\/\/instituciones.gtm.sld.cu\/cphem\/acerca-de\/\",\"name\":\"Acerca de - Centro Provincial de Higiene, Epidemiolog\u00eda y Microbiolog\u00eda\",\"isPartOf\":{\"@id\":\"https:\/\/instituciones.gtm.sld.cu\/cphem\/#website\"},\"datePublished\":\"2019-10-25T13:48:25+00:00\",\"dateModified\":\"2019-10-25T13:49:49+00:00\",\"breadcrumb\":{\"@id\":\"https:\/\/instituciones.gtm.sld.cu\/cphem\/acerca-de\/#breadcrumb\"},\"inLanguage\":\"es\",\"potentialAction\":[{\"@type\":\"ReadAction\",\"target\":[\"https:\/\/instituciones.gtm.sld.cu\/cphem\/acerca-de\/\"]}]},{\"@type\":\"BreadcrumbList\",\"@id\":\"https:\/\/instituciones.gtm.sld.cu\/cphem\/acerca-de\/#breadcrumb\",\"itemListElement\":[{\"@type\":\"ListItem\",\"position\":1,\"name\":\"Portada\",\"item\":\"https:\/\/instituciones.gtm.sld.cu\/cphem\/\"},{\"@type\":\"ListItem\",\"position\":2,\"name\":\"Acerca de\"}]},{\"@type\":\"WebSite\",\"@id\":\"https:\/\/instituciones.gtm.sld.cu\/cphem\/#website\",\"url\":\"https:\/\/instituciones.gtm.sld.cu\/cphem\/\",\"name\":\"Centro Provincial de Higiene, Epidemiolog\u00eda y Microbiolog\u00eda\",\"description\":\"\",\"potentialAction\":[{\"@type\":\"SearchAction\",\"target\":{\"@type\":\"EntryPoint\",\"urlTemplate\":\"https:\/\/instituciones.gtm.sld.cu\/cphem\/?s={search_term_string}\"},\"query-input\":\"required name=search_term_string\"}],\"inLanguage\":\"es\"}]}<\/script>\n<!-- \/ Yoast SEO plugin. -->","yoast_head_json":{"title":"Acerca de - Centro Provincial de Higiene, Epidemiolog\u00eda y Microbiolog\u00eda","robots":{"index":"index","follow":"follow","max-snippet":"max-snippet:-1","max-image-preview":"max-image-preview:large","max-video-preview":"max-video-preview:-1"},"canonical":"https:\/\/instituciones.gtm.sld.cu\/cphem\/acerca-de\/","og_locale":"es_ES","og_type":"article","og_title":"Acerca de - Centro Provincial de Higiene, Epidemiolog\u00eda y Microbiolog\u00eda","og_description":"CENTRO PROVINCIAL DE HIGIENE Y EPIDEMIOLOGIA El Centro provincial de Higiene, Epidemiolog\u00eda y Microbiolog\u00eda de la Direcci\u00f3n Provincial de Salud P\u00fablica de Guant\u00e1namo, es el encargado de dirigir en el territorio las acciones higi\u00e9nicas-epidemiol\u00f3gicas, encaminadas a la prevenci\u00f3n, control y erradicaci\u00f3n de las enfermedades y accidentes mediante la realizaci\u00f3n de acciones de salud que propicien &hellip; Seguir leyendo","og_url":"https:\/\/instituciones.gtm.sld.cu\/cphem\/acerca-de\/","og_site_name":"Centro Provincial de Higiene, Epidemiolog\u00eda y Microbiolog\u00eda","article_modified_time":"2019-10-25T13:49:49+00:00","twitter_card":"summary_large_image","twitter_misc":{"Tiempo de lectura":"3 minutos"},"schema":{"@context":"https:\/\/schema.org","@graph":[{"@type":"WebPage","@id":"https:\/\/instituciones.gtm.sld.cu\/cphem\/acerca-de\/","url":"https:\/\/instituciones.gtm.sld.cu\/cphem\/acerca-de\/","name":"Acerca de - Centro Provincial de Higiene, Epidemiolog\u00eda y Microbiolog\u00eda","isPartOf":{"@id":"https:\/\/instituciones.gtm.sld.cu\/cphem\/#website"},"datePublished":"2019-10-25T13:48:25+00:00","dateModified":"2019-10-25T13:49:49+00:00","breadcrumb":{"@id":"https:\/\/instituciones.gtm.sld.cu\/cphem\/acerca-de\/#breadcrumb"},"inLanguage":"es","potentialAction":[{"@type":"ReadAction","target":["https:\/\/instituciones.gtm.sld.cu\/cphem\/acerca-de\/"]}]},{"@type":"BreadcrumbList","@id":"https:\/\/instituciones.gtm.sld.cu\/cphem\/acerca-de\/#breadcrumb","itemListElement":[{"@type":"ListItem","position":1,"name":"Portada","item":"https:\/\/instituciones.gtm.sld.cu\/cphem\/"},{"@type":"ListItem","position":2,"name":"Acerca de"}]},{"@type":"WebSite","@id":"https:\/\/instituciones.gtm.sld.cu\/cphem\/#website","url":"https:\/\/instituciones.gtm.sld.cu\/cphem\/","name":"Centro Provincial de Higiene, Epidemiolog\u00eda y Microbiolog\u00eda","description":"","potentialAction":[{"@type":"SearchAction","target":{"@type":"EntryPoint","urlTemplate":"https:\/\/instituciones.gtm.sld.cu\/cphem\/?s={search_term_string}"},"query-input":"required name=search_term_string"}],"inLanguage":"es"}]}},"_links":{"self":[{"href":"https:\/\/instituciones.gtm.sld.cu\/cphem\/wp-json\/wp\/v2\/pages\/599"}],"collection":[{"href":"https:\/\/instituciones.gtm.sld.cu\/cphem\/wp-json\/wp\/v2\/pages"}],"about":[{"href":"https:\/\/instituciones.gtm.sld.cu\/cphem\/wp-json\/wp\/v2\/types\/page"}],"author":[{"embeddable":true,"href":"https:\/\/instituciones.gtm.sld.cu\/cphem\/wp-json\/wp\/v2\/users\/20"}],"replies":[{"embeddable":true,"href":"https:\/\/instituciones.gtm.sld.cu\/cphem\/wp-json\/wp\/v2\/comments?post=599"}],"version-history":[{"count":2,"href":"https:\/\/instituciones.gtm.sld.cu\/cphem\/wp-json\/wp\/v2\/pages\/599\/revisions"}],"predecessor-version":[{"id":603,"href":"https:\/\/instituciones.gtm.sld.cu\/cphem\/wp-json\/wp\/v2\/pages\/599\/revisions\/603"}],"wp:attachment":[{"href":"https:\/\/instituciones.gtm.sld.cu\/cphem\/wp-json\/wp\/v2\/media?parent=599"}],"curies":[{"name":"wp","href":"https:\/\/api.w.org\/{rel}","templated":true}]}}