{"id":617,"date":"2019-10-25T12:14:55","date_gmt":"2019-10-25T16:14:55","guid":{"rendered":"http:\/\/instituciones2.gtm.sld.cu\/cphem\/?page_id=617"},"modified":"2019-10-26T09:19:59","modified_gmt":"2019-10-26T13:19:59","slug":"objetivo-del-sitio","status":"publish","type":"page","link":"https:\/\/instituciones.gtm.sld.cu\/cphem\/objetivo-del-sitio\/","title":{"rendered":"Objetivo del Sitio"},"content":{"rendered":"\n<p>\u00b7&nbsp; Proporcionar informaci\u00f3n actualizada a la\npoblaci\u00f3n sobre los servicios que presta la entidad.<\/p>\n\n\n\n<p>\u00b7&nbsp; Promover la actividad Cient\u00edfico-T\u00e9cnica y la\nsuperaci\u00f3n de los trabajadores en el sector de la salud.<\/p>\n\n\n\n<p>\u00b7&nbsp;\nCrear un espacio virtual para desarrollar y publicar informaci\u00f3n \u00fatil y\nvariada, en correspondencia con los programas de estudios vigentes para\n&nbsp;los residentes y especialistas m\u00e9dicos de esta rama.<\/p>\n","protected":false},"excerpt":{"rendered":"<p>\u00b7&nbsp; Proporcionar informaci\u00f3n actualizada a la poblaci\u00f3n sobre los servicios que presta la entidad. \u00b7&nbsp; Promover la actividad Cient\u00edfico-T\u00e9cnica y la superaci\u00f3n de los trabajadores en el sector de la salud. \u00b7&nbsp; Crear un espacio virtual para desarrollar y publicar informaci\u00f3n \u00fatil y variada, en correspondencia con los programas de estudios vigentes para &nbsp;los residentes &hellip; <\/p>\n<p><a class=\"more-link btn\" href=\"https:\/\/instituciones.gtm.sld.cu\/cphem\/objetivo-del-sitio\/\">Seguir leyendo<\/a><\/p>\n","protected":false},"author":20,"featured_media":0,"parent":0,"menu_order":0,"comment_status":"closed","ping_status":"closed","template":"","meta":{"ngg_post_thumbnail":0,"_mc_calendar":[]},"yoast_head":"<!-- This site is optimized with the Yoast SEO plugin v21.8 - https:\/\/yoast.com\/wordpress\/plugins\/seo\/ -->\n<title>Objetivo del Sitio - Centro Provincial de Higiene, Epidemiolog\u00eda y Microbiolog\u00eda<\/title>\n<meta name=\"robots\" content=\"index, follow, max-snippet:-1, max-image-preview:large, max-video-preview:-1\" \/>\n<link rel=\"canonical\" href=\"https:\/\/instituciones.gtm.sld.cu\/cphem\/objetivo-del-sitio\/\" \/>\n<meta property=\"og:locale\" content=\"es_ES\" \/>\n<meta property=\"og:type\" content=\"article\" \/>\n<meta property=\"og:title\" content=\"Objetivo del Sitio - Centro Provincial de Higiene, Epidemiolog\u00eda y Microbiolog\u00eda\" \/>\n<meta property=\"og:description\" content=\"\u00b7&nbsp; Proporcionar informaci\u00f3n actualizada a la poblaci\u00f3n sobre los servicios que presta la entidad. \u00b7&nbsp; Promover la actividad Cient\u00edfico-T\u00e9cnica y la superaci\u00f3n de los trabajadores en el sector de la salud. \u00b7&nbsp; Crear un espacio virtual para desarrollar y publicar informaci\u00f3n \u00fatil y variada, en correspondencia con los programas de estudios vigentes para &nbsp;los residentes &hellip; Seguir leyendo\" \/>\n<meta property=\"og:url\" content=\"https:\/\/instituciones.gtm.sld.cu\/cphem\/objetivo-del-sitio\/\" \/>\n<meta property=\"og:site_name\" content=\"Centro Provincial de Higiene, Epidemiolog\u00eda y Microbiolog\u00eda\" \/>\n<meta property=\"article:modified_time\" content=\"2019-10-26T13:19:59+00:00\" \/>\n<meta name=\"twitter:card\" content=\"summary_large_image\" \/>\n<script type=\"application\/ld+json\" class=\"yoast-schema-graph\">{\"@context\":\"https:\/\/schema.org\",\"@graph\":[{\"@type\":\"WebPage\",\"@id\":\"https:\/\/instituciones.gtm.sld.cu\/cphem\/objetivo-del-sitio\/\",\"url\":\"https:\/\/instituciones.gtm.sld.cu\/cphem\/objetivo-del-sitio\/\",\"name\":\"Objetivo del Sitio - Centro Provincial de Higiene, Epidemiolog\u00eda y Microbiolog\u00eda\",\"isPartOf\":{\"@id\":\"https:\/\/instituciones.gtm.sld.cu\/cphem\/#website\"},\"datePublished\":\"2019-10-25T16:14:55+00:00\",\"dateModified\":\"2019-10-26T13:19:59+00:00\",\"breadcrumb\":{\"@id\":\"https:\/\/instituciones.gtm.sld.cu\/cphem\/objetivo-del-sitio\/#breadcrumb\"},\"inLanguage\":\"es\",\"potentialAction\":[{\"@type\":\"ReadAction\",\"target\":[\"https:\/\/instituciones.gtm.sld.cu\/cphem\/objetivo-del-sitio\/\"]}]},{\"@type\":\"BreadcrumbList\",\"@id\":\"https:\/\/instituciones.gtm.sld.cu\/cphem\/objetivo-del-sitio\/#breadcrumb\",\"itemListElement\":[{\"@type\":\"ListItem\",\"position\":1,\"name\":\"Portada\",\"item\":\"https:\/\/instituciones.gtm.sld.cu\/cphem\/\"},{\"@type\":\"ListItem\",\"position\":2,\"name\":\"Objetivo del Sitio\"}]},{\"@type\":\"WebSite\",\"@id\":\"https:\/\/instituciones.gtm.sld.cu\/cphem\/#website\",\"url\":\"https:\/\/instituciones.gtm.sld.cu\/cphem\/\",\"name\":\"Centro Provincial de Higiene, Epidemiolog\u00eda y Microbiolog\u00eda\",\"description\":\"\",\"potentialAction\":[{\"@type\":\"SearchAction\",\"target\":{\"@type\":\"EntryPoint\",\"urlTemplate\":\"https:\/\/instituciones.gtm.sld.cu\/cphem\/?s={search_term_string}\"},\"query-input\":\"required name=search_term_string\"}],\"inLanguage\":\"es\"}]}<\/script>\n<!-- \/ Yoast SEO plugin. -->","yoast_head_json":{"title":"Objetivo del Sitio - Centro Provincial de Higiene, Epidemiolog\u00eda y Microbiolog\u00eda","robots":{"index":"index","follow":"follow","max-snippet":"max-snippet:-1","max-image-preview":"max-image-preview:large","max-video-preview":"max-video-preview:-1"},"canonical":"https:\/\/instituciones.gtm.sld.cu\/cphem\/objetivo-del-sitio\/","og_locale":"es_ES","og_type":"article","og_title":"Objetivo del Sitio - Centro Provincial de Higiene, Epidemiolog\u00eda y Microbiolog\u00eda","og_description":"\u00b7&nbsp; Proporcionar informaci\u00f3n actualizada a la poblaci\u00f3n sobre los servicios que presta la entidad. \u00b7&nbsp; Promover la actividad Cient\u00edfico-T\u00e9cnica y la superaci\u00f3n de los trabajadores en el sector de la salud. \u00b7&nbsp; Crear un espacio virtual para desarrollar y publicar informaci\u00f3n \u00fatil y variada, en correspondencia con los programas de estudios vigentes para &nbsp;los residentes &hellip; Seguir leyendo","og_url":"https:\/\/instituciones.gtm.sld.cu\/cphem\/objetivo-del-sitio\/","og_site_name":"Centro Provincial de Higiene, Epidemiolog\u00eda y Microbiolog\u00eda","article_modified_time":"2019-10-26T13:19:59+00:00","twitter_card":"summary_large_image","schema":{"@context":"https:\/\/schema.org","@graph":[{"@type":"WebPage","@id":"https:\/\/instituciones.gtm.sld.cu\/cphem\/objetivo-del-sitio\/","url":"https:\/\/instituciones.gtm.sld.cu\/cphem\/objetivo-del-sitio\/","name":"Objetivo del Sitio - Centro Provincial de Higiene, Epidemiolog\u00eda y Microbiolog\u00eda","isPartOf":{"@id":"https:\/\/instituciones.gtm.sld.cu\/cphem\/#website"},"datePublished":"2019-10-25T16:14:55+00:00","dateModified":"2019-10-26T13:19:59+00:00","breadcrumb":{"@id":"https:\/\/instituciones.gtm.sld.cu\/cphem\/objetivo-del-sitio\/#breadcrumb"},"inLanguage":"es","potentialAction":[{"@type":"ReadAction","target":["https:\/\/instituciones.gtm.sld.cu\/cphem\/objetivo-del-sitio\/"]}]},{"@type":"BreadcrumbList","@id":"https:\/\/instituciones.gtm.sld.cu\/cphem\/objetivo-del-sitio\/#breadcrumb","itemListElement":[{"@type":"ListItem","position":1,"name":"Portada","item":"https:\/\/instituciones.gtm.sld.cu\/cphem\/"},{"@type":"ListItem","position":2,"name":"Objetivo del Sitio"}]},{"@type":"WebSite","@id":"https:\/\/instituciones.gtm.sld.cu\/cphem\/#website","url":"https:\/\/instituciones.gtm.sld.cu\/cphem\/","name":"Centro Provincial de Higiene, Epidemiolog\u00eda y Microbiolog\u00eda","description":"","potentialAction":[{"@type":"SearchAction","target":{"@type":"EntryPoint","urlTemplate":"https:\/\/instituciones.gtm.sld.cu\/cphem\/?s={search_term_string}"},"query-input":"required name=search_term_string"}],"inLanguage":"es"}]}},"_links":{"self":[{"href":"https:\/\/instituciones.gtm.sld.cu\/cphem\/wp-json\/wp\/v2\/pages\/617"}],"collection":[{"href":"https:\/\/instituciones.gtm.sld.cu\/cphem\/wp-json\/wp\/v2\/pages"}],"about":[{"href":"https:\/\/instituciones.gtm.sld.cu\/cphem\/wp-json\/wp\/v2\/types\/page"}],"author":[{"embeddable":true,"href":"https:\/\/instituciones.gtm.sld.cu\/cphem\/wp-json\/wp\/v2\/users\/20"}],"replies":[{"embeddable":true,"href":"https:\/\/instituciones.gtm.sld.cu\/cphem\/wp-json\/wp\/v2\/comments?post=617"}],"version-history":[{"count":2,"href":"https:\/\/instituciones.gtm.sld.cu\/cphem\/wp-json\/wp\/v2\/pages\/617\/revisions"}],"predecessor-version":[{"id":628,"href":"https:\/\/instituciones.gtm.sld.cu\/cphem\/wp-json\/wp\/v2\/pages\/617\/revisions\/628"}],"wp:attachment":[{"href":"https:\/\/instituciones.gtm.sld.cu\/cphem\/wp-json\/wp\/v2\/media?parent=617"}],"curies":[{"name":"wp","href":"https:\/\/api.w.org\/{rel}","templated":true}]}}