{"id":622,"date":"2019-10-25T12:57:09","date_gmt":"2019-10-25T16:57:09","guid":{"rendered":"http:\/\/instituciones2.gtm.sld.cu\/cphem\/?page_id=622"},"modified":"2024-04-19T08:55:54","modified_gmt":"2024-04-19T12:55:54","slug":"contactos","status":"publish","type":"page","link":"https:\/\/instituciones.gtm.sld.cu\/cphem\/contactos\/","title":{"rendered":"Contactos"},"content":{"rendered":"\r\n<figure class=\"wp-block-table\">\r\n<table>\r\n<tbody>\r\n<tr>\r\n<td>Ariadna M. Benech Jimenez<\/td>\r\n<td>Directora<\/td>\r\n<td>MGI<\/td>\r\n<td><a href=\"mailto:directorhegu@infomed.sld.cu\">directorhegu@infomed.sld.cu<\/a> <a href=\"mailto:eduardosl@infomed.sld.cu\">abenech@infomed.sld.cu<\/a><\/td>\r\n<td>Corp.52174931<\/td>\r\n<\/tr>\r\n<tr>\r\n<td>&nbsp;<\/td>\r\n<td>&nbsp;<\/td>\r\n<td>&nbsp;<\/td>\r\n<td>&nbsp;<\/td>\r\n<td>&nbsp;<\/td>\r\n<\/tr>\r\n<tr>\r\n<td>Alexis Quevedo Cardosa<\/td>\r\n<td>J\u00b4 Grupo Ag Seg y Prot<\/td>\r\n<td>T\/M<\/td>\r\n<td>&nbsp;<\/td>\r\n<td>50975162<\/td>\r\n<\/tr>\r\n<tr>\r\n<td>Sandra Luisa&nbsp; Powell Smith<\/td>\r\n<td>J Dpto<br>ISE<\/td>\r\n<td>M\u00e9dico Esp.II Gdo <br>en Higiene&nbsp;<\/td>\r\n<td><a href=\"mailto:pssandra@infomed.sld.cu\">pssandra@infomed.sld.cu<\/a><\/td>\r\n<td>21326185-120&nbsp; <br>50979197<\/td>\r\n<\/tr>\r\n<tr>\r\n<td>&nbsp;<\/td>\r\n<td>&nbsp;<\/td>\r\n<td>&nbsp;<\/td>\r\n<td>&nbsp;<\/td>\r\n<td>&nbsp;<\/td>\r\n<\/tr>\r\n<tr>\r\n<td>&nbsp;Rafael Gonz\u00e1lez Ram\u00edrez<\/td>\r\n<td>SubDirecci\u00f3n<\/td>\r\n<td>M\u00e9dico Esp.&nbsp; II Gdo Higiene y Epid.<\/td>\r\n<td><a href=\"mailto:rafaelgr@infomed.sld.cu\">rafaelgr@infomed.sld.cu<\/a><\/td>\r\n<td>52691791&nbsp;&nbsp;<\/td>\r\n<\/tr>\r\n<tr>\r\n<td>Lisett Pere\u00f1a Haber&nbsp;<\/td>\r\n<td>J Dpto<\/td>\r\n<td>M\u00e9dico Esp 1er Gdo MGI<\/td>\r\n<td><a href=\"mailto:lahaber@infomed.sld.cu\">lahaber@infomed.sld.cu<\/a><\/td>\r\n<td>&nbsp;<\/td>\r\n<\/tr>\r\n<tr>\r\n<td>Aime Blanco <br>Chivas<\/td>\r\n<td>J Dpto<\/td>\r\n<td>M\u00e9d Esp.&nbsp; 1er Gdo Hig y Epid.<\/td>\r\n<td><a href=\"mailto:blancoaimee@infomed.sld.cu\">blancoaimee@infomed.sld.cu<\/a><\/td>\r\n<td>52135718<\/td>\r\n<\/tr>\r\n<tr>\r\n<td>Mar\u00eda&nbsp; Esmera Pascual Armi\u00f1on&nbsp;<\/td>\r\n<td>Jefe de Secci\u00f3n<\/td>\r\n<td>M\u00e9dico Esp. &nbsp;Higiene y Epid.<\/td>\r\n<td><a href=\"mailto:mepascual@infomed.sld.cu\">mepascual@infomed.sld.cu<\/a><\/td>\r\n<td>59986167<\/td>\r\n<\/tr>\r\n<tr>\r\n<td>Deglys&nbsp; Luciano Aguilar<\/td>\r\n<td>J\u00b4 d Secci\u00f3n<\/td>\r\n<td>M\u00e9d Esp. 1er Gdo&nbsp; Hig y Epid.<\/td>\r\n<td><a href=\"mailto:ladeglis@infomed.sld.cu\">ladeglis@infomed.sld.cu<\/a><\/td>\r\n<td>&nbsp;<\/td>\r\n<\/tr>\r\n<tr>\r\n<td>Carlos&nbsp; Manuel S\u00e0nchez Falc\u00f2n<\/td>\r\n<td>Sub Direcci\u00f3n Salud Ambiental<\/td>\r\n<td>Master en Epidemiolog\u00eda<\/td>\r\n<td><a href=\"mailto:cmsanchez@infomed.sld.cu\">cmsanchez@infomed.sld.cu<\/a><\/td>\r\n<td>&nbsp;&nbsp;52691727<\/td>\r\n<\/tr>\r\n<tr>\r\n<td>&nbsp;<\/td>\r\n<td>&nbsp;<\/td>\r\n<td>&nbsp;<\/td>\r\n<td>&nbsp;<\/td>\r\n<td>&nbsp;<\/td>\r\n<\/tr>\r\n<tr>\r\n<td>Marisol&nbsp; Ag\u00faero <br>Tamayo<\/td>\r\n<td>J Dpto<\/td>\r\n<td>Tecnlog&nbsp; Lic. en Higiene y Epidemiolog\u00eda<\/td>\r\n<td>&nbsp;<\/td>\r\n<td>&nbsp;<\/td>\r\n<\/tr>\r\n<tr>\r\n<td>Ariadna Marta<br>Benech&nbsp; Jimenez<\/td>\r\n<td>Sub Direcci\u00f3n<\/td>\r\n<td>M\u00e9dico Esp 1er grado MGI<\/td>\r\n<td><a href=\"mailto:abenech@infomed.sld.cu\">abenech@infomed.sld.cu<\/a><\/td>\r\n<td>5352174931<\/td>\r\n<\/tr>\r\n<tr>\r\n<td>&nbsp;<\/td>\r\n<td>&nbsp;<\/td>\r\n<td>&nbsp;<\/td>\r\n<td>&nbsp;<\/td>\r\n<td>&nbsp;<\/td>\r\n<\/tr>\r\n<tr>\r\n<td>Juan Alcides <br>Correoso Ladoy<\/td>\r\n<td>J Dpto<\/td>\r\n<td>Tecnlog&nbsp; Lic. en Higiene y Epidemiolog\u00eda<\/td>\r\n<td><a href=\"mailto:jalcides@infomed.sld.cu\">jalcides@infomed.sld.cu<\/a><\/td>\r\n<td>52157752<\/td>\r\n<\/tr>\r\n<tr>\r\n<td>Diosmerlis&nbsp; Matos&nbsp; Estevez<\/td>\r\n<td>J Dpto<\/td>\r\n<td>Lic. Psicolog\u00eda General<\/td>\r\n<td><a href=\"mailto:mediosmerlis@infomed.sld.cu\">mediosmerlis@infomed.sld.cu<\/a><\/td>\r\n<td>21386531<\/td>\r\n<\/tr>\r\n<tr>\r\n<td>Lourdes Margarita Exp\u00f3sito Boue<\/td>\r\n<td>J Dpto<\/td>\r\n<td>Lic. Biolog\u00eda<\/td>\r\n<td><a href=\"mailto:lourdesexp@infomed.sld.cu\">lourdesexp@infomed.sld.cu<\/a><\/td>\r\n<td>21326185-105<\/td>\r\n<\/tr>\r\n<tr>\r\n<td>&nbsp;<\/td>\r\n<td>&nbsp;<\/td>\r\n<td>&nbsp;<\/td>\r\n<td>&nbsp;<\/td>\r\n<td>&nbsp;<\/td>\r\n<\/tr>\r\n<tr>\r\n<td>&nbsp;<\/td>\r\n<td>&nbsp;<\/td>\r\n<td>&nbsp;<\/td>\r\n<td>&nbsp;<\/td>\r\n<td>&nbsp;<\/td>\r\n<\/tr>\r\n<tr>\r\n<td>&nbsp;Mar\u00eda&nbsp; Del Pilar Odio Peguero<\/td>\r\n<td>J Dpto<\/td>\r\n<td>Tecnlog&nbsp; Lic. Administraci\u00f3n y Econom\u00eda<\/td>\r\n<td><a href=\"mailto:mdelpilaro@infomed.sld.cu\">mdelpilaro@infomed.sld.cu<\/a><\/td>\r\n<td>&nbsp;52136156<\/td>\r\n<\/tr>\r\n<tr>\r\n<td>Alfredo Torres<br>Pineda<\/td>\r\n<td>J Dpto<\/td>\r\n<td>Lic. Educaci\u00f3n<\/td>\r\n<td><a href=\"mailto:atorresp@infomed.sld.cu\">atorresp@infomed.sld.cu<\/a><\/td>\r\n<td>52178345<\/td>\r\n<\/tr>\r\n<\/tbody>\r\n<\/table>\r\n<\/figure>\r\n","protected":false},"excerpt":{"rendered":"<p>Ariadna M. Benech Jimenez Directora MGI directorhegu@infomed.sld.cu abenech@infomed.sld.cu Corp.52174931 &nbsp; &nbsp; &nbsp; &nbsp; &nbsp; Alexis Quevedo Cardosa J\u00b4 Grupo Ag Seg y Prot T\/M &nbsp; 50975162 Sandra Luisa&nbsp; Powell Smith J DptoISE M\u00e9dico Esp.II Gdo en Higiene&nbsp; pssandra@infomed.sld.cu 21326185-120&nbsp; 50979197 &nbsp; &nbsp; &nbsp; &nbsp; &nbsp; &nbsp;Rafael Gonz\u00e1lez Ram\u00edrez SubDirecci\u00f3n M\u00e9dico Esp.&nbsp; II Gdo Higiene y &hellip; <\/p>\n<p><a class=\"more-link btn\" href=\"https:\/\/instituciones.gtm.sld.cu\/cphem\/contactos\/\">Seguir leyendo<\/a><\/p>\n","protected":false},"author":90,"featured_media":0,"parent":0,"menu_order":0,"comment_status":"closed","ping_status":"closed","template":"","meta":{"ngg_post_thumbnail":0,"_mc_calendar":[]},"yoast_head":"<!-- This site is optimized with the Yoast SEO plugin v21.8 - https:\/\/yoast.com\/wordpress\/plugins\/seo\/ -->\n<title>Contactos - Centro Provincial de Higiene, Epidemiolog\u00eda y Microbiolog\u00eda<\/title>\n<meta name=\"robots\" content=\"index, follow, max-snippet:-1, max-image-preview:large, max-video-preview:-1\" \/>\n<link rel=\"canonical\" href=\"https:\/\/instituciones.gtm.sld.cu\/cphem\/contactos\/\" \/>\n<meta property=\"og:locale\" content=\"es_ES\" \/>\n<meta property=\"og:type\" content=\"article\" \/>\n<meta property=\"og:title\" content=\"Contactos - Centro Provincial de Higiene, Epidemiolog\u00eda y Microbiolog\u00eda\" \/>\n<meta property=\"og:description\" content=\"Ariadna M. Benech Jimenez Directora MGI directorhegu@infomed.sld.cu abenech@infomed.sld.cu Corp.52174931 &nbsp; &nbsp; &nbsp; &nbsp; &nbsp; Alexis Quevedo Cardosa J\u00b4 Grupo Ag Seg y Prot T\/M &nbsp; 50975162 Sandra Luisa&nbsp; Powell Smith J DptoISE M\u00e9dico Esp.II Gdo en Higiene&nbsp; pssandra@infomed.sld.cu 21326185-120&nbsp; 50979197 &nbsp; &nbsp; &nbsp; &nbsp; &nbsp; &nbsp;Rafael Gonz\u00e1lez Ram\u00edrez SubDirecci\u00f3n M\u00e9dico Esp.&nbsp; II Gdo Higiene y &hellip; Seguir leyendo\" \/>\n<meta property=\"og:url\" content=\"https:\/\/instituciones.gtm.sld.cu\/cphem\/contactos\/\" \/>\n<meta property=\"og:site_name\" content=\"Centro Provincial de Higiene, Epidemiolog\u00eda y Microbiolog\u00eda\" \/>\n<meta property=\"article:modified_time\" content=\"2024-04-19T12:55:54+00:00\" \/>\n<meta name=\"twitter:card\" content=\"summary_large_image\" \/>\n<meta name=\"twitter:label1\" content=\"Tiempo de lectura\" \/>\n\t<meta name=\"twitter:data1\" content=\"2 minutos\" \/>\n<script type=\"application\/ld+json\" class=\"yoast-schema-graph\">{\"@context\":\"https:\/\/schema.org\",\"@graph\":[{\"@type\":\"WebPage\",\"@id\":\"https:\/\/instituciones.gtm.sld.cu\/cphem\/contactos\/\",\"url\":\"https:\/\/instituciones.gtm.sld.cu\/cphem\/contactos\/\",\"name\":\"Contactos - Centro Provincial de Higiene, Epidemiolog\u00eda y Microbiolog\u00eda\",\"isPartOf\":{\"@id\":\"https:\/\/instituciones.gtm.sld.cu\/cphem\/#website\"},\"datePublished\":\"2019-10-25T16:57:09+00:00\",\"dateModified\":\"2024-04-19T12:55:54+00:00\",\"breadcrumb\":{\"@id\":\"https:\/\/instituciones.gtm.sld.cu\/cphem\/contactos\/#breadcrumb\"},\"inLanguage\":\"es\",\"potentialAction\":[{\"@type\":\"ReadAction\",\"target\":[\"https:\/\/instituciones.gtm.sld.cu\/cphem\/contactos\/\"]}]},{\"@type\":\"BreadcrumbList\",\"@id\":\"https:\/\/instituciones.gtm.sld.cu\/cphem\/contactos\/#breadcrumb\",\"itemListElement\":[{\"@type\":\"ListItem\",\"position\":1,\"name\":\"Portada\",\"item\":\"https:\/\/instituciones.gtm.sld.cu\/cphem\/\"},{\"@type\":\"ListItem\",\"position\":2,\"name\":\"Contactos\"}]},{\"@type\":\"WebSite\",\"@id\":\"https:\/\/instituciones.gtm.sld.cu\/cphem\/#website\",\"url\":\"https:\/\/instituciones.gtm.sld.cu\/cphem\/\",\"name\":\"Centro Provincial de Higiene, Epidemiolog\u00eda y Microbiolog\u00eda\",\"description\":\"\",\"potentialAction\":[{\"@type\":\"SearchAction\",\"target\":{\"@type\":\"EntryPoint\",\"urlTemplate\":\"https:\/\/instituciones.gtm.sld.cu\/cphem\/?s={search_term_string}\"},\"query-input\":\"required name=search_term_string\"}],\"inLanguage\":\"es\"}]}<\/script>\n<!-- \/ Yoast SEO plugin. -->","yoast_head_json":{"title":"Contactos - Centro Provincial de Higiene, Epidemiolog\u00eda y Microbiolog\u00eda","robots":{"index":"index","follow":"follow","max-snippet":"max-snippet:-1","max-image-preview":"max-image-preview:large","max-video-preview":"max-video-preview:-1"},"canonical":"https:\/\/instituciones.gtm.sld.cu\/cphem\/contactos\/","og_locale":"es_ES","og_type":"article","og_title":"Contactos - Centro Provincial de Higiene, Epidemiolog\u00eda y Microbiolog\u00eda","og_description":"Ariadna M. Benech Jimenez Directora MGI directorhegu@infomed.sld.cu abenech@infomed.sld.cu Corp.52174931 &nbsp; &nbsp; &nbsp; &nbsp; &nbsp; Alexis Quevedo Cardosa J\u00b4 Grupo Ag Seg y Prot T\/M &nbsp; 50975162 Sandra Luisa&nbsp; Powell Smith J DptoISE M\u00e9dico Esp.II Gdo en Higiene&nbsp; pssandra@infomed.sld.cu 21326185-120&nbsp; 50979197 &nbsp; &nbsp; &nbsp; &nbsp; &nbsp; &nbsp;Rafael Gonz\u00e1lez Ram\u00edrez SubDirecci\u00f3n M\u00e9dico Esp.&nbsp; II Gdo Higiene y &hellip; Seguir leyendo","og_url":"https:\/\/instituciones.gtm.sld.cu\/cphem\/contactos\/","og_site_name":"Centro Provincial de Higiene, Epidemiolog\u00eda y Microbiolog\u00eda","article_modified_time":"2024-04-19T12:55:54+00:00","twitter_card":"summary_large_image","twitter_misc":{"Tiempo de lectura":"2 minutos"},"schema":{"@context":"https:\/\/schema.org","@graph":[{"@type":"WebPage","@id":"https:\/\/instituciones.gtm.sld.cu\/cphem\/contactos\/","url":"https:\/\/instituciones.gtm.sld.cu\/cphem\/contactos\/","name":"Contactos - Centro Provincial de Higiene, Epidemiolog\u00eda y Microbiolog\u00eda","isPartOf":{"@id":"https:\/\/instituciones.gtm.sld.cu\/cphem\/#website"},"datePublished":"2019-10-25T16:57:09+00:00","dateModified":"2024-04-19T12:55:54+00:00","breadcrumb":{"@id":"https:\/\/instituciones.gtm.sld.cu\/cphem\/contactos\/#breadcrumb"},"inLanguage":"es","potentialAction":[{"@type":"ReadAction","target":["https:\/\/instituciones.gtm.sld.cu\/cphem\/contactos\/"]}]},{"@type":"BreadcrumbList","@id":"https:\/\/instituciones.gtm.sld.cu\/cphem\/contactos\/#breadcrumb","itemListElement":[{"@type":"ListItem","position":1,"name":"Portada","item":"https:\/\/instituciones.gtm.sld.cu\/cphem\/"},{"@type":"ListItem","position":2,"name":"Contactos"}]},{"@type":"WebSite","@id":"https:\/\/instituciones.gtm.sld.cu\/cphem\/#website","url":"https:\/\/instituciones.gtm.sld.cu\/cphem\/","name":"Centro Provincial de Higiene, Epidemiolog\u00eda y Microbiolog\u00eda","description":"","potentialAction":[{"@type":"SearchAction","target":{"@type":"EntryPoint","urlTemplate":"https:\/\/instituciones.gtm.sld.cu\/cphem\/?s={search_term_string}"},"query-input":"required name=search_term_string"}],"inLanguage":"es"}]}},"_links":{"self":[{"href":"https:\/\/instituciones.gtm.sld.cu\/cphem\/wp-json\/wp\/v2\/pages\/622"}],"collection":[{"href":"https:\/\/instituciones.gtm.sld.cu\/cphem\/wp-json\/wp\/v2\/pages"}],"about":[{"href":"https:\/\/instituciones.gtm.sld.cu\/cphem\/wp-json\/wp\/v2\/types\/page"}],"author":[{"embeddable":true,"href":"https:\/\/instituciones.gtm.sld.cu\/cphem\/wp-json\/wp\/v2\/users\/90"}],"replies":[{"embeddable":true,"href":"https:\/\/instituciones.gtm.sld.cu\/cphem\/wp-json\/wp\/v2\/comments?post=622"}],"version-history":[{"count":9,"href":"https:\/\/instituciones.gtm.sld.cu\/cphem\/wp-json\/wp\/v2\/pages\/622\/revisions"}],"predecessor-version":[{"id":1040,"href":"https:\/\/instituciones.gtm.sld.cu\/cphem\/wp-json\/wp\/v2\/pages\/622\/revisions\/1040"}],"wp:attachment":[{"href":"https:\/\/instituciones.gtm.sld.cu\/cphem\/wp-json\/wp\/v2\/media?parent=622"}],"curies":[{"name":"wp","href":"https:\/\/api.w.org\/{rel}","templated":true}]}}