{"id":861,"date":"2019-11-12T08:47:28","date_gmt":"2019-11-12T13:47:28","guid":{"rendered":"http:\/\/instituciones2.gtm.sld.cu\/cphem\/?page_id=861"},"modified":"2019-11-12T08:47:29","modified_gmt":"2019-11-12T13:47:29","slug":"iii-congreso-de-medicina-familiar","status":"publish","type":"page","link":"https:\/\/instituciones.gtm.sld.cu\/cphem\/iii-congreso-de-medicina-familiar\/","title":{"rendered":"III Congreso de Medicina Familiar"},"content":{"rendered":"\n<p><strong>III CONGRESO DE MEDICINA FAMILIAR<br> 9 al 13 de diciembre de 2019<br> Palacio de Convenciones de La Habana, Cuba<\/strong><\/p>\n\n\n\n<p><strong>A 40 a\u00f1os de Alma Ata<br><\/strong><\/p>\n\n\n\n<p>La\n Sociedad Cubana de Medicina Familiar SOCUMEFA en el marco del 35  \nAniversario del Programa del M\u00e9dico y de la Enfermera de la Familia  \ncreado por nuestro insigne Comandante Fidel Castro Ruz el 4 de enero del\n  a\u00f1o 1984, y los seguidores de esta idea los doctores Dr. Cosme Ordo\u00f1ez\n  Canceller y Jos\u00e9 Rodr\u00edguez Abrines ,se complace en anunciar la  \ncelebraci\u00f3n del <strong>III Congreso&nbsp;<\/strong><strong> de Medicina Familiar,<\/strong> con el lema: <strong>35 a\u00f1os de logros, retos&nbsp; y desaf\u00edos de la Medicina Familiar en Cuba<\/strong> que se efectuar\u00e1 del 9 al 13 de&nbsp;diciembre de 2019, en el Palacio de Convenciones de La Habana, Cuba.<\/p>\n\n\n\n<p>El\n Congreso contar\u00e1 con el auspicio del Ministerio de Salud P\u00fablica  de \nCuba y otras prestigiosas instituciones y organizaciones nacionales e  \ninternacionales. Ser\u00e1 una excelente ocasi\u00f3n en la que los  \nparticipantes&nbsp;efectuar\u00e1n un&nbsp; intercambio amplio de experiencias,  \nreflexiones y conocimientos sobre la salud vinculados a la atenci\u00f3n \nm\u00e9dica  comunitaria, logrando un espacio de an\u00e1lisis de gran valor ,  \ncapaz de convertirse en un foro propicio para la reflexi\u00f3n profunda,  \ncomprometida y orientada a la discusi\u00f3n de temas variados, que adem\u00e1s  \nincluir\u00e1 programas, estrategias y visualizaci\u00f3n de los resultados y  \nlogros alcanzados en Cuba y en otras partes del mundo, en la experiencia\n  de la aplicaci\u00f3n del programa as\u00ed como las bases de su actual  \nperfeccionamiento.<\/p>\n\n\n\n<p>Ser\u00e1 un placer contar con su&nbsp; participaci\u00f3n, \nlo que sin  dudas enriquecer\u00e1 los debates y propiciar\u00e1 un fruct\u00edfero \nencuentro que  contribuir\u00e1 a estrechar m\u00e1s las relaciones de amistad y  \ncolaboraci\u00f3n.<\/p>\n\n\n\n<p>La Habana, con su hospitalidad y diversidad \ncultural, cuenta  con su presencia; convencidos de que disfrutar\u00e1n del \natrayente  programa social y las incomparables ofertas tur\u00edsticas que se\n pondr\u00e1 a  su disposici\u00f3n. Sean bienvenidos.<\/p>\n\n\n\n<p>Les esperamos,<\/p>\n\n\n\n<p>Dra. Lilia T. Gonz\u00e1lez C\u00e1rdenas<\/p>\n\n\n\n<p>Presidenta del Comit\u00e9 Organizador<\/p>\n\n\n\n<p>Fuente: <a href=\"http:\/\/www.cencomed.sld.cu\/\">CENCOMED<\/a><\/p>\n","protected":false},"excerpt":{"rendered":"<p>III CONGRESO DE MEDICINA FAMILIAR 9 al 13 de diciembre de 2019 Palacio de Convenciones de La Habana, Cuba A 40 a\u00f1os de Alma Ata La Sociedad Cubana de Medicina Familiar SOCUMEFA en el marco del 35 Aniversario del Programa del M\u00e9dico y de la Enfermera de la Familia creado por nuestro insigne Comandante Fidel &hellip; <\/p>\n<p><a class=\"more-link btn\" href=\"https:\/\/instituciones.gtm.sld.cu\/cphem\/iii-congreso-de-medicina-familiar\/\">Seguir leyendo<\/a><\/p>\n","protected":false},"author":20,"featured_media":862,"parent":0,"menu_order":0,"comment_status":"closed","ping_status":"closed","template":"","meta":{"ngg_post_thumbnail":0,"_mc_calendar":[]},"yoast_head":"<!-- This site is optimized with the Yoast SEO plugin v21.8 - https:\/\/yoast.com\/wordpress\/plugins\/seo\/ -->\n<title>III Congreso de Medicina Familiar - Centro Provincial de Higiene, Epidemiolog\u00eda y Microbiolog\u00eda<\/title>\n<meta name=\"robots\" content=\"index, follow, max-snippet:-1, max-image-preview:large, max-video-preview:-1\" \/>\n<link rel=\"canonical\" href=\"https:\/\/instituciones.gtm.sld.cu\/cphem\/iii-congreso-de-medicina-familiar\/\" \/>\n<meta property=\"og:locale\" content=\"es_ES\" \/>\n<meta property=\"og:type\" content=\"article\" \/>\n<meta property=\"og:title\" content=\"III Congreso de Medicina Familiar - Centro Provincial de Higiene, Epidemiolog\u00eda y Microbiolog\u00eda\" \/>\n<meta property=\"og:description\" content=\"III CONGRESO DE MEDICINA FAMILIAR 9 al 13 de diciembre de 2019 Palacio de Convenciones de La Habana, Cuba A 40 a\u00f1os de Alma Ata La Sociedad Cubana de Medicina Familiar SOCUMEFA en el marco del 35 Aniversario del Programa del M\u00e9dico y de la Enfermera de la Familia creado por nuestro insigne Comandante Fidel &hellip; Seguir leyendo\" \/>\n<meta property=\"og:url\" content=\"https:\/\/instituciones.gtm.sld.cu\/cphem\/iii-congreso-de-medicina-familiar\/\" \/>\n<meta property=\"og:site_name\" content=\"Centro Provincial de Higiene, Epidemiolog\u00eda y Microbiolog\u00eda\" \/>\n<meta property=\"article:modified_time\" content=\"2019-11-12T13:47:29+00:00\" \/>\n<meta property=\"og:image\" content=\"https:\/\/instituciones.gtm.sld.cu\/cphem\/wp-content\/uploads\/sites\/36\/2019\/11\/04_abril_medicinafamiliar2019_portal.jpg\" \/>\n\t<meta property=\"og:image:width\" content=\"406\" \/>\n\t<meta property=\"og:image:height\" content=\"151\" \/>\n\t<meta property=\"og:image:type\" content=\"image\/jpeg\" \/>\n<meta name=\"twitter:card\" content=\"summary_large_image\" \/>\n<meta name=\"twitter:label1\" content=\"Tiempo de lectura\" \/>\n\t<meta name=\"twitter:data1\" content=\"2 minutos\" \/>\n<script type=\"application\/ld+json\" class=\"yoast-schema-graph\">{\"@context\":\"https:\/\/schema.org\",\"@graph\":[{\"@type\":\"WebPage\",\"@id\":\"https:\/\/instituciones.gtm.sld.cu\/cphem\/iii-congreso-de-medicina-familiar\/\",\"url\":\"https:\/\/instituciones.gtm.sld.cu\/cphem\/iii-congreso-de-medicina-familiar\/\",\"name\":\"III Congreso de Medicina Familiar - Centro Provincial de Higiene, Epidemiolog\u00eda y Microbiolog\u00eda\",\"isPartOf\":{\"@id\":\"https:\/\/instituciones.gtm.sld.cu\/cphem\/#website\"},\"datePublished\":\"2019-11-12T13:47:28+00:00\",\"dateModified\":\"2019-11-12T13:47:29+00:00\",\"breadcrumb\":{\"@id\":\"https:\/\/instituciones.gtm.sld.cu\/cphem\/iii-congreso-de-medicina-familiar\/#breadcrumb\"},\"inLanguage\":\"es\",\"potentialAction\":[{\"@type\":\"ReadAction\",\"target\":[\"https:\/\/instituciones.gtm.sld.cu\/cphem\/iii-congreso-de-medicina-familiar\/\"]}]},{\"@type\":\"BreadcrumbList\",\"@id\":\"https:\/\/instituciones.gtm.sld.cu\/cphem\/iii-congreso-de-medicina-familiar\/#breadcrumb\",\"itemListElement\":[{\"@type\":\"ListItem\",\"position\":1,\"name\":\"Portada\",\"item\":\"https:\/\/instituciones.gtm.sld.cu\/cphem\/\"},{\"@type\":\"ListItem\",\"position\":2,\"name\":\"III Congreso de Medicina Familiar\"}]},{\"@type\":\"WebSite\",\"@id\":\"https:\/\/instituciones.gtm.sld.cu\/cphem\/#website\",\"url\":\"https:\/\/instituciones.gtm.sld.cu\/cphem\/\",\"name\":\"Centro Provincial de Higiene, Epidemiolog\u00eda y Microbiolog\u00eda\",\"description\":\"\",\"potentialAction\":[{\"@type\":\"SearchAction\",\"target\":{\"@type\":\"EntryPoint\",\"urlTemplate\":\"https:\/\/instituciones.gtm.sld.cu\/cphem\/?s={search_term_string}\"},\"query-input\":\"required name=search_term_string\"}],\"inLanguage\":\"es\"}]}<\/script>\n<!-- \/ Yoast SEO plugin. -->","yoast_head_json":{"title":"III Congreso de Medicina Familiar - Centro Provincial de Higiene, Epidemiolog\u00eda y Microbiolog\u00eda","robots":{"index":"index","follow":"follow","max-snippet":"max-snippet:-1","max-image-preview":"max-image-preview:large","max-video-preview":"max-video-preview:-1"},"canonical":"https:\/\/instituciones.gtm.sld.cu\/cphem\/iii-congreso-de-medicina-familiar\/","og_locale":"es_ES","og_type":"article","og_title":"III Congreso de Medicina Familiar - Centro Provincial de Higiene, Epidemiolog\u00eda y Microbiolog\u00eda","og_description":"III CONGRESO DE MEDICINA FAMILIAR 9 al 13 de diciembre de 2019 Palacio de Convenciones de La Habana, Cuba A 40 a\u00f1os de Alma Ata La Sociedad Cubana de Medicina Familiar SOCUMEFA en el marco del 35 Aniversario del Programa del M\u00e9dico y de la Enfermera de la Familia creado por nuestro insigne Comandante Fidel &hellip; Seguir leyendo","og_url":"https:\/\/instituciones.gtm.sld.cu\/cphem\/iii-congreso-de-medicina-familiar\/","og_site_name":"Centro Provincial de Higiene, Epidemiolog\u00eda y Microbiolog\u00eda","article_modified_time":"2019-11-12T13:47:29+00:00","og_image":[{"width":406,"height":151,"url":"https:\/\/instituciones.gtm.sld.cu\/cphem\/wp-content\/uploads\/sites\/36\/2019\/11\/04_abril_medicinafamiliar2019_portal.jpg","type":"image\/jpeg"}],"twitter_card":"summary_large_image","twitter_misc":{"Tiempo de lectura":"2 minutos"},"schema":{"@context":"https:\/\/schema.org","@graph":[{"@type":"WebPage","@id":"https:\/\/instituciones.gtm.sld.cu\/cphem\/iii-congreso-de-medicina-familiar\/","url":"https:\/\/instituciones.gtm.sld.cu\/cphem\/iii-congreso-de-medicina-familiar\/","name":"III Congreso de Medicina Familiar - Centro Provincial de Higiene, Epidemiolog\u00eda y Microbiolog\u00eda","isPartOf":{"@id":"https:\/\/instituciones.gtm.sld.cu\/cphem\/#website"},"datePublished":"2019-11-12T13:47:28+00:00","dateModified":"2019-11-12T13:47:29+00:00","breadcrumb":{"@id":"https:\/\/instituciones.gtm.sld.cu\/cphem\/iii-congreso-de-medicina-familiar\/#breadcrumb"},"inLanguage":"es","potentialAction":[{"@type":"ReadAction","target":["https:\/\/instituciones.gtm.sld.cu\/cphem\/iii-congreso-de-medicina-familiar\/"]}]},{"@type":"BreadcrumbList","@id":"https:\/\/instituciones.gtm.sld.cu\/cphem\/iii-congreso-de-medicina-familiar\/#breadcrumb","itemListElement":[{"@type":"ListItem","position":1,"name":"Portada","item":"https:\/\/instituciones.gtm.sld.cu\/cphem\/"},{"@type":"ListItem","position":2,"name":"III Congreso de Medicina Familiar"}]},{"@type":"WebSite","@id":"https:\/\/instituciones.gtm.sld.cu\/cphem\/#website","url":"https:\/\/instituciones.gtm.sld.cu\/cphem\/","name":"Centro Provincial de Higiene, Epidemiolog\u00eda y Microbiolog\u00eda","description":"","potentialAction":[{"@type":"SearchAction","target":{"@type":"EntryPoint","urlTemplate":"https:\/\/instituciones.gtm.sld.cu\/cphem\/?s={search_term_string}"},"query-input":"required name=search_term_string"}],"inLanguage":"es"}]}},"_links":{"self":[{"href":"https:\/\/instituciones.gtm.sld.cu\/cphem\/wp-json\/wp\/v2\/pages\/861"}],"collection":[{"href":"https:\/\/instituciones.gtm.sld.cu\/cphem\/wp-json\/wp\/v2\/pages"}],"about":[{"href":"https:\/\/instituciones.gtm.sld.cu\/cphem\/wp-json\/wp\/v2\/types\/page"}],"author":[{"embeddable":true,"href":"https:\/\/instituciones.gtm.sld.cu\/cphem\/wp-json\/wp\/v2\/users\/20"}],"replies":[{"embeddable":true,"href":"https:\/\/instituciones.gtm.sld.cu\/cphem\/wp-json\/wp\/v2\/comments?post=861"}],"version-history":[{"count":1,"href":"https:\/\/instituciones.gtm.sld.cu\/cphem\/wp-json\/wp\/v2\/pages\/861\/revisions"}],"predecessor-version":[{"id":863,"href":"https:\/\/instituciones.gtm.sld.cu\/cphem\/wp-json\/wp\/v2\/pages\/861\/revisions\/863"}],"wp:featuredmedia":[{"embeddable":true,"href":"https:\/\/instituciones.gtm.sld.cu\/cphem\/wp-json\/wp\/v2\/media\/862"}],"wp:attachment":[{"href":"https:\/\/instituciones.gtm.sld.cu\/cphem\/wp-json\/wp\/v2\/media?parent=861"}],"curies":[{"name":"wp","href":"https:\/\/api.w.org\/{rel}","templated":true}]}}