{"id":1242,"date":"2019-10-03T14:16:29","date_gmt":"2019-10-03T18:16:29","guid":{"rendered":"http:\/\/instituciones2.gtm.sld.cu\/cpscs\/?page_id=1242"},"modified":"2019-10-03T14:16:29","modified_gmt":"2019-10-03T18:16:29","slug":"talleres-y-cursos","status":"publish","type":"page","link":"https:\/\/instituciones.gtm.sld.cu\/cpscs\/?page_id=1242","title":{"rendered":"Talleres y Cursos"},"content":{"rendered":"<h3><strong>Relaci\u00f3n de talleres y cursos a realizar en el a\u00f1o 2019<\/strong><\/h3>\n\n<table id=\"tablepress-6\" class=\"tablepress tablepress-id-6\">\n<thead>\n<tr class=\"row-1\">\n\t<th class=\"column-1\">Taller y Cursos<\/th><th class=\"column-2\">Mes<\/th><th class=\"column-3\">Cap\u00edtulos<\/th><th class=\"column-4\">Cantidad<\/th><th class=\"column-5\">Car\u00e1cter<\/th><th class=\"column-6\">Semestre<\/th>\n<\/tr>\n<\/thead>\n<tbody class=\"row-striping row-hover\">\n<tr class=\"row-2\">\n\t<td class=\"column-1\">Taller metodol\u00f3gico sobre funcionamiento interno y organizaci\u00f3n de las actividades cient\u00edficas.<\/td><td class=\"column-2\">16  de febrero<\/td><td class=\"column-3\">Enfermer\u00eda<\/td><td class=\"column-4\">28<\/td><td class=\"column-5\">Provincial<\/td><td class=\"column-6\">1er<\/td>\n<\/tr>\n<tr class=\"row-3\">\n\t<td class=\"column-1\">Curso: Los C\u00edrculos de laboratorio que garantizan la calidad de los resultados.<\/td><td class=\"column-2\">21 de febrero<\/td><td class=\"column-3\">Laboratorio Cl\u00ednico<\/td><td class=\"column-4\">31<\/td><td class=\"column-5\">Provincial<\/td><td class=\"column-6\">1er<\/td>\n<\/tr>\n<tr class=\"row-4\">\n\t<td class=\"column-1\">Curso: Consideraciones pre-anal\u00edticas en la toma de muestra para el estudio de los gases sangu\u00edneos. Cuidados en el manejo, transporte y almacenamiento de la muestra.<\/td><td class=\"column-2\">21 de febrero<\/td><td class=\"column-3\">Laboratorio Cl\u00ednico<\/td><td class=\"column-4\">22<\/td><td class=\"column-5\">Provincial<\/td><td class=\"column-6\">1er<\/td>\n<\/tr>\n<tr class=\"row-5\">\n\t<td class=\"column-1\">Curso: La preparaci\u00f3n del paciente para una toma de muestra con calidad. La importancia de la fase pre-anal\u00edtica.<\/td><td class=\"column-2\">21 de febrero<\/td><td class=\"column-3\">Laboratorio Cl\u00ednico<\/td><td class=\"column-4\">25<\/td><td class=\"column-5\">Provincial<\/td><td class=\"column-6\">1er<\/td>\n<\/tr>\n<tr class=\"row-6\">\n\t<td class=\"column-1\">Taller: Proceso de intervenci\u00f3n en trabajo social como herramienta para lograr efectividad en la gesti\u00f3n social<\/td><td class=\"column-2\">12 de Marzo<\/td><td class=\"column-3\">Trabajo Social<\/td><td class=\"column-4\">30<\/td><td class=\"column-5\">Provincial<\/td><td class=\"column-6\">1er<\/td>\n<\/tr>\n<tr class=\"row-7\">\n\t<td class=\"column-1\">Curso: Vida Sexual Activa, Problemas y soluciones.<\/td><td class=\"column-2\">25 de Marzo<\/td><td class=\"column-3\">Medicina F\u00edsica y Rehabilitaci\u00f3n<\/td><td class=\"column-4\">30<\/td><td class=\"column-5\">Provincial<\/td><td class=\"column-6\">1er<\/td>\n<\/tr>\n<tr class=\"row-8\">\n\t<td class=\"column-1\">Actualizaci\u00f3n en control Calidad en el Laboratorio Cl\u00ednico<\/td><td class=\"column-2\">25 \u2013 30 de Marzo<\/td><td class=\"column-3\">Laboratorio Cl\u00ednico<\/td><td class=\"column-4\">25<\/td><td class=\"column-5\">Provincial<\/td><td class=\"column-6\">1er<\/td>\n<\/tr>\n<tr class=\"row-9\">\n\t<td class=\"column-1\">Curso: Evaluaci\u00f3n F\u00edsico Funcional en Terapia Ocupacional.<\/td><td class=\"column-2\">28 de Marzo<\/td><td class=\"column-3\">Medicina F\u00edsica y Rehabilitaci\u00f3n<\/td><td class=\"column-4\">50<\/td><td class=\"column-5\">Provincial<\/td><td class=\"column-6\">1er<\/td>\n<\/tr>\n<tr class=\"row-10\">\n\t<td class=\"column-1\">Curso: Atenci\u00f3n Temprana en Terapia Ocupacional. Generalidades.<\/td><td class=\"column-2\">29 de Marzo<\/td><td class=\"column-3\">Medicina F\u00edsica y Rehabilitaci\u00f3n<\/td><td class=\"column-4\">50<\/td><td class=\"column-5\">Provincial<\/td><td class=\"column-6\">1er<\/td>\n<\/tr>\n<tr class=\"row-11\">\n\t<td class=\"column-1\">Curso Diagnostico Hemodin\u00e1mico No-Invasivo de las Enfermedades Vasculares Perif\u00e9ricas.<\/td><td class=\"column-2\">5 de Abril <\/td><td class=\"column-3\">Angiolog\u00eda<\/td><td class=\"column-4\">31<\/td><td class=\"column-5\">Provincial<\/td><td class=\"column-6\">1er<\/td>\n<\/tr>\n<tr class=\"row-12\">\n\t<td class=\"column-1\">Curso: Actualizaci\u00f3n en Termoterapia<\/td><td class=\"column-2\">13 de Abril<\/td><td class=\"column-3\">Medicina F\u00edsica y Rehabilitaci\u00f3n<\/td><td class=\"column-4\">54<\/td><td class=\"column-5\">Provincial<\/td><td class=\"column-6\">2do<\/td>\n<\/tr>\n<tr class=\"row-13\">\n\t<td class=\"column-1\">Curso: La huella plantar como factor de riesgo de maloclusiones<\/td><td class=\"column-2\">15 de Abril<\/td><td class=\"column-3\">Ortodoncia<\/td><td class=\"column-4\">18<\/td><td class=\"column-5\">Provincial<\/td><td class=\"column-6\">1er<\/td>\n<\/tr>\n<tr class=\"row-14\">\n\t<td class=\"column-1\">Curso: Postura cronea cervical como factor de riesgo de las maloclusiones.<\/td><td class=\"column-2\">15 de Abril<\/td><td class=\"column-3\">Ortodoncia<\/td><td class=\"column-4\">18<\/td><td class=\"column-5\">Nacional<\/td><td class=\"column-6\">1er<\/td>\n<\/tr>\n<tr class=\"row-15\">\n\t<td class=\"column-1\">Actualizaci\u00f3n en el an\u00e1lisis de la discrepancia hueso diente en dentici\u00f3n mixta.<\/td><td class=\"column-2\">15 de Abril<\/td><td class=\"column-3\">Ortodoncia<\/td><td class=\"column-4\">26<\/td><td class=\"column-5\">Nacional<\/td><td class=\"column-6\">1er<\/td>\n<\/tr>\n<tr class=\"row-16\">\n\t<td class=\"column-1\">Anomal\u00edas dentomaxilofaciales y patol\u00f3gicas ortop\u00e9dicas. <\/td><td class=\"column-2\">16 de Abril<\/td><td class=\"column-3\">Ortodoncia<\/td><td class=\"column-4\">31<\/td><td class=\"column-5\">Nacional<\/td><td class=\"column-6\">1er<\/td>\n<\/tr>\n<tr class=\"row-17\">\n\t<td class=\"column-1\">Urgencia en Ortodoncia<\/td><td class=\"column-2\">16 de Abril<\/td><td class=\"column-3\">Ortodoncia<\/td><td class=\"column-4\">31<\/td><td class=\"column-5\">Nacional<\/td><td class=\"column-6\">1er<\/td>\n<\/tr>\n<tr class=\"row-18\">\n\t<td class=\"column-1\">Perfeccionamiento de la ortodoncia Interceptiva en estomatolog\u00eda.<\/td><td class=\"column-2\">16 de Abril<\/td><td class=\"column-3\">Ortodoncia<\/td><td class=\"column-4\">32<\/td><td class=\"column-5\">Nacional<\/td><td class=\"column-6\">1er<\/td>\n<\/tr>\n<tr class=\"row-19\">\n\t<td class=\"column-1\">La postura cr\u00e1neo cervical como causa de maloclusiones.<\/td><td class=\"column-2\">18 de Abril<\/td><td class=\"column-3\">Ortodoncia<\/td><td class=\"column-4\">25<\/td><td class=\"column-5\">Nacional<\/td><td class=\"column-6\">1er<\/td>\n<\/tr>\n<tr class=\"row-20\">\n\t<td class=\"column-1\">La huella plantar como factor de riesgo de las maloclusiones.<\/td><td class=\"column-2\">18 de Abril<\/td><td class=\"column-3\">Ortodoncia<\/td><td class=\"column-4\">23<\/td><td class=\"column-5\">Nacional<\/td><td class=\"column-6\">1er<\/td>\n<\/tr>\n<tr class=\"row-21\">\n\t<td class=\"column-1\">Taller, Indicadores seleccionados de la actividad de enfermer\u00eda en APS<\/td><td class=\"column-2\">25  de abril<\/td><td class=\"column-3\">Enfermer\u00eda<\/td><td class=\"column-4\">30<\/td><td class=\"column-5\">Provincial<\/td><td class=\"column-6\">1er<\/td>\n<\/tr>\n<tr class=\"row-22\">\n\t<td class=\"column-1\">Taller: Actualizaci\u00f3n en Reuso de material Gastable.<\/td><td class=\"column-2\">27  de abril<\/td><td class=\"column-3\">Enfermer\u00eda<\/td><td class=\"column-4\">46<\/td><td class=\"column-5\">Provincial<\/td><td class=\"column-6\">1er<\/td>\n<\/tr>\n<tr class=\"row-23\">\n\t<td class=\"column-1\">Taller -  Cuidados Paliativos<\/td><td class=\"column-2\">4 de mayo<\/td><td class=\"column-3\">Enfermer\u00eda<\/td><td class=\"column-4\">15<\/td><td class=\"column-5\">Provincial<\/td><td class=\"column-6\">1er<\/td>\n<\/tr>\n<tr class=\"row-24\">\n\t<td class=\"column-1\">I Taller Proped\u00e9utico de formaci\u00f3n doctoral para enfermer\u00eda<\/td><td class=\"column-2\">8 de Mayo<\/td><td class=\"column-3\">Enfermer\u00eda<\/td><td class=\"column-4\">35<\/td><td class=\"column-5\">Provincial<\/td><td class=\"column-6\">1er<\/td>\n<\/tr>\n<tr class=\"row-25\">\n\t<td class=\"column-1\">Taller Provincial de Liderazgo y Negociaci\u00f3n en Enfermer\u00eda<\/td><td class=\"column-2\">8 de Mayo<\/td><td class=\"column-3\">Enfermer\u00eda<\/td><td class=\"column-4\">33<\/td><td class=\"column-5\">Provincial<\/td><td class=\"column-6\">1er<\/td>\n<\/tr>\n<tr class=\"row-26\">\n\t<td class=\"column-1\">Curso: Actualizaci\u00f3n en Reuso<\/td><td class=\"column-2\">25 de mayo<\/td><td class=\"column-3\">Enfermer\u00eda<\/td><td class=\"column-4\">89<\/td><td class=\"column-5\">Municipal<\/td><td class=\"column-6\">2do<\/td>\n<\/tr>\n<tr class=\"row-27\">\n\t<td class=\"column-1\">Curso: Atenci\u00f3n al reci\u00e9n nacido critico<\/td><td class=\"column-2\">25 de mayo<\/td><td class=\"column-3\">Enfermer\u00eda<\/td><td class=\"column-4\">25<\/td><td class=\"column-5\">Municipal<\/td><td class=\"column-6\">2do<\/td>\n<\/tr>\n<tr class=\"row-28\">\n\t<td class=\"column-1\">Curso: Comunicaci\u00f3n <\/td><td class=\"column-2\">25 de mayo<\/td><td class=\"column-3\">Enfermer\u00eda<\/td><td class=\"column-4\">79<\/td><td class=\"column-5\">Municipal<\/td><td class=\"column-6\">2do<\/td>\n<\/tr>\n<tr class=\"row-29\">\n\t<td class=\"column-1\">Curso: Trauma<\/td><td class=\"column-2\">25 de mayo<\/td><td class=\"column-3\">Enfermer\u00eda<\/td><td class=\"column-4\">53<\/td><td class=\"column-5\">Municipal<\/td><td class=\"column-6\">2do<\/td>\n<\/tr>\n<tr class=\"row-30\">\n\t<td class=\"column-1\">Curso: Parto respetado y humanizado<\/td><td class=\"column-2\">25 de mayo<\/td><td class=\"column-3\">Enfermer\u00eda<\/td><td class=\"column-4\">54<\/td><td class=\"column-5\">Municipal<\/td><td class=\"column-6\">2do<\/td>\n<\/tr>\n<tr class=\"row-31\">\n\t<td class=\"column-1\">Curso: la Medicina Natural y Tradicional en la Atenci\u00f3n Primaria de Salud<\/td><td class=\"column-2\">25 de mayo<\/td><td class=\"column-3\">Enfermer\u00eda<\/td><td class=\"column-4\">41<\/td><td class=\"column-5\">Municipal<\/td><td class=\"column-6\">2do<\/td>\n<\/tr>\n<tr class=\"row-32\">\n\t<td class=\"column-1\">Curso: Rol del Tutor en la educaci\u00f3n en el trabajo en APS.<\/td><td class=\"column-2\">21 de Junio<\/td><td class=\"column-3\">Medicina Familiar<\/td><td class=\"column-4\">31<\/td><td class=\"column-5\">Provincial<\/td><td class=\"column-6\">2do<\/td>\n<\/tr>\n<tr class=\"row-33\">\n\t<td class=\"column-1\">Curso: Modalidades de Actividades Cient\u00edficas.<\/td><td class=\"column-2\">21 de Junio<\/td><td class=\"column-3\">Medicina Familiar<\/td><td class=\"column-4\">19<\/td><td class=\"column-5\">Provincial<\/td><td class=\"column-6\">2do<\/td>\n<\/tr>\n<tr class=\"row-34\">\n\t<td class=\"column-1\">Curso: Retos de la investigaci\u00f3n cient\u00edfica en la Atenci\u00f3n Primaria de Salud<\/td><td class=\"column-2\">21 de Junio<\/td><td class=\"column-3\">Medicina Familiar<\/td><td class=\"column-4\">26<\/td><td class=\"column-5\">Provincial<\/td><td class=\"column-6\">2do<\/td>\n<\/tr>\n<tr class=\"row-35\">\n\t<td class=\"column-1\">Curso: Proceso para la categorizaci\u00f3n de profesores asistentes e instructores en atenci\u00f3n primaria de salud.<\/td><td class=\"column-2\">21 de Junio<\/td><td class=\"column-3\">Medicina Familiar<\/td><td class=\"column-4\">72<\/td><td class=\"column-5\">Provincial<\/td><td class=\"column-6\">2do<\/td>\n<\/tr>\n<tr class=\"row-36\">\n\t<td class=\"column-1\">Curso: Prevenci\u00f3n del alcoholismo en la Atenci\u00f3n Primaria de Salud<\/td><td class=\"column-2\">25 de Junio<\/td><td class=\"column-3\">Medicina Familiar<\/td><td class=\"column-4\">19<\/td><td class=\"column-5\">Provincial<\/td><td class=\"column-6\">2do<\/td>\n<\/tr>\n<\/tbody>\n<tfoot>\n<tr class=\"row-37\">\n\t<td class=\"column-1\"><\/td><td class=\"column-2\"><\/td><td class=\"column-3\"><\/td><td class=\"column-4\"><\/td><td class=\"column-5\"><\/td><td class=\"column-6\"><\/td>\n<\/tr>\n<\/tfoot>\n<\/table>\n<!-- #tablepress-6 from cache -->\n","protected":false},"excerpt":{"rendered":"<p>Relaci\u00f3n de talleres y cursos a realizar en el a\u00f1o 2019<\/p>\n","protected":false},"author":26,"featured_media":0,"parent":0,"menu_order":0,"comment_status":"closed","ping_status":"closed","template":"","meta":{"ngg_post_thumbnail":0,"_mc_calendar":[]},"yoast_head":"<!-- This site is optimized with the Yoast SEO plugin v21.8 - https:\/\/yoast.com\/wordpress\/plugins\/seo\/ -->\n<title>Talleres y Cursos -<\/title>\n<meta name=\"robots\" content=\"index, follow, max-snippet:-1, max-image-preview:large, max-video-preview:-1\" \/>\n<link rel=\"canonical\" href=\"https:\/\/instituciones.gtm.sld.cu\/cpscs\/?page_id=1242\" \/>\n<meta property=\"og:locale\" content=\"es_ES\" \/>\n<meta property=\"og:type\" content=\"article\" \/>\n<meta property=\"og:title\" content=\"Talleres y Cursos -\" \/>\n<meta property=\"og:description\" content=\"Relaci\u00f3n de talleres y cursos a realizar en el a\u00f1o 2019\" \/>\n<meta property=\"og:url\" content=\"https:\/\/instituciones.gtm.sld.cu\/cpscs\/?page_id=1242\" \/>\n<meta name=\"twitter:card\" content=\"summary_large_image\" \/>\n<script type=\"application\/ld+json\" class=\"yoast-schema-graph\">{\"@context\":\"https:\/\/schema.org\",\"@graph\":[{\"@type\":\"WebPage\",\"@id\":\"https:\/\/instituciones.gtm.sld.cu\/cpscs\/?page_id=1242\",\"url\":\"https:\/\/instituciones.gtm.sld.cu\/cpscs\/?page_id=1242\",\"name\":\"Talleres y Cursos -\",\"isPartOf\":{\"@id\":\"https:\/\/instituciones.gtm.sld.cu\/cpscs\/#website\"},\"datePublished\":\"2019-10-03T18:16:29+00:00\",\"dateModified\":\"2019-10-03T18:16:29+00:00\",\"breadcrumb\":{\"@id\":\"https:\/\/instituciones.gtm.sld.cu\/cpscs\/?page_id=1242#breadcrumb\"},\"inLanguage\":\"es\",\"potentialAction\":[{\"@type\":\"ReadAction\",\"target\":[\"https:\/\/instituciones.gtm.sld.cu\/cpscs\/?page_id=1242\"]}]},{\"@type\":\"BreadcrumbList\",\"@id\":\"https:\/\/instituciones.gtm.sld.cu\/cpscs\/?page_id=1242#breadcrumb\",\"itemListElement\":[{\"@type\":\"ListItem\",\"position\":1,\"name\":\"Portada\",\"item\":\"https:\/\/instituciones.gtm.sld.cu\/cpscs\"},{\"@type\":\"ListItem\",\"position\":2,\"name\":\"Talleres y Cursos\"}]},{\"@type\":\"WebSite\",\"@id\":\"https:\/\/instituciones.gtm.sld.cu\/cpscs\/#website\",\"url\":\"https:\/\/instituciones.gtm.sld.cu\/cpscs\/\",\"name\":\"\",\"description\":\"\",\"potentialAction\":[{\"@type\":\"SearchAction\",\"target\":{\"@type\":\"EntryPoint\",\"urlTemplate\":\"https:\/\/instituciones.gtm.sld.cu\/cpscs\/?s={search_term_string}\"},\"query-input\":\"required name=search_term_string\"}],\"inLanguage\":\"es\"}]}<\/script>\n<!-- \/ Yoast SEO plugin. -->","yoast_head_json":{"title":"Talleres y Cursos -","robots":{"index":"index","follow":"follow","max-snippet":"max-snippet:-1","max-image-preview":"max-image-preview:large","max-video-preview":"max-video-preview:-1"},"canonical":"https:\/\/instituciones.gtm.sld.cu\/cpscs\/?page_id=1242","og_locale":"es_ES","og_type":"article","og_title":"Talleres y Cursos -","og_description":"Relaci\u00f3n de talleres y cursos a realizar en el a\u00f1o 2019","og_url":"https:\/\/instituciones.gtm.sld.cu\/cpscs\/?page_id=1242","twitter_card":"summary_large_image","schema":{"@context":"https:\/\/schema.org","@graph":[{"@type":"WebPage","@id":"https:\/\/instituciones.gtm.sld.cu\/cpscs\/?page_id=1242","url":"https:\/\/instituciones.gtm.sld.cu\/cpscs\/?page_id=1242","name":"Talleres y Cursos -","isPartOf":{"@id":"https:\/\/instituciones.gtm.sld.cu\/cpscs\/#website"},"datePublished":"2019-10-03T18:16:29+00:00","dateModified":"2019-10-03T18:16:29+00:00","breadcrumb":{"@id":"https:\/\/instituciones.gtm.sld.cu\/cpscs\/?page_id=1242#breadcrumb"},"inLanguage":"es","potentialAction":[{"@type":"ReadAction","target":["https:\/\/instituciones.gtm.sld.cu\/cpscs\/?page_id=1242"]}]},{"@type":"BreadcrumbList","@id":"https:\/\/instituciones.gtm.sld.cu\/cpscs\/?page_id=1242#breadcrumb","itemListElement":[{"@type":"ListItem","position":1,"name":"Portada","item":"https:\/\/instituciones.gtm.sld.cu\/cpscs"},{"@type":"ListItem","position":2,"name":"Talleres y Cursos"}]},{"@type":"WebSite","@id":"https:\/\/instituciones.gtm.sld.cu\/cpscs\/#website","url":"https:\/\/instituciones.gtm.sld.cu\/cpscs\/","name":"","description":"","potentialAction":[{"@type":"SearchAction","target":{"@type":"EntryPoint","urlTemplate":"https:\/\/instituciones.gtm.sld.cu\/cpscs\/?s={search_term_string}"},"query-input":"required name=search_term_string"}],"inLanguage":"es"}]}},"_links":{"self":[{"href":"https:\/\/instituciones.gtm.sld.cu\/cpscs\/index.php?rest_route=\/wp\/v2\/pages\/1242"}],"collection":[{"href":"https:\/\/instituciones.gtm.sld.cu\/cpscs\/index.php?rest_route=\/wp\/v2\/pages"}],"about":[{"href":"https:\/\/instituciones.gtm.sld.cu\/cpscs\/index.php?rest_route=\/wp\/v2\/types\/page"}],"author":[{"embeddable":true,"href":"https:\/\/instituciones.gtm.sld.cu\/cpscs\/index.php?rest_route=\/wp\/v2\/users\/26"}],"replies":[{"embeddable":true,"href":"https:\/\/instituciones.gtm.sld.cu\/cpscs\/index.php?rest_route=%2Fwp%2Fv2%2Fcomments&post=1242"}],"version-history":[{"count":1,"href":"https:\/\/instituciones.gtm.sld.cu\/cpscs\/index.php?rest_route=\/wp\/v2\/pages\/1242\/revisions"}],"predecessor-version":[{"id":1243,"href":"https:\/\/instituciones.gtm.sld.cu\/cpscs\/index.php?rest_route=\/wp\/v2\/pages\/1242\/revisions\/1243"}],"wp:attachment":[{"href":"https:\/\/instituciones.gtm.sld.cu\/cpscs\/index.php?rest_route=%2Fwp%2Fv2%2Fmedia&parent=1242"}],"curies":[{"name":"wp","href":"https:\/\/api.w.org\/{rel}","templated":true}]}}