{"id":1290,"date":"2019-10-03T15:42:52","date_gmt":"2019-10-03T19:42:52","guid":{"rendered":"http:\/\/instituciones2.gtm.sld.cu\/cpscs\/?page_id=1290"},"modified":"2019-10-03T15:42:52","modified_gmt":"2019-10-03T19:42:52","slug":"mapa-del-sitio","status":"publish","type":"page","link":"https:\/\/instituciones.gtm.sld.cu\/cpscs\/?page_id=1290","title":{"rendered":"Mapa del Sitio"},"content":{"rendered":"<div id=\"pl-1290\"  class=\"panel-layout\" ><div id=\"pg-1290-0\"  class=\"panel-grid panel-no-style\" ><div id=\"pgc-1290-0-0\"  class=\"panel-grid-cell\" ><div id=\"panel-1290-0-0-0\" class=\"so-panel widget widget_pages panel-first-child panel-last-child\" data-index=\"0\" ><h3 class=\"widget-title\">P\u00e1ginas<\/h3>\n\t\t\t<ul>\n\t\t\t\t<li class=\"page_item page-item-1648\"><a href=\"https:\/\/instituciones.gtm.sld.cu\/cpscs\/?page_id=1648\">3 de mayo de 2022. D\u00eda mundial del asma<\/a><\/li>\n<li class=\"page_item page-item-371\"><a href=\"https:\/\/instituciones.gtm.sld.cu\/cpscs\/?page_id=371\">Anestesiolog\u00eda y Reanimaci\u00f3n<\/a><\/li>\n<li class=\"page_item page-item-1200\"><a href=\"https:\/\/instituciones.gtm.sld.cu\/cpscs\/?page_id=1200\">Angiolog\u00eda y Cirug\u00eda Vascular<\/a><\/li>\n<li class=\"page_item page-item-316\"><a href=\"https:\/\/instituciones.gtm.sld.cu\/cpscs\/?page_id=316\">Cardiolog\u00eda<\/a><\/li>\n<li class=\"page_item page-item-1197\"><a href=\"https:\/\/instituciones.gtm.sld.cu\/cpscs\/?page_id=1197\">Ciencias B\u00e1sicas Biom\u00e9dicas<\/a><\/li>\n<li class=\"page_item page-item-1203\"><a href=\"https:\/\/instituciones.gtm.sld.cu\/cpscs\/?page_id=1203\">Ciencias Estomatol\u00f3gicas<\/a><\/li>\n<li class=\"page_item page-item-373\"><a href=\"https:\/\/instituciones.gtm.sld.cu\/cpscs\/?page_id=373\">Ciencias Farmac\u00e9uticas<\/a><\/li>\n<li class=\"page_item page-item-375\"><a href=\"https:\/\/instituciones.gtm.sld.cu\/cpscs\/?page_id=375\">Ciencias Fisiolog\u00edcas<\/a><\/li>\n<li class=\"page_item page-item-377\"><a href=\"https:\/\/instituciones.gtm.sld.cu\/cpscs\/?page_id=377\">Ciencias Morfol\u00f3gicas<\/a><\/li>\n<li class=\"page_item page-item-1640\"><a href=\"https:\/\/instituciones.gtm.sld.cu\/cpscs\/?page_id=1640\">Cient\u00edficos brit\u00e1nicos demuestran que Abdala es segura y potente<\/a><\/li>\n<li class=\"page_item page-item-379\"><a href=\"https:\/\/instituciones.gtm.sld.cu\/cpscs\/?page_id=379\">Cirug\u00eda<\/a><\/li>\n<li class=\"page_item page-item-381\"><a href=\"https:\/\/instituciones.gtm.sld.cu\/cpscs\/?page_id=381\">Cirug\u00eda Maxilo Facial<\/a><\/li>\n<li class=\"page_item page-item-383\"><a href=\"https:\/\/instituciones.gtm.sld.cu\/cpscs\/?page_id=383\">Cirug\u00eda Pl\u00e1stica y Caumatolog\u00eda<\/a><\/li>\n<li class=\"page_item page-item-1634\"><a href=\"https:\/\/instituciones.gtm.sld.cu\/cpscs\/?page_id=1634\">Convocatoria al XLV Concurso \u00abPremio Anual de la Salud 2022<\/a><\/li>\n<li class=\"page_item page-item-385\"><a href=\"https:\/\/instituciones.gtm.sld.cu\/cpscs\/?page_id=385\">Dermatolog\u00eda<\/a><\/li>\n<li class=\"page_item page-item-1645\"><a href=\"https:\/\/instituciones.gtm.sld.cu\/cpscs\/?page_id=1645\">D\u00eda Internacional de las Enfermeras y los Enfermeros. 12 de Mayo del 2022<\/a><\/li>\n<li class=\"page_item page-item-957\"><a href=\"https:\/\/instituciones.gtm.sld.cu\/cpscs\/?page_id=957\">Educadores de la Salud<\/a><\/li>\n<li class=\"page_item page-item-387\"><a href=\"https:\/\/instituciones.gtm.sld.cu\/cpscs\/?page_id=387\">Endocrinolog\u00eda y Enf. Metab\u00f3licas<\/a><\/li>\n<li class=\"page_item page-item-335\"><a href=\"https:\/\/instituciones.gtm.sld.cu\/cpscs\/?page_id=335\">Enfermer\u00eda<\/a><\/li>\n<li class=\"page_item page-item-389\"><a href=\"https:\/\/instituciones.gtm.sld.cu\/cpscs\/?page_id=389\">Estomatolog\u00eda General<\/a><\/li>\n<li class=\"page_item page-item-447\"><a href=\"https:\/\/instituciones.gtm.sld.cu\/cpscs\/?page_id=447\">Estudios Ortod\u00f3ncicos<\/a><\/li>\n<li class=\"page_item page-item-391\"><a href=\"https:\/\/instituciones.gtm.sld.cu\/cpscs\/?page_id=391\">Farmacolog\u00eda<\/a><\/li>\n<li class=\"page_item page-item-394\"><a href=\"https:\/\/instituciones.gtm.sld.cu\/cpscs\/?page_id=394\">Gastroenterolog\u00eda<\/a><\/li>\n<li class=\"page_item page-item-539\"><a href=\"https:\/\/instituciones.gtm.sld.cu\/cpscs\/?page_id=539\">Gen\u00e9tica<\/a><\/li>\n<li class=\"page_item page-item-444\"><a href=\"https:\/\/instituciones.gtm.sld.cu\/cpscs\/?page_id=444\">Geriatr\u00eda<\/a><\/li>\n<li class=\"page_item page-item-396\"><a href=\"https:\/\/instituciones.gtm.sld.cu\/cpscs\/?page_id=396\">Higiene y Epidemiolog\u00eda<\/a><\/li>\n<li class=\"page_item page-item-1205\"><a href=\"https:\/\/instituciones.gtm.sld.cu\/cpscs\/?page_id=1205\">Historia de la Medicina<\/a><\/li>\n<li class=\"page_item page-item-430\"><a href=\"https:\/\/instituciones.gtm.sld.cu\/cpscs\/?page_id=430\">Imagenolog\u00eda<\/a><\/li>\n<li class=\"page_item page-item-398\"><a href=\"https:\/\/instituciones.gtm.sld.cu\/cpscs\/?page_id=398\">Inform\u00e1tica m\u00e9dica<\/a><\/li>\n<li class=\"page_item page-item-438\"><a href=\"https:\/\/instituciones.gtm.sld.cu\/cpscs\/?page_id=438\">Inmunolog\u00eda<\/a><\/li>\n<li class=\"page_item page-item-440\"><a href=\"https:\/\/instituciones.gtm.sld.cu\/cpscs\/?page_id=440\">Laboratorio Cl\u00ednico<\/a><\/li>\n<li class=\"page_item page-item-1290\"><a href=\"https:\/\/instituciones.gtm.sld.cu\/cpscs\/?page_id=1290\">Mapa del Sitio<\/a><\/li>\n<li class=\"page_item page-item-400\"><a href=\"https:\/\/instituciones.gtm.sld.cu\/cpscs\/?page_id=400\">Medicina Familiar<\/a><\/li>\n<li class=\"page_item page-item-402\"><a href=\"https:\/\/instituciones.gtm.sld.cu\/cpscs\/?page_id=402\">Medicina F\u00edsica y Rehabilitaci\u00f3n<\/a><\/li>\n<li class=\"page_item page-item-404\"><a href=\"https:\/\/instituciones.gtm.sld.cu\/cpscs\/?page_id=404\">Medicina Intensiva y de Emergencia<\/a><\/li>\n<li class=\"page_item page-item-406\"><a href=\"https:\/\/instituciones.gtm.sld.cu\/cpscs\/?page_id=406\">Medicina Interna<\/a><\/li>\n<li class=\"page_item page-item-408\"><a href=\"https:\/\/instituciones.gtm.sld.cu\/cpscs\/?page_id=408\">Medicina Legal<\/a><\/li>\n<li class=\"page_item page-item-410\"><a href=\"https:\/\/instituciones.gtm.sld.cu\/cpscs\/?page_id=410\">Microbiolog\u00eda<\/a><\/li>\n<li class=\"page_item page-item-1602\"><a href=\"https:\/\/instituciones.gtm.sld.cu\/cpscs\/?page_id=1602\">Ministro de Salud P\u00fablica felicita a j\u00f3venes y pioneros en el aniversario de la UJC y la OPJM<\/a><\/li>\n<li class=\"page_item page-item-442\"><a href=\"https:\/\/instituciones.gtm.sld.cu\/cpscs\/?page_id=442\">MNT<\/a><\/li>\n<li class=\"page_item page-item-1576\"><a href=\"https:\/\/instituciones.gtm.sld.cu\/cpscs\/?page_id=1576\">My Calendar<\/a><\/li>\n<li class=\"page_item page-item-412\"><a href=\"https:\/\/instituciones.gtm.sld.cu\/cpscs\/?page_id=412\">Nefrolog\u00eda<\/a><\/li>\n<li class=\"page_item page-item-846\"><a href=\"https:\/\/instituciones.gtm.sld.cu\/cpscs\/?page_id=846\">Neurociencia<\/a><\/li>\n<li class=\"page_item page-item-414\"><a href=\"https:\/\/instituciones.gtm.sld.cu\/cpscs\/?page_id=414\">Nutrici\u00f3n Cl\u00ednica 521<\/a><\/li>\n<li class=\"page_item page-item-416\"><a href=\"https:\/\/instituciones.gtm.sld.cu\/cpscs\/?page_id=416\">Obstetricia y Ginecolog\u00eda<\/a><\/li>\n<li class=\"page_item page-item-330\"><a href=\"https:\/\/instituciones.gtm.sld.cu\/cpscs\/?page_id=330\">Oftalmolog\u00eda<\/a><\/li>\n<li class=\"page_item page-item-418\"><a href=\"https:\/\/instituciones.gtm.sld.cu\/cpscs\/?page_id=418\">Ortopedia y Traumatolog\u00eda<\/a><\/li>\n<li class=\"page_item page-item-420\"><a href=\"https:\/\/instituciones.gtm.sld.cu\/cpscs\/?page_id=420\">Otorrinolaringolog\u00eda<\/a><\/li>\n<li class=\"page_item page-item-1207\"><a href=\"https:\/\/instituciones.gtm.sld.cu\/cpscs\/?page_id=1207\">Patolog\u00eda Cl\u00ednica<\/a><\/li>\n<li class=\"page_item page-item-422\"><a href=\"https:\/\/instituciones.gtm.sld.cu\/cpscs\/?page_id=422\">Pediatr\u00eda<\/a><\/li>\n<li class=\"page_item page-item-424\"><a href=\"https:\/\/instituciones.gtm.sld.cu\/cpscs\/?page_id=424\">Periodontolog\u00eda<\/a><\/li>\n<li class=\"page_item page-item-426\"><a href=\"https:\/\/instituciones.gtm.sld.cu\/cpscs\/?page_id=426\">Pr\u00f3tesis Estomatol\u00f3gica<\/a><\/li>\n<li class=\"page_item page-item-321\"><a href=\"https:\/\/instituciones.gtm.sld.cu\/cpscs\/?page_id=321\">Psicolog\u00eda de la salud<\/a><\/li>\n<li class=\"page_item page-item-428\"><a href=\"https:\/\/instituciones.gtm.sld.cu\/cpscs\/?page_id=428\">Psiquiatr\u00eda<\/a><\/li>\n<li class=\"page_item page-item-436\"><a href=\"https:\/\/instituciones.gtm.sld.cu\/cpscs\/?page_id=436\">Salud Publica<\/a><\/li>\n<li class=\"page_item page-item-1242\"><a href=\"https:\/\/instituciones.gtm.sld.cu\/cpscs\/?page_id=1242\">Talleres y Cursos<\/a><\/li>\n<li class=\"page_item page-item-432\"><a href=\"https:\/\/instituciones.gtm.sld.cu\/cpscs\/?page_id=432\">Trabajadores Sociales de la Salud<\/a><\/li>\n<li class=\"page_item page-item-434\"><a href=\"https:\/\/instituciones.gtm.sld.cu\/cpscs\/?page_id=434\">Urolog\u00eda<\/a><\/li>\n\t\t\t<\/ul>\n\n\t\t\t<\/div><\/div><\/div><\/div>","protected":false},"excerpt":{"rendered":"<p>P\u00e1ginas 3 de mayo de 2022. D\u00eda mundial del asma Anestesiolog\u00eda y Reanimaci\u00f3n Angiolog\u00eda y Cirug\u00eda Vascular Cardiolog\u00eda Ciencias B\u00e1sicas Biom\u00e9dicas Ciencias Estomatol\u00f3gicas Ciencias Farmac\u00e9uticas Ciencias Fisiolog\u00edcas Ciencias Morfol\u00f3gicas Cient\u00edficos brit\u00e1nicos demuestran que Abdala es segura y potente Cirug\u00eda Cirug\u00eda Maxilo Facial Cirug\u00eda Pl\u00e1stica y Caumatolog\u00eda Convocatoria al XLV Concurso \u00abPremio Anual de la Salud &hellip; <\/p>\n<p><a class=\"more-link btn\" href=\"https:\/\/instituciones.gtm.sld.cu\/cpscs\/?page_id=1290\">Seguir leyendo<\/a><\/p>\n","protected":false},"author":26,"featured_media":0,"parent":0,"menu_order":0,"comment_status":"closed","ping_status":"closed","template":"","meta":{"ngg_post_thumbnail":0,"_mc_calendar":[]},"yoast_head":"<!-- This site is optimized with the Yoast SEO plugin v21.8 - https:\/\/yoast.com\/wordpress\/plugins\/seo\/ -->\n<title>Mapa del Sitio -<\/title>\n<meta name=\"robots\" content=\"index, follow, max-snippet:-1, max-image-preview:large, max-video-preview:-1\" \/>\n<link rel=\"canonical\" href=\"https:\/\/instituciones.gtm.sld.cu\/cpscs\/?page_id=1290\" \/>\n<meta property=\"og:locale\" content=\"es_ES\" \/>\n<meta property=\"og:type\" content=\"article\" \/>\n<meta property=\"og:title\" content=\"Mapa del Sitio -\" \/>\n<meta property=\"og:description\" content=\"P\u00e1ginas 3 de mayo de 2022. D\u00eda mundial del asma Anestesiolog\u00eda y Reanimaci\u00f3n Angiolog\u00eda y Cirug\u00eda Vascular Cardiolog\u00eda Ciencias B\u00e1sicas Biom\u00e9dicas Ciencias Estomatol\u00f3gicas Ciencias Farmac\u00e9uticas Ciencias Fisiolog\u00edcas Ciencias Morfol\u00f3gicas Cient\u00edficos brit\u00e1nicos demuestran que Abdala es segura y potente Cirug\u00eda Cirug\u00eda Maxilo Facial Cirug\u00eda Pl\u00e1stica y Caumatolog\u00eda Convocatoria al XLV Concurso \u00abPremio Anual de la Salud &hellip; Seguir leyendo\" \/>\n<meta property=\"og:url\" content=\"https:\/\/instituciones.gtm.sld.cu\/cpscs\/?page_id=1290\" \/>\n<meta name=\"twitter:card\" content=\"summary_large_image\" \/>\n<script type=\"application\/ld+json\" class=\"yoast-schema-graph\">{\"@context\":\"https:\/\/schema.org\",\"@graph\":[{\"@type\":\"WebPage\",\"@id\":\"https:\/\/instituciones.gtm.sld.cu\/cpscs\/?page_id=1290\",\"url\":\"https:\/\/instituciones.gtm.sld.cu\/cpscs\/?page_id=1290\",\"name\":\"Mapa del Sitio -\",\"isPartOf\":{\"@id\":\"https:\/\/instituciones.gtm.sld.cu\/cpscs\/#website\"},\"datePublished\":\"2019-10-03T19:42:52+00:00\",\"dateModified\":\"2019-10-03T19:42:52+00:00\",\"breadcrumb\":{\"@id\":\"https:\/\/instituciones.gtm.sld.cu\/cpscs\/?page_id=1290#breadcrumb\"},\"inLanguage\":\"es\",\"potentialAction\":[{\"@type\":\"ReadAction\",\"target\":[\"https:\/\/instituciones.gtm.sld.cu\/cpscs\/?page_id=1290\"]}]},{\"@type\":\"BreadcrumbList\",\"@id\":\"https:\/\/instituciones.gtm.sld.cu\/cpscs\/?page_id=1290#breadcrumb\",\"itemListElement\":[{\"@type\":\"ListItem\",\"position\":1,\"name\":\"Portada\",\"item\":\"https:\/\/instituciones.gtm.sld.cu\/cpscs\"},{\"@type\":\"ListItem\",\"position\":2,\"name\":\"Mapa del Sitio\"}]},{\"@type\":\"WebSite\",\"@id\":\"https:\/\/instituciones.gtm.sld.cu\/cpscs\/#website\",\"url\":\"https:\/\/instituciones.gtm.sld.cu\/cpscs\/\",\"name\":\"\",\"description\":\"\",\"potentialAction\":[{\"@type\":\"SearchAction\",\"target\":{\"@type\":\"EntryPoint\",\"urlTemplate\":\"https:\/\/instituciones.gtm.sld.cu\/cpscs\/?s={search_term_string}\"},\"query-input\":\"required name=search_term_string\"}],\"inLanguage\":\"es\"}]}<\/script>\n<!-- \/ Yoast SEO plugin. -->","yoast_head_json":{"title":"Mapa del Sitio -","robots":{"index":"index","follow":"follow","max-snippet":"max-snippet:-1","max-image-preview":"max-image-preview:large","max-video-preview":"max-video-preview:-1"},"canonical":"https:\/\/instituciones.gtm.sld.cu\/cpscs\/?page_id=1290","og_locale":"es_ES","og_type":"article","og_title":"Mapa del Sitio -","og_description":"P\u00e1ginas 3 de mayo de 2022. D\u00eda mundial del asma Anestesiolog\u00eda y Reanimaci\u00f3n Angiolog\u00eda y Cirug\u00eda Vascular Cardiolog\u00eda Ciencias B\u00e1sicas Biom\u00e9dicas Ciencias Estomatol\u00f3gicas Ciencias Farmac\u00e9uticas Ciencias Fisiolog\u00edcas Ciencias Morfol\u00f3gicas Cient\u00edficos brit\u00e1nicos demuestran que Abdala es segura y potente Cirug\u00eda Cirug\u00eda Maxilo Facial Cirug\u00eda Pl\u00e1stica y Caumatolog\u00eda Convocatoria al XLV Concurso \u00abPremio Anual de la Salud &hellip; Seguir leyendo","og_url":"https:\/\/instituciones.gtm.sld.cu\/cpscs\/?page_id=1290","twitter_card":"summary_large_image","schema":{"@context":"https:\/\/schema.org","@graph":[{"@type":"WebPage","@id":"https:\/\/instituciones.gtm.sld.cu\/cpscs\/?page_id=1290","url":"https:\/\/instituciones.gtm.sld.cu\/cpscs\/?page_id=1290","name":"Mapa del Sitio -","isPartOf":{"@id":"https:\/\/instituciones.gtm.sld.cu\/cpscs\/#website"},"datePublished":"2019-10-03T19:42:52+00:00","dateModified":"2019-10-03T19:42:52+00:00","breadcrumb":{"@id":"https:\/\/instituciones.gtm.sld.cu\/cpscs\/?page_id=1290#breadcrumb"},"inLanguage":"es","potentialAction":[{"@type":"ReadAction","target":["https:\/\/instituciones.gtm.sld.cu\/cpscs\/?page_id=1290"]}]},{"@type":"BreadcrumbList","@id":"https:\/\/instituciones.gtm.sld.cu\/cpscs\/?page_id=1290#breadcrumb","itemListElement":[{"@type":"ListItem","position":1,"name":"Portada","item":"https:\/\/instituciones.gtm.sld.cu\/cpscs"},{"@type":"ListItem","position":2,"name":"Mapa del Sitio"}]},{"@type":"WebSite","@id":"https:\/\/instituciones.gtm.sld.cu\/cpscs\/#website","url":"https:\/\/instituciones.gtm.sld.cu\/cpscs\/","name":"","description":"","potentialAction":[{"@type":"SearchAction","target":{"@type":"EntryPoint","urlTemplate":"https:\/\/instituciones.gtm.sld.cu\/cpscs\/?s={search_term_string}"},"query-input":"required name=search_term_string"}],"inLanguage":"es"}]}},"_links":{"self":[{"href":"https:\/\/instituciones.gtm.sld.cu\/cpscs\/index.php?rest_route=\/wp\/v2\/pages\/1290"}],"collection":[{"href":"https:\/\/instituciones.gtm.sld.cu\/cpscs\/index.php?rest_route=\/wp\/v2\/pages"}],"about":[{"href":"https:\/\/instituciones.gtm.sld.cu\/cpscs\/index.php?rest_route=\/wp\/v2\/types\/page"}],"author":[{"embeddable":true,"href":"https:\/\/instituciones.gtm.sld.cu\/cpscs\/index.php?rest_route=\/wp\/v2\/users\/26"}],"replies":[{"embeddable":true,"href":"https:\/\/instituciones.gtm.sld.cu\/cpscs\/index.php?rest_route=%2Fwp%2Fv2%2Fcomments&post=1290"}],"version-history":[{"count":2,"href":"https:\/\/instituciones.gtm.sld.cu\/cpscs\/index.php?rest_route=\/wp\/v2\/pages\/1290\/revisions"}],"predecessor-version":[{"id":1292,"href":"https:\/\/instituciones.gtm.sld.cu\/cpscs\/index.php?rest_route=\/wp\/v2\/pages\/1290\/revisions\/1292"}],"wp:attachment":[{"href":"https:\/\/instituciones.gtm.sld.cu\/cpscs\/index.php?rest_route=%2Fwp%2Fv2%2Fmedia&parent=1290"}],"curies":[{"name":"wp","href":"https:\/\/api.w.org\/{rel}","templated":true}]}}