{"id":1640,"date":"2022-04-12T11:17:18","date_gmt":"2022-04-12T15:17:18","guid":{"rendered":"http:\/\/instituciones2.gtm.sld.cu\/cpscs\/?page_id=1640"},"modified":"2022-04-12T11:17:18","modified_gmt":"2022-04-12T15:17:18","slug":"cientificos-britanicos-demuestran-que-abdala-es-segura-y-potente","status":"publish","type":"page","link":"https:\/\/instituciones.gtm.sld.cu\/cpscs\/?page_id=1640","title":{"rendered":"Cient\u00edficos brit\u00e1nicos demuestran que Abdala es segura y potente"},"content":{"rendered":"<p><img decoding=\"async\" loading=\"lazy\" src=\"http:\/\/instituciones2.gtm.sld.cu\/cpscs\/wp-content\/uploads\/sites\/24\/2022\/04\/CIGB-abdala-150x150.jpg\" alt=\"\" width=\"150\" height=\"150\" class=\"alignnone size-thumbnail wp-image-1642\" \/><br \/>\nEl prestigioso grupo brit\u00e1nico The Lancet Discovery Science public\u00f3 en su revista  eClinical Medicine un art\u00edculo cient\u00edfico sobre la vacuna Abdala, donde evidencia que es segura, bien tolerada e induce una potente respuesta inmune contra el SARS-CoV-2.<\/p>\n<p>Los resultados obtenidos por esos investigadores \u2014que publican evidencia temprana sobre nuevos m\u00e9todos capaces de mejorar la salud en el mundo\u2014 avalan el quehacer de los cient\u00edficos cubanos y la elevada eficacia demostrada por el f\u00e1rmaco a nivel nacional (92.28%).<\/p>\n<p>El pr\u00f3ximo paso de Abdala fuera de las fronteras patrias es su evaluaci\u00f3n por parte de los expertos de la Organizaci\u00f3n Mundial de la Salud (OMS), tras un intercambio con el organismo iniciado por la mayor de las Antillas en marzo de este a\u00f1o.<\/p>\n<p>Pero no solo esa vacuna tiene \u00e9xito en suelo cubano. El grupo empresarial BioCubaFarma se\u00f1al\u00f3 recientemente en su cuenta en Twitter que, en general, \u201clas vacunas cubanas anticovid-19, han mostrado una reducci\u00f3n significativa de infecciones y muertes en el pa\u00eds\u201d.<\/p>\n","protected":false},"excerpt":{"rendered":"<p>El prestigioso grupo brit\u00e1nico The Lancet Discovery Science public\u00f3 en su revista eClinical Medicine un art\u00edculo cient\u00edfico sobre la vacuna Abdala, donde evidencia que es segura, bien tolerada e induce una potente respuesta inmune contra el SARS-CoV-2. Los resultados obtenidos por esos investigadores \u2014que publican evidencia temprana sobre nuevos m\u00e9todos capaces de mejorar la salud &hellip; <\/p>\n<p><a class=\"more-link btn\" href=\"https:\/\/instituciones.gtm.sld.cu\/cpscs\/?page_id=1640\">Seguir leyendo<\/a><\/p>\n","protected":false},"author":26,"featured_media":0,"parent":0,"menu_order":0,"comment_status":"closed","ping_status":"closed","template":"","meta":{"ngg_post_thumbnail":0,"_mc_calendar":[]},"yoast_head":"<!-- This site is optimized with the Yoast SEO plugin v21.8 - https:\/\/yoast.com\/wordpress\/plugins\/seo\/ -->\n<title>Cient\u00edficos brit\u00e1nicos demuestran que Abdala es segura y potente -<\/title>\n<meta name=\"robots\" content=\"index, follow, max-snippet:-1, max-image-preview:large, max-video-preview:-1\" \/>\n<link rel=\"canonical\" href=\"https:\/\/instituciones.gtm.sld.cu\/cpscs\/?page_id=1640\" \/>\n<meta property=\"og:locale\" content=\"es_ES\" \/>\n<meta property=\"og:type\" content=\"article\" \/>\n<meta property=\"og:title\" content=\"Cient\u00edficos brit\u00e1nicos demuestran que Abdala es segura y potente -\" \/>\n<meta property=\"og:description\" content=\"El prestigioso grupo brit\u00e1nico The Lancet Discovery Science public\u00f3 en su revista eClinical Medicine un art\u00edculo cient\u00edfico sobre la vacuna Abdala, donde evidencia que es segura, bien tolerada e induce una potente respuesta inmune contra el SARS-CoV-2. Los resultados obtenidos por esos investigadores \u2014que publican evidencia temprana sobre nuevos m\u00e9todos capaces de mejorar la salud &hellip; Seguir leyendo\" \/>\n<meta property=\"og:url\" content=\"https:\/\/instituciones.gtm.sld.cu\/cpscs\/?page_id=1640\" \/>\n<meta property=\"og:image\" content=\"http:\/\/instituciones2.gtm.sld.cu\/cpscs\/wp-content\/uploads\/sites\/24\/2022\/04\/CIGB-abdala-150x150.jpg\" \/>\n<meta name=\"twitter:card\" content=\"summary_large_image\" \/>\n<meta name=\"twitter:label1\" content=\"Tiempo de lectura\" \/>\n\t<meta name=\"twitter:data1\" content=\"1 minuto\" \/>\n<script type=\"application\/ld+json\" class=\"yoast-schema-graph\">{\"@context\":\"https:\/\/schema.org\",\"@graph\":[{\"@type\":\"WebPage\",\"@id\":\"https:\/\/instituciones.gtm.sld.cu\/cpscs\/?page_id=1640\",\"url\":\"https:\/\/instituciones.gtm.sld.cu\/cpscs\/?page_id=1640\",\"name\":\"Cient\u00edficos brit\u00e1nicos demuestran que Abdala es segura y potente -\",\"isPartOf\":{\"@id\":\"https:\/\/instituciones.gtm.sld.cu\/cpscs\/#website\"},\"datePublished\":\"2022-04-12T15:17:18+00:00\",\"dateModified\":\"2022-04-12T15:17:18+00:00\",\"breadcrumb\":{\"@id\":\"https:\/\/instituciones.gtm.sld.cu\/cpscs\/?page_id=1640#breadcrumb\"},\"inLanguage\":\"es\",\"potentialAction\":[{\"@type\":\"ReadAction\",\"target\":[\"https:\/\/instituciones.gtm.sld.cu\/cpscs\/?page_id=1640\"]}]},{\"@type\":\"BreadcrumbList\",\"@id\":\"https:\/\/instituciones.gtm.sld.cu\/cpscs\/?page_id=1640#breadcrumb\",\"itemListElement\":[{\"@type\":\"ListItem\",\"position\":1,\"name\":\"Portada\",\"item\":\"https:\/\/instituciones.gtm.sld.cu\/cpscs\"},{\"@type\":\"ListItem\",\"position\":2,\"name\":\"Cient\u00edficos brit\u00e1nicos demuestran que Abdala es segura y potente\"}]},{\"@type\":\"WebSite\",\"@id\":\"https:\/\/instituciones.gtm.sld.cu\/cpscs\/#website\",\"url\":\"https:\/\/instituciones.gtm.sld.cu\/cpscs\/\",\"name\":\"\",\"description\":\"\",\"potentialAction\":[{\"@type\":\"SearchAction\",\"target\":{\"@type\":\"EntryPoint\",\"urlTemplate\":\"https:\/\/instituciones.gtm.sld.cu\/cpscs\/?s={search_term_string}\"},\"query-input\":\"required name=search_term_string\"}],\"inLanguage\":\"es\"}]}<\/script>\n<!-- \/ Yoast SEO plugin. -->","yoast_head_json":{"title":"Cient\u00edficos brit\u00e1nicos demuestran que Abdala es segura y potente -","robots":{"index":"index","follow":"follow","max-snippet":"max-snippet:-1","max-image-preview":"max-image-preview:large","max-video-preview":"max-video-preview:-1"},"canonical":"https:\/\/instituciones.gtm.sld.cu\/cpscs\/?page_id=1640","og_locale":"es_ES","og_type":"article","og_title":"Cient\u00edficos brit\u00e1nicos demuestran que Abdala es segura y potente -","og_description":"El prestigioso grupo brit\u00e1nico The Lancet Discovery Science public\u00f3 en su revista eClinical Medicine un art\u00edculo cient\u00edfico sobre la vacuna Abdala, donde evidencia que es segura, bien tolerada e induce una potente respuesta inmune contra el SARS-CoV-2. Los resultados obtenidos por esos investigadores \u2014que publican evidencia temprana sobre nuevos m\u00e9todos capaces de mejorar la salud &hellip; Seguir leyendo","og_url":"https:\/\/instituciones.gtm.sld.cu\/cpscs\/?page_id=1640","og_image":[{"url":"http:\/\/instituciones2.gtm.sld.cu\/cpscs\/wp-content\/uploads\/sites\/24\/2022\/04\/CIGB-abdala-150x150.jpg"}],"twitter_card":"summary_large_image","twitter_misc":{"Tiempo de lectura":"1 minuto"},"schema":{"@context":"https:\/\/schema.org","@graph":[{"@type":"WebPage","@id":"https:\/\/instituciones.gtm.sld.cu\/cpscs\/?page_id=1640","url":"https:\/\/instituciones.gtm.sld.cu\/cpscs\/?page_id=1640","name":"Cient\u00edficos brit\u00e1nicos demuestran que Abdala es segura y potente -","isPartOf":{"@id":"https:\/\/instituciones.gtm.sld.cu\/cpscs\/#website"},"datePublished":"2022-04-12T15:17:18+00:00","dateModified":"2022-04-12T15:17:18+00:00","breadcrumb":{"@id":"https:\/\/instituciones.gtm.sld.cu\/cpscs\/?page_id=1640#breadcrumb"},"inLanguage":"es","potentialAction":[{"@type":"ReadAction","target":["https:\/\/instituciones.gtm.sld.cu\/cpscs\/?page_id=1640"]}]},{"@type":"BreadcrumbList","@id":"https:\/\/instituciones.gtm.sld.cu\/cpscs\/?page_id=1640#breadcrumb","itemListElement":[{"@type":"ListItem","position":1,"name":"Portada","item":"https:\/\/instituciones.gtm.sld.cu\/cpscs"},{"@type":"ListItem","position":2,"name":"Cient\u00edficos brit\u00e1nicos demuestran que Abdala es segura y potente"}]},{"@type":"WebSite","@id":"https:\/\/instituciones.gtm.sld.cu\/cpscs\/#website","url":"https:\/\/instituciones.gtm.sld.cu\/cpscs\/","name":"","description":"","potentialAction":[{"@type":"SearchAction","target":{"@type":"EntryPoint","urlTemplate":"https:\/\/instituciones.gtm.sld.cu\/cpscs\/?s={search_term_string}"},"query-input":"required name=search_term_string"}],"inLanguage":"es"}]}},"_links":{"self":[{"href":"https:\/\/instituciones.gtm.sld.cu\/cpscs\/index.php?rest_route=\/wp\/v2\/pages\/1640"}],"collection":[{"href":"https:\/\/instituciones.gtm.sld.cu\/cpscs\/index.php?rest_route=\/wp\/v2\/pages"}],"about":[{"href":"https:\/\/instituciones.gtm.sld.cu\/cpscs\/index.php?rest_route=\/wp\/v2\/types\/page"}],"author":[{"embeddable":true,"href":"https:\/\/instituciones.gtm.sld.cu\/cpscs\/index.php?rest_route=\/wp\/v2\/users\/26"}],"replies":[{"embeddable":true,"href":"https:\/\/instituciones.gtm.sld.cu\/cpscs\/index.php?rest_route=%2Fwp%2Fv2%2Fcomments&post=1640"}],"version-history":[{"count":1,"href":"https:\/\/instituciones.gtm.sld.cu\/cpscs\/index.php?rest_route=\/wp\/v2\/pages\/1640\/revisions"}],"predecessor-version":[{"id":1643,"href":"https:\/\/instituciones.gtm.sld.cu\/cpscs\/index.php?rest_route=\/wp\/v2\/pages\/1640\/revisions\/1643"}],"wp:attachment":[{"href":"https:\/\/instituciones.gtm.sld.cu\/cpscs\/index.php?rest_route=%2Fwp%2Fv2%2Fmedia&parent=1640"}],"curies":[{"name":"wp","href":"https:\/\/api.w.org\/{rel}","templated":true}]}}