{"id":1648,"date":"2022-05-03T09:04:39","date_gmt":"2022-05-03T13:04:39","guid":{"rendered":"http:\/\/instituciones2.gtm.sld.cu\/cpscs\/?page_id=1648"},"modified":"2022-05-03T09:04:39","modified_gmt":"2022-05-03T13:04:39","slug":"3-de-mayo-de-2022-dia-mundial-del-asma","status":"publish","type":"page","link":"https:\/\/instituciones.gtm.sld.cu\/cpscs\/?page_id=1648","title":{"rendered":"3 de mayo de 2022. D\u00eda mundial del asma"},"content":{"rendered":"<p><img decoding=\"async\" loading=\"lazy\" src=\"http:\/\/instituciones2.gtm.sld.cu\/cpscs\/wp-content\/uploads\/sites\/24\/2022\/05\/WAD-Logo-2022-01-sp-150x150.jpg\" alt=\"\" width=\"150\" height=\"150\" class=\"alignnone size-thumbnail wp-image-1649\" \/><br \/>\nEl D\u00eda mundial del Asma se celebra cada primer martes de mayo desde 1998, proclamado por la Iniciativa Global para el Asma (GINA, por sus siglas en ingl\u00e9s). Este a\u00f1o 2022 se organizan varias actividades para esta fecha, con el lema central: \u201cCerrar Brechas en la atenci\u00f3n del Asma\u201d.<\/p>\n<p>Esta iniciativa es una oportunidad para crear conciencia en la poblaci\u00f3n de la carga que supone esta enfermedad para quien la padece, y de la posibilidad de tenerla bajo control, llevando una vida saludable sin limitaciones.<\/p>\n<p>Hay una serie de lagunas en la atenci\u00f3n del asma que requieren intervenci\u00f3n para reducir el sufrimiento prevenible, as\u00ed como los costos incurridos por el tratamiento del asma no controlado.<\/p>\n<p>En Cuba se constituy\u00f3 la Comisi\u00f3n Nacional de Asma, asesora del Ministerion de Salud P\u00fablica, en 1972, y el Programa Nacional de Prevenci\u00f3n y Control del Asma vigente data de 2012. Se puede afirmar que la labor preventiva y de atenci\u00f3n m\u00e9dica en cuanto al asma ha tenido una repercusi\u00f3n muy significativa en la reducci\u00f3n de la mortalidad y severidad de los cuadros agudos; sin embargo, lejos estamos aun de haber desterrado el asma como problema de salud, por lo que implica  en cuanto a incidencia, prevalencia y afectaci\u00f3n a la calidad de vida y capacidad funcional de las personas que la padecen.<\/p>\n<p>Entre los objetivos del proyecto GINA que compartimos est\u00e1n:<\/p>\n<p>    Incrementar la conciencia sobre el asma y sus consecuencias para la salud p\u00fablica.<br \/>\n    Promover el estudio de la asociaci\u00f3n entre asma y medio ambiente.<br \/>\n    Reducir la morbilidad y la mortalidad por asma.<br \/>\n    Mejorar la disponibilidad y accesibilidad de una terapia eficaz contra el asma<\/p>\n","protected":false},"excerpt":{"rendered":"<p>El D\u00eda mundial del Asma se celebra cada primer martes de mayo desde 1998, proclamado por la Iniciativa Global para el Asma (GINA, por sus siglas en ingl\u00e9s). Este a\u00f1o 2022 se organizan varias actividades para esta fecha, con el lema central: \u201cCerrar Brechas en la atenci\u00f3n del Asma\u201d. Esta iniciativa es una oportunidad para &hellip; <\/p>\n<p><a class=\"more-link btn\" href=\"https:\/\/instituciones.gtm.sld.cu\/cpscs\/?page_id=1648\">Seguir leyendo<\/a><\/p>\n","protected":false},"author":26,"featured_media":0,"parent":0,"menu_order":0,"comment_status":"closed","ping_status":"closed","template":"","meta":{"ngg_post_thumbnail":0,"_mc_calendar":[]},"yoast_head":"<!-- This site is optimized with the Yoast SEO plugin v21.8 - https:\/\/yoast.com\/wordpress\/plugins\/seo\/ -->\n<title>3 de mayo de 2022. D\u00eda mundial del asma -<\/title>\n<meta name=\"robots\" content=\"index, follow, max-snippet:-1, max-image-preview:large, max-video-preview:-1\" \/>\n<link rel=\"canonical\" href=\"https:\/\/instituciones.gtm.sld.cu\/cpscs\/?page_id=1648\" \/>\n<meta property=\"og:locale\" content=\"es_ES\" \/>\n<meta property=\"og:type\" content=\"article\" \/>\n<meta property=\"og:title\" content=\"3 de mayo de 2022. D\u00eda mundial del asma -\" \/>\n<meta property=\"og:description\" content=\"El D\u00eda mundial del Asma se celebra cada primer martes de mayo desde 1998, proclamado por la Iniciativa Global para el Asma (GINA, por sus siglas en ingl\u00e9s). Este a\u00f1o 2022 se organizan varias actividades para esta fecha, con el lema central: \u201cCerrar Brechas en la atenci\u00f3n del Asma\u201d. Esta iniciativa es una oportunidad para &hellip; Seguir leyendo\" \/>\n<meta property=\"og:url\" content=\"https:\/\/instituciones.gtm.sld.cu\/cpscs\/?page_id=1648\" \/>\n<meta property=\"og:image\" content=\"http:\/\/instituciones2.gtm.sld.cu\/cpscs\/wp-content\/uploads\/sites\/24\/2022\/05\/WAD-Logo-2022-01-sp-150x150.jpg\" \/>\n<meta name=\"twitter:card\" content=\"summary_large_image\" \/>\n<meta name=\"twitter:label1\" content=\"Tiempo de lectura\" \/>\n\t<meta name=\"twitter:data1\" content=\"1 minuto\" \/>\n<script type=\"application\/ld+json\" class=\"yoast-schema-graph\">{\"@context\":\"https:\/\/schema.org\",\"@graph\":[{\"@type\":\"WebPage\",\"@id\":\"https:\/\/instituciones.gtm.sld.cu\/cpscs\/?page_id=1648\",\"url\":\"https:\/\/instituciones.gtm.sld.cu\/cpscs\/?page_id=1648\",\"name\":\"3 de mayo de 2022. D\u00eda mundial del asma -\",\"isPartOf\":{\"@id\":\"https:\/\/instituciones.gtm.sld.cu\/cpscs\/#website\"},\"datePublished\":\"2022-05-03T13:04:39+00:00\",\"dateModified\":\"2022-05-03T13:04:39+00:00\",\"breadcrumb\":{\"@id\":\"https:\/\/instituciones.gtm.sld.cu\/cpscs\/?page_id=1648#breadcrumb\"},\"inLanguage\":\"es\",\"potentialAction\":[{\"@type\":\"ReadAction\",\"target\":[\"https:\/\/instituciones.gtm.sld.cu\/cpscs\/?page_id=1648\"]}]},{\"@type\":\"BreadcrumbList\",\"@id\":\"https:\/\/instituciones.gtm.sld.cu\/cpscs\/?page_id=1648#breadcrumb\",\"itemListElement\":[{\"@type\":\"ListItem\",\"position\":1,\"name\":\"Portada\",\"item\":\"https:\/\/instituciones.gtm.sld.cu\/cpscs\"},{\"@type\":\"ListItem\",\"position\":2,\"name\":\"3 de mayo de 2022. D\u00eda mundial del asma\"}]},{\"@type\":\"WebSite\",\"@id\":\"https:\/\/instituciones.gtm.sld.cu\/cpscs\/#website\",\"url\":\"https:\/\/instituciones.gtm.sld.cu\/cpscs\/\",\"name\":\"\",\"description\":\"\",\"potentialAction\":[{\"@type\":\"SearchAction\",\"target\":{\"@type\":\"EntryPoint\",\"urlTemplate\":\"https:\/\/instituciones.gtm.sld.cu\/cpscs\/?s={search_term_string}\"},\"query-input\":\"required name=search_term_string\"}],\"inLanguage\":\"es\"}]}<\/script>\n<!-- \/ Yoast SEO plugin. -->","yoast_head_json":{"title":"3 de mayo de 2022. D\u00eda mundial del asma -","robots":{"index":"index","follow":"follow","max-snippet":"max-snippet:-1","max-image-preview":"max-image-preview:large","max-video-preview":"max-video-preview:-1"},"canonical":"https:\/\/instituciones.gtm.sld.cu\/cpscs\/?page_id=1648","og_locale":"es_ES","og_type":"article","og_title":"3 de mayo de 2022. D\u00eda mundial del asma -","og_description":"El D\u00eda mundial del Asma se celebra cada primer martes de mayo desde 1998, proclamado por la Iniciativa Global para el Asma (GINA, por sus siglas en ingl\u00e9s). Este a\u00f1o 2022 se organizan varias actividades para esta fecha, con el lema central: \u201cCerrar Brechas en la atenci\u00f3n del Asma\u201d. Esta iniciativa es una oportunidad para &hellip; Seguir leyendo","og_url":"https:\/\/instituciones.gtm.sld.cu\/cpscs\/?page_id=1648","og_image":[{"url":"http:\/\/instituciones2.gtm.sld.cu\/cpscs\/wp-content\/uploads\/sites\/24\/2022\/05\/WAD-Logo-2022-01-sp-150x150.jpg"}],"twitter_card":"summary_large_image","twitter_misc":{"Tiempo de lectura":"1 minuto"},"schema":{"@context":"https:\/\/schema.org","@graph":[{"@type":"WebPage","@id":"https:\/\/instituciones.gtm.sld.cu\/cpscs\/?page_id=1648","url":"https:\/\/instituciones.gtm.sld.cu\/cpscs\/?page_id=1648","name":"3 de mayo de 2022. D\u00eda mundial del asma -","isPartOf":{"@id":"https:\/\/instituciones.gtm.sld.cu\/cpscs\/#website"},"datePublished":"2022-05-03T13:04:39+00:00","dateModified":"2022-05-03T13:04:39+00:00","breadcrumb":{"@id":"https:\/\/instituciones.gtm.sld.cu\/cpscs\/?page_id=1648#breadcrumb"},"inLanguage":"es","potentialAction":[{"@type":"ReadAction","target":["https:\/\/instituciones.gtm.sld.cu\/cpscs\/?page_id=1648"]}]},{"@type":"BreadcrumbList","@id":"https:\/\/instituciones.gtm.sld.cu\/cpscs\/?page_id=1648#breadcrumb","itemListElement":[{"@type":"ListItem","position":1,"name":"Portada","item":"https:\/\/instituciones.gtm.sld.cu\/cpscs"},{"@type":"ListItem","position":2,"name":"3 de mayo de 2022. D\u00eda mundial del asma"}]},{"@type":"WebSite","@id":"https:\/\/instituciones.gtm.sld.cu\/cpscs\/#website","url":"https:\/\/instituciones.gtm.sld.cu\/cpscs\/","name":"","description":"","potentialAction":[{"@type":"SearchAction","target":{"@type":"EntryPoint","urlTemplate":"https:\/\/instituciones.gtm.sld.cu\/cpscs\/?s={search_term_string}"},"query-input":"required name=search_term_string"}],"inLanguage":"es"}]}},"_links":{"self":[{"href":"https:\/\/instituciones.gtm.sld.cu\/cpscs\/index.php?rest_route=\/wp\/v2\/pages\/1648"}],"collection":[{"href":"https:\/\/instituciones.gtm.sld.cu\/cpscs\/index.php?rest_route=\/wp\/v2\/pages"}],"about":[{"href":"https:\/\/instituciones.gtm.sld.cu\/cpscs\/index.php?rest_route=\/wp\/v2\/types\/page"}],"author":[{"embeddable":true,"href":"https:\/\/instituciones.gtm.sld.cu\/cpscs\/index.php?rest_route=\/wp\/v2\/users\/26"}],"replies":[{"embeddable":true,"href":"https:\/\/instituciones.gtm.sld.cu\/cpscs\/index.php?rest_route=%2Fwp%2Fv2%2Fcomments&post=1648"}],"version-history":[{"count":2,"href":"https:\/\/instituciones.gtm.sld.cu\/cpscs\/index.php?rest_route=\/wp\/v2\/pages\/1648\/revisions"}],"predecessor-version":[{"id":1651,"href":"https:\/\/instituciones.gtm.sld.cu\/cpscs\/index.php?rest_route=\/wp\/v2\/pages\/1648\/revisions\/1651"}],"wp:attachment":[{"href":"https:\/\/instituciones.gtm.sld.cu\/cpscs\/index.php?rest_route=%2Fwp%2Fv2%2Fmedia&parent=1648"}],"curies":[{"name":"wp","href":"https:\/\/api.w.org\/{rel}","templated":true}]}}