{"id":200,"date":"2017-09-25T12:38:30","date_gmt":"2017-09-25T12:38:30","guid":{"rendered":"http:\/\/localhost\/SitioCPSCS-Guantanamo\/?page_id=200"},"modified":"2019-10-03T15:07:34","modified_gmt":"2019-10-03T19:07:34","slug":"prestacion","status":"publish","type":"page","link":"https:\/\/instituciones.gtm.sld.cu\/cpscs\/?page_id=200","title":{"rendered":"Prestaci\u00f3n"},"content":{"rendered":"<p><!--StartFragment--><\/p>\n<div class=\"entry_content\">\n<div class=\"pad\">\n<h4 style=\"text-align: justify\">El CPSCS tiene un equipo de trabajo compuesto por una Directora, una secretaria, un inform\u00e1tico y una econ\u00f3mica; que en conjunto abarcan los diferentes servicios debajo mencionados:<\/h4>\n<ul>\n<li style=\"text-align: justify\">Asesor\u00eda para la creaci\u00f3n y funcionamiento de los cap\u00edtulos de las Sociedades Cient\u00edficas.<\/li>\n<li style=\"text-align: justify\">Asesor\u00eda para el desarrollo de actividades y eventos cient\u00edficos en el territorio.<\/li>\n<li style=\"text-align: justify\">Coordinaci\u00f3n de actividades y eventos cient\u00edficos en el territorio.<\/li>\n<li style=\"text-align: justify\">Acreditaci\u00f3n de actividades y eventos cient\u00edficos.<\/li>\n<li style=\"text-align: justify\">Promoci\u00f3n y divulgaci\u00f3n de la actividad cient\u00edfica y social de los cap\u00edtulos.<\/li>\n<li style=\"text-align: justify\">Dispone de una p\u00e1gina Web como \u00f3rgano de divulgaci\u00f3n que tiene el objetivo de facilitar la coordinaci\u00f3n, asesor\u00eda, promoci\u00f3n y difusi\u00f3n de la actividad de los cap\u00edtulos de las Sociedades Cient\u00edficas de la Salud en Guant\u00e1namo.<\/li>\n<\/ul>\n<h4>Misi\u00f3n:<\/h4>\n<p style=\"text-align: justify\">Contribuir con su actividad cient\u00edfica a la elevaci\u00f3n de la salud de la poblaci\u00f3n en su constante evoluci\u00f3n hacia niveles cualitativamente superiores, insert\u00e1ndose a trav\u00e9s de logros cient\u00edficos en el perfeccionamiento del sistema nacional de salud.<\/p>\n<p style=\"text-align: justify\">Colaborar en la divulgaci\u00f3n de los principales logros cient\u00edfico-t\u00e9cnicos, introducci\u00f3n de tecnolog\u00edas de avanzada y nuevos m\u00e9todos profil\u00e1cticos y terap\u00e9uticos en el \u00e1mbito de cada especialidad, mediante el intercambio de experiencias individuales y colectivas en eventos y actividades cient\u00edficas.<\/p>\n<p style=\"text-align: justify\">Coadyuvar en la aplicaci\u00f3n y profundizaci\u00f3n de los conocimientos filos\u00f3ficos, metodol\u00f3gicos y \u00e9ticos del trabajo cient\u00edfico m\u00e9dico, procurando el desarrollo de pensamiento cient\u00edfico de nuestros profesionales.<\/p>\n<h4>Visi\u00f3n:<\/h4>\n<p style=\"text-align: justify\">Somos una organizaci\u00f3n de la Direcci\u00f3n Provincial de Salud que asesoramos y colaboramos con las sociedades cient\u00edficas, Divulgamos las actividades relevantes de la ciencia y los resultados de investigaci\u00f3n, para lograr promover la superaci\u00f3n y el inter\u00e9s por la ciencia, la vocaci\u00f3n de servicio, el compromiso incondicional con la salud y los pueblos hermanos, contribuyendo a desarrollar el humanismo y los valores \u00e9ticos y morales de nuestros especialistas y profesionales, trabajamos para ser l\u00edderes en la gesti\u00f3n de la promoci\u00f3n y difusi\u00f3n de la actividad cient\u00edfica de los profesionales y sus instituciones; ejemplos en esta actividad de compromiso con la \u00e9tica y los valores de la salud p\u00fablica cubana.<\/p>\n<\/div>\n<\/div>\n<h4><!--EndFragment--><\/h4>\n","protected":false},"excerpt":{"rendered":"<p>El CPSCS tiene un equipo de trabajo compuesto por una Directora, una secretaria, un inform\u00e1tico y una econ\u00f3mica; que en conjunto abarcan los diferentes servicios debajo mencionados: Asesor\u00eda para la creaci\u00f3n y funcionamiento de los cap\u00edtulos de las Sociedades Cient\u00edficas. Asesor\u00eda para el desarrollo de actividades y eventos cient\u00edficos en el territorio. Coordinaci\u00f3n de actividades &hellip; <\/p>\n<p><a class=\"more-link btn\" href=\"https:\/\/instituciones.gtm.sld.cu\/cpscs\/?page_id=200\">Seguir leyendo<\/a><\/p>\n","protected":false},"author":26,"featured_media":0,"parent":0,"menu_order":0,"comment_status":"closed","ping_status":"closed","template":"","meta":{"ngg_post_thumbnail":0,"_mc_calendar":[]},"yoast_head":"<!-- This site is optimized with the Yoast SEO plugin v21.8 - https:\/\/yoast.com\/wordpress\/plugins\/seo\/ -->\n<title>Prestaci\u00f3n -<\/title>\n<meta name=\"robots\" content=\"index, follow, max-snippet:-1, max-image-preview:large, max-video-preview:-1\" \/>\n<link rel=\"canonical\" href=\"https:\/\/instituciones.gtm.sld.cu\/cpscs\/?page_id=200\" \/>\n<meta property=\"og:locale\" content=\"es_ES\" \/>\n<meta property=\"og:type\" content=\"article\" \/>\n<meta property=\"og:title\" content=\"Prestaci\u00f3n -\" \/>\n<meta property=\"og:description\" content=\"El CPSCS tiene un equipo de trabajo compuesto por una Directora, una secretaria, un inform\u00e1tico y una econ\u00f3mica; que en conjunto abarcan los diferentes servicios debajo mencionados: Asesor\u00eda para la creaci\u00f3n y funcionamiento de los cap\u00edtulos de las Sociedades Cient\u00edficas. Asesor\u00eda para el desarrollo de actividades y eventos cient\u00edficos en el territorio. Coordinaci\u00f3n de actividades &hellip; Seguir leyendo\" \/>\n<meta property=\"og:url\" content=\"https:\/\/instituciones.gtm.sld.cu\/cpscs\/?page_id=200\" \/>\n<meta property=\"article:modified_time\" content=\"2019-10-03T19:07:34+00:00\" \/>\n<meta name=\"twitter:card\" content=\"summary_large_image\" \/>\n<meta name=\"twitter:label1\" content=\"Tiempo de lectura\" \/>\n\t<meta name=\"twitter:data1\" content=\"2 minutos\" \/>\n<script type=\"application\/ld+json\" class=\"yoast-schema-graph\">{\"@context\":\"https:\/\/schema.org\",\"@graph\":[{\"@type\":\"WebPage\",\"@id\":\"https:\/\/instituciones.gtm.sld.cu\/cpscs\/?page_id=200\",\"url\":\"https:\/\/instituciones.gtm.sld.cu\/cpscs\/?page_id=200\",\"name\":\"Prestaci\u00f3n -\",\"isPartOf\":{\"@id\":\"https:\/\/instituciones.gtm.sld.cu\/cpscs\/#website\"},\"datePublished\":\"2017-09-25T12:38:30+00:00\",\"dateModified\":\"2019-10-03T19:07:34+00:00\",\"breadcrumb\":{\"@id\":\"https:\/\/instituciones.gtm.sld.cu\/cpscs\/?page_id=200#breadcrumb\"},\"inLanguage\":\"es\",\"potentialAction\":[{\"@type\":\"ReadAction\",\"target\":[\"https:\/\/instituciones.gtm.sld.cu\/cpscs\/?page_id=200\"]}]},{\"@type\":\"BreadcrumbList\",\"@id\":\"https:\/\/instituciones.gtm.sld.cu\/cpscs\/?page_id=200#breadcrumb\",\"itemListElement\":[{\"@type\":\"ListItem\",\"position\":1,\"name\":\"Portada\",\"item\":\"https:\/\/instituciones.gtm.sld.cu\/cpscs\"},{\"@type\":\"ListItem\",\"position\":2,\"name\":\"Prestaci\u00f3n\"}]},{\"@type\":\"WebSite\",\"@id\":\"https:\/\/instituciones.gtm.sld.cu\/cpscs\/#website\",\"url\":\"https:\/\/instituciones.gtm.sld.cu\/cpscs\/\",\"name\":\"\",\"description\":\"\",\"potentialAction\":[{\"@type\":\"SearchAction\",\"target\":{\"@type\":\"EntryPoint\",\"urlTemplate\":\"https:\/\/instituciones.gtm.sld.cu\/cpscs\/?s={search_term_string}\"},\"query-input\":\"required name=search_term_string\"}],\"inLanguage\":\"es\"}]}<\/script>\n<!-- \/ Yoast SEO plugin. -->","yoast_head_json":{"title":"Prestaci\u00f3n -","robots":{"index":"index","follow":"follow","max-snippet":"max-snippet:-1","max-image-preview":"max-image-preview:large","max-video-preview":"max-video-preview:-1"},"canonical":"https:\/\/instituciones.gtm.sld.cu\/cpscs\/?page_id=200","og_locale":"es_ES","og_type":"article","og_title":"Prestaci\u00f3n -","og_description":"El CPSCS tiene un equipo de trabajo compuesto por una Directora, una secretaria, un inform\u00e1tico y una econ\u00f3mica; que en conjunto abarcan los diferentes servicios debajo mencionados: Asesor\u00eda para la creaci\u00f3n y funcionamiento de los cap\u00edtulos de las Sociedades Cient\u00edficas. Asesor\u00eda para el desarrollo de actividades y eventos cient\u00edficos en el territorio. Coordinaci\u00f3n de actividades &hellip; Seguir leyendo","og_url":"https:\/\/instituciones.gtm.sld.cu\/cpscs\/?page_id=200","article_modified_time":"2019-10-03T19:07:34+00:00","twitter_card":"summary_large_image","twitter_misc":{"Tiempo de lectura":"2 minutos"},"schema":{"@context":"https:\/\/schema.org","@graph":[{"@type":"WebPage","@id":"https:\/\/instituciones.gtm.sld.cu\/cpscs\/?page_id=200","url":"https:\/\/instituciones.gtm.sld.cu\/cpscs\/?page_id=200","name":"Prestaci\u00f3n -","isPartOf":{"@id":"https:\/\/instituciones.gtm.sld.cu\/cpscs\/#website"},"datePublished":"2017-09-25T12:38:30+00:00","dateModified":"2019-10-03T19:07:34+00:00","breadcrumb":{"@id":"https:\/\/instituciones.gtm.sld.cu\/cpscs\/?page_id=200#breadcrumb"},"inLanguage":"es","potentialAction":[{"@type":"ReadAction","target":["https:\/\/instituciones.gtm.sld.cu\/cpscs\/?page_id=200"]}]},{"@type":"BreadcrumbList","@id":"https:\/\/instituciones.gtm.sld.cu\/cpscs\/?page_id=200#breadcrumb","itemListElement":[{"@type":"ListItem","position":1,"name":"Portada","item":"https:\/\/instituciones.gtm.sld.cu\/cpscs"},{"@type":"ListItem","position":2,"name":"Prestaci\u00f3n"}]},{"@type":"WebSite","@id":"https:\/\/instituciones.gtm.sld.cu\/cpscs\/#website","url":"https:\/\/instituciones.gtm.sld.cu\/cpscs\/","name":"","description":"","potentialAction":[{"@type":"SearchAction","target":{"@type":"EntryPoint","urlTemplate":"https:\/\/instituciones.gtm.sld.cu\/cpscs\/?s={search_term_string}"},"query-input":"required name=search_term_string"}],"inLanguage":"es"}]}},"_links":{"self":[{"href":"https:\/\/instituciones.gtm.sld.cu\/cpscs\/index.php?rest_route=\/wp\/v2\/pages\/200"}],"collection":[{"href":"https:\/\/instituciones.gtm.sld.cu\/cpscs\/index.php?rest_route=\/wp\/v2\/pages"}],"about":[{"href":"https:\/\/instituciones.gtm.sld.cu\/cpscs\/index.php?rest_route=\/wp\/v2\/types\/page"}],"author":[{"embeddable":true,"href":"https:\/\/instituciones.gtm.sld.cu\/cpscs\/index.php?rest_route=\/wp\/v2\/users\/26"}],"replies":[{"embeddable":true,"href":"https:\/\/instituciones.gtm.sld.cu\/cpscs\/index.php?rest_route=%2Fwp%2Fv2%2Fcomments&post=200"}],"version-history":[{"count":4,"href":"https:\/\/instituciones.gtm.sld.cu\/cpscs\/index.php?rest_route=\/wp\/v2\/pages\/200\/revisions"}],"predecessor-version":[{"id":1270,"href":"https:\/\/instituciones.gtm.sld.cu\/cpscs\/index.php?rest_route=\/wp\/v2\/pages\/200\/revisions\/1270"}],"wp:attachment":[{"href":"https:\/\/instituciones.gtm.sld.cu\/cpscs\/index.php?rest_route=%2Fwp%2Fv2%2Fmedia&parent=200"}],"curies":[{"name":"wp","href":"https:\/\/api.w.org\/{rel}","templated":true}]}}