{"id":214,"date":"2017-09-25T12:41:55","date_gmt":"2017-09-25T12:41:55","guid":{"rendered":"http:\/\/localhost\/SitioCPSCS-Guantanamo\/?page_id=214"},"modified":"2019-10-08T15:43:28","modified_gmt":"2019-10-08T19:43:28","slug":"convocatorias","status":"publish","type":"page","link":"https:\/\/instituciones.gtm.sld.cu\/cpscs\/?page_id=214","title":{"rendered":"Convocatorias"},"content":{"rendered":"<h4 style=\"text-align: justify\"><strong>&nbsp;&nbsp;&nbsp;&nbsp;&nbsp;&nbsp;&nbsp;&nbsp;&nbsp;&nbsp;&nbsp;&nbsp;&nbsp;&nbsp;&nbsp;&nbsp;&nbsp;&nbsp;&nbsp;&nbsp;&nbsp;&nbsp;&nbsp;&nbsp;&nbsp;&nbsp;&nbsp;&nbsp;&nbsp;&nbsp;&nbsp;&nbsp;&nbsp; <\/strong>&nbsp;&nbsp;&nbsp;&nbsp;&nbsp;&nbsp;&nbsp;&nbsp;&nbsp;&nbsp;&nbsp;&nbsp;&nbsp;&nbsp;&nbsp;&nbsp;&nbsp;&nbsp;&nbsp;&nbsp;&nbsp;&nbsp;&nbsp;&nbsp;&nbsp;&nbsp;&nbsp;&nbsp;&nbsp;&nbsp;&nbsp;&nbsp;&nbsp;<\/h4>\n<p style=\"text-align: center\"><strong>M<\/strong><strong>I<\/strong><strong>N<\/strong><strong>I<\/strong><strong>STERIO DE SALUD P\u00daBLICA<\/strong><\/p>\n<p style=\"text-align: center\"><strong>C<\/strong><strong>O<\/strong><strong>N<\/strong><strong>SEJO NACIONAL DE SOCIEDADES CIENT\u00cdFICAS DE LA SALUD<\/strong><\/p>\n<p style=\"text-align: center\"><strong>C<\/strong><strong>O<\/strong><strong>N<\/strong><strong>V<\/strong><strong>O<\/strong><strong>CA<\/strong><strong>T<\/strong><strong>O<\/strong><strong>R<\/strong><strong>I<\/strong><strong>A &nbsp;AL XLIV CONCURSO \u201cPREMIO ANUAL DE LA SALUD 2019\u201d<\/strong><\/p>\n<p style=\"text-align: justify\">El l\u00edder hist\u00f3rico de la Revoluci\u00f3n Cubana Fidel Castro Ruz nos leg\u00f3 que:\u201cCuba necesita mucho de los hombres de pensamiento, sobre todo de los hombres de pensamiento claro, no solo hombres que hayan acumulado conocimientos; hombres que pongan sus conocimientos del lado del bien, del lado de la justicia, del lado de la Patria, entre los hombres de pensamiento hay que librar la batalla, entre los hombres de pensamiento hay que formar la legi\u00f3n que brinde los recursos de su inteligencia a la Revoluci\u00f3n en esta hora, porque hombres hay que han acumulado pensamientos, pero no los emplean sino en beneficio de sus propios intereses, no los emplean sino ego\u00edstamente, y necesitamos hombres de pensamiento que lo empleen en bien de los dem\u00e1s\u201d.<\/p>\n<p style=\"text-align: justify\">\u201cDiscurso pronunciado por el Comandante Fidel Castro Ruz, en el acto celebrado por la<\/p>\n<p style=\"text-align: justify\">Sociedad Espeleol\u00f3gica de Cuba, en la Academia de Ciencias, el 15\/01\/1960\u201d.<\/p>\n<p style=\"text-align: justify\">Consecuentes con este legado el Concurso <strong><u>Premio Anual de la Salud<\/u><\/strong>, constituye el reconocimiento m\u00e1s importante que otorga el Ministerio de Salud P\u00fablica cada a\u00f1o, a los profesionales con resultados relevantes en las investigaciones vinculadas a las ciencias m\u00e9dicas, que en correspondencia con los Lineamientos de la Pol\u00edtica Econ\u00f3mica y Social del Partido y la Revoluci\u00f3n, aprobados en el VII Congreso del PCC y que tributan al cumplimiento de los objetivos, prioridades y retos del Sistema Nacional de Salud. &nbsp;<\/p>\n<p style=\"text-align: justify\">Para m\u00e1s informaci\u00f3n: <a href=\"http:\/\/instituciones2.gtm.sld.cu\/cpscs\/wp-content\/uploads\/sites\/24\/2019\/10\/Convocatoria-2019-para-Capitulos-y-Directores-Municipales.docx\">Convocatoria 2019 del PAS<\/a><\/p>\n","protected":false},"excerpt":{"rendered":"<p>&nbsp;&nbsp;&nbsp;&nbsp;&nbsp;&nbsp;&nbsp;&nbsp;&nbsp;&nbsp;&nbsp;&nbsp;&nbsp;&nbsp;&nbsp;&nbsp;&nbsp;&nbsp;&nbsp;&nbsp;&nbsp;&nbsp;&nbsp;&nbsp;&nbsp;&nbsp;&nbsp;&nbsp;&nbsp;&nbsp;&nbsp;&nbsp;&nbsp; &nbsp;&nbsp;&nbsp;&nbsp;&nbsp;&nbsp;&nbsp;&nbsp;&nbsp;&nbsp;&nbsp;&nbsp;&nbsp;&nbsp;&nbsp;&nbsp;&nbsp;&nbsp;&nbsp;&nbsp;&nbsp;&nbsp;&nbsp;&nbsp;&nbsp;&nbsp;&nbsp;&nbsp;&nbsp;&nbsp;&nbsp;&nbsp;&nbsp; MINISTERIO DE SALUD P\u00daBLICA CONSEJO NACIONAL DE SOCIEDADES CIENT\u00cdFICAS DE LA SALUD CONVOCATORIA &nbsp;AL XLIV CONCURSO \u201cPREMIO ANUAL DE LA SALUD 2019\u201d El l\u00edder hist\u00f3rico de la Revoluci\u00f3n Cubana Fidel Castro Ruz nos leg\u00f3 que:\u201cCuba necesita mucho de los hombres de pensamiento, sobre todo de los hombres de pensamiento claro, no solo hombres &hellip; <\/p>\n<p><a class=\"more-link btn\" href=\"https:\/\/instituciones.gtm.sld.cu\/cpscs\/?page_id=214\">Seguir leyendo<\/a><\/p>\n","protected":false},"author":26,"featured_media":0,"parent":212,"menu_order":0,"comment_status":"closed","ping_status":"closed","template":"","meta":{"ngg_post_thumbnail":0,"_mc_calendar":[]},"yoast_head":"<!-- This site is optimized with the Yoast SEO plugin v21.8 - https:\/\/yoast.com\/wordpress\/plugins\/seo\/ -->\n<title>Convocatorias -<\/title>\n<meta name=\"robots\" content=\"index, follow, max-snippet:-1, max-image-preview:large, max-video-preview:-1\" \/>\n<link rel=\"canonical\" href=\"https:\/\/instituciones.gtm.sld.cu\/cpscs\/?page_id=214\" \/>\n<meta property=\"og:locale\" content=\"es_ES\" \/>\n<meta property=\"og:type\" content=\"article\" \/>\n<meta property=\"og:title\" content=\"Convocatorias -\" \/>\n<meta property=\"og:description\" content=\"&nbsp;&nbsp;&nbsp;&nbsp;&nbsp;&nbsp;&nbsp;&nbsp;&nbsp;&nbsp;&nbsp;&nbsp;&nbsp;&nbsp;&nbsp;&nbsp;&nbsp;&nbsp;&nbsp;&nbsp;&nbsp;&nbsp;&nbsp;&nbsp;&nbsp;&nbsp;&nbsp;&nbsp;&nbsp;&nbsp;&nbsp;&nbsp;&nbsp; &nbsp;&nbsp;&nbsp;&nbsp;&nbsp;&nbsp;&nbsp;&nbsp;&nbsp;&nbsp;&nbsp;&nbsp;&nbsp;&nbsp;&nbsp;&nbsp;&nbsp;&nbsp;&nbsp;&nbsp;&nbsp;&nbsp;&nbsp;&nbsp;&nbsp;&nbsp;&nbsp;&nbsp;&nbsp;&nbsp;&nbsp;&nbsp;&nbsp; MINISTERIO DE SALUD P\u00daBLICA CONSEJO NACIONAL DE SOCIEDADES CIENT\u00cdFICAS DE LA SALUD CONVOCATORIA &nbsp;AL XLIV CONCURSO \u201cPREMIO ANUAL DE LA SALUD 2019\u201d El l\u00edder hist\u00f3rico de la Revoluci\u00f3n Cubana Fidel Castro Ruz nos leg\u00f3 que:\u201cCuba necesita mucho de los hombres de pensamiento, sobre todo de los hombres de pensamiento claro, no solo hombres &hellip; Seguir leyendo\" \/>\n<meta property=\"og:url\" content=\"https:\/\/instituciones.gtm.sld.cu\/cpscs\/?page_id=214\" \/>\n<meta property=\"article:modified_time\" content=\"2019-10-08T19:43:28+00:00\" \/>\n<meta name=\"twitter:card\" content=\"summary_large_image\" \/>\n<meta name=\"twitter:label1\" content=\"Tiempo de lectura\" \/>\n\t<meta name=\"twitter:data1\" content=\"2 minutos\" \/>\n<script type=\"application\/ld+json\" class=\"yoast-schema-graph\">{\"@context\":\"https:\/\/schema.org\",\"@graph\":[{\"@type\":\"WebPage\",\"@id\":\"https:\/\/instituciones.gtm.sld.cu\/cpscs\/?page_id=214\",\"url\":\"https:\/\/instituciones.gtm.sld.cu\/cpscs\/?page_id=214\",\"name\":\"Convocatorias -\",\"isPartOf\":{\"@id\":\"https:\/\/instituciones.gtm.sld.cu\/cpscs\/#website\"},\"datePublished\":\"2017-09-25T12:41:55+00:00\",\"dateModified\":\"2019-10-08T19:43:28+00:00\",\"breadcrumb\":{\"@id\":\"https:\/\/instituciones.gtm.sld.cu\/cpscs\/?page_id=214#breadcrumb\"},\"inLanguage\":\"es\",\"potentialAction\":[{\"@type\":\"ReadAction\",\"target\":[\"https:\/\/instituciones.gtm.sld.cu\/cpscs\/?page_id=214\"]}]},{\"@type\":\"BreadcrumbList\",\"@id\":\"https:\/\/instituciones.gtm.sld.cu\/cpscs\/?page_id=214#breadcrumb\",\"itemListElement\":[{\"@type\":\"ListItem\",\"position\":1,\"name\":\"Portada\",\"item\":\"https:\/\/instituciones.gtm.sld.cu\/cpscs\"},{\"@type\":\"ListItem\",\"position\":2,\"name\":\"Premio Anual de Salud\",\"item\":\"https:\/\/instituciones.gtm.sld.cu\/cpscs\/?page_id=212\"},{\"@type\":\"ListItem\",\"position\":3,\"name\":\"Convocatorias\"}]},{\"@type\":\"WebSite\",\"@id\":\"https:\/\/instituciones.gtm.sld.cu\/cpscs\/#website\",\"url\":\"https:\/\/instituciones.gtm.sld.cu\/cpscs\/\",\"name\":\"\",\"description\":\"\",\"potentialAction\":[{\"@type\":\"SearchAction\",\"target\":{\"@type\":\"EntryPoint\",\"urlTemplate\":\"https:\/\/instituciones.gtm.sld.cu\/cpscs\/?s={search_term_string}\"},\"query-input\":\"required name=search_term_string\"}],\"inLanguage\":\"es\"}]}<\/script>\n<!-- \/ Yoast SEO plugin. -->","yoast_head_json":{"title":"Convocatorias -","robots":{"index":"index","follow":"follow","max-snippet":"max-snippet:-1","max-image-preview":"max-image-preview:large","max-video-preview":"max-video-preview:-1"},"canonical":"https:\/\/instituciones.gtm.sld.cu\/cpscs\/?page_id=214","og_locale":"es_ES","og_type":"article","og_title":"Convocatorias -","og_description":"&nbsp;&nbsp;&nbsp;&nbsp;&nbsp;&nbsp;&nbsp;&nbsp;&nbsp;&nbsp;&nbsp;&nbsp;&nbsp;&nbsp;&nbsp;&nbsp;&nbsp;&nbsp;&nbsp;&nbsp;&nbsp;&nbsp;&nbsp;&nbsp;&nbsp;&nbsp;&nbsp;&nbsp;&nbsp;&nbsp;&nbsp;&nbsp;&nbsp; &nbsp;&nbsp;&nbsp;&nbsp;&nbsp;&nbsp;&nbsp;&nbsp;&nbsp;&nbsp;&nbsp;&nbsp;&nbsp;&nbsp;&nbsp;&nbsp;&nbsp;&nbsp;&nbsp;&nbsp;&nbsp;&nbsp;&nbsp;&nbsp;&nbsp;&nbsp;&nbsp;&nbsp;&nbsp;&nbsp;&nbsp;&nbsp;&nbsp; MINISTERIO DE SALUD P\u00daBLICA CONSEJO NACIONAL DE SOCIEDADES CIENT\u00cdFICAS DE LA SALUD CONVOCATORIA &nbsp;AL XLIV CONCURSO \u201cPREMIO ANUAL DE LA SALUD 2019\u201d El l\u00edder hist\u00f3rico de la Revoluci\u00f3n Cubana Fidel Castro Ruz nos leg\u00f3 que:\u201cCuba necesita mucho de los hombres de pensamiento, sobre todo de los hombres de pensamiento claro, no solo hombres &hellip; Seguir leyendo","og_url":"https:\/\/instituciones.gtm.sld.cu\/cpscs\/?page_id=214","article_modified_time":"2019-10-08T19:43:28+00:00","twitter_card":"summary_large_image","twitter_misc":{"Tiempo de lectura":"2 minutos"},"schema":{"@context":"https:\/\/schema.org","@graph":[{"@type":"WebPage","@id":"https:\/\/instituciones.gtm.sld.cu\/cpscs\/?page_id=214","url":"https:\/\/instituciones.gtm.sld.cu\/cpscs\/?page_id=214","name":"Convocatorias -","isPartOf":{"@id":"https:\/\/instituciones.gtm.sld.cu\/cpscs\/#website"},"datePublished":"2017-09-25T12:41:55+00:00","dateModified":"2019-10-08T19:43:28+00:00","breadcrumb":{"@id":"https:\/\/instituciones.gtm.sld.cu\/cpscs\/?page_id=214#breadcrumb"},"inLanguage":"es","potentialAction":[{"@type":"ReadAction","target":["https:\/\/instituciones.gtm.sld.cu\/cpscs\/?page_id=214"]}]},{"@type":"BreadcrumbList","@id":"https:\/\/instituciones.gtm.sld.cu\/cpscs\/?page_id=214#breadcrumb","itemListElement":[{"@type":"ListItem","position":1,"name":"Portada","item":"https:\/\/instituciones.gtm.sld.cu\/cpscs"},{"@type":"ListItem","position":2,"name":"Premio Anual de Salud","item":"https:\/\/instituciones.gtm.sld.cu\/cpscs\/?page_id=212"},{"@type":"ListItem","position":3,"name":"Convocatorias"}]},{"@type":"WebSite","@id":"https:\/\/instituciones.gtm.sld.cu\/cpscs\/#website","url":"https:\/\/instituciones.gtm.sld.cu\/cpscs\/","name":"","description":"","potentialAction":[{"@type":"SearchAction","target":{"@type":"EntryPoint","urlTemplate":"https:\/\/instituciones.gtm.sld.cu\/cpscs\/?s={search_term_string}"},"query-input":"required name=search_term_string"}],"inLanguage":"es"}]}},"_links":{"self":[{"href":"https:\/\/instituciones.gtm.sld.cu\/cpscs\/index.php?rest_route=\/wp\/v2\/pages\/214"}],"collection":[{"href":"https:\/\/instituciones.gtm.sld.cu\/cpscs\/index.php?rest_route=\/wp\/v2\/pages"}],"about":[{"href":"https:\/\/instituciones.gtm.sld.cu\/cpscs\/index.php?rest_route=\/wp\/v2\/types\/page"}],"author":[{"embeddable":true,"href":"https:\/\/instituciones.gtm.sld.cu\/cpscs\/index.php?rest_route=\/wp\/v2\/users\/26"}],"replies":[{"embeddable":true,"href":"https:\/\/instituciones.gtm.sld.cu\/cpscs\/index.php?rest_route=%2Fwp%2Fv2%2Fcomments&post=214"}],"version-history":[{"count":3,"href":"https:\/\/instituciones.gtm.sld.cu\/cpscs\/index.php?rest_route=\/wp\/v2\/pages\/214\/revisions"}],"predecessor-version":[{"id":1327,"href":"https:\/\/instituciones.gtm.sld.cu\/cpscs\/index.php?rest_route=\/wp\/v2\/pages\/214\/revisions\/1327"}],"up":[{"embeddable":true,"href":"https:\/\/instituciones.gtm.sld.cu\/cpscs\/index.php?rest_route=\/wp\/v2\/pages\/212"}],"wp:attachment":[{"href":"https:\/\/instituciones.gtm.sld.cu\/cpscs\/index.php?rest_route=%2Fwp%2Fv2%2Fmedia&parent=214"}],"curies":[{"name":"wp","href":"https:\/\/api.w.org\/{rel}","templated":true}]}}