{"id":216,"date":"2017-09-25T12:42:30","date_gmt":"2017-09-25T12:42:30","guid":{"rendered":"http:\/\/localhost\/SitioCPSCS-Guantanamo\/?page_id=216"},"modified":"2017-09-25T12:42:30","modified_gmt":"2017-09-25T12:42:30","slug":"premios-provinciales","status":"publish","type":"page","link":"https:\/\/instituciones.gtm.sld.cu\/cpscs\/?page_id=216","title":{"rendered":"Premios Provinciales"},"content":{"rendered":"<h2 style=\"text-align: center\">A\u00f1o 2009 &#8211; Premios<\/h2>\n<table style=\"height: 447px\" width=\"788\">\n<tbody>\n<tr>\n<td width=\"307\"><strong>Nombre<\/strong><\/td>\n<td width=\"324\"><strong>Categor\u00eda<\/strong><\/td>\n<td width=\"324\"><strong>Titulo del Trabajo<\/strong><\/td>\n<\/tr>\n<tr>\n<td style=\"text-align: justify\" width=\"307\"><strong>Dr. MSc Rogelio Creagh Bandera<\/strong><\/td>\n<td style=\"text-align: justify\" width=\"324\"><strong>Educaci\u00f3n m\u00e9dica<\/strong><\/td>\n<td style=\"text-align: justify\" width=\"324\"><strong>Pase de visita: forma de ense\u00f1anza en el modelo de la universalizaci\u00f3n<\/strong><\/td>\n<\/tr>\n<tr>\n<td style=\"text-align: justify\" width=\"307\"><strong>MSc. Yuslay Ponce S\u00e1nchez<\/strong><\/td>\n<td style=\"text-align: justify\" width=\"324\"><strong>Art\u00edculo cient\u00edfico<\/strong><\/td>\n<td style=\"text-align: justify\" width=\"324\"><strong>Ciencia y valores \u00e9ticos en el cambio organizacional de las entidades de salud de la provincia Guant\u00e1namo<\/strong><\/td>\n<\/tr>\n<tr>\n<td style=\"text-align: justify\" width=\"307\"><strong>MSc Dr. Roberto H\u00e9ctor Henry Knight<\/strong><\/td>\n<td style=\"text-align: justify\" width=\"324\"><strong>Investigaci\u00f3n aplicada<\/strong><\/td>\n<td style=\"text-align: justify\" width=\"324\"><strong>Utilizaci\u00f3n de f\u00e1rmacos antihipertensivos en la hipertensi\u00f3n arterial. Unidad de cuidados intermedios polivalente<\/strong><\/td>\n<\/tr>\n<tr>\n<td style=\"text-align: justify\" width=\"307\"><strong>Dr.C. Irayma Cazull Imbert<\/strong><\/td>\n<td style=\"text-align: justify\" width=\"324\"><strong>Tesis de Maestr\u00eda<\/strong><\/td>\n<td style=\"text-align: justify\" width=\"324\"><strong>Estrategia para la formaci\u00f3n de socorristas<\/strong><\/td>\n<\/tr>\n<tr>\n<td style=\"text-align: justify\" width=\"307\"><strong>MSc. Aide\u00e9 Milagros Fern\u00e1ndez Cantillo<\/strong><\/td>\n<td style=\"text-align: justify\" width=\"324\"><strong>Innovaci\u00f3n tecnol\u00f3gica<\/strong><\/td>\n<td style=\"text-align: justify\" width=\"324\"><strong>Cuestionario en forma de software para el diagn\u00f3stico e investigaciones del Burnout en m\u00e9dicos<\/strong><\/td>\n<\/tr>\n<tr>\n<td style=\"text-align: justify\" width=\"307\"><strong>MSc. Arlines Franco Bonal<\/strong><\/td>\n<td style=\"text-align: justify\" width=\"324\"><strong>Teor\u00eda cient\u00edfica<\/strong><\/td>\n<td style=\"text-align: justify\" width=\"324\"><strong>Caracterizaci\u00f3n de la adherencia terap\u00e9utica antihipertensiva en el adulto mayor<\/strong><\/td>\n<\/tr>\n<\/tbody>\n<\/table>\n<h2 style=\"text-align: center\">A\u00f1o 2009 &#8211; Menciones<\/h2>\n<table style=\"height: 779px\" width=\"785\">\n<tbody>\n<tr>\n<td width=\"307\"><strong>Nombre<\/strong><\/td>\n<td width=\"324\"><strong>Categor\u00eda<\/strong><\/td>\n<td width=\"324\"><strong>Titulo del Trabajo<\/strong><\/td>\n<\/tr>\n<tr>\n<td style=\"text-align: justify\" width=\"307\"><strong>Dr. C. Alfredo Pardo Fern\u00e1ndez<\/strong><\/td>\n<td style=\"text-align: justify\" width=\"324\"><strong>Educaci\u00f3n m\u00e9dica<\/strong><\/td>\n<td style=\"text-align: justify\" width=\"324\"><strong>Programa interdisciplinario para el proceso de capacitaci\u00f3n de capacitadores de cuadros en Guant\u00e1namo<\/strong><\/td>\n<\/tr>\n<tr>\n<td style=\"text-align: justify\" width=\"307\"><strong>Lic. Carlos Singh Castillo<\/strong><\/td>\n<td style=\"text-align: justify\" width=\"324\"><strong>Educaci\u00f3n m\u00e9dica<\/strong><\/td>\n<td style=\"text-align: justify\" width=\"324\"><strong>Sistema de evaluaci\u00f3n de la eficacia de la educaci\u00f3n m\u00e9dica<\/strong><\/td>\n<\/tr>\n<tr>\n<td style=\"text-align: justify\" width=\"307\"><strong>Lic MSc. Gisela Paredes Rodr\u00edguez<\/strong><\/td>\n<td style=\"text-align: justify\" width=\"324\"><strong>Art\u00edculo cient\u00edfico<\/strong><\/td>\n<td style=\"text-align: justify\" width=\"324\"><strong>Propuesta para la organizaci\u00f3n del trabajo de educaci\u00f3n en valores de la ense\u00f1anza m\u00e9dica<\/strong><\/td>\n<\/tr>\n<tr>\n<td style=\"text-align: justify\" width=\"307\"><strong>Dra. Milagros Mart\u00ednez Rodr\u00edguez<\/strong><\/td>\n<td style=\"text-align: justify\" width=\"324\"><strong>Art\u00edculo cient\u00edfico<\/strong><\/td>\n<td style=\"text-align: justify\" width=\"324\"><strong>Intervenci\u00f3n educativa sobre salud bucal en pacientes con VIH<\/strong><\/td>\n<\/tr>\n<tr>\n<td style=\"text-align: justify\" width=\"307\"><strong>Dr. Vladimir Carri\u00f3n Teopes<\/strong><\/td>\n<td style=\"text-align: justify\" width=\"324\"><strong>Tesis de Especialidad <\/strong><\/td>\n<td style=\"text-align: justify\" width=\"324\"><strong>Mortalidad y a\u00f1os de vida potenciales perdidos por enfermedades arteriales en Cuba 2000 y 2005<\/strong><\/td>\n<\/tr>\n<tr>\n<td style=\"text-align: justify\" width=\"307\"><strong>Lic. Yasm\u00edn Dranguet Olivero<\/strong><\/td>\n<td style=\"text-align: justify\" width=\"324\"><strong>Tesis de Maestr\u00eda<\/strong><\/td>\n<td style=\"text-align: justify\" width=\"324\"><strong>Efecto diur\u00e9tico de la Peperomia pell\u00facida en ratas de la l\u00ednea Wistar<\/strong><\/td>\n<\/tr>\n<tr>\n<td style=\"text-align: justify\" width=\"307\"><strong>Dra. Dolores Gipsy P\u00e9rez Quintana<\/strong><\/td>\n<td style=\"text-align: justify\" width=\"324\"><strong>Tesis de Maestr\u00eda<\/strong><\/td>\n<td style=\"text-align: justify\" width=\"324\"><strong>Capacitaci\u00f3n en primeros auxilios a conductores de veh\u00edculos<\/strong><\/td>\n<\/tr>\n<tr>\n<td style=\"text-align: justify\" width=\"307\"><strong>Lic. Yuslay Ponce S\u00e1nchez<\/strong><\/td>\n<td style=\"text-align: justify\" width=\"324\"><strong>Tesis de Maestr\u00eda<\/strong><\/td>\n<td style=\"text-align: justify\" width=\"324\"><strong>Planificaci\u00f3n estrat\u00e9gica desde valores compartidos en los policl\u00ednicos de la ciudad de Guant\u00e1namo<\/strong><\/td>\n<\/tr>\n<tr>\n<td style=\"text-align: justify\" width=\"307\"><strong>Lic. Eleidis P\u00e9rez Garc\u00eda<\/strong><\/td>\n<td style=\"text-align: justify\" width=\"324\"><strong>Tesis de Maestr\u00eda<\/strong><\/td>\n<td style=\"text-align: justify\" width=\"324\"><strong>4. Metodolog\u00eda para contribuir a la formaci\u00f3n de competencias profesionales en los tecn\u00f3logos de nutrici\u00f3n y diet\u00e9tica en la Filial Ciencias M\u00e9dicas de Guant\u00e1namo<\/strong><\/td>\n<\/tr>\n<tr>\n<td style=\"text-align: justify\" width=\"307\"><strong>MSc. Ruby Esther Maynard Bermudez<\/strong><\/td>\n<td style=\"text-align: justify\" width=\"324\"><strong>Investigaci\u00f3n en servicios y sistemas de salud<\/strong><\/td>\n<td style=\"text-align: justify\" width=\"324\"><strong>Estrategia de direcci\u00f3n para mejorar la calidad de los servicios en el Hospital Bansang<\/strong><\/td>\n<\/tr>\n<tr>\n<td style=\"text-align: justify\" width=\"307\"><strong>Dra. Nuria P\u00e9rez Delgado<\/strong><\/td>\n<td style=\"text-align: justify\" width=\"324\"><strong>Temas de actualizaci\u00f3n<\/strong><\/td>\n<td style=\"text-align: justify\" width=\"324\"><strong>Terap\u00e9utica anest\u00e9sica en Estomatolog\u00eda<\/strong><\/td>\n<\/tr>\n<\/tbody>\n<\/table>\n<h4><span style=\"color: #000000\"><strong>Ver M\u00e1s++<\/strong> <strong>Relacion de Premios y Menciones en: <span style=\"text-decoration: underline\"><a title=\"2010\" href=\"http:\/\/localhost\/SitioCPSCS-Guantanamo\/?page_id=788\" target=\"_blank\">2010<\/a>\/<a title=\"2011\" href=\"http:\/\/localhost\/SitioCPSCS-Guantanamo\/?page_id=790\" target=\"_blank\">2011<\/a>\/<a title=\"2012\" href=\"http:\/\/localhost\/SitioCPSCS-Guantanamo\/?page_id=792\" target=\"_blank\">2012<\/a>\/<a title=\"2013\" href=\"http:\/\/localhost\/SitioCPSCS-Guantanamo\/?page_id=794\" target=\"_blank\">2013<\/a>\/<a title=\"2014\" href=\"http:\/\/localhost\/SitioCPSCS-Guantanamo\/?page_id=796\" target=\"_blank\">2014<\/a>\/<a title=\"2015\" href=\"http:\/\/localhost\/SitioCPSCS-Guantanamo\/?page_id=798\" target=\"_blank\">2015<\/a>\/<a title=\"2016\" href=\"http:\/\/localhost\/SitioCPSCS-Guantanamo\/?page_id=800\" target=\"_blank\">2016<\/a>\/<a title=\"2017\" href=\"http:\/\/localhost\/SitioCPSCS-Guantanamo\/?page_id=802\" target=\"_blank\">2017<\/a><\/span><\/strong><\/span><\/h4>\n","protected":false},"excerpt":{"rendered":"<p>A\u00f1o 2009 &#8211; Premios Nombre Categor\u00eda Titulo del Trabajo Dr. MSc Rogelio Creagh Bandera Educaci\u00f3n m\u00e9dica Pase de visita: forma de ense\u00f1anza en el modelo de la universalizaci\u00f3n MSc. Yuslay Ponce S\u00e1nchez Art\u00edculo cient\u00edfico Ciencia y valores \u00e9ticos en el cambio organizacional de las entidades de salud de la provincia Guant\u00e1namo MSc Dr. Roberto H\u00e9ctor &hellip; <\/p>\n<p><a class=\"more-link btn\" href=\"https:\/\/instituciones.gtm.sld.cu\/cpscs\/?page_id=216\">Seguir leyendo<\/a><\/p>\n","protected":false},"author":26,"featured_media":0,"parent":212,"menu_order":0,"comment_status":"closed","ping_status":"closed","template":"","meta":{"ngg_post_thumbnail":0,"_mc_calendar":[]},"yoast_head":"<!-- This site is optimized with the Yoast SEO plugin v21.8 - https:\/\/yoast.com\/wordpress\/plugins\/seo\/ -->\n<title>Premios Provinciales -<\/title>\n<meta name=\"robots\" content=\"index, follow, max-snippet:-1, max-image-preview:large, max-video-preview:-1\" \/>\n<link rel=\"canonical\" href=\"https:\/\/instituciones.gtm.sld.cu\/cpscs\/?page_id=216\" \/>\n<meta property=\"og:locale\" content=\"es_ES\" \/>\n<meta property=\"og:type\" content=\"article\" \/>\n<meta property=\"og:title\" content=\"Premios Provinciales -\" \/>\n<meta property=\"og:description\" content=\"A\u00f1o 2009 &#8211; Premios Nombre Categor\u00eda Titulo del Trabajo Dr. MSc Rogelio Creagh Bandera Educaci\u00f3n m\u00e9dica Pase de visita: forma de ense\u00f1anza en el modelo de la universalizaci\u00f3n MSc. Yuslay Ponce S\u00e1nchez Art\u00edculo cient\u00edfico Ciencia y valores \u00e9ticos en el cambio organizacional de las entidades de salud de la provincia Guant\u00e1namo MSc Dr. Roberto H\u00e9ctor &hellip; Seguir leyendo\" \/>\n<meta property=\"og:url\" content=\"https:\/\/instituciones.gtm.sld.cu\/cpscs\/?page_id=216\" \/>\n<meta name=\"twitter:card\" content=\"summary_large_image\" \/>\n<meta name=\"twitter:label1\" content=\"Tiempo de lectura\" \/>\n\t<meta name=\"twitter:data1\" content=\"2 minutos\" \/>\n<script type=\"application\/ld+json\" class=\"yoast-schema-graph\">{\"@context\":\"https:\/\/schema.org\",\"@graph\":[{\"@type\":\"WebPage\",\"@id\":\"https:\/\/instituciones.gtm.sld.cu\/cpscs\/?page_id=216\",\"url\":\"https:\/\/instituciones.gtm.sld.cu\/cpscs\/?page_id=216\",\"name\":\"Premios Provinciales -\",\"isPartOf\":{\"@id\":\"https:\/\/instituciones.gtm.sld.cu\/cpscs\/#website\"},\"datePublished\":\"2017-09-25T12:42:30+00:00\",\"dateModified\":\"2017-09-25T12:42:30+00:00\",\"breadcrumb\":{\"@id\":\"https:\/\/instituciones.gtm.sld.cu\/cpscs\/?page_id=216#breadcrumb\"},\"inLanguage\":\"es\",\"potentialAction\":[{\"@type\":\"ReadAction\",\"target\":[\"https:\/\/instituciones.gtm.sld.cu\/cpscs\/?page_id=216\"]}]},{\"@type\":\"BreadcrumbList\",\"@id\":\"https:\/\/instituciones.gtm.sld.cu\/cpscs\/?page_id=216#breadcrumb\",\"itemListElement\":[{\"@type\":\"ListItem\",\"position\":1,\"name\":\"Portada\",\"item\":\"https:\/\/instituciones.gtm.sld.cu\/cpscs\"},{\"@type\":\"ListItem\",\"position\":2,\"name\":\"Premio Anual de Salud\",\"item\":\"https:\/\/instituciones.gtm.sld.cu\/cpscs\/?page_id=212\"},{\"@type\":\"ListItem\",\"position\":3,\"name\":\"Premios Provinciales\"}]},{\"@type\":\"WebSite\",\"@id\":\"https:\/\/instituciones.gtm.sld.cu\/cpscs\/#website\",\"url\":\"https:\/\/instituciones.gtm.sld.cu\/cpscs\/\",\"name\":\"\",\"description\":\"\",\"potentialAction\":[{\"@type\":\"SearchAction\",\"target\":{\"@type\":\"EntryPoint\",\"urlTemplate\":\"https:\/\/instituciones.gtm.sld.cu\/cpscs\/?s={search_term_string}\"},\"query-input\":\"required name=search_term_string\"}],\"inLanguage\":\"es\"}]}<\/script>\n<!-- \/ Yoast SEO plugin. -->","yoast_head_json":{"title":"Premios Provinciales -","robots":{"index":"index","follow":"follow","max-snippet":"max-snippet:-1","max-image-preview":"max-image-preview:large","max-video-preview":"max-video-preview:-1"},"canonical":"https:\/\/instituciones.gtm.sld.cu\/cpscs\/?page_id=216","og_locale":"es_ES","og_type":"article","og_title":"Premios Provinciales -","og_description":"A\u00f1o 2009 &#8211; Premios Nombre Categor\u00eda Titulo del Trabajo Dr. MSc Rogelio Creagh Bandera Educaci\u00f3n m\u00e9dica Pase de visita: forma de ense\u00f1anza en el modelo de la universalizaci\u00f3n MSc. Yuslay Ponce S\u00e1nchez Art\u00edculo cient\u00edfico Ciencia y valores \u00e9ticos en el cambio organizacional de las entidades de salud de la provincia Guant\u00e1namo MSc Dr. Roberto H\u00e9ctor &hellip; Seguir leyendo","og_url":"https:\/\/instituciones.gtm.sld.cu\/cpscs\/?page_id=216","twitter_card":"summary_large_image","twitter_misc":{"Tiempo de lectura":"2 minutos"},"schema":{"@context":"https:\/\/schema.org","@graph":[{"@type":"WebPage","@id":"https:\/\/instituciones.gtm.sld.cu\/cpscs\/?page_id=216","url":"https:\/\/instituciones.gtm.sld.cu\/cpscs\/?page_id=216","name":"Premios Provinciales -","isPartOf":{"@id":"https:\/\/instituciones.gtm.sld.cu\/cpscs\/#website"},"datePublished":"2017-09-25T12:42:30+00:00","dateModified":"2017-09-25T12:42:30+00:00","breadcrumb":{"@id":"https:\/\/instituciones.gtm.sld.cu\/cpscs\/?page_id=216#breadcrumb"},"inLanguage":"es","potentialAction":[{"@type":"ReadAction","target":["https:\/\/instituciones.gtm.sld.cu\/cpscs\/?page_id=216"]}]},{"@type":"BreadcrumbList","@id":"https:\/\/instituciones.gtm.sld.cu\/cpscs\/?page_id=216#breadcrumb","itemListElement":[{"@type":"ListItem","position":1,"name":"Portada","item":"https:\/\/instituciones.gtm.sld.cu\/cpscs"},{"@type":"ListItem","position":2,"name":"Premio Anual de Salud","item":"https:\/\/instituciones.gtm.sld.cu\/cpscs\/?page_id=212"},{"@type":"ListItem","position":3,"name":"Premios Provinciales"}]},{"@type":"WebSite","@id":"https:\/\/instituciones.gtm.sld.cu\/cpscs\/#website","url":"https:\/\/instituciones.gtm.sld.cu\/cpscs\/","name":"","description":"","potentialAction":[{"@type":"SearchAction","target":{"@type":"EntryPoint","urlTemplate":"https:\/\/instituciones.gtm.sld.cu\/cpscs\/?s={search_term_string}"},"query-input":"required name=search_term_string"}],"inLanguage":"es"}]}},"_links":{"self":[{"href":"https:\/\/instituciones.gtm.sld.cu\/cpscs\/index.php?rest_route=\/wp\/v2\/pages\/216"}],"collection":[{"href":"https:\/\/instituciones.gtm.sld.cu\/cpscs\/index.php?rest_route=\/wp\/v2\/pages"}],"about":[{"href":"https:\/\/instituciones.gtm.sld.cu\/cpscs\/index.php?rest_route=\/wp\/v2\/types\/page"}],"author":[{"embeddable":true,"href":"https:\/\/instituciones.gtm.sld.cu\/cpscs\/index.php?rest_route=\/wp\/v2\/users\/26"}],"replies":[{"embeddable":true,"href":"https:\/\/instituciones.gtm.sld.cu\/cpscs\/index.php?rest_route=%2Fwp%2Fv2%2Fcomments&post=216"}],"version-history":[{"count":0,"href":"https:\/\/instituciones.gtm.sld.cu\/cpscs\/index.php?rest_route=\/wp\/v2\/pages\/216\/revisions"}],"up":[{"embeddable":true,"href":"https:\/\/instituciones.gtm.sld.cu\/cpscs\/index.php?rest_route=\/wp\/v2\/pages\/212"}],"wp:attachment":[{"href":"https:\/\/instituciones.gtm.sld.cu\/cpscs\/index.php?rest_route=%2Fwp%2Fv2%2Fmedia&parent=216"}],"curies":[{"name":"wp","href":"https:\/\/api.w.org\/{rel}","templated":true}]}}