{"id":218,"date":"2017-09-25T12:42:48","date_gmt":"2017-09-25T12:42:48","guid":{"rendered":"http:\/\/localhost\/SitioCPSCS-Guantanamo\/?page_id=218"},"modified":"2017-09-25T12:42:48","modified_gmt":"2017-09-25T12:42:48","slug":"premios-nacionales","status":"publish","type":"page","link":"https:\/\/instituciones.gtm.sld.cu\/cpscs\/?page_id=218","title":{"rendered":"Premios Nacionales"},"content":{"rendered":"<h2><span style=\"color: #000000\"><strong>En la categor\u00eda Libro obtuvo premio:<\/strong><\/span><\/h2>\n<ul>\n<li>\n<h4><span style=\"color: #000000\"><strong>Dr. Angel Piriz Momblant<br \/>\n<\/strong><\/span><\/h4>\n<\/li>\n<\/ul>\n<h4><strong>Titulo:<\/strong> Pancreas, t\u00e9cnicas quirurgicas. 2012.<\/h4>\n<h2><\/h2>\n<h2><span style=\"color: #000000\"><strong>En la categor\u00eda Libro obtuvo premio:<\/strong><\/span><\/h2>\n<ul>\n<li>\n<h4><span style=\"color: #000000\"><strong>Dr. Regino Gaudencio Rodriguez Boti<br \/>\n<\/strong><\/span><\/h4>\n<\/li>\n<\/ul>\n<h4><strong>Titulo:<\/strong> La sexualidad en el atardecer de la vida. 2004<\/h4>\n<h2><\/h2>\n<h2><span style=\"color: #000000\"><strong>En la categor\u00eda Educaci\u00f3n M\u00e9dica obtuvo premio:<\/strong><\/span><\/h2>\n<ul>\n<li>\n<h4><span style=\"color: #000000\"><strong>Dra. C Anselma Betancourt Pulsan<\/strong><\/span><\/h4>\n<\/li>\n<\/ul>\n<h4><strong>Titulo:<\/strong> Fidel contra las Drogas. Apuntes para una Historia.<\/h4>\n<h4><span style=\"color: #000000\"><strong>Resumen:<\/strong><\/span><\/h4>\n<h4 style=\"text-align: justify\">Se realiz\u00f3 una rese\u00f1a sobre las drogas en Cuba, a partir del establecimiento de los presupuestos hist\u00f3ricos se revel\u00f3 la existencia de diferentes etapas. Se destac\u00f3 el desarrollo de un verdadero sistema de prevenci\u00f3n a partir del triunfo de la Revoluci\u00f3n pero, que necesita ser perfeccionado. Con informaciones claras y precisas, se destac\u00f3 la extraordinaria visi\u00f3n y trascendencia de nuestro Comandante en Jefe en la lucha contra las drogas y el narcotr\u00e1fico internacional, qu permiten de manera convincente expresar que en Cuba, no se cultiva, no se produce, no se exporta, no se trafica con drogas, no es una naci\u00f3n consumidora de drogas, con la aplicaci\u00f3n de leyes muy severas contra toda actividad de narcotr\u00e1fico. Se aportaron elementos que demostraron que Cuba est\u00e1 en condiciones y colabora de hecho con todos los gobiernos que luchan contra el narcotr\u00e1fico internacional. Se resalt\u00f3 la gu\u00eda y el ejemplo de combate permanente de Fidel y su contribuci\u00f3n de manera extraordinaria al batallar de nuestro Gobierno y pueblo para evitar que las drogas sean una amenaza para nuestra seguridad nacional. Se ejemplific\u00f3 a trav\u00e9s de algunos de los resultados del trabajo preventivo contra las drogas realizados en la provincia Guant\u00e1namo, como una muestra de esta batallar<\/h4>\n<h4 style=\"text-align: justify\">En esencia, es tarea permanente de nuestro Gobierno revolucionario evitar que la problem\u00e1tica actual de la droga se convierta en una amenaza para nuestra seguridad nacional, una amenaza para la felicidad y el bienestar de nuestros ni\u00f1os, adolescentes y j\u00f3venes.<\/h4>\n<p><strong><a href=\"http:\/\/localhost\/SitioCPSCS-Guantanamo\\wp-content\\uploads\\20181\\Fidel%20Lucha contra las drogas.doc\" target=\"_blank\"><span style=\"text-decoration: underline\">Leer M\u00e1s<\/span><\/a><\/strong><\/p>\n<p>&nbsp;<\/p>\n<h2><span style=\"color: #000000\"><strong>En la categor\u00eda <\/strong><\/span><span style=\"color: #000000\"><strong>Tesis Maestr\u00eda obtuvo menci\u00f3n:<\/strong><\/span><\/h2>\n<ul>\n<li>\n<h4><strong><span style=\"color: #000000\">Lic. Roberto Senovio Mc Donald Buchanan<\/span><\/strong><\/h4>\n<\/li>\n<\/ul>\n<h4><strong>Titulo:<\/strong> Reordenamiento organizacional del subgrupo de salud del consejo de defensa de zona Caribe, Guant\u00e1namo ante situaciones de desastres originados por sismos.<\/h4>\n<h4><strong><span style=\"color: #000000\">Resumen:<\/span><\/strong><\/h4>\n<h4 style=\"text-align: justify\">Las condiciones geol\u00f3gicas de la Tierra es el principal factor que induce al comportamiento irregular de los movimientos tel\u00faricos, provocando fallas y rupturas en la superficie de la corteza terrestre que generan sismos de diversos grados de intensidad, muchos de los cuales, ya bien por el grado de destrucci\u00f3n que originan o por su impacto sobre las vulnerabilidades, causan conmoci\u00f3n por el da\u00f1o humano, a la infraestructura y al medio ambiente.<\/h4>\n<h4 style=\"text-align: justify\">En el continente americano es frecuente la actividad s\u00edsmica. La regi\u00f3n geogr\u00e1fica Am\u00e9rica-Caribe, donde se ubica Am\u00e9rica Central, el Caribe insular y la regi\u00f3n septentrional de Am\u00e9rica del Sur es una de las zonas que con mayor ocurrencia se ha generado este tipo de fen\u00f3meno, causante de la muerte de cientos de miles de personas, millones de damnificados y cuantiosas p\u00e9rdidas econ\u00f3micas. Desde el a\u00f1o 1985 hasta el 2016 se produjeron 14 terremotos de 6,2 o m\u00e1s grados de intensidad, a raz\u00f3n de 2,14 por a\u00f1o.<\/h4>\n<h4 style=\"text-align: justify\">En el archipi\u00e9lago de Cuba, enclavado en la citada regi\u00f3n americana, su segmento suroriental es de elevada actividad sismogeneradora. En el periodo comprendido entre el a\u00f1o 1917 y junio de 2016 se reportaron un total de 168 terremotos perceptibles, con ocurrencia progresiva en cuanto al n\u00famero de estos eventos en periodos decenales.<\/h4>\n<p><strong><a href=\"http:\/\/localhost\/SitioCPSCS-Guantanamo\\wp-content\\uploads\\20181\\Reordenamiento organizacional del subgrupo.doc\" target=\"_blank\"><span style=\"text-decoration: underline\">Leer M\u00e1s<\/span><\/a><\/strong><\/p>\n<p>&nbsp;<\/p>\n","protected":false},"excerpt":{"rendered":"<p>En la categor\u00eda Libro obtuvo premio: Dr. Angel Piriz Momblant Titulo: Pancreas, t\u00e9cnicas quirurgicas. 2012. En la categor\u00eda Libro obtuvo premio: Dr. Regino Gaudencio Rodriguez Boti Titulo: La sexualidad en el atardecer de la vida. 2004 En la categor\u00eda Educaci\u00f3n M\u00e9dica obtuvo premio: Dra. C Anselma Betancourt Pulsan Titulo: Fidel contra las Drogas. Apuntes para &hellip; <\/p>\n<p><a class=\"more-link btn\" href=\"https:\/\/instituciones.gtm.sld.cu\/cpscs\/?page_id=218\">Seguir leyendo<\/a><\/p>\n","protected":false},"author":26,"featured_media":0,"parent":212,"menu_order":0,"comment_status":"closed","ping_status":"closed","template":"","meta":{"ngg_post_thumbnail":0,"_mc_calendar":[]},"yoast_head":"<!-- This site is optimized with the Yoast SEO plugin v21.8 - https:\/\/yoast.com\/wordpress\/plugins\/seo\/ -->\n<title>Premios Nacionales -<\/title>\n<meta name=\"robots\" content=\"index, follow, max-snippet:-1, max-image-preview:large, max-video-preview:-1\" \/>\n<link rel=\"canonical\" href=\"https:\/\/instituciones.gtm.sld.cu\/cpscs\/?page_id=218\" \/>\n<meta property=\"og:locale\" content=\"es_ES\" \/>\n<meta property=\"og:type\" content=\"article\" \/>\n<meta property=\"og:title\" content=\"Premios Nacionales -\" \/>\n<meta property=\"og:description\" content=\"En la categor\u00eda Libro obtuvo premio: Dr. Angel Piriz Momblant Titulo: Pancreas, t\u00e9cnicas quirurgicas. 2012. En la categor\u00eda Libro obtuvo premio: Dr. Regino Gaudencio Rodriguez Boti Titulo: La sexualidad en el atardecer de la vida. 2004 En la categor\u00eda Educaci\u00f3n M\u00e9dica obtuvo premio: Dra. C Anselma Betancourt Pulsan Titulo: Fidel contra las Drogas. Apuntes para &hellip; Seguir leyendo\" \/>\n<meta property=\"og:url\" content=\"https:\/\/instituciones.gtm.sld.cu\/cpscs\/?page_id=218\" \/>\n<meta name=\"twitter:card\" content=\"summary_large_image\" \/>\n<meta name=\"twitter:label1\" content=\"Tiempo de lectura\" \/>\n\t<meta name=\"twitter:data1\" content=\"3 minutos\" \/>\n<script type=\"application\/ld+json\" class=\"yoast-schema-graph\">{\"@context\":\"https:\/\/schema.org\",\"@graph\":[{\"@type\":\"WebPage\",\"@id\":\"https:\/\/instituciones.gtm.sld.cu\/cpscs\/?page_id=218\",\"url\":\"https:\/\/instituciones.gtm.sld.cu\/cpscs\/?page_id=218\",\"name\":\"Premios Nacionales -\",\"isPartOf\":{\"@id\":\"https:\/\/instituciones.gtm.sld.cu\/cpscs\/#website\"},\"datePublished\":\"2017-09-25T12:42:48+00:00\",\"dateModified\":\"2017-09-25T12:42:48+00:00\",\"breadcrumb\":{\"@id\":\"https:\/\/instituciones.gtm.sld.cu\/cpscs\/?page_id=218#breadcrumb\"},\"inLanguage\":\"es\",\"potentialAction\":[{\"@type\":\"ReadAction\",\"target\":[\"https:\/\/instituciones.gtm.sld.cu\/cpscs\/?page_id=218\"]}]},{\"@type\":\"BreadcrumbList\",\"@id\":\"https:\/\/instituciones.gtm.sld.cu\/cpscs\/?page_id=218#breadcrumb\",\"itemListElement\":[{\"@type\":\"ListItem\",\"position\":1,\"name\":\"Portada\",\"item\":\"https:\/\/instituciones.gtm.sld.cu\/cpscs\"},{\"@type\":\"ListItem\",\"position\":2,\"name\":\"Premio Anual de Salud\",\"item\":\"https:\/\/instituciones.gtm.sld.cu\/cpscs\/?page_id=212\"},{\"@type\":\"ListItem\",\"position\":3,\"name\":\"Premios Nacionales\"}]},{\"@type\":\"WebSite\",\"@id\":\"https:\/\/instituciones.gtm.sld.cu\/cpscs\/#website\",\"url\":\"https:\/\/instituciones.gtm.sld.cu\/cpscs\/\",\"name\":\"\",\"description\":\"\",\"potentialAction\":[{\"@type\":\"SearchAction\",\"target\":{\"@type\":\"EntryPoint\",\"urlTemplate\":\"https:\/\/instituciones.gtm.sld.cu\/cpscs\/?s={search_term_string}\"},\"query-input\":\"required name=search_term_string\"}],\"inLanguage\":\"es\"}]}<\/script>\n<!-- \/ Yoast SEO plugin. -->","yoast_head_json":{"title":"Premios Nacionales -","robots":{"index":"index","follow":"follow","max-snippet":"max-snippet:-1","max-image-preview":"max-image-preview:large","max-video-preview":"max-video-preview:-1"},"canonical":"https:\/\/instituciones.gtm.sld.cu\/cpscs\/?page_id=218","og_locale":"es_ES","og_type":"article","og_title":"Premios Nacionales -","og_description":"En la categor\u00eda Libro obtuvo premio: Dr. Angel Piriz Momblant Titulo: Pancreas, t\u00e9cnicas quirurgicas. 2012. En la categor\u00eda Libro obtuvo premio: Dr. Regino Gaudencio Rodriguez Boti Titulo: La sexualidad en el atardecer de la vida. 2004 En la categor\u00eda Educaci\u00f3n M\u00e9dica obtuvo premio: Dra. C Anselma Betancourt Pulsan Titulo: Fidel contra las Drogas. Apuntes para &hellip; Seguir leyendo","og_url":"https:\/\/instituciones.gtm.sld.cu\/cpscs\/?page_id=218","twitter_card":"summary_large_image","twitter_misc":{"Tiempo de lectura":"3 minutos"},"schema":{"@context":"https:\/\/schema.org","@graph":[{"@type":"WebPage","@id":"https:\/\/instituciones.gtm.sld.cu\/cpscs\/?page_id=218","url":"https:\/\/instituciones.gtm.sld.cu\/cpscs\/?page_id=218","name":"Premios Nacionales -","isPartOf":{"@id":"https:\/\/instituciones.gtm.sld.cu\/cpscs\/#website"},"datePublished":"2017-09-25T12:42:48+00:00","dateModified":"2017-09-25T12:42:48+00:00","breadcrumb":{"@id":"https:\/\/instituciones.gtm.sld.cu\/cpscs\/?page_id=218#breadcrumb"},"inLanguage":"es","potentialAction":[{"@type":"ReadAction","target":["https:\/\/instituciones.gtm.sld.cu\/cpscs\/?page_id=218"]}]},{"@type":"BreadcrumbList","@id":"https:\/\/instituciones.gtm.sld.cu\/cpscs\/?page_id=218#breadcrumb","itemListElement":[{"@type":"ListItem","position":1,"name":"Portada","item":"https:\/\/instituciones.gtm.sld.cu\/cpscs"},{"@type":"ListItem","position":2,"name":"Premio Anual de Salud","item":"https:\/\/instituciones.gtm.sld.cu\/cpscs\/?page_id=212"},{"@type":"ListItem","position":3,"name":"Premios Nacionales"}]},{"@type":"WebSite","@id":"https:\/\/instituciones.gtm.sld.cu\/cpscs\/#website","url":"https:\/\/instituciones.gtm.sld.cu\/cpscs\/","name":"","description":"","potentialAction":[{"@type":"SearchAction","target":{"@type":"EntryPoint","urlTemplate":"https:\/\/instituciones.gtm.sld.cu\/cpscs\/?s={search_term_string}"},"query-input":"required name=search_term_string"}],"inLanguage":"es"}]}},"_links":{"self":[{"href":"https:\/\/instituciones.gtm.sld.cu\/cpscs\/index.php?rest_route=\/wp\/v2\/pages\/218"}],"collection":[{"href":"https:\/\/instituciones.gtm.sld.cu\/cpscs\/index.php?rest_route=\/wp\/v2\/pages"}],"about":[{"href":"https:\/\/instituciones.gtm.sld.cu\/cpscs\/index.php?rest_route=\/wp\/v2\/types\/page"}],"author":[{"embeddable":true,"href":"https:\/\/instituciones.gtm.sld.cu\/cpscs\/index.php?rest_route=\/wp\/v2\/users\/26"}],"replies":[{"embeddable":true,"href":"https:\/\/instituciones.gtm.sld.cu\/cpscs\/index.php?rest_route=%2Fwp%2Fv2%2Fcomments&post=218"}],"version-history":[{"count":0,"href":"https:\/\/instituciones.gtm.sld.cu\/cpscs\/index.php?rest_route=\/wp\/v2\/pages\/218\/revisions"}],"up":[{"embeddable":true,"href":"https:\/\/instituciones.gtm.sld.cu\/cpscs\/index.php?rest_route=\/wp\/v2\/pages\/212"}],"wp:attachment":[{"href":"https:\/\/instituciones.gtm.sld.cu\/cpscs\/index.php?rest_route=%2Fwp%2Fv2%2Fmedia&parent=218"}],"curies":[{"name":"wp","href":"https:\/\/api.w.org\/{rel}","templated":true}]}}