{"id":306,"date":"2017-09-27T07:56:42","date_gmt":"2017-09-27T07:56:42","guid":{"rendered":"http:\/\/localhost\/SitioCPSCS-Guantanamo\/?page_id=306"},"modified":"2017-09-27T07:56:42","modified_gmt":"2017-09-27T07:56:42","slug":"guantanamo","status":"publish","type":"page","link":"https:\/\/instituciones.gtm.sld.cu\/cpscs\/?page_id=306","title":{"rendered":"Guant\u00e1namo"},"content":{"rendered":"<p style=\"text-align: justify\"><b>Guant\u00e1namo<\/b> es una ciudad ubicada en el sudeste de Cuba. Es, adem\u00e1s, la capital de la provincia de Guant\u00e1namo, provincia donde se encuentra la base estadounidense de Guant\u00e1namo desde 1903. La mayor\u00eda de sus habitantes viven de la producci\u00f3n de sal, cacao, tomate, ca\u00f1a de az\u00facar y caf\u00e9. Ubicada a 965 km de la capital del pa\u00eds La Habana, est\u00e1 compuesta por llanuras de origen marino, abrasivo-denudativas y fluvio marinas, delt\u00e1icas, ligeramente onduladas en parte cenagosas. El subsuelo est\u00e1 integrado por calizas, calcarenitas y margas del Mioceno. Es una zona muy poblada, donde la mala utilizaci\u00f3n o explotaci\u00f3n de las aguas subterr\u00e1neas ha motivado la salinizaci\u00f3n de los suelos en algunos sectores. Sus principales producciones econ\u00f3micas se centran en la actividad industrial, la que se caracteriza por el limitado desarrollo en relaci\u00f3n con otras provincias del pa\u00eds, por poseer por lo general una tecnolog\u00eda atrasada, y por no asimilar la capacidad de materia prima existente en el territorio. Entre las industrias m\u00e1s importantes est\u00e1n las f\u00e1bricas de v\u00e1lvulas y bombas, muebles, producciones textiles (AMBAR), y otras de la rama alimentaria como son los combinados c\u00e1rnico, pesquero, l\u00e1cteos, de bebidas y licores y una planta de beneficio de caf\u00e9. La actividad del comercio desde el 2006 ha crecido considerablemente como parte del Programa de Desarrollo Local que ya sobrepasa las 1000 instalaciones, la ciudad de Guant\u00e1namo fundamentalmente muestra una renovada imagen.<\/p>\n<p style=\"text-align: justify\"><img decoding=\"async\" loading=\"lazy\" class=\"alignnone  wp-image-311\" src=\"http:\/\/localhost\/SitioCPSCS-Guantanamo\/wp-content\/uploads\/2017\/09\/tgtrrh-300x225.jpg\" alt=\"tgtrrh\" width=\"142\" height=\"107\" \/>La ciudad cabecera, que hoy tiene calles pavimentadas, parques, residencias y edificios, fue en sus primeros tiempos solo un peque\u00f1o caser\u00edo. Sus calles eran de tierra, carec\u00edan de aceras, las calles no ten\u00edan iluminaci\u00f3n. Las pocas casas que hab\u00eda estaban hechas de madera.<\/p>\n<h1 style=\"text-align: justify\">\u00a0 <img decoding=\"async\" loading=\"lazy\" class=\"alignnone size-full wp-image-312\" src=\"http:\/\/localhost\/SitioCPSCS-Guantanamo\/wp-content\/uploads\/2017\/09\/fhyuty.jpg\" alt=\"fhyuty\" width=\"173\" height=\"120\" \/>\u00a0\u00a0 <strong>Historia<\/strong><\/h1>\n<p style=\"text-align: justify\">Cuando llegaron los espa\u00f1oles, esta regi\u00f3n estaba habitada por abor\u00edgenes ta\u00ednos. Los ta\u00ednos, que se caracterizaban por ser ceramistas y agr\u00edcolas, fueron tambi\u00e9n uno de los grupos m\u00e1s rebeldes en su rechazo al conquistador espa\u00f1ol. Se considera esta regi\u00f3n, por tanto, la iniciadora de las luchas contra el colonialismo. El poblado se fund\u00f3 en el a\u00f1o 1796 con el nombre de Santa Catalina de Guant\u00e1namo en el centro del Valle de Guant\u00e1namo, una regi\u00f3n f\u00e9rtil en la que se establecieron numerosos trapiches e ingenios azucareros, que aprovechaban la existencia de tres r\u00edos de importancia econ\u00f3mica: el Bano, el Jaibo y el Guaso.<\/p>\n<p style=\"text-align: justify\">Durante la Guerra de los Diez A\u00f1os las tropas al mando del general M\u00e1ximo Gomez trataron infructuosamente de invadir el Valle en dos ocasiones. El 4 de diciembre de 1870 alcanza la categor\u00eda de villa y comienza un amplio desarrollo gracias a su posici\u00f3n estrat\u00e9gica con relaci\u00f3n al comercio del caf\u00e9 que se cultiva en las monta\u00f1as cercanas, el az\u00facar y otros productos agr\u00edcolas. El 24 de febrero de 1895 Guant\u00e1namo se incorpora a la guerra de independencia cuando Pedro Agust\u00edn P\u00e9rez organiza el alzamiento en la finca \u00abLa Confianza\u00bb en las afueras de la ciudad. Durante la Intervenci\u00f3n de Estados Unidos de 1898 a 1902 la bah\u00eda cercana a la ciudad comienza a llamar la atenci\u00f3n al gobierno interventor por sus grandes potencialidades estrat\u00e9gicas para el control militar del Caribe occidental.<\/p>\n<p style=\"text-align: justify\">La Enmienda Platt, ley del Congreso de EE.UU. impuesta a la 1\u00aa Constituci\u00f3n cubana a principios del siglo XX, bajo la amenaza de que, de no aceptarse, la isla permanecer\u00eda ocupada militarmente, estableci\u00f3 la obligaci\u00f3n de ceder porciones de territorio para instalaciones militares a Estados Unidos. No tard\u00f3 en ponerse en pr\u00e1ctica esa exigencia. En diciembre de 1903, EE.UU. tom\u00f3 posesi\u00f3n \u00abhasta que lo necesitasen\u00bb de la bah\u00eda de Guant\u00e1namo, mediante un tratado. Desde entonces y hasta la Revoluci\u00f3n cubana (m\u00e1s de medio siglo) fue centro para una marcada influencia de EE.UU., y est\u00edmulo, por la presencia de ciudadanos de EE.UU. El gobierno de Cuba considera el enclave ilegal y desde 1960 se niega a recibir el simb\u00f3lico pago anual del arriendo de 5.000 d\u00f3lares. El se\u00f1or Don Pedro Manuel P\u00e9rez regal\u00f3 los terrenos para la Iglesia y La Plaza de Armas que estaban destinada a los ejercicios de las tropas espa\u00f1ola. Eran al principio peque\u00f1os caminos de tierra que conduc\u00edan a la iglesia; m\u00e1s tarde se construyeron los paseos de cemento y los jardines en forma rectangular con peque\u00f1os muros de piedra alrededor.<\/p>\n<p style=\"text-align: justify\">Otro lugar muy importante en la historia de la localidad es el Parque 24 de febrero. Los terrenos donde radica los cedi\u00f3 Don Jos\u00e9 Rafat en 1841 y en ellos se proyect\u00f3 la Plaza Isabel II. Era Isabel II la reina de Espa\u00f1a y su nombre de pila era Mar\u00eda Isabel Luisa. En el centro del parque se levant\u00f3 una base en la que se colocaron piezas de moneda y pergaminos con inscripciones y fechas. Dicha base estaba destinada a recibir la estatua de la Reina que nunca lleg\u00f3. Esta plaza tambi\u00e9n se llam\u00f3 Plaza de la Constituci\u00f3n. Nunca fue cementada por los espa\u00f1oles.<\/p>\n","protected":false},"excerpt":{"rendered":"<p>Guant\u00e1namo es una ciudad ubicada en el sudeste de Cuba. Es, adem\u00e1s, la capital de la provincia de Guant\u00e1namo, provincia donde se encuentra la base estadounidense de Guant\u00e1namo desde 1903. La mayor\u00eda de sus habitantes viven de la producci\u00f3n de sal, cacao, tomate, ca\u00f1a de az\u00facar y caf\u00e9. Ubicada a 965 km de la capital &hellip; <\/p>\n<p><a class=\"more-link btn\" href=\"https:\/\/instituciones.gtm.sld.cu\/cpscs\/?page_id=306\">Seguir leyendo<\/a><\/p>\n","protected":false},"author":26,"featured_media":310,"parent":0,"menu_order":0,"comment_status":"closed","ping_status":"closed","template":"","meta":{"ngg_post_thumbnail":0,"_mc_calendar":[]},"yoast_head":"<!-- This site is optimized with the Yoast SEO plugin v21.8 - https:\/\/yoast.com\/wordpress\/plugins\/seo\/ -->\n<title>Guant\u00e1namo -<\/title>\n<meta name=\"robots\" content=\"index, follow, max-snippet:-1, max-image-preview:large, max-video-preview:-1\" \/>\n<link rel=\"canonical\" href=\"https:\/\/instituciones.gtm.sld.cu\/cpscs\/?page_id=306\" \/>\n<meta property=\"og:locale\" content=\"es_ES\" \/>\n<meta property=\"og:type\" content=\"article\" \/>\n<meta property=\"og:title\" content=\"Guant\u00e1namo -\" \/>\n<meta property=\"og:description\" content=\"Guant\u00e1namo es una ciudad ubicada en el sudeste de Cuba. Es, adem\u00e1s, la capital de la provincia de Guant\u00e1namo, provincia donde se encuentra la base estadounidense de Guant\u00e1namo desde 1903. La mayor\u00eda de sus habitantes viven de la producci\u00f3n de sal, cacao, tomate, ca\u00f1a de az\u00facar y caf\u00e9. Ubicada a 965 km de la capital &hellip; Seguir leyendo\" \/>\n<meta property=\"og:url\" content=\"https:\/\/instituciones.gtm.sld.cu\/cpscs\/?page_id=306\" \/>\n<meta name=\"twitter:card\" content=\"summary_large_image\" \/>\n<meta name=\"twitter:label1\" content=\"Tiempo de lectura\" \/>\n\t<meta name=\"twitter:data1\" content=\"4 minutos\" \/>\n<script type=\"application\/ld+json\" class=\"yoast-schema-graph\">{\"@context\":\"https:\/\/schema.org\",\"@graph\":[{\"@type\":\"WebPage\",\"@id\":\"https:\/\/instituciones.gtm.sld.cu\/cpscs\/?page_id=306\",\"url\":\"https:\/\/instituciones.gtm.sld.cu\/cpscs\/?page_id=306\",\"name\":\"Guant\u00e1namo -\",\"isPartOf\":{\"@id\":\"https:\/\/instituciones.gtm.sld.cu\/cpscs\/#website\"},\"datePublished\":\"2017-09-27T07:56:42+00:00\",\"dateModified\":\"2017-09-27T07:56:42+00:00\",\"breadcrumb\":{\"@id\":\"https:\/\/instituciones.gtm.sld.cu\/cpscs\/?page_id=306#breadcrumb\"},\"inLanguage\":\"es\",\"potentialAction\":[{\"@type\":\"ReadAction\",\"target\":[\"https:\/\/instituciones.gtm.sld.cu\/cpscs\/?page_id=306\"]}]},{\"@type\":\"BreadcrumbList\",\"@id\":\"https:\/\/instituciones.gtm.sld.cu\/cpscs\/?page_id=306#breadcrumb\",\"itemListElement\":[{\"@type\":\"ListItem\",\"position\":1,\"name\":\"Portada\",\"item\":\"https:\/\/instituciones.gtm.sld.cu\/cpscs\"},{\"@type\":\"ListItem\",\"position\":2,\"name\":\"Guant\u00e1namo\"}]},{\"@type\":\"WebSite\",\"@id\":\"https:\/\/instituciones.gtm.sld.cu\/cpscs\/#website\",\"url\":\"https:\/\/instituciones.gtm.sld.cu\/cpscs\/\",\"name\":\"\",\"description\":\"\",\"potentialAction\":[{\"@type\":\"SearchAction\",\"target\":{\"@type\":\"EntryPoint\",\"urlTemplate\":\"https:\/\/instituciones.gtm.sld.cu\/cpscs\/?s={search_term_string}\"},\"query-input\":\"required name=search_term_string\"}],\"inLanguage\":\"es\"}]}<\/script>\n<!-- \/ Yoast SEO plugin. -->","yoast_head_json":{"title":"Guant\u00e1namo -","robots":{"index":"index","follow":"follow","max-snippet":"max-snippet:-1","max-image-preview":"max-image-preview:large","max-video-preview":"max-video-preview:-1"},"canonical":"https:\/\/instituciones.gtm.sld.cu\/cpscs\/?page_id=306","og_locale":"es_ES","og_type":"article","og_title":"Guant\u00e1namo -","og_description":"Guant\u00e1namo es una ciudad ubicada en el sudeste de Cuba. Es, adem\u00e1s, la capital de la provincia de Guant\u00e1namo, provincia donde se encuentra la base estadounidense de Guant\u00e1namo desde 1903. La mayor\u00eda de sus habitantes viven de la producci\u00f3n de sal, cacao, tomate, ca\u00f1a de az\u00facar y caf\u00e9. Ubicada a 965 km de la capital &hellip; Seguir leyendo","og_url":"https:\/\/instituciones.gtm.sld.cu\/cpscs\/?page_id=306","twitter_card":"summary_large_image","twitter_misc":{"Tiempo de lectura":"4 minutos"},"schema":{"@context":"https:\/\/schema.org","@graph":[{"@type":"WebPage","@id":"https:\/\/instituciones.gtm.sld.cu\/cpscs\/?page_id=306","url":"https:\/\/instituciones.gtm.sld.cu\/cpscs\/?page_id=306","name":"Guant\u00e1namo -","isPartOf":{"@id":"https:\/\/instituciones.gtm.sld.cu\/cpscs\/#website"},"datePublished":"2017-09-27T07:56:42+00:00","dateModified":"2017-09-27T07:56:42+00:00","breadcrumb":{"@id":"https:\/\/instituciones.gtm.sld.cu\/cpscs\/?page_id=306#breadcrumb"},"inLanguage":"es","potentialAction":[{"@type":"ReadAction","target":["https:\/\/instituciones.gtm.sld.cu\/cpscs\/?page_id=306"]}]},{"@type":"BreadcrumbList","@id":"https:\/\/instituciones.gtm.sld.cu\/cpscs\/?page_id=306#breadcrumb","itemListElement":[{"@type":"ListItem","position":1,"name":"Portada","item":"https:\/\/instituciones.gtm.sld.cu\/cpscs"},{"@type":"ListItem","position":2,"name":"Guant\u00e1namo"}]},{"@type":"WebSite","@id":"https:\/\/instituciones.gtm.sld.cu\/cpscs\/#website","url":"https:\/\/instituciones.gtm.sld.cu\/cpscs\/","name":"","description":"","potentialAction":[{"@type":"SearchAction","target":{"@type":"EntryPoint","urlTemplate":"https:\/\/instituciones.gtm.sld.cu\/cpscs\/?s={search_term_string}"},"query-input":"required name=search_term_string"}],"inLanguage":"es"}]}},"_links":{"self":[{"href":"https:\/\/instituciones.gtm.sld.cu\/cpscs\/index.php?rest_route=\/wp\/v2\/pages\/306"}],"collection":[{"href":"https:\/\/instituciones.gtm.sld.cu\/cpscs\/index.php?rest_route=\/wp\/v2\/pages"}],"about":[{"href":"https:\/\/instituciones.gtm.sld.cu\/cpscs\/index.php?rest_route=\/wp\/v2\/types\/page"}],"author":[{"embeddable":true,"href":"https:\/\/instituciones.gtm.sld.cu\/cpscs\/index.php?rest_route=\/wp\/v2\/users\/26"}],"replies":[{"embeddable":true,"href":"https:\/\/instituciones.gtm.sld.cu\/cpscs\/index.php?rest_route=%2Fwp%2Fv2%2Fcomments&post=306"}],"version-history":[{"count":0,"href":"https:\/\/instituciones.gtm.sld.cu\/cpscs\/index.php?rest_route=\/wp\/v2\/pages\/306\/revisions"}],"wp:featuredmedia":[{"embeddable":true,"href":"https:\/\/instituciones.gtm.sld.cu\/cpscs\/index.php?rest_route=\/"}],"wp:attachment":[{"href":"https:\/\/instituciones.gtm.sld.cu\/cpscs\/index.php?rest_route=%2Fwp%2Fv2%2Fmedia&parent=306"}],"curies":[{"name":"wp","href":"https:\/\/api.w.org\/{rel}","templated":true}]}}