{"id":371,"date":"2017-09-29T08:42:28","date_gmt":"2017-09-29T08:42:28","guid":{"rendered":"http:\/\/localhost\/SitioCPSCS-Guantanamo\/?page_id=371"},"modified":"2019-09-17T14:59:25","modified_gmt":"2019-09-17T18:59:25","slug":"anestesiologia-y-reanimacion","status":"publish","type":"page","link":"https:\/\/instituciones.gtm.sld.cu\/cpscs\/?page_id=371","title":{"rendered":"Anestesiolog\u00eda y Reanimaci\u00f3n"},"content":{"rendered":"<p style=\"text-align: justify\">La <b>anestesiolog\u00eda<\/b> es la especialidad m\u00e9dica dedicada a la atenci\u00f3n y cuidados especiales de los pacientes durante las intervenciones quir\u00fargicas u otros procesos que puedan resultar molestos o dolorosos (endoscopia, radiolog\u00eda intervencionista, etc.). As\u00ed mismo, tiene a su cargo el tratamiento del dolor agudo o cr\u00f3nico de causa extraquir\u00fargica. Ejemplos de estos \u00faltimos son la analgesia durante el trabajo de parto y el alivio del dolor en pacientes con c\u00e1ncer.<\/p>\n<p style=\"text-align: justify\">La especialidad m\u00e9dica recibe el nombre de <b>anestesiolog\u00eda y reanimaci\u00f3n<\/b>, dado que abarca el tratamiento del paciente cr\u00edtico en distintas \u00e1reas como lo son la recuperaci\u00f3n postoperatoria y la emergencia, as\u00ed como el cuidado del paciente cr\u00edtico en las unidades de cuidados intensivos o de reanimaci\u00f3n postoperatoria.La especialidad m\u00e9dica de la medicina intensiva es un brazo m\u00e1s de la anestesiolog\u00eda. Al m\u00e9dico que practica la anestesiolog\u00eda se le denomina <b>anestesista<\/b> o <b>anestesi\u00f3logo<\/b>.<\/p>\n<p style=\"text-align: justify\">Es una especialidad de la medicina relacionada con la pr\u00e1ctica de la anestesia. Su funci\u00f3n durante las intervenciones quir\u00fargicas es la de ocuparse del estado de consciencia e insensibilidad al dolor del paciente, pero adem\u00e1s debe cuidar al enfermo y mantenerlo dentro de los par\u00e1metros considerados normales. Para ello est\u00e1 presente durante toda la intervenci\u00f3n, controlando su temperatura, su presi\u00f3n arterial, su respiraci\u00f3n, el buen funcionamiento de \u00f3rganos como ri\u00f1ones y pulmones, y realiza el monitoreo card\u00edaco. Cuando hay p\u00e9rdida de sangre o l\u00edquidos es el responsable de reponerlos.<\/p>\n<p style=\"text-align: justify\">&nbsp;<\/p>\n<dl>\n<dt>\n<h4><strong>Evaluaci\u00f3n<\/strong><\/h4>\n<\/dt>\n<\/dl>\n<p style=\"text-align: justify\">La fuente principal de datos personales es la historia cl\u00ednica. Este documento oficial, que presenta el paciente desde su ingreso en la unidad hospitalaria, contendr\u00e1 informaci\u00f3n desde el comienzo de la enfermedad hasta las investigaciones realizadas para llegar al diagn\u00f3stico preoperatorio, as\u00ed como antecedentes de otras enfermedades, por lo que presentar\u00e1 interrogatorios, ex\u00e1menes f\u00edsicos, estudios complementarios y los diferentes criterios m\u00e9dicos sobre diagn\u00f3stico, evoluci\u00f3n y enfoques terap\u00e9uticos. Hoja anest\u00e9sica: debe cumplimentarla el anestesi\u00f3logo, quien analizar\u00e1 los datos de la historia cl\u00ednica y efectuar\u00e1 su consulta en forma directa al enfermo. Se iniciar\u00e1 en la consulta preanest\u00e9sica del preoperatorio, y debe realizarse con antelaci\u00f3n al d\u00eda de la intervenci\u00f3n quir\u00fargica, de manera que permita la realizaci\u00f3n de alg\u00fan otro estudio que se necesite.<\/p>\n<dl>\n<dt>\n<h4><strong>Elaboraci\u00f3n del plan anest\u00e9sico<\/strong><\/h4>\n<\/dt>\n<\/dl>\n<p style=\"text-align: justify\">A partir de la informaci\u00f3n recopilada, se trazar\u00e1 una estrategia de trabajo que permita una mayor seguridad al enfermo. Se tomar\u00e1n las medidas requeridas para la adecuada preparaci\u00f3n y la aplicaci\u00f3n del proceder anest\u00e9sico, las cuales comienzan desde la informaci\u00f3n al paciente para crear un ambiente de confianza, hasta las indicaciones que exijan una preparaci\u00f3n de acuerdo a lo hallado en la historia cl\u00ednica y el examen. Se incluir\u00e1 tambi\u00e9n el equipamiento y la monitorizaci\u00f3n necesaria para el seguimiento perioperatorio.<\/p>\n<dl>\n<dt>\n<h4><strong>Consulta preanest\u00e9sica<\/strong><\/h4>\n<\/dt>\n<\/dl>\n<p style=\"text-align: justify\">Debe ser realizada en un local provisto de recursos que permitan la recogida de datos como peso talla, examen f\u00edsico, etc., con suficiente privacidad y brinde un ambiente propicio para que el enfermo se sienta seguro. El m\u00e9dico debe tener una participaci\u00f3n activa y registrar\u00e1 en la hoja anest\u00e9sica, que acompa\u00f1ar\u00e1 a la historia cl\u00ednica, todo lo que considere de mayor inter\u00e9s y pudiera repercutir en el transcurso de la anestesia que se seleccione. Se revisar\u00e1 toda la documentaci\u00f3n que acompa\u00f1ar\u00e1 a la historia cl\u00ednica, incluyendo el consentimiento del enfermo. Todo ello ayudar\u00e1 a identificar y valorar riesgos. La hoja de evaluaci\u00f3n anest\u00e9sica, de la que existen diferentes modelos, tiene el objetivo de recopilar datos de las distintas etapas, pre, trans y posoperatorio.<\/p>\n","protected":false},"excerpt":{"rendered":"<p>La anestesiolog\u00eda es la especialidad m\u00e9dica dedicada a la atenci\u00f3n y cuidados especiales de los pacientes durante las intervenciones quir\u00fargicas u otros procesos que puedan resultar molestos o dolorosos (endoscopia, radiolog\u00eda intervencionista, etc.). As\u00ed mismo, tiene a su cargo el tratamiento del dolor agudo o cr\u00f3nico de causa extraquir\u00fargica. Ejemplos de estos \u00faltimos son la &hellip; <\/p>\n<p><a class=\"more-link btn\" href=\"https:\/\/instituciones.gtm.sld.cu\/cpscs\/?page_id=371\">Seguir leyendo<\/a><\/p>\n","protected":false},"author":26,"featured_media":451,"parent":0,"menu_order":0,"comment_status":"closed","ping_status":"closed","template":"","meta":{"ngg_post_thumbnail":0,"_mc_calendar":[]},"yoast_head":"<!-- This site is optimized with the Yoast SEO plugin v21.8 - https:\/\/yoast.com\/wordpress\/plugins\/seo\/ -->\n<title>Anestesiolog\u00eda y Reanimaci\u00f3n -<\/title>\n<meta name=\"robots\" content=\"index, follow, max-snippet:-1, max-image-preview:large, max-video-preview:-1\" \/>\n<link rel=\"canonical\" href=\"https:\/\/instituciones.gtm.sld.cu\/cpscs\/?page_id=371\" \/>\n<meta property=\"og:locale\" content=\"es_ES\" \/>\n<meta property=\"og:type\" content=\"article\" \/>\n<meta property=\"og:title\" content=\"Anestesiolog\u00eda y Reanimaci\u00f3n -\" \/>\n<meta property=\"og:description\" content=\"La anestesiolog\u00eda es la especialidad m\u00e9dica dedicada a la atenci\u00f3n y cuidados especiales de los pacientes durante las intervenciones quir\u00fargicas u otros procesos que puedan resultar molestos o dolorosos (endoscopia, radiolog\u00eda intervencionista, etc.). As\u00ed mismo, tiene a su cargo el tratamiento del dolor agudo o cr\u00f3nico de causa extraquir\u00fargica. Ejemplos de estos \u00faltimos son la &hellip; Seguir leyendo\" \/>\n<meta property=\"og:url\" content=\"https:\/\/instituciones.gtm.sld.cu\/cpscs\/?page_id=371\" \/>\n<meta property=\"article:modified_time\" content=\"2019-09-17T18:59:25+00:00\" \/>\n<meta name=\"twitter:card\" content=\"summary_large_image\" \/>\n<meta name=\"twitter:label1\" content=\"Tiempo de lectura\" \/>\n\t<meta name=\"twitter:data1\" content=\"3 minutos\" \/>\n<script type=\"application\/ld+json\" class=\"yoast-schema-graph\">{\"@context\":\"https:\/\/schema.org\",\"@graph\":[{\"@type\":\"WebPage\",\"@id\":\"https:\/\/instituciones.gtm.sld.cu\/cpscs\/?page_id=371\",\"url\":\"https:\/\/instituciones.gtm.sld.cu\/cpscs\/?page_id=371\",\"name\":\"Anestesiolog\u00eda y Reanimaci\u00f3n -\",\"isPartOf\":{\"@id\":\"https:\/\/instituciones.gtm.sld.cu\/cpscs\/#website\"},\"datePublished\":\"2017-09-29T08:42:28+00:00\",\"dateModified\":\"2019-09-17T18:59:25+00:00\",\"breadcrumb\":{\"@id\":\"https:\/\/instituciones.gtm.sld.cu\/cpscs\/?page_id=371#breadcrumb\"},\"inLanguage\":\"es\",\"potentialAction\":[{\"@type\":\"ReadAction\",\"target\":[\"https:\/\/instituciones.gtm.sld.cu\/cpscs\/?page_id=371\"]}]},{\"@type\":\"BreadcrumbList\",\"@id\":\"https:\/\/instituciones.gtm.sld.cu\/cpscs\/?page_id=371#breadcrumb\",\"itemListElement\":[{\"@type\":\"ListItem\",\"position\":1,\"name\":\"Portada\",\"item\":\"https:\/\/instituciones.gtm.sld.cu\/cpscs\"},{\"@type\":\"ListItem\",\"position\":2,\"name\":\"Anestesiolog\u00eda y Reanimaci\u00f3n\"}]},{\"@type\":\"WebSite\",\"@id\":\"https:\/\/instituciones.gtm.sld.cu\/cpscs\/#website\",\"url\":\"https:\/\/instituciones.gtm.sld.cu\/cpscs\/\",\"name\":\"\",\"description\":\"\",\"potentialAction\":[{\"@type\":\"SearchAction\",\"target\":{\"@type\":\"EntryPoint\",\"urlTemplate\":\"https:\/\/instituciones.gtm.sld.cu\/cpscs\/?s={search_term_string}\"},\"query-input\":\"required name=search_term_string\"}],\"inLanguage\":\"es\"}]}<\/script>\n<!-- \/ Yoast SEO plugin. -->","yoast_head_json":{"title":"Anestesiolog\u00eda y Reanimaci\u00f3n -","robots":{"index":"index","follow":"follow","max-snippet":"max-snippet:-1","max-image-preview":"max-image-preview:large","max-video-preview":"max-video-preview:-1"},"canonical":"https:\/\/instituciones.gtm.sld.cu\/cpscs\/?page_id=371","og_locale":"es_ES","og_type":"article","og_title":"Anestesiolog\u00eda y Reanimaci\u00f3n -","og_description":"La anestesiolog\u00eda es la especialidad m\u00e9dica dedicada a la atenci\u00f3n y cuidados especiales de los pacientes durante las intervenciones quir\u00fargicas u otros procesos que puedan resultar molestos o dolorosos (endoscopia, radiolog\u00eda intervencionista, etc.). As\u00ed mismo, tiene a su cargo el tratamiento del dolor agudo o cr\u00f3nico de causa extraquir\u00fargica. Ejemplos de estos \u00faltimos son la &hellip; Seguir leyendo","og_url":"https:\/\/instituciones.gtm.sld.cu\/cpscs\/?page_id=371","article_modified_time":"2019-09-17T18:59:25+00:00","twitter_card":"summary_large_image","twitter_misc":{"Tiempo de lectura":"3 minutos"},"schema":{"@context":"https:\/\/schema.org","@graph":[{"@type":"WebPage","@id":"https:\/\/instituciones.gtm.sld.cu\/cpscs\/?page_id=371","url":"https:\/\/instituciones.gtm.sld.cu\/cpscs\/?page_id=371","name":"Anestesiolog\u00eda y Reanimaci\u00f3n -","isPartOf":{"@id":"https:\/\/instituciones.gtm.sld.cu\/cpscs\/#website"},"datePublished":"2017-09-29T08:42:28+00:00","dateModified":"2019-09-17T18:59:25+00:00","breadcrumb":{"@id":"https:\/\/instituciones.gtm.sld.cu\/cpscs\/?page_id=371#breadcrumb"},"inLanguage":"es","potentialAction":[{"@type":"ReadAction","target":["https:\/\/instituciones.gtm.sld.cu\/cpscs\/?page_id=371"]}]},{"@type":"BreadcrumbList","@id":"https:\/\/instituciones.gtm.sld.cu\/cpscs\/?page_id=371#breadcrumb","itemListElement":[{"@type":"ListItem","position":1,"name":"Portada","item":"https:\/\/instituciones.gtm.sld.cu\/cpscs"},{"@type":"ListItem","position":2,"name":"Anestesiolog\u00eda y Reanimaci\u00f3n"}]},{"@type":"WebSite","@id":"https:\/\/instituciones.gtm.sld.cu\/cpscs\/#website","url":"https:\/\/instituciones.gtm.sld.cu\/cpscs\/","name":"","description":"","potentialAction":[{"@type":"SearchAction","target":{"@type":"EntryPoint","urlTemplate":"https:\/\/instituciones.gtm.sld.cu\/cpscs\/?s={search_term_string}"},"query-input":"required name=search_term_string"}],"inLanguage":"es"}]}},"_links":{"self":[{"href":"https:\/\/instituciones.gtm.sld.cu\/cpscs\/index.php?rest_route=\/wp\/v2\/pages\/371"}],"collection":[{"href":"https:\/\/instituciones.gtm.sld.cu\/cpscs\/index.php?rest_route=\/wp\/v2\/pages"}],"about":[{"href":"https:\/\/instituciones.gtm.sld.cu\/cpscs\/index.php?rest_route=\/wp\/v2\/types\/page"}],"author":[{"embeddable":true,"href":"https:\/\/instituciones.gtm.sld.cu\/cpscs\/index.php?rest_route=\/wp\/v2\/users\/26"}],"replies":[{"embeddable":true,"href":"https:\/\/instituciones.gtm.sld.cu\/cpscs\/index.php?rest_route=%2Fwp%2Fv2%2Fcomments&post=371"}],"version-history":[{"count":1,"href":"https:\/\/instituciones.gtm.sld.cu\/cpscs\/index.php?rest_route=\/wp\/v2\/pages\/371\/revisions"}],"predecessor-version":[{"id":1210,"href":"https:\/\/instituciones.gtm.sld.cu\/cpscs\/index.php?rest_route=\/wp\/v2\/pages\/371\/revisions\/1210"}],"wp:featuredmedia":[{"embeddable":true,"href":"https:\/\/instituciones.gtm.sld.cu\/cpscs\/index.php?rest_route=\/"}],"wp:attachment":[{"href":"https:\/\/instituciones.gtm.sld.cu\/cpscs\/index.php?rest_route=%2Fwp%2Fv2%2Fmedia&parent=371"}],"curies":[{"name":"wp","href":"https:\/\/api.w.org\/{rel}","templated":true}]}}