{"id":447,"date":"2017-09-29T08:59:32","date_gmt":"2017-09-29T08:59:32","guid":{"rendered":"http:\/\/localhost\/SitioCPSCS-Guantanamo\/?page_id=447"},"modified":"2017-09-29T08:59:32","modified_gmt":"2017-09-29T08:59:32","slug":"estudios-ortodoncicos-2","status":"publish","type":"page","link":"https:\/\/instituciones.gtm.sld.cu\/cpscs\/?page_id=447","title":{"rendered":"Estudios Ortod\u00f3ncicos"},"content":{"rendered":"<h3><\/h3>\n<p>&nbsp;<\/p>\n<p>&nbsp;<\/p>\n<p>&nbsp;<\/p>\n<p>&nbsp;<\/p>\n<p>&nbsp;<\/p>\n<p>&nbsp;<\/p>\n<h3><span style=\"text-decoration: underline\"><span style=\"color: #000000\"><strong>Junta Directiva del Cap\u00edtulo de Estudios Ortod\u00f3ncicos<br \/>\n<\/strong><\/span><\/span><\/h3>\n<table style=\"height: 150px\" width=\"788\">\n<tbody>\n<tr>\n<td width=\"307\">\n<h4><strong>Nombre<\/strong><\/h4>\n<\/td>\n<td width=\"324\">\n<h4><strong>Cargo<\/strong><\/h4>\n<\/td>\n<td width=\"324\">\n<h4><strong>Correo<\/strong><\/h4>\n<\/td>\n<td width=\"324\">\n<h4><strong>Telefono<\/strong><\/h4>\n<\/td>\n<\/tr>\n<tr>\n<td width=\"307\"><strong>Dra. Noraima Gonzalvez Bertot<\/strong><\/td>\n<td width=\"324\"><strong>Presidente<\/strong><\/td>\n<td width=\"324\"><strong>monipa @infosol.gtm.sld.cu<\/strong><\/td>\n<td width=\"324\"><strong>21324152<\/strong><\/td>\n<\/tr>\n<tr>\n<td width=\"307\"><strong>Dra. Ailen Caldas Fern\u00e1ndez<\/strong><\/td>\n<td width=\"324\"><strong>Vicepresidente<\/strong><\/td>\n<td width=\"324\"><strong>c.ailien@nauta.cu<\/strong><\/td>\n<td width=\"324\"><strong>21325063<\/strong><\/td>\n<\/tr>\n<tr>\n<td width=\"307\"><strong>Dra. Lidia Rosa Garc\u00eda Gonz\u00e1lez<\/strong><\/td>\n<td width=\"324\"><strong>Secretario<\/strong><\/td>\n<td width=\"324\"><strong>lidiarosagg@infomed.sld.cu<\/strong><\/td>\n<td width=\"324\"><strong>21321632<\/strong><\/td>\n<\/tr>\n<tr>\n<td width=\"307\"><strong>Dra. Yoneidis Imbert Fuentes<\/strong><\/td>\n<td width=\"324\"><strong>Tesorero<\/strong><\/td>\n<td width=\"324\"><strong>&#8212;<\/strong><\/td>\n<td width=\"324\"><strong>&#8212;<\/strong><\/td>\n<\/tr>\n<tr>\n<td width=\"307\"><strong>Dr. Javier Alejandro Olivares Suarez<\/strong><\/td>\n<td width=\"324\"><strong>Vocal<\/strong><\/td>\n<td width=\"324\"><strong>&#8212;<\/strong><\/td>\n<td width=\"324\"><strong>21321632<\/strong><\/td>\n<\/tr>\n<\/tbody>\n<\/table>\n<p>&nbsp;<\/p>\n<h3><span style=\"text-decoration: underline\"><span style=\"color: #000000\"><strong>Relaci\u00f3n de los miembros del Cap\u00edtulo de Estudios Ortod\u00f3ncicos<br \/>\n<\/strong><\/span><\/span><\/h3>\n<table style=\"height: 447px\" width=\"788\">\n<tbody>\n<tr>\n<td width=\"307\">\n<h4><strong>Nombre<\/strong><\/h4>\n<\/td>\n<td width=\"324\">\n<h4><strong>Especialidad<\/strong><\/h4>\n<\/td>\n<td width=\"324\">\n<h4><strong>Grado.Esp o Resid<\/strong><\/h4>\n<\/td>\n<td width=\"324\">\n<h4><strong>Cat.Doc<\/strong><\/h4>\n<\/td>\n<td width=\"324\">\n<h4><strong>Grado.Cient<\/strong><\/h4>\n<\/td>\n<td width=\"324\">\n<h4><strong>Miembro<\/strong><\/h4>\n<\/td>\n<\/tr>\n<tr>\n<td width=\"307\"><strong>Dra. Noraima Gonzalvez Bertot<\/strong><\/td>\n<td width=\"324\"><strong>Ortodoncia<\/strong><\/td>\n<td width=\"324\"><strong>1er Grado<\/strong><\/td>\n<td width=\"324\"><strong>Asistente<\/strong><\/td>\n<td width=\"324\"><strong>Master<\/strong><\/td>\n<td width=\"324\"><strong>&#8212;<\/strong><\/td>\n<\/tr>\n<tr>\n<td width=\"307\"><strong>Dra. Ailen Caldas Fern\u00e1ndez<\/strong><\/td>\n<td width=\"324\"><strong>Ortodoncia<\/strong><\/td>\n<td width=\"324\"><strong>1er Grado<\/strong><\/td>\n<td width=\"324\"><strong>Instructor<\/strong><\/td>\n<td width=\"324\"><strong>&#8212;<\/strong><\/td>\n<td width=\"324\"><strong>&#8212;<\/strong><\/td>\n<\/tr>\n<tr>\n<td width=\"307\"><strong>Dra. Lidia Rosa Garc\u00eda Gonz\u00e1lez<\/strong><\/td>\n<td width=\"324\"><strong>Ortodoncia<\/strong><\/td>\n<td width=\"324\"><strong>1er Grado<\/strong><\/td>\n<td width=\"324\"><strong>Instructor<\/strong><\/td>\n<td width=\"324\"><strong>&#8212;<\/strong><\/td>\n<td width=\"324\"><strong>&#8212;<\/strong><\/td>\n<\/tr>\n<tr>\n<td width=\"307\"><strong>Dra. Yoneidis Imbert Fuentes<\/strong><\/td>\n<td width=\"324\"><strong>Ortodoncia<\/strong><\/td>\n<td width=\"324\"><strong>1er Grado<\/strong><\/td>\n<td width=\"324\"><strong>Asistente<\/strong><\/td>\n<td width=\"324\"><strong>Master<\/strong><\/td>\n<td width=\"324\"><strong>&#8212;<\/strong><\/td>\n<\/tr>\n<tr>\n<td width=\"307\"><strong>Dr. Javier Alejandro Olivares Suarez<\/strong><\/td>\n<td width=\"324\"><strong>Ortodoncia<\/strong><\/td>\n<td width=\"324\"><strong>1er Grado<\/strong><\/td>\n<td width=\"324\"><strong>Instructor<\/strong><\/td>\n<td width=\"324\"><strong>&#8212;<\/strong><\/td>\n<td width=\"324\"><strong>&#8212;<\/strong><\/td>\n<\/tr>\n<tr>\n<td width=\"307\"><strong>&#8212;<\/strong><\/td>\n<td width=\"324\"><strong>Ortodoncia<\/strong><\/td>\n<td width=\"324\"><strong>&#8212;<\/strong><\/td>\n<td width=\"324\"><strong>&#8212;<\/strong><\/td>\n<td width=\"324\"><strong>&#8212;<\/strong><\/td>\n<td width=\"324\"><strong>&#8212;<\/strong><\/td>\n<\/tr>\n<tr>\n<td width=\"307\"><strong>&#8212;<\/strong><\/td>\n<td width=\"324\"><strong>Ortodoncia<\/strong><\/td>\n<td width=\"324\"><strong>&#8212;<\/strong><\/td>\n<td width=\"324\"><strong>&#8212;<\/strong><\/td>\n<td width=\"324\"><strong>&#8212;<\/strong><\/td>\n<td width=\"324\"><strong>&#8212;<\/strong><\/td>\n<\/tr>\n<tr>\n<td width=\"307\"><strong>&#8212;<\/strong><\/td>\n<td width=\"324\"><strong>Ortodoncia<\/strong><\/td>\n<td width=\"324\"><strong>&#8212;<\/strong><\/td>\n<td width=\"324\"><strong>&#8212;<\/strong><\/td>\n<td width=\"324\"><strong>&#8212;<\/strong><\/td>\n<td width=\"324\"><strong>&#8212;<\/strong><\/td>\n<\/tr>\n<tr>\n<td width=\"307\"><strong>&#8212;<\/strong><\/td>\n<td width=\"324\"><strong>Ortodoncia<\/strong><\/td>\n<td width=\"324\"><strong>&#8212;<\/strong><\/td>\n<td width=\"324\"><strong>&#8212;<\/strong><\/td>\n<td width=\"324\"><strong>&#8212;<\/strong><\/td>\n<td width=\"324\"><strong>&#8212;<\/strong><\/td>\n<\/tr>\n<tr>\n<td width=\"307\"><strong>&#8212;<\/strong><\/td>\n<td width=\"324\"><strong>Ortodoncia<\/strong><\/td>\n<td width=\"324\"><strong>&#8212;<\/strong><\/td>\n<td width=\"324\"><strong>&#8212;<\/strong><\/td>\n<td width=\"324\"><strong>&#8212;<\/strong><\/td>\n<td width=\"324\"><strong>&#8212;<\/strong><\/td>\n<\/tr>\n<tr>\n<td width=\"307\"><strong>&#8212;<\/strong><\/td>\n<td width=\"324\"><strong>Ortodoncia<\/strong><\/td>\n<td width=\"324\"><strong>&#8212;<\/strong><\/td>\n<td width=\"324\"><strong>&#8212;<\/strong><\/td>\n<td width=\"324\"><strong>&#8212;<\/strong><\/td>\n<td width=\"324\"><strong>&#8212;<\/strong><\/td>\n<\/tr>\n<tr>\n<td width=\"307\"><strong>&#8212;<\/strong><\/td>\n<td width=\"324\"><strong>Ortodoncia<\/strong><\/td>\n<td width=\"324\"><strong>&#8212;<\/strong><\/td>\n<td width=\"324\"><strong>&#8212;<\/strong><\/td>\n<td width=\"324\"><strong>&#8212;<\/strong><\/td>\n<td width=\"324\"><strong>&#8212;<\/strong><\/td>\n<\/tr>\n<tr>\n<td width=\"307\"><strong>&#8212;<\/strong><\/td>\n<td width=\"324\"><strong>Ortodoncia<\/strong><\/td>\n<td width=\"324\"><strong>&#8212;<\/strong><\/td>\n<td width=\"324\"><strong>&#8212;<\/strong><\/td>\n<td width=\"324\"><strong>&#8212;<\/strong><\/td>\n<td width=\"324\"><strong>&#8212;<\/strong><\/td>\n<\/tr>\n<tr>\n<td width=\"307\"><strong>&#8212;<\/strong><\/td>\n<td width=\"324\"><strong>Ortodoncia<\/strong><\/td>\n<td width=\"324\"><strong>&#8212;<\/strong><\/td>\n<td width=\"324\"><strong>&#8212;<\/strong><\/td>\n<td width=\"324\"><strong>&#8212;<\/strong><\/td>\n<td width=\"324\"><strong>&#8212;<\/strong><\/td>\n<\/tr>\n<tr>\n<td width=\"307\"><strong>&#8212;<\/strong><\/td>\n<td width=\"324\"><strong>Ortodoncia<\/strong><\/td>\n<td width=\"324\"><strong>&#8212;<\/strong><\/td>\n<td width=\"324\"><strong>&#8212;<\/strong><\/td>\n<td width=\"324\"><strong>&#8212;<\/strong><\/td>\n<td width=\"324\"><strong>&#8212;<\/strong><\/td>\n<\/tr>\n<\/tbody>\n<\/table>\n","protected":false},"excerpt":{"rendered":"<p>&nbsp; &nbsp; &nbsp; &nbsp; &nbsp; &nbsp; Junta Directiva del Cap\u00edtulo de Estudios Ortod\u00f3ncicos Nombre Cargo Correo Telefono Dra. Noraima Gonzalvez Bertot Presidente monipa @infosol.gtm.sld.cu 21324152 Dra. Ailen Caldas Fern\u00e1ndez Vicepresidente c.ailien@nauta.cu 21325063 Dra. Lidia Rosa Garc\u00eda Gonz\u00e1lez Secretario lidiarosagg@infomed.sld.cu 21321632 Dra. Yoneidis Imbert Fuentes Tesorero &#8212; &#8212; Dr. Javier Alejandro Olivares Suarez Vocal &#8212; 21321632 &hellip; <\/p>\n<p><a class=\"more-link btn\" href=\"https:\/\/instituciones.gtm.sld.cu\/cpscs\/?page_id=447\">Seguir leyendo<\/a><\/p>\n","protected":false},"author":26,"featured_media":556,"parent":0,"menu_order":0,"comment_status":"closed","ping_status":"closed","template":"","meta":{"ngg_post_thumbnail":0,"_mc_calendar":[]},"yoast_head":"<!-- This site is optimized with the Yoast SEO plugin v21.8 - https:\/\/yoast.com\/wordpress\/plugins\/seo\/ -->\n<title>Estudios Ortod\u00f3ncicos -<\/title>\n<meta name=\"robots\" content=\"index, follow, max-snippet:-1, max-image-preview:large, max-video-preview:-1\" \/>\n<link rel=\"canonical\" href=\"https:\/\/instituciones.gtm.sld.cu\/cpscs\/?page_id=447\" \/>\n<meta property=\"og:locale\" content=\"es_ES\" \/>\n<meta property=\"og:type\" content=\"article\" \/>\n<meta property=\"og:title\" content=\"Estudios Ortod\u00f3ncicos -\" \/>\n<meta property=\"og:description\" content=\"&nbsp; &nbsp; &nbsp; &nbsp; &nbsp; &nbsp; Junta Directiva del Cap\u00edtulo de Estudios Ortod\u00f3ncicos Nombre Cargo Correo Telefono Dra. Noraima Gonzalvez Bertot Presidente monipa @infosol.gtm.sld.cu 21324152 Dra. Ailen Caldas Fern\u00e1ndez Vicepresidente c.ailien@nauta.cu 21325063 Dra. Lidia Rosa Garc\u00eda Gonz\u00e1lez Secretario lidiarosagg@infomed.sld.cu 21321632 Dra. Yoneidis Imbert Fuentes Tesorero &#8212; &#8212; Dr. Javier Alejandro Olivares Suarez Vocal &#8212; 21321632 &hellip; Seguir leyendo\" \/>\n<meta property=\"og:url\" content=\"https:\/\/instituciones.gtm.sld.cu\/cpscs\/?page_id=447\" \/>\n<meta name=\"twitter:card\" content=\"summary_large_image\" \/>\n<meta name=\"twitter:label1\" content=\"Tiempo de lectura\" \/>\n\t<meta name=\"twitter:data1\" content=\"1 minuto\" \/>\n<script type=\"application\/ld+json\" class=\"yoast-schema-graph\">{\"@context\":\"https:\/\/schema.org\",\"@graph\":[{\"@type\":\"WebPage\",\"@id\":\"https:\/\/instituciones.gtm.sld.cu\/cpscs\/?page_id=447\",\"url\":\"https:\/\/instituciones.gtm.sld.cu\/cpscs\/?page_id=447\",\"name\":\"Estudios Ortod\u00f3ncicos -\",\"isPartOf\":{\"@id\":\"https:\/\/instituciones.gtm.sld.cu\/cpscs\/#website\"},\"datePublished\":\"2017-09-29T08:59:32+00:00\",\"dateModified\":\"2017-09-29T08:59:32+00:00\",\"breadcrumb\":{\"@id\":\"https:\/\/instituciones.gtm.sld.cu\/cpscs\/?page_id=447#breadcrumb\"},\"inLanguage\":\"es\",\"potentialAction\":[{\"@type\":\"ReadAction\",\"target\":[\"https:\/\/instituciones.gtm.sld.cu\/cpscs\/?page_id=447\"]}]},{\"@type\":\"BreadcrumbList\",\"@id\":\"https:\/\/instituciones.gtm.sld.cu\/cpscs\/?page_id=447#breadcrumb\",\"itemListElement\":[{\"@type\":\"ListItem\",\"position\":1,\"name\":\"Portada\",\"item\":\"https:\/\/instituciones.gtm.sld.cu\/cpscs\"},{\"@type\":\"ListItem\",\"position\":2,\"name\":\"Estudios Ortod\u00f3ncicos\"}]},{\"@type\":\"WebSite\",\"@id\":\"https:\/\/instituciones.gtm.sld.cu\/cpscs\/#website\",\"url\":\"https:\/\/instituciones.gtm.sld.cu\/cpscs\/\",\"name\":\"\",\"description\":\"\",\"potentialAction\":[{\"@type\":\"SearchAction\",\"target\":{\"@type\":\"EntryPoint\",\"urlTemplate\":\"https:\/\/instituciones.gtm.sld.cu\/cpscs\/?s={search_term_string}\"},\"query-input\":\"required name=search_term_string\"}],\"inLanguage\":\"es\"}]}<\/script>\n<!-- \/ Yoast SEO plugin. -->","yoast_head_json":{"title":"Estudios Ortod\u00f3ncicos -","robots":{"index":"index","follow":"follow","max-snippet":"max-snippet:-1","max-image-preview":"max-image-preview:large","max-video-preview":"max-video-preview:-1"},"canonical":"https:\/\/instituciones.gtm.sld.cu\/cpscs\/?page_id=447","og_locale":"es_ES","og_type":"article","og_title":"Estudios Ortod\u00f3ncicos -","og_description":"&nbsp; &nbsp; &nbsp; &nbsp; &nbsp; &nbsp; Junta Directiva del Cap\u00edtulo de Estudios Ortod\u00f3ncicos Nombre Cargo Correo Telefono Dra. Noraima Gonzalvez Bertot Presidente monipa @infosol.gtm.sld.cu 21324152 Dra. Ailen Caldas Fern\u00e1ndez Vicepresidente c.ailien@nauta.cu 21325063 Dra. Lidia Rosa Garc\u00eda Gonz\u00e1lez Secretario lidiarosagg@infomed.sld.cu 21321632 Dra. Yoneidis Imbert Fuentes Tesorero &#8212; &#8212; Dr. Javier Alejandro Olivares Suarez Vocal &#8212; 21321632 &hellip; Seguir leyendo","og_url":"https:\/\/instituciones.gtm.sld.cu\/cpscs\/?page_id=447","twitter_card":"summary_large_image","twitter_misc":{"Tiempo de lectura":"1 minuto"},"schema":{"@context":"https:\/\/schema.org","@graph":[{"@type":"WebPage","@id":"https:\/\/instituciones.gtm.sld.cu\/cpscs\/?page_id=447","url":"https:\/\/instituciones.gtm.sld.cu\/cpscs\/?page_id=447","name":"Estudios Ortod\u00f3ncicos -","isPartOf":{"@id":"https:\/\/instituciones.gtm.sld.cu\/cpscs\/#website"},"datePublished":"2017-09-29T08:59:32+00:00","dateModified":"2017-09-29T08:59:32+00:00","breadcrumb":{"@id":"https:\/\/instituciones.gtm.sld.cu\/cpscs\/?page_id=447#breadcrumb"},"inLanguage":"es","potentialAction":[{"@type":"ReadAction","target":["https:\/\/instituciones.gtm.sld.cu\/cpscs\/?page_id=447"]}]},{"@type":"BreadcrumbList","@id":"https:\/\/instituciones.gtm.sld.cu\/cpscs\/?page_id=447#breadcrumb","itemListElement":[{"@type":"ListItem","position":1,"name":"Portada","item":"https:\/\/instituciones.gtm.sld.cu\/cpscs"},{"@type":"ListItem","position":2,"name":"Estudios Ortod\u00f3ncicos"}]},{"@type":"WebSite","@id":"https:\/\/instituciones.gtm.sld.cu\/cpscs\/#website","url":"https:\/\/instituciones.gtm.sld.cu\/cpscs\/","name":"","description":"","potentialAction":[{"@type":"SearchAction","target":{"@type":"EntryPoint","urlTemplate":"https:\/\/instituciones.gtm.sld.cu\/cpscs\/?s={search_term_string}"},"query-input":"required name=search_term_string"}],"inLanguage":"es"}]}},"_links":{"self":[{"href":"https:\/\/instituciones.gtm.sld.cu\/cpscs\/index.php?rest_route=\/wp\/v2\/pages\/447"}],"collection":[{"href":"https:\/\/instituciones.gtm.sld.cu\/cpscs\/index.php?rest_route=\/wp\/v2\/pages"}],"about":[{"href":"https:\/\/instituciones.gtm.sld.cu\/cpscs\/index.php?rest_route=\/wp\/v2\/types\/page"}],"author":[{"embeddable":true,"href":"https:\/\/instituciones.gtm.sld.cu\/cpscs\/index.php?rest_route=\/wp\/v2\/users\/26"}],"replies":[{"embeddable":true,"href":"https:\/\/instituciones.gtm.sld.cu\/cpscs\/index.php?rest_route=%2Fwp%2Fv2%2Fcomments&post=447"}],"version-history":[{"count":0,"href":"https:\/\/instituciones.gtm.sld.cu\/cpscs\/index.php?rest_route=\/wp\/v2\/pages\/447\/revisions"}],"wp:featuredmedia":[{"embeddable":true,"href":"https:\/\/instituciones.gtm.sld.cu\/cpscs\/index.php?rest_route=\/"}],"wp:attachment":[{"href":"https:\/\/instituciones.gtm.sld.cu\/cpscs\/index.php?rest_route=%2Fwp%2Fv2%2Fmedia&parent=447"}],"curies":[{"name":"wp","href":"https:\/\/api.w.org\/{rel}","templated":true}]}}