{"id":169,"date":"2019-04-03T13:39:06","date_gmt":"2019-04-03T17:39:06","guid":{"rendered":"http:\/\/instituciones.gtm.sld.cu\/dmsims\/?page_id=169"},"modified":"2019-04-10T16:30:16","modified_gmt":"2019-04-10T20:30:16","slug":"mision-y-vision","status":"publish","type":"page","link":"https:\/\/instituciones.gtm.sld.cu\/dmsims\/mision-y-vision\/","title":{"rendered":"Misi\u00f3n y Visi\u00f3n"},"content":{"rendered":"\n<p style=\"text-align:center\"><strong>MISI\u00d3N:<\/strong><\/p>\n\n\n\n<p><\/p>\n\n\n\n<p>El \u00c1rea de Salud, Im\u00edas, es responsable de\u00a0 dirigir y controlar la aplicaci\u00f3n de las pol\u00edticas del MINSAP en el \u00e1mbito local, para promover, preservar, fomentar la calidad de vida de la poblaci\u00f3n imiense con una excelente atenci\u00f3n integral a la salud para ello dise\u00f1a, regula, implementa, controla y fiscaliza las estrategias de direcci\u00f3n de los procesos de salud, basada en la interrelaci\u00f3n entre los niveles de atenci\u00f3n, participaci\u00f3n intersectorial y comunitaria.<\/p>\n\n\n\n<p style=\"text-align:center\"><strong>VISI\u00d3N<\/strong><\/p>\n\n\n\n<p>El \u00c1rea de Salud, ha logrado la transformaci\u00f3n del estado\nde salud de la poblaci\u00f3n imiense,consolidando la atenci\u00f3n primaria de salud y\nla medicina familiar, y el papel del policl\u00ednico, como instituci\u00f3n b\u00e1sica del sistema,\nha mejorado de forma cre\u00edble la calidad de los servicios, la \u00e9tica, el\nhumanismo y la solidaridad, reflejada en el alcance de indicadores de salud\ncomparables con los del primer mundo, respaldada por la responsabilidad\nindividual, social, la satisfacci\u00f3n de la poblaci\u00f3n y los trabajadores del\nsistema. Ha formado recursos humanos competentes, comprometidos&nbsp; con la conducta revolucionaria profesional y\nm\u00e9dica como fundamento de todas nuestras actividades y con un profundo esp\u00edritu\ninternacionalista. Al incorporar de forma creativa y racional los avances\ncient\u00edficos -t\u00e9cnicos trabaja por brindar servicios de salud de excelencia.<\/p>\n","protected":false},"excerpt":{"rendered":"<p>MISI\u00d3N: El \u00c1rea de Salud, Im\u00edas, es responsable de\u00a0 dirigir y controlar la aplicaci\u00f3n de las pol\u00edticas del MINSAP en el \u00e1mbito local, para promover, preservar, fomentar la calidad de vida de la poblaci\u00f3n imiense con una excelente atenci\u00f3n integral a la salud para ello dise\u00f1a, regula, implementa, controla y fiscaliza las estrategias de direcci\u00f3n &hellip; <\/p>\n<p><a class=\"more-link btn\" href=\"https:\/\/instituciones.gtm.sld.cu\/dmsims\/mision-y-vision\/\">Seguir leyendo<\/a><\/p>\n","protected":false},"author":17,"featured_media":0,"parent":0,"menu_order":0,"comment_status":"closed","ping_status":"closed","template":"","meta":{"ngg_post_thumbnail":0,"_mc_calendar":[]},"yoast_head":"<!-- This site is optimized with the Yoast SEO plugin v21.8 - https:\/\/yoast.com\/wordpress\/plugins\/seo\/ -->\n<title>Misi\u00f3n y Visi\u00f3n - Policl\u00ednico &quot;Ciro Fr\u00edas Cabrera&quot;<\/title>\n<meta name=\"robots\" content=\"index, follow, max-snippet:-1, max-image-preview:large, max-video-preview:-1\" \/>\n<link rel=\"canonical\" href=\"https:\/\/instituciones.gtm.sld.cu\/dmsims\/mision-y-vision\/\" \/>\n<meta property=\"og:locale\" content=\"es_ES\" \/>\n<meta property=\"og:type\" content=\"article\" \/>\n<meta property=\"og:title\" content=\"Misi\u00f3n y Visi\u00f3n - Policl\u00ednico &quot;Ciro Fr\u00edas Cabrera&quot;\" \/>\n<meta property=\"og:description\" content=\"MISI\u00d3N: El \u00c1rea de Salud, Im\u00edas, es responsable de\u00a0 dirigir y controlar la aplicaci\u00f3n de las pol\u00edticas del MINSAP en el \u00e1mbito local, para promover, preservar, fomentar la calidad de vida de la poblaci\u00f3n imiense con una excelente atenci\u00f3n integral a la salud para ello dise\u00f1a, regula, implementa, controla y fiscaliza las estrategias de direcci\u00f3n &hellip; Seguir leyendo\" \/>\n<meta property=\"og:url\" content=\"https:\/\/instituciones.gtm.sld.cu\/dmsims\/mision-y-vision\/\" \/>\n<meta property=\"og:site_name\" content=\"Policl\u00ednico &quot;Ciro Fr\u00edas Cabrera&quot;\" \/>\n<meta property=\"article:modified_time\" content=\"2019-04-10T20:30:16+00:00\" \/>\n<meta name=\"twitter:card\" content=\"summary_large_image\" \/>\n<meta name=\"twitter:label1\" content=\"Tiempo de lectura\" \/>\n\t<meta name=\"twitter:data1\" content=\"1 minuto\" \/>\n<script type=\"application\/ld+json\" class=\"yoast-schema-graph\">{\"@context\":\"https:\/\/schema.org\",\"@graph\":[{\"@type\":\"WebPage\",\"@id\":\"https:\/\/instituciones.gtm.sld.cu\/dmsims\/mision-y-vision\/\",\"url\":\"https:\/\/instituciones.gtm.sld.cu\/dmsims\/mision-y-vision\/\",\"name\":\"Misi\u00f3n y Visi\u00f3n - Policl\u00ednico &quot;Ciro Fr\u00edas Cabrera&quot;\",\"isPartOf\":{\"@id\":\"https:\/\/instituciones.gtm.sld.cu\/dmsims\/#website\"},\"datePublished\":\"2019-04-03T17:39:06+00:00\",\"dateModified\":\"2019-04-10T20:30:16+00:00\",\"breadcrumb\":{\"@id\":\"https:\/\/instituciones.gtm.sld.cu\/dmsims\/mision-y-vision\/#breadcrumb\"},\"inLanguage\":\"es\",\"potentialAction\":[{\"@type\":\"ReadAction\",\"target\":[\"https:\/\/instituciones.gtm.sld.cu\/dmsims\/mision-y-vision\/\"]}]},{\"@type\":\"BreadcrumbList\",\"@id\":\"https:\/\/instituciones.gtm.sld.cu\/dmsims\/mision-y-vision\/#breadcrumb\",\"itemListElement\":[{\"@type\":\"ListItem\",\"position\":1,\"name\":\"Portada\",\"item\":\"https:\/\/instituciones.gtm.sld.cu\/dmsims\/\"},{\"@type\":\"ListItem\",\"position\":2,\"name\":\"Misi\u00f3n y Visi\u00f3n\"}]},{\"@type\":\"WebSite\",\"@id\":\"https:\/\/instituciones.gtm.sld.cu\/dmsims\/#website\",\"url\":\"https:\/\/instituciones.gtm.sld.cu\/dmsims\/\",\"name\":\"Policl\u00ednico &quot;Ciro Fr\u00edas Cabrera&quot;\",\"description\":\"Policl\u00ednico &quot;Ciro Fr\u00edas Cabrera&quot;\",\"potentialAction\":[{\"@type\":\"SearchAction\",\"target\":{\"@type\":\"EntryPoint\",\"urlTemplate\":\"https:\/\/instituciones.gtm.sld.cu\/dmsims\/?s={search_term_string}\"},\"query-input\":\"required name=search_term_string\"}],\"inLanguage\":\"es\"}]}<\/script>\n<!-- \/ Yoast SEO plugin. -->","yoast_head_json":{"title":"Misi\u00f3n y Visi\u00f3n - Policl\u00ednico &quot;Ciro Fr\u00edas Cabrera&quot;","robots":{"index":"index","follow":"follow","max-snippet":"max-snippet:-1","max-image-preview":"max-image-preview:large","max-video-preview":"max-video-preview:-1"},"canonical":"https:\/\/instituciones.gtm.sld.cu\/dmsims\/mision-y-vision\/","og_locale":"es_ES","og_type":"article","og_title":"Misi\u00f3n y Visi\u00f3n - Policl\u00ednico &quot;Ciro Fr\u00edas Cabrera&quot;","og_description":"MISI\u00d3N: El \u00c1rea de Salud, Im\u00edas, es responsable de\u00a0 dirigir y controlar la aplicaci\u00f3n de las pol\u00edticas del MINSAP en el \u00e1mbito local, para promover, preservar, fomentar la calidad de vida de la poblaci\u00f3n imiense con una excelente atenci\u00f3n integral a la salud para ello dise\u00f1a, regula, implementa, controla y fiscaliza las estrategias de direcci\u00f3n &hellip; Seguir leyendo","og_url":"https:\/\/instituciones.gtm.sld.cu\/dmsims\/mision-y-vision\/","og_site_name":"Policl\u00ednico &quot;Ciro Fr\u00edas Cabrera&quot;","article_modified_time":"2019-04-10T20:30:16+00:00","twitter_card":"summary_large_image","twitter_misc":{"Tiempo de lectura":"1 minuto"},"schema":{"@context":"https:\/\/schema.org","@graph":[{"@type":"WebPage","@id":"https:\/\/instituciones.gtm.sld.cu\/dmsims\/mision-y-vision\/","url":"https:\/\/instituciones.gtm.sld.cu\/dmsims\/mision-y-vision\/","name":"Misi\u00f3n y Visi\u00f3n - Policl\u00ednico &quot;Ciro Fr\u00edas Cabrera&quot;","isPartOf":{"@id":"https:\/\/instituciones.gtm.sld.cu\/dmsims\/#website"},"datePublished":"2019-04-03T17:39:06+00:00","dateModified":"2019-04-10T20:30:16+00:00","breadcrumb":{"@id":"https:\/\/instituciones.gtm.sld.cu\/dmsims\/mision-y-vision\/#breadcrumb"},"inLanguage":"es","potentialAction":[{"@type":"ReadAction","target":["https:\/\/instituciones.gtm.sld.cu\/dmsims\/mision-y-vision\/"]}]},{"@type":"BreadcrumbList","@id":"https:\/\/instituciones.gtm.sld.cu\/dmsims\/mision-y-vision\/#breadcrumb","itemListElement":[{"@type":"ListItem","position":1,"name":"Portada","item":"https:\/\/instituciones.gtm.sld.cu\/dmsims\/"},{"@type":"ListItem","position":2,"name":"Misi\u00f3n y Visi\u00f3n"}]},{"@type":"WebSite","@id":"https:\/\/instituciones.gtm.sld.cu\/dmsims\/#website","url":"https:\/\/instituciones.gtm.sld.cu\/dmsims\/","name":"Policl\u00ednico &quot;Ciro Fr\u00edas Cabrera&quot;","description":"Policl\u00ednico &quot;Ciro Fr\u00edas Cabrera&quot;","potentialAction":[{"@type":"SearchAction","target":{"@type":"EntryPoint","urlTemplate":"https:\/\/instituciones.gtm.sld.cu\/dmsims\/?s={search_term_string}"},"query-input":"required name=search_term_string"}],"inLanguage":"es"}]}},"_links":{"self":[{"href":"https:\/\/instituciones.gtm.sld.cu\/dmsims\/wp-json\/wp\/v2\/pages\/169"}],"collection":[{"href":"https:\/\/instituciones.gtm.sld.cu\/dmsims\/wp-json\/wp\/v2\/pages"}],"about":[{"href":"https:\/\/instituciones.gtm.sld.cu\/dmsims\/wp-json\/wp\/v2\/types\/page"}],"author":[{"embeddable":true,"href":"https:\/\/instituciones.gtm.sld.cu\/dmsims\/wp-json\/wp\/v2\/users\/17"}],"replies":[{"embeddable":true,"href":"https:\/\/instituciones.gtm.sld.cu\/dmsims\/wp-json\/wp\/v2\/comments?post=169"}],"version-history":[{"count":0,"href":"https:\/\/instituciones.gtm.sld.cu\/dmsims\/wp-json\/wp\/v2\/pages\/169\/revisions"}],"wp:attachment":[{"href":"https:\/\/instituciones.gtm.sld.cu\/dmsims\/wp-json\/wp\/v2\/media?parent=169"}],"curies":[{"name":"wp","href":"https:\/\/api.w.org\/{rel}","templated":true}]}}