{"id":207,"date":"2019-04-08T16:18:43","date_gmt":"2019-04-08T20:18:43","guid":{"rendered":"http:\/\/instituciones.gtm.sld.cu\/dmsims\/?page_id=207"},"modified":"2019-05-20T14:31:41","modified_gmt":"2019-05-20T18:31:41","slug":"auditor","status":"publish","type":"page","link":"https:\/\/instituciones.gtm.sld.cu\/dmsims\/auditor\/","title":{"rendered":"Auditor"},"content":{"rendered":"\n<p>El auditor tiene la responsabilidad de practicar las\nnormas cubanas de auditor\u00eda y su c\u00f3digo de \u00e9tica como gu\u00eda principal en su\ndesempe\u00f1o para hacer valer los lineamientos de la pol\u00edtica econ\u00f3mica y social\ndel partido y la Revoluci\u00f3n.<\/p>\n\n\n\n<p><strong>OBJETIVOS GENERALES<\/strong><\/p>\n\n\n\n<ol><li>Evaluar\n     el cumplimiento e impacto de la aplicaci\u00f3n de las pol\u00edticas aprobadas,\n     tomando en consideraci\u00f3n la Conceptualizaci\u00f3n del Modelo Econ\u00f3mico y\n     Social, el proceso de implementaci\u00f3n de los Lineamientos de la Pol\u00edtica\n     Econ\u00f3mica y Social del Partido y la Revoluci\u00f3n (Lineamientos), \u2013 en los\n     temas correspondientes- aprobados en el VII Congreso del Partido y los\n     Objetivos de su I Conferencia Nacional.<\/li><li>Evaluar\n     el desarrollo y calidad de los procesos y el desempe\u00f1o de la gesti\u00f3n\n     administrativa, en los temas objeto de an\u00e1lisis, en cuanto al desarrollo y\n     cumplimiento de sus respectivos sistemas de control interno, el respeto a\n     las normas legales establecidas, la efectividad lograda en la\n     identificaci\u00f3n de riesgos y en las medidas preventivas aplicadas, el\n     desarrollo practico de la estrategia de comunicaci\u00f3n dise\u00f1ada y la\n     transparencia e impacto de la Rendici\u00f3n de Cuentas de la Administraci\u00f3n.<\/li><\/ol>\n","protected":false},"excerpt":{"rendered":"<p>El auditor tiene la responsabilidad de practicar las normas cubanas de auditor\u00eda y su c\u00f3digo de \u00e9tica como gu\u00eda principal en su desempe\u00f1o para hacer valer los lineamientos de la pol\u00edtica econ\u00f3mica y social del partido y la Revoluci\u00f3n. OBJETIVOS GENERALES Evaluar el cumplimiento e impacto de la aplicaci\u00f3n de las pol\u00edticas aprobadas, tomando en &hellip; <\/p>\n<p><a class=\"more-link btn\" href=\"https:\/\/instituciones.gtm.sld.cu\/dmsims\/auditor\/\">Seguir leyendo<\/a><\/p>\n","protected":false},"author":17,"featured_media":0,"parent":0,"menu_order":0,"comment_status":"closed","ping_status":"closed","template":"","meta":{"ngg_post_thumbnail":0,"_mc_calendar":[]},"yoast_head":"<!-- This site is optimized with the Yoast SEO plugin v21.8 - https:\/\/yoast.com\/wordpress\/plugins\/seo\/ -->\n<title>Auditor - Policl\u00ednico &quot;Ciro Fr\u00edas Cabrera&quot;<\/title>\n<meta name=\"robots\" content=\"index, follow, max-snippet:-1, max-image-preview:large, max-video-preview:-1\" \/>\n<link rel=\"canonical\" href=\"https:\/\/instituciones.gtm.sld.cu\/dmsims\/auditor\/\" \/>\n<meta property=\"og:locale\" content=\"es_ES\" \/>\n<meta property=\"og:type\" content=\"article\" \/>\n<meta property=\"og:title\" content=\"Auditor - Policl\u00ednico &quot;Ciro Fr\u00edas Cabrera&quot;\" \/>\n<meta property=\"og:description\" content=\"El auditor tiene la responsabilidad de practicar las normas cubanas de auditor\u00eda y su c\u00f3digo de \u00e9tica como gu\u00eda principal en su desempe\u00f1o para hacer valer los lineamientos de la pol\u00edtica econ\u00f3mica y social del partido y la Revoluci\u00f3n. OBJETIVOS GENERALES Evaluar el cumplimiento e impacto de la aplicaci\u00f3n de las pol\u00edticas aprobadas, tomando en &hellip; Seguir leyendo\" \/>\n<meta property=\"og:url\" content=\"https:\/\/instituciones.gtm.sld.cu\/dmsims\/auditor\/\" \/>\n<meta property=\"og:site_name\" content=\"Policl\u00ednico &quot;Ciro Fr\u00edas Cabrera&quot;\" \/>\n<meta property=\"article:modified_time\" content=\"2019-05-20T18:31:41+00:00\" \/>\n<meta name=\"twitter:card\" content=\"summary_large_image\" \/>\n<meta name=\"twitter:label1\" content=\"Tiempo de lectura\" \/>\n\t<meta name=\"twitter:data1\" content=\"1 minuto\" \/>\n<script type=\"application\/ld+json\" class=\"yoast-schema-graph\">{\"@context\":\"https:\/\/schema.org\",\"@graph\":[{\"@type\":\"WebPage\",\"@id\":\"https:\/\/instituciones.gtm.sld.cu\/dmsims\/auditor\/\",\"url\":\"https:\/\/instituciones.gtm.sld.cu\/dmsims\/auditor\/\",\"name\":\"Auditor - Policl\u00ednico &quot;Ciro Fr\u00edas Cabrera&quot;\",\"isPartOf\":{\"@id\":\"https:\/\/instituciones.gtm.sld.cu\/dmsims\/#website\"},\"datePublished\":\"2019-04-08T20:18:43+00:00\",\"dateModified\":\"2019-05-20T18:31:41+00:00\",\"breadcrumb\":{\"@id\":\"https:\/\/instituciones.gtm.sld.cu\/dmsims\/auditor\/#breadcrumb\"},\"inLanguage\":\"es\",\"potentialAction\":[{\"@type\":\"ReadAction\",\"target\":[\"https:\/\/instituciones.gtm.sld.cu\/dmsims\/auditor\/\"]}]},{\"@type\":\"BreadcrumbList\",\"@id\":\"https:\/\/instituciones.gtm.sld.cu\/dmsims\/auditor\/#breadcrumb\",\"itemListElement\":[{\"@type\":\"ListItem\",\"position\":1,\"name\":\"Portada\",\"item\":\"https:\/\/instituciones.gtm.sld.cu\/dmsims\/\"},{\"@type\":\"ListItem\",\"position\":2,\"name\":\"Auditor\"}]},{\"@type\":\"WebSite\",\"@id\":\"https:\/\/instituciones.gtm.sld.cu\/dmsims\/#website\",\"url\":\"https:\/\/instituciones.gtm.sld.cu\/dmsims\/\",\"name\":\"Policl\u00ednico &quot;Ciro Fr\u00edas Cabrera&quot;\",\"description\":\"Policl\u00ednico &quot;Ciro Fr\u00edas Cabrera&quot;\",\"potentialAction\":[{\"@type\":\"SearchAction\",\"target\":{\"@type\":\"EntryPoint\",\"urlTemplate\":\"https:\/\/instituciones.gtm.sld.cu\/dmsims\/?s={search_term_string}\"},\"query-input\":\"required name=search_term_string\"}],\"inLanguage\":\"es\"}]}<\/script>\n<!-- \/ Yoast SEO plugin. -->","yoast_head_json":{"title":"Auditor - Policl\u00ednico &quot;Ciro Fr\u00edas Cabrera&quot;","robots":{"index":"index","follow":"follow","max-snippet":"max-snippet:-1","max-image-preview":"max-image-preview:large","max-video-preview":"max-video-preview:-1"},"canonical":"https:\/\/instituciones.gtm.sld.cu\/dmsims\/auditor\/","og_locale":"es_ES","og_type":"article","og_title":"Auditor - Policl\u00ednico &quot;Ciro Fr\u00edas Cabrera&quot;","og_description":"El auditor tiene la responsabilidad de practicar las normas cubanas de auditor\u00eda y su c\u00f3digo de \u00e9tica como gu\u00eda principal en su desempe\u00f1o para hacer valer los lineamientos de la pol\u00edtica econ\u00f3mica y social del partido y la Revoluci\u00f3n. OBJETIVOS GENERALES Evaluar el cumplimiento e impacto de la aplicaci\u00f3n de las pol\u00edticas aprobadas, tomando en &hellip; Seguir leyendo","og_url":"https:\/\/instituciones.gtm.sld.cu\/dmsims\/auditor\/","og_site_name":"Policl\u00ednico &quot;Ciro Fr\u00edas Cabrera&quot;","article_modified_time":"2019-05-20T18:31:41+00:00","twitter_card":"summary_large_image","twitter_misc":{"Tiempo de lectura":"1 minuto"},"schema":{"@context":"https:\/\/schema.org","@graph":[{"@type":"WebPage","@id":"https:\/\/instituciones.gtm.sld.cu\/dmsims\/auditor\/","url":"https:\/\/instituciones.gtm.sld.cu\/dmsims\/auditor\/","name":"Auditor - Policl\u00ednico &quot;Ciro Fr\u00edas Cabrera&quot;","isPartOf":{"@id":"https:\/\/instituciones.gtm.sld.cu\/dmsims\/#website"},"datePublished":"2019-04-08T20:18:43+00:00","dateModified":"2019-05-20T18:31:41+00:00","breadcrumb":{"@id":"https:\/\/instituciones.gtm.sld.cu\/dmsims\/auditor\/#breadcrumb"},"inLanguage":"es","potentialAction":[{"@type":"ReadAction","target":["https:\/\/instituciones.gtm.sld.cu\/dmsims\/auditor\/"]}]},{"@type":"BreadcrumbList","@id":"https:\/\/instituciones.gtm.sld.cu\/dmsims\/auditor\/#breadcrumb","itemListElement":[{"@type":"ListItem","position":1,"name":"Portada","item":"https:\/\/instituciones.gtm.sld.cu\/dmsims\/"},{"@type":"ListItem","position":2,"name":"Auditor"}]},{"@type":"WebSite","@id":"https:\/\/instituciones.gtm.sld.cu\/dmsims\/#website","url":"https:\/\/instituciones.gtm.sld.cu\/dmsims\/","name":"Policl\u00ednico &quot;Ciro Fr\u00edas Cabrera&quot;","description":"Policl\u00ednico &quot;Ciro Fr\u00edas Cabrera&quot;","potentialAction":[{"@type":"SearchAction","target":{"@type":"EntryPoint","urlTemplate":"https:\/\/instituciones.gtm.sld.cu\/dmsims\/?s={search_term_string}"},"query-input":"required name=search_term_string"}],"inLanguage":"es"}]}},"_links":{"self":[{"href":"https:\/\/instituciones.gtm.sld.cu\/dmsims\/wp-json\/wp\/v2\/pages\/207"}],"collection":[{"href":"https:\/\/instituciones.gtm.sld.cu\/dmsims\/wp-json\/wp\/v2\/pages"}],"about":[{"href":"https:\/\/instituciones.gtm.sld.cu\/dmsims\/wp-json\/wp\/v2\/types\/page"}],"author":[{"embeddable":true,"href":"https:\/\/instituciones.gtm.sld.cu\/dmsims\/wp-json\/wp\/v2\/users\/17"}],"replies":[{"embeddable":true,"href":"https:\/\/instituciones.gtm.sld.cu\/dmsims\/wp-json\/wp\/v2\/comments?post=207"}],"version-history":[{"count":0,"href":"https:\/\/instituciones.gtm.sld.cu\/dmsims\/wp-json\/wp\/v2\/pages\/207\/revisions"}],"wp:attachment":[{"href":"https:\/\/instituciones.gtm.sld.cu\/dmsims\/wp-json\/wp\/v2\/media?parent=207"}],"curies":[{"name":"wp","href":"https:\/\/api.w.org\/{rel}","templated":true}]}}