{"id":211,"date":"2019-04-08T16:20:10","date_gmt":"2019-04-08T20:20:10","guid":{"rendered":"http:\/\/instituciones.gtm.sld.cu\/dmsims\/?page_id=211"},"modified":"2019-04-24T11:42:16","modified_gmt":"2019-04-24T15:42:16","slug":"atencion-a-la-poblacion","status":"publish","type":"page","link":"https:\/\/instituciones.gtm.sld.cu\/dmsims\/atencion-a-la-poblacion\/","title":{"rendered":"Atenci\u00f3n a la poblaci\u00f3n"},"content":{"rendered":"\n<p>Corresponde\nal departamento de atenci\u00f3n a la poblaci\u00f3n, funcionarios, direcciones y dem\u00e1s\nunidades organizativas del Sistema Nacional de Salud responsabilizados con la\natenci\u00f3n a la poblaci\u00f3n, cumplir, velar y exigir por el m\u00e1s estricto\ncumplimiento de estas indicaciones en los niveles bajo sus subordinaci\u00f3n\nmetodol\u00f3gica, debiendo contribuir a la m\u00e1s eficiente atenci\u00f3n a la poblaci\u00f3n,\nen virtud de lo cual est\u00e1n facultados.<\/p>\n\n\n\n<table class=\"wp-block-table\"><tbody><tr><td>\n  Lunes\n  <\/td><td>8:00   pm- 5:00 pm   <\/td><\/tr><tr><td>\n  Martes\n  <\/td><td>8:00   pm- 5:00 pm  <\/td><\/tr><tr><td>\n  Miercoles\n  <\/td><td>8:00   pm- 5:00 pm  <\/td><\/tr><tr><td>\n  Jueves\n  <\/td><td> 8:00   pm- 5:00 pm  <\/td><\/tr><tr><td>\n  Viernes\n  <\/td><td> 8:00   pm- 5:00 pm     <\/td><\/tr><tr><td>\n  S\u00e1bado\n  <\/td><td>8:00   am- 12:00 pm   <\/td><\/tr><\/tbody><\/table>\n","protected":false},"excerpt":{"rendered":"<p>Corresponde al departamento de atenci\u00f3n a la poblaci\u00f3n, funcionarios, direcciones y dem\u00e1s unidades organizativas del Sistema Nacional de Salud responsabilizados con la atenci\u00f3n a la poblaci\u00f3n, cumplir, velar y exigir por el m\u00e1s estricto cumplimiento de estas indicaciones en los niveles bajo sus subordinaci\u00f3n metodol\u00f3gica, debiendo contribuir a la m\u00e1s eficiente atenci\u00f3n a la poblaci\u00f3n, &hellip; <\/p>\n<p><a class=\"more-link btn\" href=\"https:\/\/instituciones.gtm.sld.cu\/dmsims\/atencion-a-la-poblacion\/\">Seguir leyendo<\/a><\/p>\n","protected":false},"author":17,"featured_media":0,"parent":0,"menu_order":0,"comment_status":"closed","ping_status":"closed","template":"","meta":{"ngg_post_thumbnail":0,"_mc_calendar":[]},"yoast_head":"<!-- This site is optimized with the Yoast SEO plugin v21.8 - https:\/\/yoast.com\/wordpress\/plugins\/seo\/ -->\n<title>Atenci\u00f3n a la poblaci\u00f3n - Policl\u00ednico &quot;Ciro Fr\u00edas Cabrera&quot;<\/title>\n<meta name=\"robots\" content=\"index, follow, max-snippet:-1, max-image-preview:large, max-video-preview:-1\" \/>\n<link rel=\"canonical\" href=\"https:\/\/instituciones.gtm.sld.cu\/dmsims\/atencion-a-la-poblacion\/\" \/>\n<meta property=\"og:locale\" content=\"es_ES\" \/>\n<meta property=\"og:type\" content=\"article\" \/>\n<meta property=\"og:title\" content=\"Atenci\u00f3n a la poblaci\u00f3n - Policl\u00ednico &quot;Ciro Fr\u00edas Cabrera&quot;\" \/>\n<meta property=\"og:description\" content=\"Corresponde al departamento de atenci\u00f3n a la poblaci\u00f3n, funcionarios, direcciones y dem\u00e1s unidades organizativas del Sistema Nacional de Salud responsabilizados con la atenci\u00f3n a la poblaci\u00f3n, cumplir, velar y exigir por el m\u00e1s estricto cumplimiento de estas indicaciones en los niveles bajo sus subordinaci\u00f3n metodol\u00f3gica, debiendo contribuir a la m\u00e1s eficiente atenci\u00f3n a la poblaci\u00f3n, &hellip; Seguir leyendo\" \/>\n<meta property=\"og:url\" content=\"https:\/\/instituciones.gtm.sld.cu\/dmsims\/atencion-a-la-poblacion\/\" \/>\n<meta property=\"og:site_name\" content=\"Policl\u00ednico &quot;Ciro Fr\u00edas Cabrera&quot;\" \/>\n<meta property=\"article:modified_time\" content=\"2019-04-24T15:42:16+00:00\" \/>\n<meta name=\"twitter:card\" content=\"summary_large_image\" \/>\n<script type=\"application\/ld+json\" class=\"yoast-schema-graph\">{\"@context\":\"https:\/\/schema.org\",\"@graph\":[{\"@type\":\"WebPage\",\"@id\":\"https:\/\/instituciones.gtm.sld.cu\/dmsims\/atencion-a-la-poblacion\/\",\"url\":\"https:\/\/instituciones.gtm.sld.cu\/dmsims\/atencion-a-la-poblacion\/\",\"name\":\"Atenci\u00f3n a la poblaci\u00f3n - Policl\u00ednico &quot;Ciro Fr\u00edas Cabrera&quot;\",\"isPartOf\":{\"@id\":\"https:\/\/instituciones.gtm.sld.cu\/dmsims\/#website\"},\"datePublished\":\"2019-04-08T20:20:10+00:00\",\"dateModified\":\"2019-04-24T15:42:16+00:00\",\"breadcrumb\":{\"@id\":\"https:\/\/instituciones.gtm.sld.cu\/dmsims\/atencion-a-la-poblacion\/#breadcrumb\"},\"inLanguage\":\"es\",\"potentialAction\":[{\"@type\":\"ReadAction\",\"target\":[\"https:\/\/instituciones.gtm.sld.cu\/dmsims\/atencion-a-la-poblacion\/\"]}]},{\"@type\":\"BreadcrumbList\",\"@id\":\"https:\/\/instituciones.gtm.sld.cu\/dmsims\/atencion-a-la-poblacion\/#breadcrumb\",\"itemListElement\":[{\"@type\":\"ListItem\",\"position\":1,\"name\":\"Portada\",\"item\":\"https:\/\/instituciones.gtm.sld.cu\/dmsims\/\"},{\"@type\":\"ListItem\",\"position\":2,\"name\":\"Atenci\u00f3n a la poblaci\u00f3n\"}]},{\"@type\":\"WebSite\",\"@id\":\"https:\/\/instituciones.gtm.sld.cu\/dmsims\/#website\",\"url\":\"https:\/\/instituciones.gtm.sld.cu\/dmsims\/\",\"name\":\"Policl\u00ednico &quot;Ciro Fr\u00edas Cabrera&quot;\",\"description\":\"Policl\u00ednico &quot;Ciro Fr\u00edas Cabrera&quot;\",\"potentialAction\":[{\"@type\":\"SearchAction\",\"target\":{\"@type\":\"EntryPoint\",\"urlTemplate\":\"https:\/\/instituciones.gtm.sld.cu\/dmsims\/?s={search_term_string}\"},\"query-input\":\"required name=search_term_string\"}],\"inLanguage\":\"es\"}]}<\/script>\n<!-- \/ Yoast SEO plugin. -->","yoast_head_json":{"title":"Atenci\u00f3n a la poblaci\u00f3n - Policl\u00ednico &quot;Ciro Fr\u00edas Cabrera&quot;","robots":{"index":"index","follow":"follow","max-snippet":"max-snippet:-1","max-image-preview":"max-image-preview:large","max-video-preview":"max-video-preview:-1"},"canonical":"https:\/\/instituciones.gtm.sld.cu\/dmsims\/atencion-a-la-poblacion\/","og_locale":"es_ES","og_type":"article","og_title":"Atenci\u00f3n a la poblaci\u00f3n - Policl\u00ednico &quot;Ciro Fr\u00edas Cabrera&quot;","og_description":"Corresponde al departamento de atenci\u00f3n a la poblaci\u00f3n, funcionarios, direcciones y dem\u00e1s unidades organizativas del Sistema Nacional de Salud responsabilizados con la atenci\u00f3n a la poblaci\u00f3n, cumplir, velar y exigir por el m\u00e1s estricto cumplimiento de estas indicaciones en los niveles bajo sus subordinaci\u00f3n metodol\u00f3gica, debiendo contribuir a la m\u00e1s eficiente atenci\u00f3n a la poblaci\u00f3n, &hellip; Seguir leyendo","og_url":"https:\/\/instituciones.gtm.sld.cu\/dmsims\/atencion-a-la-poblacion\/","og_site_name":"Policl\u00ednico &quot;Ciro Fr\u00edas Cabrera&quot;","article_modified_time":"2019-04-24T15:42:16+00:00","twitter_card":"summary_large_image","schema":{"@context":"https:\/\/schema.org","@graph":[{"@type":"WebPage","@id":"https:\/\/instituciones.gtm.sld.cu\/dmsims\/atencion-a-la-poblacion\/","url":"https:\/\/instituciones.gtm.sld.cu\/dmsims\/atencion-a-la-poblacion\/","name":"Atenci\u00f3n a la poblaci\u00f3n - Policl\u00ednico &quot;Ciro Fr\u00edas Cabrera&quot;","isPartOf":{"@id":"https:\/\/instituciones.gtm.sld.cu\/dmsims\/#website"},"datePublished":"2019-04-08T20:20:10+00:00","dateModified":"2019-04-24T15:42:16+00:00","breadcrumb":{"@id":"https:\/\/instituciones.gtm.sld.cu\/dmsims\/atencion-a-la-poblacion\/#breadcrumb"},"inLanguage":"es","potentialAction":[{"@type":"ReadAction","target":["https:\/\/instituciones.gtm.sld.cu\/dmsims\/atencion-a-la-poblacion\/"]}]},{"@type":"BreadcrumbList","@id":"https:\/\/instituciones.gtm.sld.cu\/dmsims\/atencion-a-la-poblacion\/#breadcrumb","itemListElement":[{"@type":"ListItem","position":1,"name":"Portada","item":"https:\/\/instituciones.gtm.sld.cu\/dmsims\/"},{"@type":"ListItem","position":2,"name":"Atenci\u00f3n a la poblaci\u00f3n"}]},{"@type":"WebSite","@id":"https:\/\/instituciones.gtm.sld.cu\/dmsims\/#website","url":"https:\/\/instituciones.gtm.sld.cu\/dmsims\/","name":"Policl\u00ednico &quot;Ciro Fr\u00edas Cabrera&quot;","description":"Policl\u00ednico &quot;Ciro Fr\u00edas Cabrera&quot;","potentialAction":[{"@type":"SearchAction","target":{"@type":"EntryPoint","urlTemplate":"https:\/\/instituciones.gtm.sld.cu\/dmsims\/?s={search_term_string}"},"query-input":"required name=search_term_string"}],"inLanguage":"es"}]}},"_links":{"self":[{"href":"https:\/\/instituciones.gtm.sld.cu\/dmsims\/wp-json\/wp\/v2\/pages\/211"}],"collection":[{"href":"https:\/\/instituciones.gtm.sld.cu\/dmsims\/wp-json\/wp\/v2\/pages"}],"about":[{"href":"https:\/\/instituciones.gtm.sld.cu\/dmsims\/wp-json\/wp\/v2\/types\/page"}],"author":[{"embeddable":true,"href":"https:\/\/instituciones.gtm.sld.cu\/dmsims\/wp-json\/wp\/v2\/users\/17"}],"replies":[{"embeddable":true,"href":"https:\/\/instituciones.gtm.sld.cu\/dmsims\/wp-json\/wp\/v2\/comments?post=211"}],"version-history":[{"count":0,"href":"https:\/\/instituciones.gtm.sld.cu\/dmsims\/wp-json\/wp\/v2\/pages\/211\/revisions"}],"wp:attachment":[{"href":"https:\/\/instituciones.gtm.sld.cu\/dmsims\/wp-json\/wp\/v2\/media?parent=211"}],"curies":[{"name":"wp","href":"https:\/\/api.w.org\/{rel}","templated":true}]}}