{"id":226,"date":"2019-04-08T16:30:47","date_gmt":"2019-04-08T20:30:47","guid":{"rendered":"http:\/\/instituciones.gtm.sld.cu\/dmsims\/?page_id=226"},"modified":"2019-04-26T14:39:04","modified_gmt":"2019-04-26T18:39:04","slug":"dpto-recursos-humanos","status":"publish","type":"page","link":"https:\/\/instituciones.gtm.sld.cu\/dmsims\/dpto-recursos-humanos\/","title":{"rendered":"Dpto Recursos Humanos"},"content":{"rendered":"\n<p><strong>MISI\u00d3N:<\/strong><\/p>\n\n\n\n<p>El departamento de recursos humanos de la Direcci\u00f3n Municipal\nde Salud,estas centrado en los valores de identidad y humanismo, trabaja en la\nesfera del capital humano, para asesorar, controlar y fiscalizar la utilizaci\u00f3n\nracional y eficiente de los recursos materiales, financieros y humanos con la\nm\u00e1s elevada calidad y la optimizaci\u00f3n de los servicios.<\/p>\n\n\n\n<p><strong>VISI\u00d3N:<\/strong><\/p>\n\n\n\n<p>El departamento de recursos humanos de la Direcci\u00f3n Municipal de &nbsp;Salud , logra en el 100% de sus entidades un uso racional y eficiente de los recursos materiales, humanos y financieros y logros sostenidos en la capacitaci\u00f3n de fuerza laboral, con el uso sostenido de los estudios de organizaci\u00f3n del trabajo.<\/p>\n\n\n\n<p><strong>OBJETIVO:<\/strong><\/p>\n\n\n\n<p>Alcanzar la m\u00e1xima efectividad del trabajo como v\u00eda esencial que contribuya al incremento sostenido de la productividad para elevar la eficiencia y la eficacia  del trabajo, a trav\u00e9s del aumento de la calidad de los servicios, en la instituci\u00f3n.<\/p>\n\n\n\n<p>Para el\nlogro de esta meta, contamos con:<\/p>\n\n\n\n<p><strong>VALORES\nCOMPARTIDOS:<\/strong><\/p>\n\n\n\n<ul><li>Lealtad a los principios de la Revoluci\u00f3n.<\/li><li>Moral<\/li><li>\u00c9tica<\/li><li>Responsabilidad<\/li><li>Profesionalidad<\/li><li>Internacionalismo<\/li><li>Solidaridad<\/li><\/ul>\n\n\n\n<p><strong>VALORES\nDESEADOS<\/strong>:<\/p>\n\n\n\n<ul><li>Humanidad<\/li><li>Disciplina<\/li><li>Consagraci\u00f3n<\/li><li>Liderazgo<\/li><li>Desinter\u00e9s y Modestia<\/li><li>Sentido de la cr\u00edtica y de la autocr\u00edtica<\/li><li>Iniciativa y creatividad.<\/li><\/ul>\n","protected":false},"excerpt":{"rendered":"<p>MISI\u00d3N: El departamento de recursos humanos de la Direcci\u00f3n Municipal de Salud,estas centrado en los valores de identidad y humanismo, trabaja en la esfera del capital humano, para asesorar, controlar y fiscalizar la utilizaci\u00f3n racional y eficiente de los recursos materiales, financieros y humanos con la m\u00e1s elevada calidad y la optimizaci\u00f3n de los servicios. &hellip; <\/p>\n<p><a class=\"more-link btn\" href=\"https:\/\/instituciones.gtm.sld.cu\/dmsims\/dpto-recursos-humanos\/\">Seguir leyendo<\/a><\/p>\n","protected":false},"author":17,"featured_media":0,"parent":0,"menu_order":0,"comment_status":"closed","ping_status":"closed","template":"","meta":{"ngg_post_thumbnail":0,"_mc_calendar":[]},"yoast_head":"<!-- This site is optimized with the Yoast SEO plugin v21.8 - https:\/\/yoast.com\/wordpress\/plugins\/seo\/ -->\n<title>Dpto Recursos Humanos - Policl\u00ednico &quot;Ciro Fr\u00edas Cabrera&quot;<\/title>\n<meta name=\"robots\" content=\"index, follow, max-snippet:-1, max-image-preview:large, max-video-preview:-1\" \/>\n<link rel=\"canonical\" href=\"https:\/\/instituciones.gtm.sld.cu\/dmsims\/dpto-recursos-humanos\/\" \/>\n<meta property=\"og:locale\" content=\"es_ES\" \/>\n<meta property=\"og:type\" content=\"article\" \/>\n<meta property=\"og:title\" content=\"Dpto Recursos Humanos - Policl\u00ednico &quot;Ciro Fr\u00edas Cabrera&quot;\" \/>\n<meta property=\"og:description\" content=\"MISI\u00d3N: El departamento de recursos humanos de la Direcci\u00f3n Municipal de Salud,estas centrado en los valores de identidad y humanismo, trabaja en la esfera del capital humano, para asesorar, controlar y fiscalizar la utilizaci\u00f3n racional y eficiente de los recursos materiales, financieros y humanos con la m\u00e1s elevada calidad y la optimizaci\u00f3n de los servicios. &hellip; Seguir leyendo\" \/>\n<meta property=\"og:url\" content=\"https:\/\/instituciones.gtm.sld.cu\/dmsims\/dpto-recursos-humanos\/\" \/>\n<meta property=\"og:site_name\" content=\"Policl\u00ednico &quot;Ciro Fr\u00edas Cabrera&quot;\" \/>\n<meta property=\"article:modified_time\" content=\"2019-04-26T18:39:04+00:00\" \/>\n<meta name=\"twitter:card\" content=\"summary_large_image\" \/>\n<meta name=\"twitter:label1\" content=\"Tiempo de lectura\" \/>\n\t<meta name=\"twitter:data1\" content=\"1 minuto\" \/>\n<script type=\"application\/ld+json\" class=\"yoast-schema-graph\">{\"@context\":\"https:\/\/schema.org\",\"@graph\":[{\"@type\":\"WebPage\",\"@id\":\"https:\/\/instituciones.gtm.sld.cu\/dmsims\/dpto-recursos-humanos\/\",\"url\":\"https:\/\/instituciones.gtm.sld.cu\/dmsims\/dpto-recursos-humanos\/\",\"name\":\"Dpto Recursos Humanos - Policl\u00ednico &quot;Ciro Fr\u00edas Cabrera&quot;\",\"isPartOf\":{\"@id\":\"https:\/\/instituciones.gtm.sld.cu\/dmsims\/#website\"},\"datePublished\":\"2019-04-08T20:30:47+00:00\",\"dateModified\":\"2019-04-26T18:39:04+00:00\",\"breadcrumb\":{\"@id\":\"https:\/\/instituciones.gtm.sld.cu\/dmsims\/dpto-recursos-humanos\/#breadcrumb\"},\"inLanguage\":\"es\",\"potentialAction\":[{\"@type\":\"ReadAction\",\"target\":[\"https:\/\/instituciones.gtm.sld.cu\/dmsims\/dpto-recursos-humanos\/\"]}]},{\"@type\":\"BreadcrumbList\",\"@id\":\"https:\/\/instituciones.gtm.sld.cu\/dmsims\/dpto-recursos-humanos\/#breadcrumb\",\"itemListElement\":[{\"@type\":\"ListItem\",\"position\":1,\"name\":\"Portada\",\"item\":\"https:\/\/instituciones.gtm.sld.cu\/dmsims\/\"},{\"@type\":\"ListItem\",\"position\":2,\"name\":\"Dpto Recursos Humanos\"}]},{\"@type\":\"WebSite\",\"@id\":\"https:\/\/instituciones.gtm.sld.cu\/dmsims\/#website\",\"url\":\"https:\/\/instituciones.gtm.sld.cu\/dmsims\/\",\"name\":\"Policl\u00ednico &quot;Ciro Fr\u00edas Cabrera&quot;\",\"description\":\"Policl\u00ednico &quot;Ciro Fr\u00edas Cabrera&quot;\",\"potentialAction\":[{\"@type\":\"SearchAction\",\"target\":{\"@type\":\"EntryPoint\",\"urlTemplate\":\"https:\/\/instituciones.gtm.sld.cu\/dmsims\/?s={search_term_string}\"},\"query-input\":\"required name=search_term_string\"}],\"inLanguage\":\"es\"}]}<\/script>\n<!-- \/ Yoast SEO plugin. -->","yoast_head_json":{"title":"Dpto Recursos Humanos - Policl\u00ednico &quot;Ciro Fr\u00edas Cabrera&quot;","robots":{"index":"index","follow":"follow","max-snippet":"max-snippet:-1","max-image-preview":"max-image-preview:large","max-video-preview":"max-video-preview:-1"},"canonical":"https:\/\/instituciones.gtm.sld.cu\/dmsims\/dpto-recursos-humanos\/","og_locale":"es_ES","og_type":"article","og_title":"Dpto Recursos Humanos - Policl\u00ednico &quot;Ciro Fr\u00edas Cabrera&quot;","og_description":"MISI\u00d3N: El departamento de recursos humanos de la Direcci\u00f3n Municipal de Salud,estas centrado en los valores de identidad y humanismo, trabaja en la esfera del capital humano, para asesorar, controlar y fiscalizar la utilizaci\u00f3n racional y eficiente de los recursos materiales, financieros y humanos con la m\u00e1s elevada calidad y la optimizaci\u00f3n de los servicios. &hellip; Seguir leyendo","og_url":"https:\/\/instituciones.gtm.sld.cu\/dmsims\/dpto-recursos-humanos\/","og_site_name":"Policl\u00ednico &quot;Ciro Fr\u00edas Cabrera&quot;","article_modified_time":"2019-04-26T18:39:04+00:00","twitter_card":"summary_large_image","twitter_misc":{"Tiempo de lectura":"1 minuto"},"schema":{"@context":"https:\/\/schema.org","@graph":[{"@type":"WebPage","@id":"https:\/\/instituciones.gtm.sld.cu\/dmsims\/dpto-recursos-humanos\/","url":"https:\/\/instituciones.gtm.sld.cu\/dmsims\/dpto-recursos-humanos\/","name":"Dpto Recursos Humanos - Policl\u00ednico &quot;Ciro Fr\u00edas Cabrera&quot;","isPartOf":{"@id":"https:\/\/instituciones.gtm.sld.cu\/dmsims\/#website"},"datePublished":"2019-04-08T20:30:47+00:00","dateModified":"2019-04-26T18:39:04+00:00","breadcrumb":{"@id":"https:\/\/instituciones.gtm.sld.cu\/dmsims\/dpto-recursos-humanos\/#breadcrumb"},"inLanguage":"es","potentialAction":[{"@type":"ReadAction","target":["https:\/\/instituciones.gtm.sld.cu\/dmsims\/dpto-recursos-humanos\/"]}]},{"@type":"BreadcrumbList","@id":"https:\/\/instituciones.gtm.sld.cu\/dmsims\/dpto-recursos-humanos\/#breadcrumb","itemListElement":[{"@type":"ListItem","position":1,"name":"Portada","item":"https:\/\/instituciones.gtm.sld.cu\/dmsims\/"},{"@type":"ListItem","position":2,"name":"Dpto Recursos Humanos"}]},{"@type":"WebSite","@id":"https:\/\/instituciones.gtm.sld.cu\/dmsims\/#website","url":"https:\/\/instituciones.gtm.sld.cu\/dmsims\/","name":"Policl\u00ednico &quot;Ciro Fr\u00edas Cabrera&quot;","description":"Policl\u00ednico &quot;Ciro Fr\u00edas Cabrera&quot;","potentialAction":[{"@type":"SearchAction","target":{"@type":"EntryPoint","urlTemplate":"https:\/\/instituciones.gtm.sld.cu\/dmsims\/?s={search_term_string}"},"query-input":"required name=search_term_string"}],"inLanguage":"es"}]}},"_links":{"self":[{"href":"https:\/\/instituciones.gtm.sld.cu\/dmsims\/wp-json\/wp\/v2\/pages\/226"}],"collection":[{"href":"https:\/\/instituciones.gtm.sld.cu\/dmsims\/wp-json\/wp\/v2\/pages"}],"about":[{"href":"https:\/\/instituciones.gtm.sld.cu\/dmsims\/wp-json\/wp\/v2\/types\/page"}],"author":[{"embeddable":true,"href":"https:\/\/instituciones.gtm.sld.cu\/dmsims\/wp-json\/wp\/v2\/users\/17"}],"replies":[{"embeddable":true,"href":"https:\/\/instituciones.gtm.sld.cu\/dmsims\/wp-json\/wp\/v2\/comments?post=226"}],"version-history":[{"count":0,"href":"https:\/\/instituciones.gtm.sld.cu\/dmsims\/wp-json\/wp\/v2\/pages\/226\/revisions"}],"wp:attachment":[{"href":"https:\/\/instituciones.gtm.sld.cu\/dmsims\/wp-json\/wp\/v2\/media?parent=226"}],"curies":[{"name":"wp","href":"https:\/\/api.w.org\/{rel}","templated":true}]}}