{"id":2356,"date":"2024-04-18T08:20:12","date_gmt":"2024-04-18T12:20:12","guid":{"rendered":"https:\/\/instituciones.gtm.sld.cu\/dmsims\/?page_id=2356"},"modified":"2025-04-01T09:52:56","modified_gmt":"2025-04-01T13:52:56","slug":"seccion-de-atencion-medica","status":"publish","type":"page","link":"https:\/\/instituciones.gtm.sld.cu\/dmsims\/seccion-de-atencion-medica\/","title":{"rendered":"Secci\u00f3n de Atenci\u00f3n M\u00e9dica"},"content":{"rendered":"<p>MISI\u00d3N:<\/p>\n<p>Desarrollar la normaci\u00f3n, asesor\u00eda metodol\u00f3gica, el control y la evaluaci\u00f3n de las actividades que se desarrollan en la Atenci\u00f3n Primaria de Salud enfocados al perfeccionamiento continuo del Programa del M\u00e9dico y Enfermera de la Familia y del Policl\u00ednico como sus Centros Rectores. Contribuir al mejoramiento de la salud integral de la poblaci\u00f3n, a partir de la elaboraci\u00f3n y aplicaci\u00f3n de acciones metodol\u00f3gicas en el orden organizativo y m\u00e9dico asistencial<\/p>\n","protected":false},"excerpt":{"rendered":"<p>MISI\u00d3N: Desarrollar la normaci\u00f3n, asesor\u00eda metodol\u00f3gica, el control y la evaluaci\u00f3n de las actividades que se desarrollan en la Atenci\u00f3n Primaria de Salud enfocados al perfeccionamiento continuo del Programa del M\u00e9dico y Enfermera de la Familia y del Policl\u00ednico como sus Centros Rectores. Contribuir al mejoramiento de la salud integral de la poblaci\u00f3n, a partir &hellip; <\/p>\n<p><a class=\"more-link btn\" href=\"https:\/\/instituciones.gtm.sld.cu\/dmsims\/seccion-de-atencion-medica\/\">Seguir leyendo<\/a><\/p>\n","protected":false},"author":88,"featured_media":0,"parent":0,"menu_order":0,"comment_status":"closed","ping_status":"closed","template":"","meta":{"ngg_post_thumbnail":0,"_mc_calendar":[]},"yoast_head":"<!-- This site is optimized with the Yoast SEO plugin v21.8 - https:\/\/yoast.com\/wordpress\/plugins\/seo\/ -->\n<title>Secci\u00f3n de Atenci\u00f3n M\u00e9dica - Policl\u00ednico &quot;Ciro Fr\u00edas Cabrera&quot;<\/title>\n<meta name=\"robots\" content=\"index, follow, max-snippet:-1, max-image-preview:large, max-video-preview:-1\" \/>\n<link rel=\"canonical\" href=\"https:\/\/instituciones.gtm.sld.cu\/dmsims\/seccion-de-atencion-medica\/\" \/>\n<meta property=\"og:locale\" content=\"es_ES\" \/>\n<meta property=\"og:type\" content=\"article\" \/>\n<meta property=\"og:title\" content=\"Secci\u00f3n de Atenci\u00f3n M\u00e9dica - Policl\u00ednico &quot;Ciro Fr\u00edas Cabrera&quot;\" \/>\n<meta property=\"og:description\" content=\"MISI\u00d3N: Desarrollar la normaci\u00f3n, asesor\u00eda metodol\u00f3gica, el control y la evaluaci\u00f3n de las actividades que se desarrollan en la Atenci\u00f3n Primaria de Salud enfocados al perfeccionamiento continuo del Programa del M\u00e9dico y Enfermera de la Familia y del Policl\u00ednico como sus Centros Rectores. Contribuir al mejoramiento de la salud integral de la poblaci\u00f3n, a partir &hellip; Seguir leyendo\" \/>\n<meta property=\"og:url\" content=\"https:\/\/instituciones.gtm.sld.cu\/dmsims\/seccion-de-atencion-medica\/\" \/>\n<meta property=\"og:site_name\" content=\"Policl\u00ednico &quot;Ciro Fr\u00edas Cabrera&quot;\" \/>\n<meta property=\"article:modified_time\" content=\"2025-04-01T13:52:56+00:00\" \/>\n<meta name=\"twitter:card\" content=\"summary_large_image\" \/>\n<meta name=\"twitter:label1\" content=\"Tiempo de lectura\" \/>\n\t<meta name=\"twitter:data1\" content=\"1 minuto\" \/>\n<script type=\"application\/ld+json\" class=\"yoast-schema-graph\">{\"@context\":\"https:\/\/schema.org\",\"@graph\":[{\"@type\":\"WebPage\",\"@id\":\"https:\/\/instituciones.gtm.sld.cu\/dmsims\/seccion-de-atencion-medica\/\",\"url\":\"https:\/\/instituciones.gtm.sld.cu\/dmsims\/seccion-de-atencion-medica\/\",\"name\":\"Secci\u00f3n de Atenci\u00f3n M\u00e9dica - Policl\u00ednico &quot;Ciro Fr\u00edas Cabrera&quot;\",\"isPartOf\":{\"@id\":\"https:\/\/instituciones.gtm.sld.cu\/dmsims\/#website\"},\"datePublished\":\"2024-04-18T12:20:12+00:00\",\"dateModified\":\"2025-04-01T13:52:56+00:00\",\"breadcrumb\":{\"@id\":\"https:\/\/instituciones.gtm.sld.cu\/dmsims\/seccion-de-atencion-medica\/#breadcrumb\"},\"inLanguage\":\"es\",\"potentialAction\":[{\"@type\":\"ReadAction\",\"target\":[\"https:\/\/instituciones.gtm.sld.cu\/dmsims\/seccion-de-atencion-medica\/\"]}]},{\"@type\":\"BreadcrumbList\",\"@id\":\"https:\/\/instituciones.gtm.sld.cu\/dmsims\/seccion-de-atencion-medica\/#breadcrumb\",\"itemListElement\":[{\"@type\":\"ListItem\",\"position\":1,\"name\":\"Portada\",\"item\":\"https:\/\/instituciones.gtm.sld.cu\/dmsims\/\"},{\"@type\":\"ListItem\",\"position\":2,\"name\":\"Secci\u00f3n de Atenci\u00f3n M\u00e9dica\"}]},{\"@type\":\"WebSite\",\"@id\":\"https:\/\/instituciones.gtm.sld.cu\/dmsims\/#website\",\"url\":\"https:\/\/instituciones.gtm.sld.cu\/dmsims\/\",\"name\":\"Policl\u00ednico &quot;Ciro Fr\u00edas Cabrera&quot;\",\"description\":\"Policl\u00ednico &quot;Ciro Fr\u00edas Cabrera&quot;\",\"potentialAction\":[{\"@type\":\"SearchAction\",\"target\":{\"@type\":\"EntryPoint\",\"urlTemplate\":\"https:\/\/instituciones.gtm.sld.cu\/dmsims\/?s={search_term_string}\"},\"query-input\":\"required name=search_term_string\"}],\"inLanguage\":\"es\"}]}<\/script>\n<!-- \/ Yoast SEO plugin. -->","yoast_head_json":{"title":"Secci\u00f3n de Atenci\u00f3n M\u00e9dica - Policl\u00ednico &quot;Ciro Fr\u00edas Cabrera&quot;","robots":{"index":"index","follow":"follow","max-snippet":"max-snippet:-1","max-image-preview":"max-image-preview:large","max-video-preview":"max-video-preview:-1"},"canonical":"https:\/\/instituciones.gtm.sld.cu\/dmsims\/seccion-de-atencion-medica\/","og_locale":"es_ES","og_type":"article","og_title":"Secci\u00f3n de Atenci\u00f3n M\u00e9dica - Policl\u00ednico &quot;Ciro Fr\u00edas Cabrera&quot;","og_description":"MISI\u00d3N: Desarrollar la normaci\u00f3n, asesor\u00eda metodol\u00f3gica, el control y la evaluaci\u00f3n de las actividades que se desarrollan en la Atenci\u00f3n Primaria de Salud enfocados al perfeccionamiento continuo del Programa del M\u00e9dico y Enfermera de la Familia y del Policl\u00ednico como sus Centros Rectores. Contribuir al mejoramiento de la salud integral de la poblaci\u00f3n, a partir &hellip; Seguir leyendo","og_url":"https:\/\/instituciones.gtm.sld.cu\/dmsims\/seccion-de-atencion-medica\/","og_site_name":"Policl\u00ednico &quot;Ciro Fr\u00edas Cabrera&quot;","article_modified_time":"2025-04-01T13:52:56+00:00","twitter_card":"summary_large_image","twitter_misc":{"Tiempo de lectura":"1 minuto"},"schema":{"@context":"https:\/\/schema.org","@graph":[{"@type":"WebPage","@id":"https:\/\/instituciones.gtm.sld.cu\/dmsims\/seccion-de-atencion-medica\/","url":"https:\/\/instituciones.gtm.sld.cu\/dmsims\/seccion-de-atencion-medica\/","name":"Secci\u00f3n de Atenci\u00f3n M\u00e9dica - Policl\u00ednico &quot;Ciro Fr\u00edas Cabrera&quot;","isPartOf":{"@id":"https:\/\/instituciones.gtm.sld.cu\/dmsims\/#website"},"datePublished":"2024-04-18T12:20:12+00:00","dateModified":"2025-04-01T13:52:56+00:00","breadcrumb":{"@id":"https:\/\/instituciones.gtm.sld.cu\/dmsims\/seccion-de-atencion-medica\/#breadcrumb"},"inLanguage":"es","potentialAction":[{"@type":"ReadAction","target":["https:\/\/instituciones.gtm.sld.cu\/dmsims\/seccion-de-atencion-medica\/"]}]},{"@type":"BreadcrumbList","@id":"https:\/\/instituciones.gtm.sld.cu\/dmsims\/seccion-de-atencion-medica\/#breadcrumb","itemListElement":[{"@type":"ListItem","position":1,"name":"Portada","item":"https:\/\/instituciones.gtm.sld.cu\/dmsims\/"},{"@type":"ListItem","position":2,"name":"Secci\u00f3n de Atenci\u00f3n M\u00e9dica"}]},{"@type":"WebSite","@id":"https:\/\/instituciones.gtm.sld.cu\/dmsims\/#website","url":"https:\/\/instituciones.gtm.sld.cu\/dmsims\/","name":"Policl\u00ednico &quot;Ciro Fr\u00edas Cabrera&quot;","description":"Policl\u00ednico &quot;Ciro Fr\u00edas Cabrera&quot;","potentialAction":[{"@type":"SearchAction","target":{"@type":"EntryPoint","urlTemplate":"https:\/\/instituciones.gtm.sld.cu\/dmsims\/?s={search_term_string}"},"query-input":"required name=search_term_string"}],"inLanguage":"es"}]}},"_links":{"self":[{"href":"https:\/\/instituciones.gtm.sld.cu\/dmsims\/wp-json\/wp\/v2\/pages\/2356"}],"collection":[{"href":"https:\/\/instituciones.gtm.sld.cu\/dmsims\/wp-json\/wp\/v2\/pages"}],"about":[{"href":"https:\/\/instituciones.gtm.sld.cu\/dmsims\/wp-json\/wp\/v2\/types\/page"}],"author":[{"embeddable":true,"href":"https:\/\/instituciones.gtm.sld.cu\/dmsims\/wp-json\/wp\/v2\/users\/88"}],"replies":[{"embeddable":true,"href":"https:\/\/instituciones.gtm.sld.cu\/dmsims\/wp-json\/wp\/v2\/comments?post=2356"}],"version-history":[{"count":2,"href":"https:\/\/instituciones.gtm.sld.cu\/dmsims\/wp-json\/wp\/v2\/pages\/2356\/revisions"}],"predecessor-version":[{"id":2572,"href":"https:\/\/instituciones.gtm.sld.cu\/dmsims\/wp-json\/wp\/v2\/pages\/2356\/revisions\/2572"}],"wp:attachment":[{"href":"https:\/\/instituciones.gtm.sld.cu\/dmsims\/wp-json\/wp\/v2\/media?parent=2356"}],"curies":[{"name":"wp","href":"https:\/\/api.w.org\/{rel}","templated":true}]}}