{"id":2359,"date":"2024-04-18T08:21:37","date_gmt":"2024-04-18T12:21:37","guid":{"rendered":"https:\/\/instituciones.gtm.sld.cu\/dmsims\/?page_id=2359"},"modified":"2025-04-01T09:48:50","modified_gmt":"2025-04-01T13:48:50","slug":"grupo-de-vigilancia-epidemiologica","status":"publish","type":"page","link":"https:\/\/instituciones.gtm.sld.cu\/dmsims\/grupo-de-vigilancia-epidemiologica\/","title":{"rendered":"Departamento de Inspecci\u00f3n"},"content":{"rendered":"<p>MISI\u00d3N:<\/p>\n<p>Planificar, organizar y realizar las inspecciones para comprobar el cumplimiento de la legislaci\u00f3n vigente dentro de sus respectivas competencias a su propio sistema o fuera de este en la materia de que es rector el organismo y someter a juicio cr\u00edtico sus resultados, contribuir a la prevenci\u00f3n del delito, la corrupci\u00f3n e ilegalidades, as\u00ed como atender las solicitudes de la poblaci\u00f3n e instituciones.<\/p>\n<p>FUNCIONES ESPEC\u00cdFICAS:<\/p>\n<p>Asesorar metodol\u00f3gicamente la aplicaci\u00f3n de las normativas establecidas para la inspecci\u00f3n en los distintos niveles de atenci\u00f3n en salud, controlar las que planifican y ejecutan las restantes \u00e1reas de la Direcci\u00f3n General.<\/p>\n<p>&nbsp;Presentar al Director General el plan de visitas de inspecci\u00f3n a las estructuras y entidades, as\u00ed como las acciones organizativas, para su desarrollo, seguimiento y control.<\/p>\n<p>Proponer el programa y el cronograma de trabajo de cada inspecci\u00f3n.<\/p>\n<p>Controlar las incidencias que se reportan desde los diferentes niveles, seguir su evoluci\u00f3n seg\u00fan corresponda y mantener informado al Director General de acuerdo con lo establecido para su subsanaci\u00f3n oportuna.<\/p>\n<p>Crear un mecanismo de control que permita conocer el estado de cumplimiento de los planes de medidas confeccionados por cada entidad inspeccionada.<\/p>\n<p>Confeccionar las gu\u00edas metodol\u00f3gicas para la ejecuci\u00f3n de las inspecciones.<\/p>\n<p>Controlar el cumplimiento del reglamento de inspecci\u00f3n y normativas relacionadas.<\/p>\n<p>Atender y comprobar las quejas, denuncias y otros temas sugerencias que se le asigne investigar.<\/p>\n<p>Asesorar a los dirigentes e inspectores eventuales en los procedimientos y metodolog\u00eda de las inspecciones.<\/p>\n","protected":false},"excerpt":{"rendered":"<p>MISI\u00d3N: Planificar, organizar y realizar las inspecciones para comprobar el cumplimiento de la legislaci\u00f3n vigente dentro de sus respectivas competencias a su propio sistema o fuera de este en la materia de que es rector el organismo y someter a juicio cr\u00edtico sus resultados, contribuir a la prevenci\u00f3n del delito, la corrupci\u00f3n e ilegalidades, as\u00ed &hellip; <\/p>\n<p><a class=\"more-link btn\" href=\"https:\/\/instituciones.gtm.sld.cu\/dmsims\/grupo-de-vigilancia-epidemiologica\/\">Seguir leyendo<\/a><\/p>\n","protected":false},"author":88,"featured_media":0,"parent":0,"menu_order":0,"comment_status":"closed","ping_status":"closed","template":"","meta":{"ngg_post_thumbnail":0,"_mc_calendar":[]},"yoast_head":"<!-- This site is optimized with the Yoast SEO plugin v21.8 - https:\/\/yoast.com\/wordpress\/plugins\/seo\/ -->\n<title>Departamento de Inspecci\u00f3n - Policl\u00ednico &quot;Ciro Fr\u00edas Cabrera&quot;<\/title>\n<meta name=\"robots\" content=\"index, follow, max-snippet:-1, max-image-preview:large, max-video-preview:-1\" \/>\n<link rel=\"canonical\" href=\"https:\/\/instituciones.gtm.sld.cu\/dmsims\/grupo-de-vigilancia-epidemiologica\/\" \/>\n<meta property=\"og:locale\" content=\"es_ES\" \/>\n<meta property=\"og:type\" content=\"article\" \/>\n<meta property=\"og:title\" content=\"Departamento de Inspecci\u00f3n - Policl\u00ednico &quot;Ciro Fr\u00edas Cabrera&quot;\" \/>\n<meta property=\"og:description\" content=\"MISI\u00d3N: Planificar, organizar y realizar las inspecciones para comprobar el cumplimiento de la legislaci\u00f3n vigente dentro de sus respectivas competencias a su propio sistema o fuera de este en la materia de que es rector el organismo y someter a juicio cr\u00edtico sus resultados, contribuir a la prevenci\u00f3n del delito, la corrupci\u00f3n e ilegalidades, as\u00ed &hellip; Seguir leyendo\" \/>\n<meta property=\"og:url\" content=\"https:\/\/instituciones.gtm.sld.cu\/dmsims\/grupo-de-vigilancia-epidemiologica\/\" \/>\n<meta property=\"og:site_name\" content=\"Policl\u00ednico &quot;Ciro Fr\u00edas Cabrera&quot;\" \/>\n<meta property=\"article:modified_time\" content=\"2025-04-01T13:48:50+00:00\" \/>\n<meta name=\"twitter:card\" content=\"summary_large_image\" \/>\n<meta name=\"twitter:label1\" content=\"Tiempo de lectura\" \/>\n\t<meta name=\"twitter:data1\" content=\"2 minutos\" \/>\n<script type=\"application\/ld+json\" class=\"yoast-schema-graph\">{\"@context\":\"https:\/\/schema.org\",\"@graph\":[{\"@type\":\"WebPage\",\"@id\":\"https:\/\/instituciones.gtm.sld.cu\/dmsims\/grupo-de-vigilancia-epidemiologica\/\",\"url\":\"https:\/\/instituciones.gtm.sld.cu\/dmsims\/grupo-de-vigilancia-epidemiologica\/\",\"name\":\"Departamento de Inspecci\u00f3n - Policl\u00ednico &quot;Ciro Fr\u00edas Cabrera&quot;\",\"isPartOf\":{\"@id\":\"https:\/\/instituciones.gtm.sld.cu\/dmsims\/#website\"},\"datePublished\":\"2024-04-18T12:21:37+00:00\",\"dateModified\":\"2025-04-01T13:48:50+00:00\",\"breadcrumb\":{\"@id\":\"https:\/\/instituciones.gtm.sld.cu\/dmsims\/grupo-de-vigilancia-epidemiologica\/#breadcrumb\"},\"inLanguage\":\"es\",\"potentialAction\":[{\"@type\":\"ReadAction\",\"target\":[\"https:\/\/instituciones.gtm.sld.cu\/dmsims\/grupo-de-vigilancia-epidemiologica\/\"]}]},{\"@type\":\"BreadcrumbList\",\"@id\":\"https:\/\/instituciones.gtm.sld.cu\/dmsims\/grupo-de-vigilancia-epidemiologica\/#breadcrumb\",\"itemListElement\":[{\"@type\":\"ListItem\",\"position\":1,\"name\":\"Portada\",\"item\":\"https:\/\/instituciones.gtm.sld.cu\/dmsims\/\"},{\"@type\":\"ListItem\",\"position\":2,\"name\":\"Departamento de Inspecci\u00f3n\"}]},{\"@type\":\"WebSite\",\"@id\":\"https:\/\/instituciones.gtm.sld.cu\/dmsims\/#website\",\"url\":\"https:\/\/instituciones.gtm.sld.cu\/dmsims\/\",\"name\":\"Policl\u00ednico &quot;Ciro Fr\u00edas Cabrera&quot;\",\"description\":\"Policl\u00ednico &quot;Ciro Fr\u00edas Cabrera&quot;\",\"potentialAction\":[{\"@type\":\"SearchAction\",\"target\":{\"@type\":\"EntryPoint\",\"urlTemplate\":\"https:\/\/instituciones.gtm.sld.cu\/dmsims\/?s={search_term_string}\"},\"query-input\":\"required name=search_term_string\"}],\"inLanguage\":\"es\"}]}<\/script>\n<!-- \/ Yoast SEO plugin. -->","yoast_head_json":{"title":"Departamento de Inspecci\u00f3n - Policl\u00ednico &quot;Ciro Fr\u00edas Cabrera&quot;","robots":{"index":"index","follow":"follow","max-snippet":"max-snippet:-1","max-image-preview":"max-image-preview:large","max-video-preview":"max-video-preview:-1"},"canonical":"https:\/\/instituciones.gtm.sld.cu\/dmsims\/grupo-de-vigilancia-epidemiologica\/","og_locale":"es_ES","og_type":"article","og_title":"Departamento de Inspecci\u00f3n - Policl\u00ednico &quot;Ciro Fr\u00edas Cabrera&quot;","og_description":"MISI\u00d3N: Planificar, organizar y realizar las inspecciones para comprobar el cumplimiento de la legislaci\u00f3n vigente dentro de sus respectivas competencias a su propio sistema o fuera de este en la materia de que es rector el organismo y someter a juicio cr\u00edtico sus resultados, contribuir a la prevenci\u00f3n del delito, la corrupci\u00f3n e ilegalidades, as\u00ed &hellip; Seguir leyendo","og_url":"https:\/\/instituciones.gtm.sld.cu\/dmsims\/grupo-de-vigilancia-epidemiologica\/","og_site_name":"Policl\u00ednico &quot;Ciro Fr\u00edas Cabrera&quot;","article_modified_time":"2025-04-01T13:48:50+00:00","twitter_card":"summary_large_image","twitter_misc":{"Tiempo de lectura":"2 minutos"},"schema":{"@context":"https:\/\/schema.org","@graph":[{"@type":"WebPage","@id":"https:\/\/instituciones.gtm.sld.cu\/dmsims\/grupo-de-vigilancia-epidemiologica\/","url":"https:\/\/instituciones.gtm.sld.cu\/dmsims\/grupo-de-vigilancia-epidemiologica\/","name":"Departamento de Inspecci\u00f3n - Policl\u00ednico &quot;Ciro Fr\u00edas Cabrera&quot;","isPartOf":{"@id":"https:\/\/instituciones.gtm.sld.cu\/dmsims\/#website"},"datePublished":"2024-04-18T12:21:37+00:00","dateModified":"2025-04-01T13:48:50+00:00","breadcrumb":{"@id":"https:\/\/instituciones.gtm.sld.cu\/dmsims\/grupo-de-vigilancia-epidemiologica\/#breadcrumb"},"inLanguage":"es","potentialAction":[{"@type":"ReadAction","target":["https:\/\/instituciones.gtm.sld.cu\/dmsims\/grupo-de-vigilancia-epidemiologica\/"]}]},{"@type":"BreadcrumbList","@id":"https:\/\/instituciones.gtm.sld.cu\/dmsims\/grupo-de-vigilancia-epidemiologica\/#breadcrumb","itemListElement":[{"@type":"ListItem","position":1,"name":"Portada","item":"https:\/\/instituciones.gtm.sld.cu\/dmsims\/"},{"@type":"ListItem","position":2,"name":"Departamento de Inspecci\u00f3n"}]},{"@type":"WebSite","@id":"https:\/\/instituciones.gtm.sld.cu\/dmsims\/#website","url":"https:\/\/instituciones.gtm.sld.cu\/dmsims\/","name":"Policl\u00ednico &quot;Ciro Fr\u00edas Cabrera&quot;","description":"Policl\u00ednico &quot;Ciro Fr\u00edas Cabrera&quot;","potentialAction":[{"@type":"SearchAction","target":{"@type":"EntryPoint","urlTemplate":"https:\/\/instituciones.gtm.sld.cu\/dmsims\/?s={search_term_string}"},"query-input":"required name=search_term_string"}],"inLanguage":"es"}]}},"_links":{"self":[{"href":"https:\/\/instituciones.gtm.sld.cu\/dmsims\/wp-json\/wp\/v2\/pages\/2359"}],"collection":[{"href":"https:\/\/instituciones.gtm.sld.cu\/dmsims\/wp-json\/wp\/v2\/pages"}],"about":[{"href":"https:\/\/instituciones.gtm.sld.cu\/dmsims\/wp-json\/wp\/v2\/types\/page"}],"author":[{"embeddable":true,"href":"https:\/\/instituciones.gtm.sld.cu\/dmsims\/wp-json\/wp\/v2\/users\/88"}],"replies":[{"embeddable":true,"href":"https:\/\/instituciones.gtm.sld.cu\/dmsims\/wp-json\/wp\/v2\/comments?post=2359"}],"version-history":[{"count":3,"href":"https:\/\/instituciones.gtm.sld.cu\/dmsims\/wp-json\/wp\/v2\/pages\/2359\/revisions"}],"predecessor-version":[{"id":2569,"href":"https:\/\/instituciones.gtm.sld.cu\/dmsims\/wp-json\/wp\/v2\/pages\/2359\/revisions\/2569"}],"wp:attachment":[{"href":"https:\/\/instituciones.gtm.sld.cu\/dmsims\/wp-json\/wp\/v2\/media?parent=2359"}],"curies":[{"name":"wp","href":"https:\/\/api.w.org\/{rel}","templated":true}]}}