{"id":237,"date":"2019-04-08T16:41:28","date_gmt":"2019-04-08T20:41:28","guid":{"rendered":"http:\/\/instituciones.gtm.sld.cu\/dmsims\/?page_id=237"},"modified":"2019-05-03T12:40:38","modified_gmt":"2019-05-03T16:40:38","slug":"subdireccion-asistencia-medica","status":"publish","type":"page","link":"https:\/\/instituciones.gtm.sld.cu\/dmsims\/subdireccion-asistencia-medica\/","title":{"rendered":"Subdirecci\u00f3n Asistencia M\u00e9dica"},"content":{"rendered":"\n<p><strong>Naturaleza del trabajo:<\/strong> Tiene la responsabilidad de dirigir los procesos de atenci\u00f3n m\u00e9dica,&nbsp; as\u00ed como de los diferentes servicios que de forma ambulatoria y directa se brindan a la poblaci\u00f3n. <\/p>\n\n\n\n<p><strong>Tareas:<\/strong><\/p>\n\n\n\n<ul><li>Garantizar que los servicios y departamentos que dirige alcancen la condici\u00f3n de Colectivo Moral. <\/li><li>Garantizar por parte de todos los trabajadores de los servicios y departamentos que dirige el cumplimiento de la \u00c9tica y la Legalidad Socialista as\u00ed como de las normativas y legislaciones vigentes para los trabajadores del sector.<\/li><li>Planificar, organizar, dirigir y controlar el trabajo de sus subordinados y los procesos de atenci\u00f3n m\u00e9dica&nbsp; as\u00ed como de los diferentes servicios que de forma ambulatoria se brindan a la poblaci\u00f3n, asegurando una atenci\u00f3n m\u00e9dica integral y multidisciplinaria al paciente.<\/li><li>Confeccionar el plan de vacaciones del personal a su cargo en coordinaci\u00f3n con el Jefe de Recursos Humanos y el jefe de servicios correspondiente.<\/li><li>Planificar, organizar y controlar la guardia m\u00e9dica.<\/li><li>Participar en las entregas de guardia matutina y vespertina.<\/li><li> Presidir el Comit\u00e9 Farmacoterap\u00e9utico y controla la calidad de las prescripciones de medicamentos y de los servicios.<\/li><li>Organizar y evaluar las resoluciones que regulan la emisi\u00f3n de dietas y certificados m\u00e9dicos. <\/li><li> Participar en las reuniones de Grupo B\u00e1sico de Trabajo, servicios y departamentos del policl\u00ednico.<\/li><li>Analizar mensualmente el cumplimiento del programa de estomatolog\u00eda, evaluando el plan de servicios y el consumo de materiales, analizando las horas perdidas y el comportamiento de la pr\u00f3tesis dental. <\/li><li> Analizar mensualmente el cumplimiento del programa de Medicina&nbsp; Natural  y&nbsp; Tradicional, evaluando el cumplimiento de los indicadores y la  calidad del proceso asistencial en Medicina&nbsp; Natural y&nbsp; Tradicional. <\/li><li> Participar y promover el desarrollo de investigaciones cient\u00edficas que permitan elevar la calidad de la asistencia prestada.<\/li><li>Participar, coordinar y organizar las actividades que concreten la integraci\u00f3n con los hospitales y otras instituciones del sistema de salud, para la satisfacci\u00f3n de las demandas de especialidades y medios diagn\u00f3sticos que no se realizan en el policl\u00ednico, garantizando la continuidad de la atenci\u00f3n a los pacientes.<\/li><li>Participar en las Asambleas de Rendici\u00f3n de Cuentas de su \u00c1rea de Salud.<br>Controlar el cumplimiento del plan de trabajo de todas las consultas de especialidades que se brinden en el policl\u00ednico independientemente que sean o no plantilla de la instituci\u00f3n.<\/li><li>Participar en la elaboraci\u00f3n de los planes de preparaci\u00f3n para la defensa y contingencias de la unidad.<\/li><li>Promover la preparaci\u00f3n y el desarrollo cient\u00edfico de los profesionales y t\u00e9cnicos de la instituci\u00f3n.<\/li><li>Coordinar, organizar y evaluar las resoluciones CDR-MINSAP, MINED-MINSAP, FMC-SALUD, ANAP-MINSAP.<\/li><li>Coordinar y organizar las relaciones de trabajo con el resto de las instituciones del \u00e1rea de salud y\/o municipio tales como farmacias, hogares maternos, centros comunitarios de salud mental, casas de abuelos, cl\u00ednicas estomatol\u00f3gicas, hospitales, otros.<\/li><li>Otras tareas que sus dirigentes superiores les asignen. <\/li><\/ul>\n","protected":false},"excerpt":{"rendered":"<p>Naturaleza del trabajo: Tiene la responsabilidad de dirigir los procesos de atenci\u00f3n m\u00e9dica,&nbsp; as\u00ed como de los diferentes servicios que de forma ambulatoria y directa se brindan a la poblaci\u00f3n. Tareas: Garantizar que los servicios y departamentos que dirige alcancen la condici\u00f3n de Colectivo Moral. Garantizar por parte de todos los trabajadores de los servicios &hellip; <\/p>\n<p><a class=\"more-link btn\" href=\"https:\/\/instituciones.gtm.sld.cu\/dmsims\/subdireccion-asistencia-medica\/\">Seguir leyendo<\/a><\/p>\n","protected":false},"author":17,"featured_media":0,"parent":0,"menu_order":0,"comment_status":"closed","ping_status":"closed","template":"","meta":{"ngg_post_thumbnail":0,"_mc_calendar":[]},"yoast_head":"<!-- This site is optimized with the Yoast SEO plugin v21.8 - https:\/\/yoast.com\/wordpress\/plugins\/seo\/ -->\n<title>Subdirecci\u00f3n Asistencia M\u00e9dica - Policl\u00ednico &quot;Ciro Fr\u00edas Cabrera&quot;<\/title>\n<meta name=\"robots\" content=\"index, follow, max-snippet:-1, max-image-preview:large, max-video-preview:-1\" \/>\n<link rel=\"canonical\" href=\"https:\/\/instituciones.gtm.sld.cu\/dmsims\/subdireccion-asistencia-medica\/\" \/>\n<meta property=\"og:locale\" content=\"es_ES\" \/>\n<meta property=\"og:type\" content=\"article\" \/>\n<meta property=\"og:title\" content=\"Subdirecci\u00f3n Asistencia M\u00e9dica - Policl\u00ednico &quot;Ciro Fr\u00edas Cabrera&quot;\" \/>\n<meta property=\"og:description\" content=\"Naturaleza del trabajo: Tiene la responsabilidad de dirigir los procesos de atenci\u00f3n m\u00e9dica,&nbsp; as\u00ed como de los diferentes servicios que de forma ambulatoria y directa se brindan a la poblaci\u00f3n. Tareas: Garantizar que los servicios y departamentos que dirige alcancen la condici\u00f3n de Colectivo Moral. Garantizar por parte de todos los trabajadores de los servicios &hellip; Seguir leyendo\" \/>\n<meta property=\"og:url\" content=\"https:\/\/instituciones.gtm.sld.cu\/dmsims\/subdireccion-asistencia-medica\/\" \/>\n<meta property=\"og:site_name\" content=\"Policl\u00ednico &quot;Ciro Fr\u00edas Cabrera&quot;\" \/>\n<meta property=\"article:modified_time\" content=\"2019-05-03T16:40:38+00:00\" \/>\n<meta name=\"twitter:card\" content=\"summary_large_image\" \/>\n<meta name=\"twitter:label1\" content=\"Tiempo de lectura\" \/>\n\t<meta name=\"twitter:data1\" content=\"2 minutos\" \/>\n<script type=\"application\/ld+json\" class=\"yoast-schema-graph\">{\"@context\":\"https:\/\/schema.org\",\"@graph\":[{\"@type\":\"WebPage\",\"@id\":\"https:\/\/instituciones.gtm.sld.cu\/dmsims\/subdireccion-asistencia-medica\/\",\"url\":\"https:\/\/instituciones.gtm.sld.cu\/dmsims\/subdireccion-asistencia-medica\/\",\"name\":\"Subdirecci\u00f3n Asistencia M\u00e9dica - Policl\u00ednico &quot;Ciro Fr\u00edas Cabrera&quot;\",\"isPartOf\":{\"@id\":\"https:\/\/instituciones.gtm.sld.cu\/dmsims\/#website\"},\"datePublished\":\"2019-04-08T20:41:28+00:00\",\"dateModified\":\"2019-05-03T16:40:38+00:00\",\"breadcrumb\":{\"@id\":\"https:\/\/instituciones.gtm.sld.cu\/dmsims\/subdireccion-asistencia-medica\/#breadcrumb\"},\"inLanguage\":\"es\",\"potentialAction\":[{\"@type\":\"ReadAction\",\"target\":[\"https:\/\/instituciones.gtm.sld.cu\/dmsims\/subdireccion-asistencia-medica\/\"]}]},{\"@type\":\"BreadcrumbList\",\"@id\":\"https:\/\/instituciones.gtm.sld.cu\/dmsims\/subdireccion-asistencia-medica\/#breadcrumb\",\"itemListElement\":[{\"@type\":\"ListItem\",\"position\":1,\"name\":\"Portada\",\"item\":\"https:\/\/instituciones.gtm.sld.cu\/dmsims\/\"},{\"@type\":\"ListItem\",\"position\":2,\"name\":\"Subdirecci\u00f3n Asistencia M\u00e9dica\"}]},{\"@type\":\"WebSite\",\"@id\":\"https:\/\/instituciones.gtm.sld.cu\/dmsims\/#website\",\"url\":\"https:\/\/instituciones.gtm.sld.cu\/dmsims\/\",\"name\":\"Policl\u00ednico &quot;Ciro Fr\u00edas Cabrera&quot;\",\"description\":\"Policl\u00ednico &quot;Ciro Fr\u00edas Cabrera&quot;\",\"potentialAction\":[{\"@type\":\"SearchAction\",\"target\":{\"@type\":\"EntryPoint\",\"urlTemplate\":\"https:\/\/instituciones.gtm.sld.cu\/dmsims\/?s={search_term_string}\"},\"query-input\":\"required name=search_term_string\"}],\"inLanguage\":\"es\"}]}<\/script>\n<!-- \/ Yoast SEO plugin. -->","yoast_head_json":{"title":"Subdirecci\u00f3n Asistencia M\u00e9dica - Policl\u00ednico &quot;Ciro Fr\u00edas Cabrera&quot;","robots":{"index":"index","follow":"follow","max-snippet":"max-snippet:-1","max-image-preview":"max-image-preview:large","max-video-preview":"max-video-preview:-1"},"canonical":"https:\/\/instituciones.gtm.sld.cu\/dmsims\/subdireccion-asistencia-medica\/","og_locale":"es_ES","og_type":"article","og_title":"Subdirecci\u00f3n Asistencia M\u00e9dica - Policl\u00ednico &quot;Ciro Fr\u00edas Cabrera&quot;","og_description":"Naturaleza del trabajo: Tiene la responsabilidad de dirigir los procesos de atenci\u00f3n m\u00e9dica,&nbsp; as\u00ed como de los diferentes servicios que de forma ambulatoria y directa se brindan a la poblaci\u00f3n. Tareas: Garantizar que los servicios y departamentos que dirige alcancen la condici\u00f3n de Colectivo Moral. Garantizar por parte de todos los trabajadores de los servicios &hellip; Seguir leyendo","og_url":"https:\/\/instituciones.gtm.sld.cu\/dmsims\/subdireccion-asistencia-medica\/","og_site_name":"Policl\u00ednico &quot;Ciro Fr\u00edas Cabrera&quot;","article_modified_time":"2019-05-03T16:40:38+00:00","twitter_card":"summary_large_image","twitter_misc":{"Tiempo de lectura":"2 minutos"},"schema":{"@context":"https:\/\/schema.org","@graph":[{"@type":"WebPage","@id":"https:\/\/instituciones.gtm.sld.cu\/dmsims\/subdireccion-asistencia-medica\/","url":"https:\/\/instituciones.gtm.sld.cu\/dmsims\/subdireccion-asistencia-medica\/","name":"Subdirecci\u00f3n Asistencia M\u00e9dica - Policl\u00ednico &quot;Ciro Fr\u00edas Cabrera&quot;","isPartOf":{"@id":"https:\/\/instituciones.gtm.sld.cu\/dmsims\/#website"},"datePublished":"2019-04-08T20:41:28+00:00","dateModified":"2019-05-03T16:40:38+00:00","breadcrumb":{"@id":"https:\/\/instituciones.gtm.sld.cu\/dmsims\/subdireccion-asistencia-medica\/#breadcrumb"},"inLanguage":"es","potentialAction":[{"@type":"ReadAction","target":["https:\/\/instituciones.gtm.sld.cu\/dmsims\/subdireccion-asistencia-medica\/"]}]},{"@type":"BreadcrumbList","@id":"https:\/\/instituciones.gtm.sld.cu\/dmsims\/subdireccion-asistencia-medica\/#breadcrumb","itemListElement":[{"@type":"ListItem","position":1,"name":"Portada","item":"https:\/\/instituciones.gtm.sld.cu\/dmsims\/"},{"@type":"ListItem","position":2,"name":"Subdirecci\u00f3n Asistencia M\u00e9dica"}]},{"@type":"WebSite","@id":"https:\/\/instituciones.gtm.sld.cu\/dmsims\/#website","url":"https:\/\/instituciones.gtm.sld.cu\/dmsims\/","name":"Policl\u00ednico &quot;Ciro Fr\u00edas Cabrera&quot;","description":"Policl\u00ednico &quot;Ciro Fr\u00edas Cabrera&quot;","potentialAction":[{"@type":"SearchAction","target":{"@type":"EntryPoint","urlTemplate":"https:\/\/instituciones.gtm.sld.cu\/dmsims\/?s={search_term_string}"},"query-input":"required name=search_term_string"}],"inLanguage":"es"}]}},"_links":{"self":[{"href":"https:\/\/instituciones.gtm.sld.cu\/dmsims\/wp-json\/wp\/v2\/pages\/237"}],"collection":[{"href":"https:\/\/instituciones.gtm.sld.cu\/dmsims\/wp-json\/wp\/v2\/pages"}],"about":[{"href":"https:\/\/instituciones.gtm.sld.cu\/dmsims\/wp-json\/wp\/v2\/types\/page"}],"author":[{"embeddable":true,"href":"https:\/\/instituciones.gtm.sld.cu\/dmsims\/wp-json\/wp\/v2\/users\/17"}],"replies":[{"embeddable":true,"href":"https:\/\/instituciones.gtm.sld.cu\/dmsims\/wp-json\/wp\/v2\/comments?post=237"}],"version-history":[{"count":0,"href":"https:\/\/instituciones.gtm.sld.cu\/dmsims\/wp-json\/wp\/v2\/pages\/237\/revisions"}],"wp:attachment":[{"href":"https:\/\/instituciones.gtm.sld.cu\/dmsims\/wp-json\/wp\/v2\/media?parent=237"}],"curies":[{"name":"wp","href":"https:\/\/api.w.org\/{rel}","templated":true}]}}