{"id":243,"date":"2019-04-08T16:44:17","date_gmt":"2019-04-08T20:44:17","guid":{"rendered":"http:\/\/instituciones.gtm.sld.cu\/dmsims\/?page_id=243"},"modified":"2019-04-30T09:36:49","modified_gmt":"2019-04-30T13:36:49","slug":"enfermeria","status":"publish","type":"page","link":"https:\/\/instituciones.gtm.sld.cu\/dmsims\/enfermeria\/","title":{"rendered":"Dpto.Enfermer\u00eda"},"content":{"rendered":"\n<p><strong>Naturaleza del\ntrabajo:<\/strong><\/p>\n\n\n\n<p>Contribuir a lograr un \u00f3ptimo estado de salud del individuo, la familia y la comunidad, asegurando una\u00a0 atenci\u00f3n de enfermer\u00eda integral y personalizada mediante el uso racional de los recursos humanos y tecnol\u00f3gicos, dentro de un marco organizacion al propicio, as\u00ed como \u00a0el cumplimiento de los retos, prioridades y objetivos de trabajo, siguiendo las estrategias y programas priorizados por el Ministerio Nacional de Salud P\u00fablica, (MINSAP)<strong>T<\/strong><\/p>\n","protected":false},"excerpt":{"rendered":"<p>Naturaleza del trabajo: Contribuir a lograr un \u00f3ptimo estado de salud del individuo, la familia y la comunidad, asegurando una\u00a0 atenci\u00f3n de enfermer\u00eda integral y personalizada mediante el uso racional de los recursos humanos y tecnol\u00f3gicos, dentro de un marco organizacion al propicio, as\u00ed como \u00a0el cumplimiento de los retos, prioridades y objetivos de trabajo, &hellip; <\/p>\n<p><a class=\"more-link btn\" href=\"https:\/\/instituciones.gtm.sld.cu\/dmsims\/enfermeria\/\">Seguir leyendo<\/a><\/p>\n","protected":false},"author":17,"featured_media":0,"parent":0,"menu_order":0,"comment_status":"closed","ping_status":"closed","template":"","meta":{"ngg_post_thumbnail":0,"_mc_calendar":[]},"yoast_head":"<!-- This site is optimized with the Yoast SEO plugin v21.8 - https:\/\/yoast.com\/wordpress\/plugins\/seo\/ -->\n<title>Dpto.Enfermer\u00eda - Policl\u00ednico &quot;Ciro Fr\u00edas Cabrera&quot;<\/title>\n<meta name=\"robots\" content=\"index, follow, max-snippet:-1, max-image-preview:large, max-video-preview:-1\" \/>\n<link rel=\"canonical\" href=\"https:\/\/instituciones.gtm.sld.cu\/dmsims\/enfermeria\/\" \/>\n<meta property=\"og:locale\" content=\"es_ES\" \/>\n<meta property=\"og:type\" content=\"article\" \/>\n<meta property=\"og:title\" content=\"Dpto.Enfermer\u00eda - Policl\u00ednico &quot;Ciro Fr\u00edas Cabrera&quot;\" \/>\n<meta property=\"og:description\" content=\"Naturaleza del trabajo: Contribuir a lograr un \u00f3ptimo estado de salud del individuo, la familia y la comunidad, asegurando una\u00a0 atenci\u00f3n de enfermer\u00eda integral y personalizada mediante el uso racional de los recursos humanos y tecnol\u00f3gicos, dentro de un marco organizacion al propicio, as\u00ed como \u00a0el cumplimiento de los retos, prioridades y objetivos de trabajo, &hellip; Seguir leyendo\" \/>\n<meta property=\"og:url\" content=\"https:\/\/instituciones.gtm.sld.cu\/dmsims\/enfermeria\/\" \/>\n<meta property=\"og:site_name\" content=\"Policl\u00ednico &quot;Ciro Fr\u00edas Cabrera&quot;\" \/>\n<meta property=\"article:modified_time\" content=\"2019-04-30T13:36:49+00:00\" \/>\n<meta name=\"twitter:card\" content=\"summary_large_image\" \/>\n<script type=\"application\/ld+json\" class=\"yoast-schema-graph\">{\"@context\":\"https:\/\/schema.org\",\"@graph\":[{\"@type\":\"WebPage\",\"@id\":\"https:\/\/instituciones.gtm.sld.cu\/dmsims\/enfermeria\/\",\"url\":\"https:\/\/instituciones.gtm.sld.cu\/dmsims\/enfermeria\/\",\"name\":\"Dpto.Enfermer\u00eda - Policl\u00ednico &quot;Ciro Fr\u00edas Cabrera&quot;\",\"isPartOf\":{\"@id\":\"https:\/\/instituciones.gtm.sld.cu\/dmsims\/#website\"},\"datePublished\":\"2019-04-08T20:44:17+00:00\",\"dateModified\":\"2019-04-30T13:36:49+00:00\",\"breadcrumb\":{\"@id\":\"https:\/\/instituciones.gtm.sld.cu\/dmsims\/enfermeria\/#breadcrumb\"},\"inLanguage\":\"es\",\"potentialAction\":[{\"@type\":\"ReadAction\",\"target\":[\"https:\/\/instituciones.gtm.sld.cu\/dmsims\/enfermeria\/\"]}]},{\"@type\":\"BreadcrumbList\",\"@id\":\"https:\/\/instituciones.gtm.sld.cu\/dmsims\/enfermeria\/#breadcrumb\",\"itemListElement\":[{\"@type\":\"ListItem\",\"position\":1,\"name\":\"Portada\",\"item\":\"https:\/\/instituciones.gtm.sld.cu\/dmsims\/\"},{\"@type\":\"ListItem\",\"position\":2,\"name\":\"Dpto.Enfermer\u00eda\"}]},{\"@type\":\"WebSite\",\"@id\":\"https:\/\/instituciones.gtm.sld.cu\/dmsims\/#website\",\"url\":\"https:\/\/instituciones.gtm.sld.cu\/dmsims\/\",\"name\":\"Policl\u00ednico &quot;Ciro Fr\u00edas Cabrera&quot;\",\"description\":\"Policl\u00ednico &quot;Ciro Fr\u00edas Cabrera&quot;\",\"potentialAction\":[{\"@type\":\"SearchAction\",\"target\":{\"@type\":\"EntryPoint\",\"urlTemplate\":\"https:\/\/instituciones.gtm.sld.cu\/dmsims\/?s={search_term_string}\"},\"query-input\":\"required name=search_term_string\"}],\"inLanguage\":\"es\"}]}<\/script>\n<!-- \/ Yoast SEO plugin. -->","yoast_head_json":{"title":"Dpto.Enfermer\u00eda - Policl\u00ednico &quot;Ciro Fr\u00edas Cabrera&quot;","robots":{"index":"index","follow":"follow","max-snippet":"max-snippet:-1","max-image-preview":"max-image-preview:large","max-video-preview":"max-video-preview:-1"},"canonical":"https:\/\/instituciones.gtm.sld.cu\/dmsims\/enfermeria\/","og_locale":"es_ES","og_type":"article","og_title":"Dpto.Enfermer\u00eda - Policl\u00ednico &quot;Ciro Fr\u00edas Cabrera&quot;","og_description":"Naturaleza del trabajo: Contribuir a lograr un \u00f3ptimo estado de salud del individuo, la familia y la comunidad, asegurando una\u00a0 atenci\u00f3n de enfermer\u00eda integral y personalizada mediante el uso racional de los recursos humanos y tecnol\u00f3gicos, dentro de un marco organizacion al propicio, as\u00ed como \u00a0el cumplimiento de los retos, prioridades y objetivos de trabajo, &hellip; Seguir leyendo","og_url":"https:\/\/instituciones.gtm.sld.cu\/dmsims\/enfermeria\/","og_site_name":"Policl\u00ednico &quot;Ciro Fr\u00edas Cabrera&quot;","article_modified_time":"2019-04-30T13:36:49+00:00","twitter_card":"summary_large_image","schema":{"@context":"https:\/\/schema.org","@graph":[{"@type":"WebPage","@id":"https:\/\/instituciones.gtm.sld.cu\/dmsims\/enfermeria\/","url":"https:\/\/instituciones.gtm.sld.cu\/dmsims\/enfermeria\/","name":"Dpto.Enfermer\u00eda - Policl\u00ednico &quot;Ciro Fr\u00edas Cabrera&quot;","isPartOf":{"@id":"https:\/\/instituciones.gtm.sld.cu\/dmsims\/#website"},"datePublished":"2019-04-08T20:44:17+00:00","dateModified":"2019-04-30T13:36:49+00:00","breadcrumb":{"@id":"https:\/\/instituciones.gtm.sld.cu\/dmsims\/enfermeria\/#breadcrumb"},"inLanguage":"es","potentialAction":[{"@type":"ReadAction","target":["https:\/\/instituciones.gtm.sld.cu\/dmsims\/enfermeria\/"]}]},{"@type":"BreadcrumbList","@id":"https:\/\/instituciones.gtm.sld.cu\/dmsims\/enfermeria\/#breadcrumb","itemListElement":[{"@type":"ListItem","position":1,"name":"Portada","item":"https:\/\/instituciones.gtm.sld.cu\/dmsims\/"},{"@type":"ListItem","position":2,"name":"Dpto.Enfermer\u00eda"}]},{"@type":"WebSite","@id":"https:\/\/instituciones.gtm.sld.cu\/dmsims\/#website","url":"https:\/\/instituciones.gtm.sld.cu\/dmsims\/","name":"Policl\u00ednico &quot;Ciro Fr\u00edas Cabrera&quot;","description":"Policl\u00ednico &quot;Ciro Fr\u00edas Cabrera&quot;","potentialAction":[{"@type":"SearchAction","target":{"@type":"EntryPoint","urlTemplate":"https:\/\/instituciones.gtm.sld.cu\/dmsims\/?s={search_term_string}"},"query-input":"required name=search_term_string"}],"inLanguage":"es"}]}},"_links":{"self":[{"href":"https:\/\/instituciones.gtm.sld.cu\/dmsims\/wp-json\/wp\/v2\/pages\/243"}],"collection":[{"href":"https:\/\/instituciones.gtm.sld.cu\/dmsims\/wp-json\/wp\/v2\/pages"}],"about":[{"href":"https:\/\/instituciones.gtm.sld.cu\/dmsims\/wp-json\/wp\/v2\/types\/page"}],"author":[{"embeddable":true,"href":"https:\/\/instituciones.gtm.sld.cu\/dmsims\/wp-json\/wp\/v2\/users\/17"}],"replies":[{"embeddable":true,"href":"https:\/\/instituciones.gtm.sld.cu\/dmsims\/wp-json\/wp\/v2\/comments?post=243"}],"version-history":[{"count":0,"href":"https:\/\/instituciones.gtm.sld.cu\/dmsims\/wp-json\/wp\/v2\/pages\/243\/revisions"}],"wp:attachment":[{"href":"https:\/\/instituciones.gtm.sld.cu\/dmsims\/wp-json\/wp\/v2\/media?parent=243"}],"curies":[{"name":"wp","href":"https:\/\/api.w.org\/{rel}","templated":true}]}}