{"id":250,"date":"2019-04-08T16:50:22","date_gmt":"2019-04-08T20:50:22","guid":{"rendered":"http:\/\/instituciones.gtm.sld.cu\/dmsims\/?page_id=250"},"modified":"2019-04-25T11:37:09","modified_gmt":"2019-04-25T15:37:09","slug":"sala-de-rehabilitacion-2","status":"publish","type":"page","link":"https:\/\/instituciones.gtm.sld.cu\/dmsims\/sala-de-rehabilitacion-2\/","title":{"rendered":"Dpto.Rehabilitaci\u00f3n"},"content":{"rendered":"\n<p><strong>Misi\u00f3n <\/strong><\/p>\n\n\n\n<p>Garantizar\nuna atenci\u00f3n m\u00e9dica de rehabilitaci\u00f3n&nbsp;\ncon calidads&nbsp; y eficiencia a\npacientes con discapacidad y comorbilidades, a trav\u00e9s del cumplimiento de\npoliticas,planes,programas e intervenciones definidas en el marco legal regulatorio,promoviendo\nacciones de promoci\u00f3n,prevenci\u00f3n y rehebilitaci\u00f3n integral ,del paciente,la\nfamilia y la sociedad.<\/p>\n\n\n\n<p><strong>Visi\u00f3n<\/strong><\/p>\n\n\n\n<p>Contar\ncon recuersos humanos altamente calificados,tecnolog\u00eda de punta, en lo que a\nMedicina Fisica y Rehabilitaci\u00f3n se refiere,comprometidos con las politicas\ntrazadas por el Ministerio de&nbsp; Salud\nP\u00fablica y con un alto nivel de satisfacci\u00f3n en su entorno.<\/p>\n\n\n\n<p><strong>Organizaci\u00f3n del\nservicio<\/strong><\/p>\n\n\n\n<p>El\nservicio de rehabilitaci\u00f3n en el policlinico es el encargado de desarollar\nacciones de promoci\u00f3n de sa\u00f1lud y prevenci\u00f3n de discapacidad,garantizar el\ntratamiento ambulatorio de rehabilitaci\u00f3n de los pacientes con discapacidad y\/o\nfactores de riesgo de padecerla, y educar en el manejor de estos pacientes a\nsus familiares y cuidadores.<\/p>\n\n\n\n<p>Consultas\nque se brindan:<\/p>\n\n\n\n<ul><li>Consulta\nm\u00e9dica de Medicina y F\u00edsisca y Rehabilitaci\u00f3n.<\/li><\/ul>\n\n\n\n<p><strong>Martes\ny Miercoles 8:00 am- 12:00 pm<\/strong><\/p>\n\n\n\n<ul><li>Consulta\nmultidisciplinaria de Atenci\u00f3n Temprana.<\/li><\/ul>\n\n\n\n<p><strong>Lunes\n8:00 am- 12:00 pm<\/strong><\/p>\n\n\n\n<ul><li>Consulta\nmultidisciplinaria de Deshabituaci\u00f3n Tab\u00e1quica.<\/li><\/ul>\n\n\n\n<p><strong>Jueves\n8:00 am- 12:00 pm<\/strong><\/p>\n\n\n\n<ul><li>Psicoprofilaxis\ndel parto.<\/li><\/ul>\n\n\n\n<p><strong>Viernes\nde 8:00 am- 12:00 pm<\/strong><\/p>\n\n\n\n<p><strong>Servicios que se&nbsp; brindan son:<\/strong><\/p>\n\n\n\n<ul><li>Departamento de Podolog\u00eda.<\/li><li>Departamento de Terapia Ocupacional<\/li><li>Departamento de Gimnasio Terapeutico.<\/li><li>Departamento de Calor infrarrojo y\nMasaje.<\/li><li>Departamento de Electroterapia.<\/li><li>Departamento de Defectolog\u00eda.<\/li><li>Departamento de Logofonoaudiolog\u00eda.<\/li><li>Departamento de Medicina Natural y\nTradicional.<\/li><li>Departamento de Orientaci\u00f3n\nNutricional.<\/li><li>Departamento de Hidroterapia<\/li><\/ul>\n","protected":false},"excerpt":{"rendered":"<p>Misi\u00f3n Garantizar una atenci\u00f3n m\u00e9dica de rehabilitaci\u00f3n&nbsp; con calidads&nbsp; y eficiencia a pacientes con discapacidad y comorbilidades, a trav\u00e9s del cumplimiento de politicas,planes,programas e intervenciones definidas en el marco legal regulatorio,promoviendo acciones de promoci\u00f3n,prevenci\u00f3n y rehebilitaci\u00f3n integral ,del paciente,la familia y la sociedad. Visi\u00f3n Contar con recuersos humanos altamente calificados,tecnolog\u00eda de punta, en lo que &hellip; <\/p>\n<p><a class=\"more-link btn\" href=\"https:\/\/instituciones.gtm.sld.cu\/dmsims\/sala-de-rehabilitacion-2\/\">Seguir leyendo<\/a><\/p>\n","protected":false},"author":17,"featured_media":0,"parent":0,"menu_order":0,"comment_status":"closed","ping_status":"closed","template":"","meta":{"ngg_post_thumbnail":0,"_mc_calendar":[]},"yoast_head":"<!-- This site is optimized with the Yoast SEO plugin v21.8 - https:\/\/yoast.com\/wordpress\/plugins\/seo\/ -->\n<title>Dpto.Rehabilitaci\u00f3n - Policl\u00ednico &quot;Ciro Fr\u00edas Cabrera&quot;<\/title>\n<meta name=\"robots\" content=\"index, follow, max-snippet:-1, max-image-preview:large, max-video-preview:-1\" \/>\n<link rel=\"canonical\" href=\"https:\/\/instituciones.gtm.sld.cu\/dmsims\/sala-de-rehabilitacion-2\/\" \/>\n<meta property=\"og:locale\" content=\"es_ES\" \/>\n<meta property=\"og:type\" content=\"article\" \/>\n<meta property=\"og:title\" content=\"Dpto.Rehabilitaci\u00f3n - Policl\u00ednico &quot;Ciro Fr\u00edas Cabrera&quot;\" \/>\n<meta property=\"og:description\" content=\"Misi\u00f3n Garantizar una atenci\u00f3n m\u00e9dica de rehabilitaci\u00f3n&nbsp; con calidads&nbsp; y eficiencia a pacientes con discapacidad y comorbilidades, a trav\u00e9s del cumplimiento de politicas,planes,programas e intervenciones definidas en el marco legal regulatorio,promoviendo acciones de promoci\u00f3n,prevenci\u00f3n y rehebilitaci\u00f3n integral ,del paciente,la familia y la sociedad. Visi\u00f3n Contar con recuersos humanos altamente calificados,tecnolog\u00eda de punta, en lo que &hellip; Seguir leyendo\" \/>\n<meta property=\"og:url\" content=\"https:\/\/instituciones.gtm.sld.cu\/dmsims\/sala-de-rehabilitacion-2\/\" \/>\n<meta property=\"og:site_name\" content=\"Policl\u00ednico &quot;Ciro Fr\u00edas Cabrera&quot;\" \/>\n<meta property=\"article:modified_time\" content=\"2019-04-25T15:37:09+00:00\" \/>\n<meta name=\"twitter:card\" content=\"summary_large_image\" \/>\n<meta name=\"twitter:label1\" content=\"Tiempo de lectura\" \/>\n\t<meta name=\"twitter:data1\" content=\"1 minuto\" \/>\n<script type=\"application\/ld+json\" class=\"yoast-schema-graph\">{\"@context\":\"https:\/\/schema.org\",\"@graph\":[{\"@type\":\"WebPage\",\"@id\":\"https:\/\/instituciones.gtm.sld.cu\/dmsims\/sala-de-rehabilitacion-2\/\",\"url\":\"https:\/\/instituciones.gtm.sld.cu\/dmsims\/sala-de-rehabilitacion-2\/\",\"name\":\"Dpto.Rehabilitaci\u00f3n - Policl\u00ednico &quot;Ciro Fr\u00edas Cabrera&quot;\",\"isPartOf\":{\"@id\":\"https:\/\/instituciones.gtm.sld.cu\/dmsims\/#website\"},\"datePublished\":\"2019-04-08T20:50:22+00:00\",\"dateModified\":\"2019-04-25T15:37:09+00:00\",\"breadcrumb\":{\"@id\":\"https:\/\/instituciones.gtm.sld.cu\/dmsims\/sala-de-rehabilitacion-2\/#breadcrumb\"},\"inLanguage\":\"es\",\"potentialAction\":[{\"@type\":\"ReadAction\",\"target\":[\"https:\/\/instituciones.gtm.sld.cu\/dmsims\/sala-de-rehabilitacion-2\/\"]}]},{\"@type\":\"BreadcrumbList\",\"@id\":\"https:\/\/instituciones.gtm.sld.cu\/dmsims\/sala-de-rehabilitacion-2\/#breadcrumb\",\"itemListElement\":[{\"@type\":\"ListItem\",\"position\":1,\"name\":\"Portada\",\"item\":\"https:\/\/instituciones.gtm.sld.cu\/dmsims\/\"},{\"@type\":\"ListItem\",\"position\":2,\"name\":\"Dpto.Rehabilitaci\u00f3n\"}]},{\"@type\":\"WebSite\",\"@id\":\"https:\/\/instituciones.gtm.sld.cu\/dmsims\/#website\",\"url\":\"https:\/\/instituciones.gtm.sld.cu\/dmsims\/\",\"name\":\"Policl\u00ednico &quot;Ciro Fr\u00edas Cabrera&quot;\",\"description\":\"Policl\u00ednico &quot;Ciro Fr\u00edas Cabrera&quot;\",\"potentialAction\":[{\"@type\":\"SearchAction\",\"target\":{\"@type\":\"EntryPoint\",\"urlTemplate\":\"https:\/\/instituciones.gtm.sld.cu\/dmsims\/?s={search_term_string}\"},\"query-input\":\"required name=search_term_string\"}],\"inLanguage\":\"es\"}]}<\/script>\n<!-- \/ Yoast SEO plugin. -->","yoast_head_json":{"title":"Dpto.Rehabilitaci\u00f3n - Policl\u00ednico &quot;Ciro Fr\u00edas Cabrera&quot;","robots":{"index":"index","follow":"follow","max-snippet":"max-snippet:-1","max-image-preview":"max-image-preview:large","max-video-preview":"max-video-preview:-1"},"canonical":"https:\/\/instituciones.gtm.sld.cu\/dmsims\/sala-de-rehabilitacion-2\/","og_locale":"es_ES","og_type":"article","og_title":"Dpto.Rehabilitaci\u00f3n - Policl\u00ednico &quot;Ciro Fr\u00edas Cabrera&quot;","og_description":"Misi\u00f3n Garantizar una atenci\u00f3n m\u00e9dica de rehabilitaci\u00f3n&nbsp; con calidads&nbsp; y eficiencia a pacientes con discapacidad y comorbilidades, a trav\u00e9s del cumplimiento de politicas,planes,programas e intervenciones definidas en el marco legal regulatorio,promoviendo acciones de promoci\u00f3n,prevenci\u00f3n y rehebilitaci\u00f3n integral ,del paciente,la familia y la sociedad. Visi\u00f3n Contar con recuersos humanos altamente calificados,tecnolog\u00eda de punta, en lo que &hellip; Seguir leyendo","og_url":"https:\/\/instituciones.gtm.sld.cu\/dmsims\/sala-de-rehabilitacion-2\/","og_site_name":"Policl\u00ednico &quot;Ciro Fr\u00edas Cabrera&quot;","article_modified_time":"2019-04-25T15:37:09+00:00","twitter_card":"summary_large_image","twitter_misc":{"Tiempo de lectura":"1 minuto"},"schema":{"@context":"https:\/\/schema.org","@graph":[{"@type":"WebPage","@id":"https:\/\/instituciones.gtm.sld.cu\/dmsims\/sala-de-rehabilitacion-2\/","url":"https:\/\/instituciones.gtm.sld.cu\/dmsims\/sala-de-rehabilitacion-2\/","name":"Dpto.Rehabilitaci\u00f3n - Policl\u00ednico &quot;Ciro Fr\u00edas Cabrera&quot;","isPartOf":{"@id":"https:\/\/instituciones.gtm.sld.cu\/dmsims\/#website"},"datePublished":"2019-04-08T20:50:22+00:00","dateModified":"2019-04-25T15:37:09+00:00","breadcrumb":{"@id":"https:\/\/instituciones.gtm.sld.cu\/dmsims\/sala-de-rehabilitacion-2\/#breadcrumb"},"inLanguage":"es","potentialAction":[{"@type":"ReadAction","target":["https:\/\/instituciones.gtm.sld.cu\/dmsims\/sala-de-rehabilitacion-2\/"]}]},{"@type":"BreadcrumbList","@id":"https:\/\/instituciones.gtm.sld.cu\/dmsims\/sala-de-rehabilitacion-2\/#breadcrumb","itemListElement":[{"@type":"ListItem","position":1,"name":"Portada","item":"https:\/\/instituciones.gtm.sld.cu\/dmsims\/"},{"@type":"ListItem","position":2,"name":"Dpto.Rehabilitaci\u00f3n"}]},{"@type":"WebSite","@id":"https:\/\/instituciones.gtm.sld.cu\/dmsims\/#website","url":"https:\/\/instituciones.gtm.sld.cu\/dmsims\/","name":"Policl\u00ednico &quot;Ciro Fr\u00edas Cabrera&quot;","description":"Policl\u00ednico &quot;Ciro Fr\u00edas Cabrera&quot;","potentialAction":[{"@type":"SearchAction","target":{"@type":"EntryPoint","urlTemplate":"https:\/\/instituciones.gtm.sld.cu\/dmsims\/?s={search_term_string}"},"query-input":"required name=search_term_string"}],"inLanguage":"es"}]}},"_links":{"self":[{"href":"https:\/\/instituciones.gtm.sld.cu\/dmsims\/wp-json\/wp\/v2\/pages\/250"}],"collection":[{"href":"https:\/\/instituciones.gtm.sld.cu\/dmsims\/wp-json\/wp\/v2\/pages"}],"about":[{"href":"https:\/\/instituciones.gtm.sld.cu\/dmsims\/wp-json\/wp\/v2\/types\/page"}],"author":[{"embeddable":true,"href":"https:\/\/instituciones.gtm.sld.cu\/dmsims\/wp-json\/wp\/v2\/users\/17"}],"replies":[{"embeddable":true,"href":"https:\/\/instituciones.gtm.sld.cu\/dmsims\/wp-json\/wp\/v2\/comments?post=250"}],"version-history":[{"count":0,"href":"https:\/\/instituciones.gtm.sld.cu\/dmsims\/wp-json\/wp\/v2\/pages\/250\/revisions"}],"wp:attachment":[{"href":"https:\/\/instituciones.gtm.sld.cu\/dmsims\/wp-json\/wp\/v2\/media?parent=250"}],"curies":[{"name":"wp","href":"https:\/\/api.w.org\/{rel}","templated":true}]}}