{"id":256,"date":"2019-04-08T16:52:14","date_gmt":"2019-04-08T20:52:14","guid":{"rendered":"http:\/\/instituciones.gtm.sld.cu\/dmsims\/?page_id=256"},"modified":"2024-04-18T08:50:35","modified_gmt":"2024-04-18T12:50:35","slug":"estadistica","status":"publish","type":"page","link":"https:\/\/instituciones.gtm.sld.cu\/dmsims\/estadistica\/","title":{"rendered":"Dpto.Reg.M\u00e9dicos y Estad\u00edstica"},"content":{"rendered":"\r\n<p>Misi\u00f3n:<\/p>\r\n\r\n\r\n\r\n<p>Proveer informaci\u00f3n estad\u00edstica oportuna para guiar las acciones en los prop\u00f3sitos de la mejor\u00eda de la salud de la poblaci\u00f3n cubana.<\/p>\r\n\r\n\r\n\r\n<p>Visi\u00f3n:<\/p>\r\n\r\n\r\n\r\n<p>Decisiones correctas basadas en informaci\u00f3n confiable.<\/p>\r\n\r\n\r\n\r\n<p>OBJETIVOS DE TRABAJO <\/p>\r\n\r\n\r\n\r\n<p>1.&nbsp; Proveer informaci\u00f3n estad\u00edstica oportuna y con calidad para el an\u00e1lisis de los indicadores de salud establecidos.<\/p>\r\n\r\n\r\n\r\n<p>2.&nbsp; Consolidar las estrategias de formaci\u00f3n, capacitaci\u00f3n e investigaci\u00f3n que garanticen un elevado nivel cient\u00edfico de los profesionales y t\u00e9cnicos.<\/p>\r\n\r\n\r\n\r\n<p>3.&nbsp; Cumplir con las diferentes modalidades de la cooperaci\u00f3n internacional del Sistema de Salud Cubano.<\/p>\r\n\r\n\r\n\r\n<p>&nbsp;4.&nbsp; Incrementar la Eficiencia Econ\u00f3mica y cumplir el proceso de institucionalizaci\u00f3n en el sector.<\/p>\r\n\r\n\r\n\r\n<p>Desde esta aqu\u00ed puedes acceder al <a href=\"http:\/\/instituciones.gtm.sld.cu\/dmsbcoa\/wp-content\/uploads\/sites\/9\/2019\/04\/manual_op_reg._med_y_estad_e.pdf\">MANUAL DE ORGANIZACI\u00d3N Y PROCEDIMIENTOS EN REGISTROS M\u00c9DICOS Y ESTAD\u00cdSTICAS DE SALUD<\/a>.<\/p>\r\n\r\n\r\n\r\n<p>Mandatos espec\u00edficos<\/p>\r\n\r\n\r\n\r\n<p>El Departamento de Estad\u00edstica Municipal se caracteriza por proveer en tiempo la informaci\u00f3n &nbsp;necesaria para evaluar los planes y programas de salud a las representaciones municipales&nbsp; de los diferentes \u00f3rganos y organismos; cumplir y hacer cumplir a las unidades subordinadas las funciones y el manual de procedimientos de trabajos definidos para cada una de ellas por el Nivel Central; contribuir a la formaci\u00f3n en estad\u00edsticas de salud del personal m\u00e9dico y param\u00e9dico y realizar o cooperar en investigaciones municipales , provinciales , nacionales e internacionales relacionadas con las estad\u00edsticas &nbsp;de la salud y otras afines.<\/p>\r\n\r\n\r\n\r\n<p>Funciones<\/p>\r\n\r\n\r\n\r\n<ol>\r\n<li>Revisar, procesar y analizar la informaci\u00f3n recibida de los Departamentos de Registros M\u00e9dicos de las unidades de subordinaci\u00f3n municipal.<\/li>\r\n<li>Emitir informaci\u00f3n veraz y oportuna hacia el Departamento de Estad\u00edstica Provincial y para las representaciones municipales&nbsp; del resto de los \u00f3rganos y organismos.<\/li>\r\n<li>Dise\u00f1ar gu\u00edas de supervisi\u00f3n que correspondan a los procedimientos de registros, procesamiento y emisi\u00f3n de datos de los distintos sistemas de informaci\u00f3n estad\u00edsticos vigentes.<\/li>\r\n<li>Supervisar la calidad de la informaci\u00f3n elaborada en el departamento antes de su emisi\u00f3n<\/li>\r\n<li>Realizar el an\u00e1lisis de la informaci\u00f3n emitida seg\u00fan solicitud de las vice direcciones municipales.<\/li>\r\n<li>Cumplir, asesorar y hacer cumplir, las funciones y procedimientos de trabajo y los procedimientos de registro, recolecci\u00f3n de la informaci\u00f3n &nbsp;estad\u00edstica establecida y otras orientaciones emitidas por los niveles superiores.<\/li>\r\n<li>Controlar el cumplimiento del Calendario Estad\u00edstico a nivel provincial&nbsp; as\u00ed como de las unidades de subordinaci\u00f3n municipal.<\/li>\r\n<li>Exigir por la supresi\u00f3n inmediata del env\u00edo sistem\u00e1tico de toda informaci\u00f3n que no est\u00e9 debidamente aprobada, evitar informaciones innecesarias, el paralelismo y la proliferaci\u00f3n de solicitudes de datos.<\/li>\r\n<li>Evaluar los sistemas de informaci\u00f3n que se encuentren en pilotaje y periodo de prueba y emitir su criterio a los niveles superiores que proceda.<\/li>\r\n<li>Procesar y emitir la informaci\u00f3n de las incidencias que constituyen riesgo contempladas en el sistema de Informaci\u00f3n Directa (SID)<\/li>\r\n<li>Elaborar y actualizar las bases de datos y custodiar la informaci\u00f3n estad\u00edstica.<\/li>\r\n<li>Cumplir y hacer cumplir el reglamento &nbsp;de Seguridad para las Tecnolog\u00edas &nbsp;de la informaci\u00f3n, la Inform\u00e1tica y las Comunicaciones.<\/li>\r\n<li>Asesorar el trabajo de los Departamentos de Registros M\u00e9dicos de las unidades de subordinaci\u00f3n municipal.<\/li>\r\n<li>Asesorar en estad\u00edsticas &nbsp;de salud a las vicedirecciones y departamentos de la Direcci\u00f3n Municipal y a otros organismos del territorio.<\/li>\r\n<li>Asesorar a las unidades de subordinaci\u00f3n municipal sobre la implantaci\u00f3n de nuevos sistemas automatizados.<\/li>\r\n<li>Asesorar y supervisar el trabajo de los Departamentos de Estad\u00edstica a su nivel y auditar los sistemas de informaci\u00f3n en uso en las unidades del Sistema Nacional de Salud.<\/li>\r\n<li>Coordinar con las distintas dependencias de la Direcci\u00f3n Municipal&nbsp; y otros Organismos para facilitar el cumplimiento de sus funciones.<\/li>\r\n<li>Garantizar que se cumpla todos los procedimientos establecidos para la conservaci\u00f3n de documentos seg\u00fan las normas para cada tipo de instituci\u00f3n.<\/li>\r\n<li>Realizar investigaciones que permitan obtener informaci\u00f3n sobre estad\u00edsticas de salud y verificar la calidad de estas.<\/li>\r\n<li>Participar en las investigaciones que se realicen por la Direcci\u00f3n Nacional de Estad\u00edstica, las Direcciones Provinciales y otros Organismos.<\/li>\r\n<li>Mantener actualizado al personal en los diferentes sistemas de informaci\u00f3n estad\u00edsticos.<\/li>\r\n<li>Participar en el Consejo de Direcci\u00f3n y en otras reuniones t\u00e9cnicas y cient\u00edficas cuando sea solicitado.<\/li>\r\n<li>Participar en las tareas docentes que le sean asignadas por la Direcci\u00f3n Municipal, Provincial y Nacional.<\/li>\r\n<li>Difundir informaci\u00f3n estad\u00edstica a trav\u00e9s de todas las v\u00edas posibles a los funcionarios del sistema de salud, as\u00ed como a otros organismos territoriales para contribuir al desempe\u00f1o de la funci\u00f3n gerencial, de investigaci\u00f3n y docencia.<\/li>\r\n<\/ol>\r\n\r\n\r\n\r\n<p>Retroalimentar o redistribuir datos de distintos programas, los cuales sean&nbsp; indispensables&nbsp; para el an\u00e1lisis en niveles inferiores.<\/p>\r\n","protected":false},"excerpt":{"rendered":"<p>Misi\u00f3n: Proveer informaci\u00f3n estad\u00edstica oportuna para guiar las acciones en los prop\u00f3sitos de la mejor\u00eda de la salud de la poblaci\u00f3n cubana. Visi\u00f3n: Decisiones correctas basadas en informaci\u00f3n confiable. OBJETIVOS DE TRABAJO 1.&nbsp; Proveer informaci\u00f3n estad\u00edstica oportuna y con calidad para el an\u00e1lisis de los indicadores de salud establecidos. 2.&nbsp; Consolidar las estrategias de formaci\u00f3n, &hellip; <\/p>\n<p><a class=\"more-link btn\" href=\"https:\/\/instituciones.gtm.sld.cu\/dmsims\/estadistica\/\">Seguir leyendo<\/a><\/p>\n","protected":false},"author":88,"featured_media":0,"parent":0,"menu_order":0,"comment_status":"closed","ping_status":"closed","template":"","meta":{"ngg_post_thumbnail":0,"_mc_calendar":[]},"yoast_head":"<!-- This site is optimized with the Yoast SEO plugin v21.8 - https:\/\/yoast.com\/wordpress\/plugins\/seo\/ -->\n<title>Dpto.Reg.M\u00e9dicos y Estad\u00edstica - Policl\u00ednico &quot;Ciro Fr\u00edas Cabrera&quot;<\/title>\n<meta name=\"robots\" content=\"index, follow, max-snippet:-1, max-image-preview:large, max-video-preview:-1\" \/>\n<link rel=\"canonical\" href=\"https:\/\/instituciones.gtm.sld.cu\/dmsims\/estadistica\/\" \/>\n<meta property=\"og:locale\" content=\"es_ES\" \/>\n<meta property=\"og:type\" content=\"article\" \/>\n<meta property=\"og:title\" content=\"Dpto.Reg.M\u00e9dicos y Estad\u00edstica - Policl\u00ednico &quot;Ciro Fr\u00edas Cabrera&quot;\" \/>\n<meta property=\"og:description\" content=\"Misi\u00f3n: Proveer informaci\u00f3n estad\u00edstica oportuna para guiar las acciones en los prop\u00f3sitos de la mejor\u00eda de la salud de la poblaci\u00f3n cubana. Visi\u00f3n: Decisiones correctas basadas en informaci\u00f3n confiable. OBJETIVOS DE TRABAJO 1.&nbsp; Proveer informaci\u00f3n estad\u00edstica oportuna y con calidad para el an\u00e1lisis de los indicadores de salud establecidos. 2.&nbsp; Consolidar las estrategias de formaci\u00f3n, &hellip; Seguir leyendo\" \/>\n<meta property=\"og:url\" content=\"https:\/\/instituciones.gtm.sld.cu\/dmsims\/estadistica\/\" \/>\n<meta property=\"og:site_name\" content=\"Policl\u00ednico &quot;Ciro Fr\u00edas Cabrera&quot;\" \/>\n<meta property=\"article:modified_time\" content=\"2024-04-18T12:50:35+00:00\" \/>\n<meta name=\"twitter:card\" content=\"summary_large_image\" \/>\n<meta name=\"twitter:label1\" content=\"Tiempo de lectura\" \/>\n\t<meta name=\"twitter:data1\" content=\"4 minutos\" \/>\n<script type=\"application\/ld+json\" class=\"yoast-schema-graph\">{\"@context\":\"https:\/\/schema.org\",\"@graph\":[{\"@type\":\"WebPage\",\"@id\":\"https:\/\/instituciones.gtm.sld.cu\/dmsims\/estadistica\/\",\"url\":\"https:\/\/instituciones.gtm.sld.cu\/dmsims\/estadistica\/\",\"name\":\"Dpto.Reg.M\u00e9dicos y Estad\u00edstica - Policl\u00ednico &quot;Ciro Fr\u00edas Cabrera&quot;\",\"isPartOf\":{\"@id\":\"https:\/\/instituciones.gtm.sld.cu\/dmsims\/#website\"},\"datePublished\":\"2019-04-08T20:52:14+00:00\",\"dateModified\":\"2024-04-18T12:50:35+00:00\",\"breadcrumb\":{\"@id\":\"https:\/\/instituciones.gtm.sld.cu\/dmsims\/estadistica\/#breadcrumb\"},\"inLanguage\":\"es\",\"potentialAction\":[{\"@type\":\"ReadAction\",\"target\":[\"https:\/\/instituciones.gtm.sld.cu\/dmsims\/estadistica\/\"]}]},{\"@type\":\"BreadcrumbList\",\"@id\":\"https:\/\/instituciones.gtm.sld.cu\/dmsims\/estadistica\/#breadcrumb\",\"itemListElement\":[{\"@type\":\"ListItem\",\"position\":1,\"name\":\"Portada\",\"item\":\"https:\/\/instituciones.gtm.sld.cu\/dmsims\/\"},{\"@type\":\"ListItem\",\"position\":2,\"name\":\"Dpto.Reg.M\u00e9dicos y Estad\u00edstica\"}]},{\"@type\":\"WebSite\",\"@id\":\"https:\/\/instituciones.gtm.sld.cu\/dmsims\/#website\",\"url\":\"https:\/\/instituciones.gtm.sld.cu\/dmsims\/\",\"name\":\"Policl\u00ednico &quot;Ciro Fr\u00edas Cabrera&quot;\",\"description\":\"Policl\u00ednico &quot;Ciro Fr\u00edas Cabrera&quot;\",\"potentialAction\":[{\"@type\":\"SearchAction\",\"target\":{\"@type\":\"EntryPoint\",\"urlTemplate\":\"https:\/\/instituciones.gtm.sld.cu\/dmsims\/?s={search_term_string}\"},\"query-input\":\"required name=search_term_string\"}],\"inLanguage\":\"es\"}]}<\/script>\n<!-- \/ Yoast SEO plugin. -->","yoast_head_json":{"title":"Dpto.Reg.M\u00e9dicos y Estad\u00edstica - Policl\u00ednico &quot;Ciro Fr\u00edas Cabrera&quot;","robots":{"index":"index","follow":"follow","max-snippet":"max-snippet:-1","max-image-preview":"max-image-preview:large","max-video-preview":"max-video-preview:-1"},"canonical":"https:\/\/instituciones.gtm.sld.cu\/dmsims\/estadistica\/","og_locale":"es_ES","og_type":"article","og_title":"Dpto.Reg.M\u00e9dicos y Estad\u00edstica - Policl\u00ednico &quot;Ciro Fr\u00edas Cabrera&quot;","og_description":"Misi\u00f3n: Proveer informaci\u00f3n estad\u00edstica oportuna para guiar las acciones en los prop\u00f3sitos de la mejor\u00eda de la salud de la poblaci\u00f3n cubana. Visi\u00f3n: Decisiones correctas basadas en informaci\u00f3n confiable. OBJETIVOS DE TRABAJO 1.&nbsp; Proveer informaci\u00f3n estad\u00edstica oportuna y con calidad para el an\u00e1lisis de los indicadores de salud establecidos. 2.&nbsp; Consolidar las estrategias de formaci\u00f3n, &hellip; Seguir leyendo","og_url":"https:\/\/instituciones.gtm.sld.cu\/dmsims\/estadistica\/","og_site_name":"Policl\u00ednico &quot;Ciro Fr\u00edas Cabrera&quot;","article_modified_time":"2024-04-18T12:50:35+00:00","twitter_card":"summary_large_image","twitter_misc":{"Tiempo de lectura":"4 minutos"},"schema":{"@context":"https:\/\/schema.org","@graph":[{"@type":"WebPage","@id":"https:\/\/instituciones.gtm.sld.cu\/dmsims\/estadistica\/","url":"https:\/\/instituciones.gtm.sld.cu\/dmsims\/estadistica\/","name":"Dpto.Reg.M\u00e9dicos y Estad\u00edstica - Policl\u00ednico &quot;Ciro Fr\u00edas Cabrera&quot;","isPartOf":{"@id":"https:\/\/instituciones.gtm.sld.cu\/dmsims\/#website"},"datePublished":"2019-04-08T20:52:14+00:00","dateModified":"2024-04-18T12:50:35+00:00","breadcrumb":{"@id":"https:\/\/instituciones.gtm.sld.cu\/dmsims\/estadistica\/#breadcrumb"},"inLanguage":"es","potentialAction":[{"@type":"ReadAction","target":["https:\/\/instituciones.gtm.sld.cu\/dmsims\/estadistica\/"]}]},{"@type":"BreadcrumbList","@id":"https:\/\/instituciones.gtm.sld.cu\/dmsims\/estadistica\/#breadcrumb","itemListElement":[{"@type":"ListItem","position":1,"name":"Portada","item":"https:\/\/instituciones.gtm.sld.cu\/dmsims\/"},{"@type":"ListItem","position":2,"name":"Dpto.Reg.M\u00e9dicos y Estad\u00edstica"}]},{"@type":"WebSite","@id":"https:\/\/instituciones.gtm.sld.cu\/dmsims\/#website","url":"https:\/\/instituciones.gtm.sld.cu\/dmsims\/","name":"Policl\u00ednico &quot;Ciro Fr\u00edas Cabrera&quot;","description":"Policl\u00ednico &quot;Ciro Fr\u00edas Cabrera&quot;","potentialAction":[{"@type":"SearchAction","target":{"@type":"EntryPoint","urlTemplate":"https:\/\/instituciones.gtm.sld.cu\/dmsims\/?s={search_term_string}"},"query-input":"required name=search_term_string"}],"inLanguage":"es"}]}},"_links":{"self":[{"href":"https:\/\/instituciones.gtm.sld.cu\/dmsims\/wp-json\/wp\/v2\/pages\/256"}],"collection":[{"href":"https:\/\/instituciones.gtm.sld.cu\/dmsims\/wp-json\/wp\/v2\/pages"}],"about":[{"href":"https:\/\/instituciones.gtm.sld.cu\/dmsims\/wp-json\/wp\/v2\/types\/page"}],"author":[{"embeddable":true,"href":"https:\/\/instituciones.gtm.sld.cu\/dmsims\/wp-json\/wp\/v2\/users\/88"}],"replies":[{"embeddable":true,"href":"https:\/\/instituciones.gtm.sld.cu\/dmsims\/wp-json\/wp\/v2\/comments?post=256"}],"version-history":[{"count":1,"href":"https:\/\/instituciones.gtm.sld.cu\/dmsims\/wp-json\/wp\/v2\/pages\/256\/revisions"}],"predecessor-version":[{"id":2381,"href":"https:\/\/instituciones.gtm.sld.cu\/dmsims\/wp-json\/wp\/v2\/pages\/256\/revisions\/2381"}],"wp:attachment":[{"href":"https:\/\/instituciones.gtm.sld.cu\/dmsims\/wp-json\/wp\/v2\/media?parent=256"}],"curies":[{"name":"wp","href":"https:\/\/api.w.org\/{rel}","templated":true}]}}