{"id":271,"date":"2019-04-08T16:58:00","date_gmt":"2019-04-08T20:58:00","guid":{"rendered":"http:\/\/instituciones.gtm.sld.cu\/dmsims\/?page_id=271"},"modified":"2024-03-26T08:38:44","modified_gmt":"2024-03-26T12:38:44","slug":"terapia-intensiva","status":"publish","type":"page","link":"https:\/\/instituciones.gtm.sld.cu\/dmsims\/terapia-intensiva\/","title":{"rendered":"Consejo Cient\u00edfico"},"content":{"rendered":"\n<p>El\nConsejo Cient\u00edfico es un \u00f3rgano colectivo asesor de la Direcci\u00f3n Municipal de\nSalud Im\u00edas, que tiene por objetivo propiciar y estimular, de forma sistem\u00e1tica\nel an\u00e1lisis de temas de inter\u00e9s para el desarrollo cient\u00edfico y tecnol\u00f3gico en el\nsector, as\u00ed como elaborar recomendaciones sobre la base de las prioridades del desarrollo\necon\u00f3mico, pol\u00edtico, social del pa\u00eds,directivas y normas trazadas por las\ninstituci\u00f3n.<\/p>\n\n\n\n<p>Integrantes<\/p>\n\n\n\n<p>Dra.Marbelis Remon Heredia\u00a0\u00a0\u00a0\u00a0\u00a0\u00a0\u00a0\u00a0\u00a0\u00a0\u00a0\u00a0\u00a0\u00a0\u00a0\u00a0\u00a0\u00a0\u00a0\u00a0\u00a0 Presidenta<\/p>\n\n\n\n<p>Lic.Niover Su\u00e1rez Su\u00e1rez        \u00a0\u00a0\u00a0\u00a0\u00a0\u00a0\u00a0\u00a0\u00a0\u00a0\u00a0\u00a0\u00a0\u00a0 \u00a0\u00a0\u00a0   Vice Presidente<\/p>\n\n\n\n<p>Dr.Endis Matos Noa                         \u00a0\u00a0\u00a0\u00a0 \u00a0\u00a0\u00a0\u00a0\u00a0     Secretario<\/p>\n\n\n\n<p> Enrique Machado Su\u00e1rez          \u00a0\u00a0\u00a0\u00a0\u00a0\u00a0\u00a0\u00a0\u00a0\u00a0 \u00a0\u00a0\u00a0\u00a0     \u00a0Miembro<\/p>\n\n\n\n<p>Cesar Canela Rodr\u00edguez                 \u00a0\u00a0\u00a0\u00a0\u00a0\u00a0\u00a0\u00a0\u00a0\u00a0      Miembro <\/p>\n\n\n\n<p><\/p>\n","protected":false},"excerpt":{"rendered":"<p>El Consejo Cient\u00edfico es un \u00f3rgano colectivo asesor de la Direcci\u00f3n Municipal de Salud Im\u00edas, que tiene por objetivo propiciar y estimular, de forma sistem\u00e1tica el an\u00e1lisis de temas de inter\u00e9s para el desarrollo cient\u00edfico y tecnol\u00f3gico en el sector, as\u00ed como elaborar recomendaciones sobre la base de las prioridades del desarrollo econ\u00f3mico, pol\u00edtico, social &hellip; <\/p>\n<p><a class=\"more-link btn\" href=\"https:\/\/instituciones.gtm.sld.cu\/dmsims\/terapia-intensiva\/\">Seguir leyendo<\/a><\/p>\n","protected":false},"author":17,"featured_media":0,"parent":0,"menu_order":0,"comment_status":"closed","ping_status":"closed","template":"","meta":{"ngg_post_thumbnail":0,"_mc_calendar":[]},"yoast_head":"<!-- This site is optimized with the Yoast SEO plugin v21.8 - https:\/\/yoast.com\/wordpress\/plugins\/seo\/ -->\n<title>Consejo Cient\u00edfico - Policl\u00ednico &quot;Ciro Fr\u00edas Cabrera&quot;<\/title>\n<meta name=\"robots\" content=\"index, follow, max-snippet:-1, max-image-preview:large, max-video-preview:-1\" \/>\n<link rel=\"canonical\" href=\"https:\/\/instituciones.gtm.sld.cu\/dmsims\/terapia-intensiva\/\" \/>\n<meta property=\"og:locale\" content=\"es_ES\" \/>\n<meta property=\"og:type\" content=\"article\" \/>\n<meta property=\"og:title\" content=\"Consejo Cient\u00edfico - Policl\u00ednico &quot;Ciro Fr\u00edas Cabrera&quot;\" \/>\n<meta property=\"og:description\" content=\"El Consejo Cient\u00edfico es un \u00f3rgano colectivo asesor de la Direcci\u00f3n Municipal de Salud Im\u00edas, que tiene por objetivo propiciar y estimular, de forma sistem\u00e1tica el an\u00e1lisis de temas de inter\u00e9s para el desarrollo cient\u00edfico y tecnol\u00f3gico en el sector, as\u00ed como elaborar recomendaciones sobre la base de las prioridades del desarrollo econ\u00f3mico, pol\u00edtico, social &hellip; Seguir leyendo\" \/>\n<meta property=\"og:url\" content=\"https:\/\/instituciones.gtm.sld.cu\/dmsims\/terapia-intensiva\/\" \/>\n<meta property=\"og:site_name\" content=\"Policl\u00ednico &quot;Ciro Fr\u00edas Cabrera&quot;\" \/>\n<meta property=\"article:modified_time\" content=\"2024-03-26T12:38:44+00:00\" \/>\n<meta name=\"twitter:card\" content=\"summary_large_image\" \/>\n<meta name=\"twitter:label1\" content=\"Tiempo de lectura\" \/>\n\t<meta name=\"twitter:data1\" content=\"1 minuto\" \/>\n<script type=\"application\/ld+json\" class=\"yoast-schema-graph\">{\"@context\":\"https:\/\/schema.org\",\"@graph\":[{\"@type\":\"WebPage\",\"@id\":\"https:\/\/instituciones.gtm.sld.cu\/dmsims\/terapia-intensiva\/\",\"url\":\"https:\/\/instituciones.gtm.sld.cu\/dmsims\/terapia-intensiva\/\",\"name\":\"Consejo Cient\u00edfico - Policl\u00ednico &quot;Ciro Fr\u00edas Cabrera&quot;\",\"isPartOf\":{\"@id\":\"https:\/\/instituciones.gtm.sld.cu\/dmsims\/#website\"},\"datePublished\":\"2019-04-08T20:58:00+00:00\",\"dateModified\":\"2024-03-26T12:38:44+00:00\",\"breadcrumb\":{\"@id\":\"https:\/\/instituciones.gtm.sld.cu\/dmsims\/terapia-intensiva\/#breadcrumb\"},\"inLanguage\":\"es\",\"potentialAction\":[{\"@type\":\"ReadAction\",\"target\":[\"https:\/\/instituciones.gtm.sld.cu\/dmsims\/terapia-intensiva\/\"]}]},{\"@type\":\"BreadcrumbList\",\"@id\":\"https:\/\/instituciones.gtm.sld.cu\/dmsims\/terapia-intensiva\/#breadcrumb\",\"itemListElement\":[{\"@type\":\"ListItem\",\"position\":1,\"name\":\"Portada\",\"item\":\"https:\/\/instituciones.gtm.sld.cu\/dmsims\/\"},{\"@type\":\"ListItem\",\"position\":2,\"name\":\"Consejo Cient\u00edfico\"}]},{\"@type\":\"WebSite\",\"@id\":\"https:\/\/instituciones.gtm.sld.cu\/dmsims\/#website\",\"url\":\"https:\/\/instituciones.gtm.sld.cu\/dmsims\/\",\"name\":\"Policl\u00ednico &quot;Ciro Fr\u00edas Cabrera&quot;\",\"description\":\"Policl\u00ednico &quot;Ciro Fr\u00edas Cabrera&quot;\",\"potentialAction\":[{\"@type\":\"SearchAction\",\"target\":{\"@type\":\"EntryPoint\",\"urlTemplate\":\"https:\/\/instituciones.gtm.sld.cu\/dmsims\/?s={search_term_string}\"},\"query-input\":\"required name=search_term_string\"}],\"inLanguage\":\"es\"}]}<\/script>\n<!-- \/ Yoast SEO plugin. -->","yoast_head_json":{"title":"Consejo Cient\u00edfico - Policl\u00ednico &quot;Ciro Fr\u00edas Cabrera&quot;","robots":{"index":"index","follow":"follow","max-snippet":"max-snippet:-1","max-image-preview":"max-image-preview:large","max-video-preview":"max-video-preview:-1"},"canonical":"https:\/\/instituciones.gtm.sld.cu\/dmsims\/terapia-intensiva\/","og_locale":"es_ES","og_type":"article","og_title":"Consejo Cient\u00edfico - Policl\u00ednico &quot;Ciro Fr\u00edas Cabrera&quot;","og_description":"El Consejo Cient\u00edfico es un \u00f3rgano colectivo asesor de la Direcci\u00f3n Municipal de Salud Im\u00edas, que tiene por objetivo propiciar y estimular, de forma sistem\u00e1tica el an\u00e1lisis de temas de inter\u00e9s para el desarrollo cient\u00edfico y tecnol\u00f3gico en el sector, as\u00ed como elaborar recomendaciones sobre la base de las prioridades del desarrollo econ\u00f3mico, pol\u00edtico, social &hellip; Seguir leyendo","og_url":"https:\/\/instituciones.gtm.sld.cu\/dmsims\/terapia-intensiva\/","og_site_name":"Policl\u00ednico &quot;Ciro Fr\u00edas Cabrera&quot;","article_modified_time":"2024-03-26T12:38:44+00:00","twitter_card":"summary_large_image","twitter_misc":{"Tiempo de lectura":"1 minuto"},"schema":{"@context":"https:\/\/schema.org","@graph":[{"@type":"WebPage","@id":"https:\/\/instituciones.gtm.sld.cu\/dmsims\/terapia-intensiva\/","url":"https:\/\/instituciones.gtm.sld.cu\/dmsims\/terapia-intensiva\/","name":"Consejo Cient\u00edfico - Policl\u00ednico &quot;Ciro Fr\u00edas Cabrera&quot;","isPartOf":{"@id":"https:\/\/instituciones.gtm.sld.cu\/dmsims\/#website"},"datePublished":"2019-04-08T20:58:00+00:00","dateModified":"2024-03-26T12:38:44+00:00","breadcrumb":{"@id":"https:\/\/instituciones.gtm.sld.cu\/dmsims\/terapia-intensiva\/#breadcrumb"},"inLanguage":"es","potentialAction":[{"@type":"ReadAction","target":["https:\/\/instituciones.gtm.sld.cu\/dmsims\/terapia-intensiva\/"]}]},{"@type":"BreadcrumbList","@id":"https:\/\/instituciones.gtm.sld.cu\/dmsims\/terapia-intensiva\/#breadcrumb","itemListElement":[{"@type":"ListItem","position":1,"name":"Portada","item":"https:\/\/instituciones.gtm.sld.cu\/dmsims\/"},{"@type":"ListItem","position":2,"name":"Consejo Cient\u00edfico"}]},{"@type":"WebSite","@id":"https:\/\/instituciones.gtm.sld.cu\/dmsims\/#website","url":"https:\/\/instituciones.gtm.sld.cu\/dmsims\/","name":"Policl\u00ednico &quot;Ciro Fr\u00edas Cabrera&quot;","description":"Policl\u00ednico &quot;Ciro Fr\u00edas Cabrera&quot;","potentialAction":[{"@type":"SearchAction","target":{"@type":"EntryPoint","urlTemplate":"https:\/\/instituciones.gtm.sld.cu\/dmsims\/?s={search_term_string}"},"query-input":"required name=search_term_string"}],"inLanguage":"es"}]}},"_links":{"self":[{"href":"https:\/\/instituciones.gtm.sld.cu\/dmsims\/wp-json\/wp\/v2\/pages\/271"}],"collection":[{"href":"https:\/\/instituciones.gtm.sld.cu\/dmsims\/wp-json\/wp\/v2\/pages"}],"about":[{"href":"https:\/\/instituciones.gtm.sld.cu\/dmsims\/wp-json\/wp\/v2\/types\/page"}],"author":[{"embeddable":true,"href":"https:\/\/instituciones.gtm.sld.cu\/dmsims\/wp-json\/wp\/v2\/users\/17"}],"replies":[{"embeddable":true,"href":"https:\/\/instituciones.gtm.sld.cu\/dmsims\/wp-json\/wp\/v2\/comments?post=271"}],"version-history":[{"count":3,"href":"https:\/\/instituciones.gtm.sld.cu\/dmsims\/wp-json\/wp\/v2\/pages\/271\/revisions"}],"predecessor-version":[{"id":2228,"href":"https:\/\/instituciones.gtm.sld.cu\/dmsims\/wp-json\/wp\/v2\/pages\/271\/revisions\/2228"}],"wp:attachment":[{"href":"https:\/\/instituciones.gtm.sld.cu\/dmsims\/wp-json\/wp\/v2\/media?parent=271"}],"curies":[{"name":"wp","href":"https:\/\/api.w.org\/{rel}","templated":true}]}}