{"id":289,"date":"2019-04-08T17:09:52","date_gmt":"2019-04-08T21:09:52","guid":{"rendered":"http:\/\/instituciones.gtm.sld.cu\/dmsims\/?page_id=289"},"modified":"2019-05-02T14:28:07","modified_gmt":"2019-05-02T18:28:07","slug":"docencia-e-investigacion","status":"publish","type":"page","link":"https:\/\/instituciones.gtm.sld.cu\/dmsims\/docencia-e-investigacion\/","title":{"rendered":"Docencia e Investigaci\u00f3n"},"content":{"rendered":"\n<p>Es el responsable en el Policl\u00ednico de la direcci\u00f3n, desarrollo y control del proceso ense\u00f1anza-aprendizaje de la formaci\u00f3n t\u00e9cnica, profesional y postgraduada de las carreras de Ciencias de la Salud y de las Investigaciones\u00a0 que se desarrollan en la Atenci\u00f3n Primaria. <\/p>\n\n\n\n<p><strong>Funciones:<\/strong><\/p>\n\n\n\n<ul><li>Planifica, organiza y controla: <\/li><li>El Proceso Docente- Educativo en la formaci\u00f3n acad\u00e9mica Posgraduada (Especialidades, Maestr\u00edas y Doctorados). <\/li><li>El proceso de Capacitaci\u00f3n y Superaci\u00f3n Profesional de profesionales, t\u00e9cnicos y trabajadores, de acuerdo con la identificaci\u00f3n de las necesidades de aprendizaje.\u00a0 <ul><li>El Sistema de Ciencia e Innovaci\u00f3n Tecnol\u00f3gica.<\/li><\/ul><\/li><li>Elabora, organiza, dirige y controla el Plan de Trabajo Metodol\u00f3gico con \u00e9nfasis en la educaci\u00f3n en el trabajo, as\u00ed como controlar el trabajo de los profesores en el Proyecto de Trabajo Educativo Integral.<\/li><li>Participa en el proceso de planificaci\u00f3n de la formaci\u00f3n de los recursos humanos de salud en su \u00e1rea.<\/li><li>Participa\u00a0 en el proceso de ubicaci\u00f3n de los graduados de su \u00e1rea. <\/li><li>Elabora la estrategia de preparaci\u00f3n pol\u00edtica ideol\u00f3gica, pedag\u00f3gica y cient\u00edfica de los profesores, sobre la base de la identificaci\u00f3n de necesidades de aprendizaje de los mismos.<\/li><li> Participa y controla el funcionamiento de los Consejos Cient\u00edficos donde existan.<br>Participa en las reuniones del Consejo Cient\u00edfico del municipio. <\/li><li>Eval\u00faa sistem\u00e1ticamente el cumplimiento de los requisitos y el perfeccionamiento de las condiciones que permiten mantener la acreditaci\u00f3n docente de la instituci\u00f3n.<\/li><\/ul>\n","protected":false},"excerpt":{"rendered":"<p>Es el responsable en el Policl\u00ednico de la direcci\u00f3n, desarrollo y control del proceso ense\u00f1anza-aprendizaje de la formaci\u00f3n t\u00e9cnica, profesional y postgraduada de las carreras de Ciencias de la Salud y de las Investigaciones\u00a0 que se desarrollan en la Atenci\u00f3n Primaria. Funciones: Planifica, organiza y controla: El Proceso Docente- Educativo en la formaci\u00f3n acad\u00e9mica Posgraduada &hellip; <\/p>\n<p><a class=\"more-link btn\" href=\"https:\/\/instituciones.gtm.sld.cu\/dmsims\/docencia-e-investigacion\/\">Seguir leyendo<\/a><\/p>\n","protected":false},"author":17,"featured_media":0,"parent":0,"menu_order":0,"comment_status":"closed","ping_status":"closed","template":"","meta":{"ngg_post_thumbnail":0,"_mc_calendar":[]},"yoast_head":"<!-- This site is optimized with the Yoast SEO plugin v21.8 - https:\/\/yoast.com\/wordpress\/plugins\/seo\/ -->\n<title>Docencia e Investigaci\u00f3n - Policl\u00ednico &quot;Ciro Fr\u00edas Cabrera&quot;<\/title>\n<meta name=\"robots\" content=\"index, follow, max-snippet:-1, max-image-preview:large, max-video-preview:-1\" \/>\n<link rel=\"canonical\" href=\"https:\/\/instituciones.gtm.sld.cu\/dmsims\/docencia-e-investigacion\/\" \/>\n<meta property=\"og:locale\" content=\"es_ES\" \/>\n<meta property=\"og:type\" content=\"article\" \/>\n<meta property=\"og:title\" content=\"Docencia e Investigaci\u00f3n - Policl\u00ednico &quot;Ciro Fr\u00edas Cabrera&quot;\" \/>\n<meta property=\"og:description\" content=\"Es el responsable en el Policl\u00ednico de la direcci\u00f3n, desarrollo y control del proceso ense\u00f1anza-aprendizaje de la formaci\u00f3n t\u00e9cnica, profesional y postgraduada de las carreras de Ciencias de la Salud y de las Investigaciones\u00a0 que se desarrollan en la Atenci\u00f3n Primaria. Funciones: Planifica, organiza y controla: El Proceso Docente- Educativo en la formaci\u00f3n acad\u00e9mica Posgraduada &hellip; Seguir leyendo\" \/>\n<meta property=\"og:url\" content=\"https:\/\/instituciones.gtm.sld.cu\/dmsims\/docencia-e-investigacion\/\" \/>\n<meta property=\"og:site_name\" content=\"Policl\u00ednico &quot;Ciro Fr\u00edas Cabrera&quot;\" \/>\n<meta property=\"article:modified_time\" content=\"2019-05-02T18:28:07+00:00\" \/>\n<meta name=\"twitter:card\" content=\"summary_large_image\" \/>\n<meta name=\"twitter:label1\" content=\"Tiempo de lectura\" \/>\n\t<meta name=\"twitter:data1\" content=\"1 minuto\" \/>\n<script type=\"application\/ld+json\" class=\"yoast-schema-graph\">{\"@context\":\"https:\/\/schema.org\",\"@graph\":[{\"@type\":\"WebPage\",\"@id\":\"https:\/\/instituciones.gtm.sld.cu\/dmsims\/docencia-e-investigacion\/\",\"url\":\"https:\/\/instituciones.gtm.sld.cu\/dmsims\/docencia-e-investigacion\/\",\"name\":\"Docencia e Investigaci\u00f3n - Policl\u00ednico &quot;Ciro Fr\u00edas Cabrera&quot;\",\"isPartOf\":{\"@id\":\"https:\/\/instituciones.gtm.sld.cu\/dmsims\/#website\"},\"datePublished\":\"2019-04-08T21:09:52+00:00\",\"dateModified\":\"2019-05-02T18:28:07+00:00\",\"breadcrumb\":{\"@id\":\"https:\/\/instituciones.gtm.sld.cu\/dmsims\/docencia-e-investigacion\/#breadcrumb\"},\"inLanguage\":\"es\",\"potentialAction\":[{\"@type\":\"ReadAction\",\"target\":[\"https:\/\/instituciones.gtm.sld.cu\/dmsims\/docencia-e-investigacion\/\"]}]},{\"@type\":\"BreadcrumbList\",\"@id\":\"https:\/\/instituciones.gtm.sld.cu\/dmsims\/docencia-e-investigacion\/#breadcrumb\",\"itemListElement\":[{\"@type\":\"ListItem\",\"position\":1,\"name\":\"Portada\",\"item\":\"https:\/\/instituciones.gtm.sld.cu\/dmsims\/\"},{\"@type\":\"ListItem\",\"position\":2,\"name\":\"Docencia e Investigaci\u00f3n\"}]},{\"@type\":\"WebSite\",\"@id\":\"https:\/\/instituciones.gtm.sld.cu\/dmsims\/#website\",\"url\":\"https:\/\/instituciones.gtm.sld.cu\/dmsims\/\",\"name\":\"Policl\u00ednico &quot;Ciro Fr\u00edas Cabrera&quot;\",\"description\":\"Policl\u00ednico &quot;Ciro Fr\u00edas Cabrera&quot;\",\"potentialAction\":[{\"@type\":\"SearchAction\",\"target\":{\"@type\":\"EntryPoint\",\"urlTemplate\":\"https:\/\/instituciones.gtm.sld.cu\/dmsims\/?s={search_term_string}\"},\"query-input\":\"required name=search_term_string\"}],\"inLanguage\":\"es\"}]}<\/script>\n<!-- \/ Yoast SEO plugin. -->","yoast_head_json":{"title":"Docencia e Investigaci\u00f3n - Policl\u00ednico &quot;Ciro Fr\u00edas Cabrera&quot;","robots":{"index":"index","follow":"follow","max-snippet":"max-snippet:-1","max-image-preview":"max-image-preview:large","max-video-preview":"max-video-preview:-1"},"canonical":"https:\/\/instituciones.gtm.sld.cu\/dmsims\/docencia-e-investigacion\/","og_locale":"es_ES","og_type":"article","og_title":"Docencia e Investigaci\u00f3n - Policl\u00ednico &quot;Ciro Fr\u00edas Cabrera&quot;","og_description":"Es el responsable en el Policl\u00ednico de la direcci\u00f3n, desarrollo y control del proceso ense\u00f1anza-aprendizaje de la formaci\u00f3n t\u00e9cnica, profesional y postgraduada de las carreras de Ciencias de la Salud y de las Investigaciones\u00a0 que se desarrollan en la Atenci\u00f3n Primaria. Funciones: Planifica, organiza y controla: El Proceso Docente- Educativo en la formaci\u00f3n acad\u00e9mica Posgraduada &hellip; Seguir leyendo","og_url":"https:\/\/instituciones.gtm.sld.cu\/dmsims\/docencia-e-investigacion\/","og_site_name":"Policl\u00ednico &quot;Ciro Fr\u00edas Cabrera&quot;","article_modified_time":"2019-05-02T18:28:07+00:00","twitter_card":"summary_large_image","twitter_misc":{"Tiempo de lectura":"1 minuto"},"schema":{"@context":"https:\/\/schema.org","@graph":[{"@type":"WebPage","@id":"https:\/\/instituciones.gtm.sld.cu\/dmsims\/docencia-e-investigacion\/","url":"https:\/\/instituciones.gtm.sld.cu\/dmsims\/docencia-e-investigacion\/","name":"Docencia e Investigaci\u00f3n - Policl\u00ednico &quot;Ciro Fr\u00edas Cabrera&quot;","isPartOf":{"@id":"https:\/\/instituciones.gtm.sld.cu\/dmsims\/#website"},"datePublished":"2019-04-08T21:09:52+00:00","dateModified":"2019-05-02T18:28:07+00:00","breadcrumb":{"@id":"https:\/\/instituciones.gtm.sld.cu\/dmsims\/docencia-e-investigacion\/#breadcrumb"},"inLanguage":"es","potentialAction":[{"@type":"ReadAction","target":["https:\/\/instituciones.gtm.sld.cu\/dmsims\/docencia-e-investigacion\/"]}]},{"@type":"BreadcrumbList","@id":"https:\/\/instituciones.gtm.sld.cu\/dmsims\/docencia-e-investigacion\/#breadcrumb","itemListElement":[{"@type":"ListItem","position":1,"name":"Portada","item":"https:\/\/instituciones.gtm.sld.cu\/dmsims\/"},{"@type":"ListItem","position":2,"name":"Docencia e Investigaci\u00f3n"}]},{"@type":"WebSite","@id":"https:\/\/instituciones.gtm.sld.cu\/dmsims\/#website","url":"https:\/\/instituciones.gtm.sld.cu\/dmsims\/","name":"Policl\u00ednico &quot;Ciro Fr\u00edas Cabrera&quot;","description":"Policl\u00ednico &quot;Ciro Fr\u00edas Cabrera&quot;","potentialAction":[{"@type":"SearchAction","target":{"@type":"EntryPoint","urlTemplate":"https:\/\/instituciones.gtm.sld.cu\/dmsims\/?s={search_term_string}"},"query-input":"required name=search_term_string"}],"inLanguage":"es"}]}},"_links":{"self":[{"href":"https:\/\/instituciones.gtm.sld.cu\/dmsims\/wp-json\/wp\/v2\/pages\/289"}],"collection":[{"href":"https:\/\/instituciones.gtm.sld.cu\/dmsims\/wp-json\/wp\/v2\/pages"}],"about":[{"href":"https:\/\/instituciones.gtm.sld.cu\/dmsims\/wp-json\/wp\/v2\/types\/page"}],"author":[{"embeddable":true,"href":"https:\/\/instituciones.gtm.sld.cu\/dmsims\/wp-json\/wp\/v2\/users\/17"}],"replies":[{"embeddable":true,"href":"https:\/\/instituciones.gtm.sld.cu\/dmsims\/wp-json\/wp\/v2\/comments?post=289"}],"version-history":[{"count":0,"href":"https:\/\/instituciones.gtm.sld.cu\/dmsims\/wp-json\/wp\/v2\/pages\/289\/revisions"}],"wp:attachment":[{"href":"https:\/\/instituciones.gtm.sld.cu\/dmsims\/wp-json\/wp\/v2\/media?parent=289"}],"curies":[{"name":"wp","href":"https:\/\/api.w.org\/{rel}","templated":true}]}}