{"id":293,"date":"2019-04-08T17:12:53","date_gmt":"2019-04-08T21:12:53","guid":{"rendered":"http:\/\/instituciones.gtm.sld.cu\/dmsims\/?page_id=293"},"modified":"2019-05-03T13:32:47","modified_gmt":"2019-05-03T17:32:47","slug":"dpto-vigilancia-y-lucha-anti-vectorial","status":"publish","type":"page","link":"https:\/\/instituciones.gtm.sld.cu\/dmsims\/dpto-vigilancia-y-lucha-anti-vectorial\/","title":{"rendered":"Dpto Vigilancia y Lucha Anti vectorial"},"content":{"rendered":"\n<p>Posee la m\u00e1xima autoridad y responsabilidad del\ndepartamento. Tiene a su cargo dirigir, planificar, organizar y controlar la\nactividad de Vigilancia y Lucha Antivectorial en el \u00e1rea de salud. Es\nresponsable de la custodia de los recursos asignados.<\/p>\n\n\n\n<p><strong>Tareas: <\/strong><\/p>\n\n\n\n<ol><li>Participar      en la elaboraci\u00f3n del an\u00e1lisis de la situaci\u00f3n de salud a nivel del      \u00e1rea.\u00a0 <\/li><li>Controlar      el trabajo de los supervisores, jefes de brigada, Operarios A, Operarias      B,\u00a0\u00a0 y Trabajador Comunitario para el Control de Vectores en el      terreno, para lo cual planificar\u00e1 el 80.0% del tiempo en cada ciclo de      trabajo, en acciones de revisi\u00f3n y fiscalizaci\u00f3n, realizando la productividad      media de sus subordinados.<\/li><li>Tareas      diarias: <\/li><li>Organizar      y dirigir el pase de revista, as\u00ed como orientar las acciones establecidas      para el d\u00eda y chequear las deficiencias detectadas por el control de      calidad en el d\u00eda anterior y los recursos para el trabajo.<\/li><li>Aplicar      la legislaci\u00f3n sanitaria vigente ante violaciones detectadas.<\/li><li>Realizar      coordinaciones intersectoriales para ejecutar las estrategias de trabajo.<\/li><li>Controlar      los recursos asignados para las acciones de control vectorial al \u00e1rea de      salud de conjunto con la administraci\u00f3n. <\/li><li>Verificar      la actualizaci\u00f3n de la documentaci\u00f3n t\u00e9cnica, partes, informes diarios,      mapas, itinerarios. <\/li><li>Analizar      la informaci\u00f3n estad\u00edstica que se emite a los diferentes niveles,      informando y alertando a las autoridades del \u00e1rea de salud sobre la      situaci\u00f3n entomo-epidemiol\u00f3gica y ambiental existente, as\u00ed como las      acciones realizadas en su \u00e1rea de trabajo.\u00a0 <\/li><li>Impartir      capacitaci\u00f3n a sus operarios y jefes subordinados con una frecuencia      quincenal.<\/li><li>Participar      en la reuni\u00f3n del \u00e1rea de salud seg\u00fan planificaci\u00f3n establecida.<\/li><li>Participar      en los puestos de direcci\u00f3n cuando se establezcan. <\/li><li>Evaluar      el cumplimiento de las acciones establecidas para cada uno de sus      subordinados, as\u00ed como la capacitaci\u00f3n t\u00e9cnica con una frecuencia mensual.   <\/li><li>Participar      en las reuniones de rendici\u00f3n de cuentas de los delegados del poder popular      de su \u00e1rea de salud cuando corresponda.<\/li><li>Participar      en la realizaci\u00f3n de los controles de focos.<\/li><li>Realizar      los pedidos de recursos para acometer las acciones de vigilancia y lucha      Antivectorial.<\/li><\/ol>\n","protected":false},"excerpt":{"rendered":"<p>Posee la m\u00e1xima autoridad y responsabilidad del departamento. Tiene a su cargo dirigir, planificar, organizar y controlar la actividad de Vigilancia y Lucha Antivectorial en el \u00e1rea de salud. Es responsable de la custodia de los recursos asignados. Tareas: Participar en la elaboraci\u00f3n del an\u00e1lisis de la situaci\u00f3n de salud a nivel del \u00e1rea.\u00a0 Controlar &hellip; <\/p>\n<p><a class=\"more-link btn\" href=\"https:\/\/instituciones.gtm.sld.cu\/dmsims\/dpto-vigilancia-y-lucha-anti-vectorial\/\">Seguir leyendo<\/a><\/p>\n","protected":false},"author":17,"featured_media":0,"parent":0,"menu_order":0,"comment_status":"closed","ping_status":"closed","template":"","meta":{"ngg_post_thumbnail":0,"_mc_calendar":[]},"yoast_head":"<!-- This site is optimized with the Yoast SEO plugin v21.8 - https:\/\/yoast.com\/wordpress\/plugins\/seo\/ -->\n<title>Dpto Vigilancia y Lucha Anti vectorial - Policl\u00ednico &quot;Ciro Fr\u00edas Cabrera&quot;<\/title>\n<meta name=\"robots\" content=\"index, follow, max-snippet:-1, max-image-preview:large, max-video-preview:-1\" \/>\n<link rel=\"canonical\" href=\"https:\/\/instituciones.gtm.sld.cu\/dmsims\/dpto-vigilancia-y-lucha-anti-vectorial\/\" \/>\n<meta property=\"og:locale\" content=\"es_ES\" \/>\n<meta property=\"og:type\" content=\"article\" \/>\n<meta property=\"og:title\" content=\"Dpto Vigilancia y Lucha Anti vectorial - Policl\u00ednico &quot;Ciro Fr\u00edas Cabrera&quot;\" \/>\n<meta property=\"og:description\" content=\"Posee la m\u00e1xima autoridad y responsabilidad del departamento. Tiene a su cargo dirigir, planificar, organizar y controlar la actividad de Vigilancia y Lucha Antivectorial en el \u00e1rea de salud. Es responsable de la custodia de los recursos asignados. Tareas: Participar en la elaboraci\u00f3n del an\u00e1lisis de la situaci\u00f3n de salud a nivel del \u00e1rea.\u00a0 Controlar &hellip; Seguir leyendo\" \/>\n<meta property=\"og:url\" content=\"https:\/\/instituciones.gtm.sld.cu\/dmsims\/dpto-vigilancia-y-lucha-anti-vectorial\/\" \/>\n<meta property=\"og:site_name\" content=\"Policl\u00ednico &quot;Ciro Fr\u00edas Cabrera&quot;\" \/>\n<meta property=\"article:modified_time\" content=\"2019-05-03T17:32:47+00:00\" \/>\n<meta name=\"twitter:card\" content=\"summary_large_image\" \/>\n<meta name=\"twitter:label1\" content=\"Tiempo de lectura\" \/>\n\t<meta name=\"twitter:data1\" content=\"2 minutos\" \/>\n<script type=\"application\/ld+json\" class=\"yoast-schema-graph\">{\"@context\":\"https:\/\/schema.org\",\"@graph\":[{\"@type\":\"WebPage\",\"@id\":\"https:\/\/instituciones.gtm.sld.cu\/dmsims\/dpto-vigilancia-y-lucha-anti-vectorial\/\",\"url\":\"https:\/\/instituciones.gtm.sld.cu\/dmsims\/dpto-vigilancia-y-lucha-anti-vectorial\/\",\"name\":\"Dpto Vigilancia y Lucha Anti vectorial - Policl\u00ednico &quot;Ciro Fr\u00edas Cabrera&quot;\",\"isPartOf\":{\"@id\":\"https:\/\/instituciones.gtm.sld.cu\/dmsims\/#website\"},\"datePublished\":\"2019-04-08T21:12:53+00:00\",\"dateModified\":\"2019-05-03T17:32:47+00:00\",\"breadcrumb\":{\"@id\":\"https:\/\/instituciones.gtm.sld.cu\/dmsims\/dpto-vigilancia-y-lucha-anti-vectorial\/#breadcrumb\"},\"inLanguage\":\"es\",\"potentialAction\":[{\"@type\":\"ReadAction\",\"target\":[\"https:\/\/instituciones.gtm.sld.cu\/dmsims\/dpto-vigilancia-y-lucha-anti-vectorial\/\"]}]},{\"@type\":\"BreadcrumbList\",\"@id\":\"https:\/\/instituciones.gtm.sld.cu\/dmsims\/dpto-vigilancia-y-lucha-anti-vectorial\/#breadcrumb\",\"itemListElement\":[{\"@type\":\"ListItem\",\"position\":1,\"name\":\"Portada\",\"item\":\"https:\/\/instituciones.gtm.sld.cu\/dmsims\/\"},{\"@type\":\"ListItem\",\"position\":2,\"name\":\"Dpto Vigilancia y Lucha Anti vectorial\"}]},{\"@type\":\"WebSite\",\"@id\":\"https:\/\/instituciones.gtm.sld.cu\/dmsims\/#website\",\"url\":\"https:\/\/instituciones.gtm.sld.cu\/dmsims\/\",\"name\":\"Policl\u00ednico &quot;Ciro Fr\u00edas Cabrera&quot;\",\"description\":\"Policl\u00ednico &quot;Ciro Fr\u00edas Cabrera&quot;\",\"potentialAction\":[{\"@type\":\"SearchAction\",\"target\":{\"@type\":\"EntryPoint\",\"urlTemplate\":\"https:\/\/instituciones.gtm.sld.cu\/dmsims\/?s={search_term_string}\"},\"query-input\":\"required name=search_term_string\"}],\"inLanguage\":\"es\"}]}<\/script>\n<!-- \/ Yoast SEO plugin. -->","yoast_head_json":{"title":"Dpto Vigilancia y Lucha Anti vectorial - Policl\u00ednico &quot;Ciro Fr\u00edas Cabrera&quot;","robots":{"index":"index","follow":"follow","max-snippet":"max-snippet:-1","max-image-preview":"max-image-preview:large","max-video-preview":"max-video-preview:-1"},"canonical":"https:\/\/instituciones.gtm.sld.cu\/dmsims\/dpto-vigilancia-y-lucha-anti-vectorial\/","og_locale":"es_ES","og_type":"article","og_title":"Dpto Vigilancia y Lucha Anti vectorial - Policl\u00ednico &quot;Ciro Fr\u00edas Cabrera&quot;","og_description":"Posee la m\u00e1xima autoridad y responsabilidad del departamento. Tiene a su cargo dirigir, planificar, organizar y controlar la actividad de Vigilancia y Lucha Antivectorial en el \u00e1rea de salud. Es responsable de la custodia de los recursos asignados. Tareas: Participar en la elaboraci\u00f3n del an\u00e1lisis de la situaci\u00f3n de salud a nivel del \u00e1rea.\u00a0 Controlar &hellip; Seguir leyendo","og_url":"https:\/\/instituciones.gtm.sld.cu\/dmsims\/dpto-vigilancia-y-lucha-anti-vectorial\/","og_site_name":"Policl\u00ednico &quot;Ciro Fr\u00edas Cabrera&quot;","article_modified_time":"2019-05-03T17:32:47+00:00","twitter_card":"summary_large_image","twitter_misc":{"Tiempo de lectura":"2 minutos"},"schema":{"@context":"https:\/\/schema.org","@graph":[{"@type":"WebPage","@id":"https:\/\/instituciones.gtm.sld.cu\/dmsims\/dpto-vigilancia-y-lucha-anti-vectorial\/","url":"https:\/\/instituciones.gtm.sld.cu\/dmsims\/dpto-vigilancia-y-lucha-anti-vectorial\/","name":"Dpto Vigilancia y Lucha Anti vectorial - Policl\u00ednico &quot;Ciro Fr\u00edas Cabrera&quot;","isPartOf":{"@id":"https:\/\/instituciones.gtm.sld.cu\/dmsims\/#website"},"datePublished":"2019-04-08T21:12:53+00:00","dateModified":"2019-05-03T17:32:47+00:00","breadcrumb":{"@id":"https:\/\/instituciones.gtm.sld.cu\/dmsims\/dpto-vigilancia-y-lucha-anti-vectorial\/#breadcrumb"},"inLanguage":"es","potentialAction":[{"@type":"ReadAction","target":["https:\/\/instituciones.gtm.sld.cu\/dmsims\/dpto-vigilancia-y-lucha-anti-vectorial\/"]}]},{"@type":"BreadcrumbList","@id":"https:\/\/instituciones.gtm.sld.cu\/dmsims\/dpto-vigilancia-y-lucha-anti-vectorial\/#breadcrumb","itemListElement":[{"@type":"ListItem","position":1,"name":"Portada","item":"https:\/\/instituciones.gtm.sld.cu\/dmsims\/"},{"@type":"ListItem","position":2,"name":"Dpto Vigilancia y Lucha Anti vectorial"}]},{"@type":"WebSite","@id":"https:\/\/instituciones.gtm.sld.cu\/dmsims\/#website","url":"https:\/\/instituciones.gtm.sld.cu\/dmsims\/","name":"Policl\u00ednico &quot;Ciro Fr\u00edas Cabrera&quot;","description":"Policl\u00ednico &quot;Ciro Fr\u00edas Cabrera&quot;","potentialAction":[{"@type":"SearchAction","target":{"@type":"EntryPoint","urlTemplate":"https:\/\/instituciones.gtm.sld.cu\/dmsims\/?s={search_term_string}"},"query-input":"required name=search_term_string"}],"inLanguage":"es"}]}},"_links":{"self":[{"href":"https:\/\/instituciones.gtm.sld.cu\/dmsims\/wp-json\/wp\/v2\/pages\/293"}],"collection":[{"href":"https:\/\/instituciones.gtm.sld.cu\/dmsims\/wp-json\/wp\/v2\/pages"}],"about":[{"href":"https:\/\/instituciones.gtm.sld.cu\/dmsims\/wp-json\/wp\/v2\/types\/page"}],"author":[{"embeddable":true,"href":"https:\/\/instituciones.gtm.sld.cu\/dmsims\/wp-json\/wp\/v2\/users\/17"}],"replies":[{"embeddable":true,"href":"https:\/\/instituciones.gtm.sld.cu\/dmsims\/wp-json\/wp\/v2\/comments?post=293"}],"version-history":[{"count":0,"href":"https:\/\/instituciones.gtm.sld.cu\/dmsims\/wp-json\/wp\/v2\/pages\/293\/revisions"}],"wp:attachment":[{"href":"https:\/\/instituciones.gtm.sld.cu\/dmsims\/wp-json\/wp\/v2\/media?parent=293"}],"curies":[{"name":"wp","href":"https:\/\/api.w.org\/{rel}","templated":true}]}}