{"id":297,"date":"2019-04-08T17:13:57","date_gmt":"2019-04-08T21:13:57","guid":{"rendered":"http:\/\/instituciones.gtm.sld.cu\/dmsims\/?page_id=297"},"modified":"2019-05-04T09:26:10","modified_gmt":"2019-05-04T13:26:10","slug":"dpto-salud-ambiental","status":"publish","type":"page","link":"https:\/\/instituciones.gtm.sld.cu\/dmsims\/dpto-salud-ambiental\/","title":{"rendered":"Dpto Salud ambiental"},"content":{"rendered":"\n<p><strong>FUNCIONES DEL JEDE DEPARTAMENTO DE LA ISE<\/strong><\/p>\n\n\n\n<ul><li>Participar en la confecci\u00f3n de los planes y\nprogramas de higiene y epidemiolog\u00eda del \u00e1rea.<\/li><li>Mantener informado al Subdirector de Higiene\nu Epidemiolog\u00eda del cumplimiento de los planes y de las situaciones problematicas\nde salud que se detecten por la inspeci\u00f3n sanitaria(ISE)<\/li><li>Confeccionar el plan anual de la ISE del\n\u00e1rea.<\/li><li>Aprobrar y participar en la confecci\u00f3n de los\nmodelos de organizaci\u00f3n de trabajo de los THE por cada Consejo Popular.<\/li><li>Supervisar y evaluar el trabajo de los\nt\u00e9cnicos e Higiene y Epidemiolog\u00eda(THE) bajo su contol,velando tanto por\ncalidad t\u00e9cnica de los mismo como por el desempe\u00f1o \u00e9tico de la actividad.<\/li><li>Distribuir&nbsp;\nel trabajo de los tecnicos garantizado un contenido que permite alcanzar\nuna productividad adecuada con una calidad \u00f3ptima.<\/li><li>Orientar,asesorar y exigir por la calidad del\ntrabajo de los inspectores sanitarios que dirige.<\/li><li>Controlar&nbsp;\nen el terreno los aspectos t\u00e9cnicos y administrativos del trabajo de sus\nsubordinados.<\/li><li>Mantener cordinaciones e informar a los jefes\nde los Grupo Basicos de trabajo sobre situaciones higi\u00e9nicos epidemiol\u00f3gicos\ndetectas por la ISE, en el territorio responsabilidad de los mismo y que puedan\nmotivar afectaciones a la poblaci\u00f3n.<\/li><li>Asesorar a los grupos b\u00e1sicos de trabajo, asi\ncomo a los m\u00e9dicos de familia de los consultorios en los aspectos de higiene y\nepidemiolog\u00eda que les competen.<\/li><li>Ejecutar inspecciones a los centros de mayor\ncomplejidad del \u00e1rea y aquellos que por su condiciones asi lo precisen, con la\nparticipaci\u00f3n de los m\u00e9dicos de familia en los casos en que este ubicado en\neste personal.<\/li><li>Indicar los procedimientos del laboratorio\nsanitario necesarios a aplicar ante problemas que lo requieran,interpretar sus\nresultados y utilizarlo para una correcta forma de desiciones.<\/li><li>Participar en las actividades docentes y de\nperfecionamiento que se programen en el \u00e1rea de salud.<\/li><li>Participar en la ejecuci\u00f3n de investigaciones\nsobre los problemas higi\u00e9nico-epidemil\u00f3gicos que se presentan en su\ncomunidad,de inter\u00e9s para el Sistema Nacional de Salud.<\/li><li>Realizar y controlar actividades educativas\ncon el objetivo de coadyuvar en el cambio favorable del estilo de vida de la\npoblaci\u00f3n.<\/li><li>Cualquier otra actividad que le sea asignada\npor el nivel superior.<\/li><\/ul>\n","protected":false},"excerpt":{"rendered":"<p>FUNCIONES DEL JEDE DEPARTAMENTO DE LA ISE Participar en la confecci\u00f3n de los planes y programas de higiene y epidemiolog\u00eda del \u00e1rea. Mantener informado al Subdirector de Higiene u Epidemiolog\u00eda del cumplimiento de los planes y de las situaciones problematicas de salud que se detecten por la inspeci\u00f3n sanitaria(ISE) Confeccionar el plan anual de la &hellip; <\/p>\n<p><a class=\"more-link btn\" href=\"https:\/\/instituciones.gtm.sld.cu\/dmsims\/dpto-salud-ambiental\/\">Seguir leyendo<\/a><\/p>\n","protected":false},"author":17,"featured_media":0,"parent":0,"menu_order":0,"comment_status":"closed","ping_status":"closed","template":"","meta":{"ngg_post_thumbnail":0,"_mc_calendar":[]},"yoast_head":"<!-- This site is optimized with the Yoast SEO plugin v21.8 - https:\/\/yoast.com\/wordpress\/plugins\/seo\/ -->\n<title>Dpto Salud ambiental - Policl\u00ednico &quot;Ciro Fr\u00edas Cabrera&quot;<\/title>\n<meta name=\"robots\" content=\"index, follow, max-snippet:-1, max-image-preview:large, max-video-preview:-1\" \/>\n<link rel=\"canonical\" href=\"https:\/\/instituciones.gtm.sld.cu\/dmsims\/dpto-salud-ambiental\/\" \/>\n<meta property=\"og:locale\" content=\"es_ES\" \/>\n<meta property=\"og:type\" content=\"article\" \/>\n<meta property=\"og:title\" content=\"Dpto Salud ambiental - Policl\u00ednico &quot;Ciro Fr\u00edas Cabrera&quot;\" \/>\n<meta property=\"og:description\" content=\"FUNCIONES DEL JEDE DEPARTAMENTO DE LA ISE Participar en la confecci\u00f3n de los planes y programas de higiene y epidemiolog\u00eda del \u00e1rea. Mantener informado al Subdirector de Higiene u Epidemiolog\u00eda del cumplimiento de los planes y de las situaciones problematicas de salud que se detecten por la inspeci\u00f3n sanitaria(ISE) Confeccionar el plan anual de la &hellip; Seguir leyendo\" \/>\n<meta property=\"og:url\" content=\"https:\/\/instituciones.gtm.sld.cu\/dmsims\/dpto-salud-ambiental\/\" \/>\n<meta property=\"og:site_name\" content=\"Policl\u00ednico &quot;Ciro Fr\u00edas Cabrera&quot;\" \/>\n<meta property=\"article:modified_time\" content=\"2019-05-04T13:26:10+00:00\" \/>\n<meta name=\"twitter:card\" content=\"summary_large_image\" \/>\n<meta name=\"twitter:label1\" content=\"Tiempo de lectura\" \/>\n\t<meta name=\"twitter:data1\" content=\"2 minutos\" \/>\n<script type=\"application\/ld+json\" class=\"yoast-schema-graph\">{\"@context\":\"https:\/\/schema.org\",\"@graph\":[{\"@type\":\"WebPage\",\"@id\":\"https:\/\/instituciones.gtm.sld.cu\/dmsims\/dpto-salud-ambiental\/\",\"url\":\"https:\/\/instituciones.gtm.sld.cu\/dmsims\/dpto-salud-ambiental\/\",\"name\":\"Dpto Salud ambiental - Policl\u00ednico &quot;Ciro Fr\u00edas Cabrera&quot;\",\"isPartOf\":{\"@id\":\"https:\/\/instituciones.gtm.sld.cu\/dmsims\/#website\"},\"datePublished\":\"2019-04-08T21:13:57+00:00\",\"dateModified\":\"2019-05-04T13:26:10+00:00\",\"breadcrumb\":{\"@id\":\"https:\/\/instituciones.gtm.sld.cu\/dmsims\/dpto-salud-ambiental\/#breadcrumb\"},\"inLanguage\":\"es\",\"potentialAction\":[{\"@type\":\"ReadAction\",\"target\":[\"https:\/\/instituciones.gtm.sld.cu\/dmsims\/dpto-salud-ambiental\/\"]}]},{\"@type\":\"BreadcrumbList\",\"@id\":\"https:\/\/instituciones.gtm.sld.cu\/dmsims\/dpto-salud-ambiental\/#breadcrumb\",\"itemListElement\":[{\"@type\":\"ListItem\",\"position\":1,\"name\":\"Portada\",\"item\":\"https:\/\/instituciones.gtm.sld.cu\/dmsims\/\"},{\"@type\":\"ListItem\",\"position\":2,\"name\":\"Dpto Salud ambiental\"}]},{\"@type\":\"WebSite\",\"@id\":\"https:\/\/instituciones.gtm.sld.cu\/dmsims\/#website\",\"url\":\"https:\/\/instituciones.gtm.sld.cu\/dmsims\/\",\"name\":\"Policl\u00ednico &quot;Ciro Fr\u00edas Cabrera&quot;\",\"description\":\"Policl\u00ednico &quot;Ciro Fr\u00edas Cabrera&quot;\",\"potentialAction\":[{\"@type\":\"SearchAction\",\"target\":{\"@type\":\"EntryPoint\",\"urlTemplate\":\"https:\/\/instituciones.gtm.sld.cu\/dmsims\/?s={search_term_string}\"},\"query-input\":\"required name=search_term_string\"}],\"inLanguage\":\"es\"}]}<\/script>\n<!-- \/ Yoast SEO plugin. -->","yoast_head_json":{"title":"Dpto Salud ambiental - Policl\u00ednico &quot;Ciro Fr\u00edas Cabrera&quot;","robots":{"index":"index","follow":"follow","max-snippet":"max-snippet:-1","max-image-preview":"max-image-preview:large","max-video-preview":"max-video-preview:-1"},"canonical":"https:\/\/instituciones.gtm.sld.cu\/dmsims\/dpto-salud-ambiental\/","og_locale":"es_ES","og_type":"article","og_title":"Dpto Salud ambiental - Policl\u00ednico &quot;Ciro Fr\u00edas Cabrera&quot;","og_description":"FUNCIONES DEL JEDE DEPARTAMENTO DE LA ISE Participar en la confecci\u00f3n de los planes y programas de higiene y epidemiolog\u00eda del \u00e1rea. Mantener informado al Subdirector de Higiene u Epidemiolog\u00eda del cumplimiento de los planes y de las situaciones problematicas de salud que se detecten por la inspeci\u00f3n sanitaria(ISE) Confeccionar el plan anual de la &hellip; Seguir leyendo","og_url":"https:\/\/instituciones.gtm.sld.cu\/dmsims\/dpto-salud-ambiental\/","og_site_name":"Policl\u00ednico &quot;Ciro Fr\u00edas Cabrera&quot;","article_modified_time":"2019-05-04T13:26:10+00:00","twitter_card":"summary_large_image","twitter_misc":{"Tiempo de lectura":"2 minutos"},"schema":{"@context":"https:\/\/schema.org","@graph":[{"@type":"WebPage","@id":"https:\/\/instituciones.gtm.sld.cu\/dmsims\/dpto-salud-ambiental\/","url":"https:\/\/instituciones.gtm.sld.cu\/dmsims\/dpto-salud-ambiental\/","name":"Dpto Salud ambiental - Policl\u00ednico &quot;Ciro Fr\u00edas Cabrera&quot;","isPartOf":{"@id":"https:\/\/instituciones.gtm.sld.cu\/dmsims\/#website"},"datePublished":"2019-04-08T21:13:57+00:00","dateModified":"2019-05-04T13:26:10+00:00","breadcrumb":{"@id":"https:\/\/instituciones.gtm.sld.cu\/dmsims\/dpto-salud-ambiental\/#breadcrumb"},"inLanguage":"es","potentialAction":[{"@type":"ReadAction","target":["https:\/\/instituciones.gtm.sld.cu\/dmsims\/dpto-salud-ambiental\/"]}]},{"@type":"BreadcrumbList","@id":"https:\/\/instituciones.gtm.sld.cu\/dmsims\/dpto-salud-ambiental\/#breadcrumb","itemListElement":[{"@type":"ListItem","position":1,"name":"Portada","item":"https:\/\/instituciones.gtm.sld.cu\/dmsims\/"},{"@type":"ListItem","position":2,"name":"Dpto Salud ambiental"}]},{"@type":"WebSite","@id":"https:\/\/instituciones.gtm.sld.cu\/dmsims\/#website","url":"https:\/\/instituciones.gtm.sld.cu\/dmsims\/","name":"Policl\u00ednico &quot;Ciro Fr\u00edas Cabrera&quot;","description":"Policl\u00ednico &quot;Ciro Fr\u00edas Cabrera&quot;","potentialAction":[{"@type":"SearchAction","target":{"@type":"EntryPoint","urlTemplate":"https:\/\/instituciones.gtm.sld.cu\/dmsims\/?s={search_term_string}"},"query-input":"required name=search_term_string"}],"inLanguage":"es"}]}},"_links":{"self":[{"href":"https:\/\/instituciones.gtm.sld.cu\/dmsims\/wp-json\/wp\/v2\/pages\/297"}],"collection":[{"href":"https:\/\/instituciones.gtm.sld.cu\/dmsims\/wp-json\/wp\/v2\/pages"}],"about":[{"href":"https:\/\/instituciones.gtm.sld.cu\/dmsims\/wp-json\/wp\/v2\/types\/page"}],"author":[{"embeddable":true,"href":"https:\/\/instituciones.gtm.sld.cu\/dmsims\/wp-json\/wp\/v2\/users\/17"}],"replies":[{"embeddable":true,"href":"https:\/\/instituciones.gtm.sld.cu\/dmsims\/wp-json\/wp\/v2\/comments?post=297"}],"version-history":[{"count":0,"href":"https:\/\/instituciones.gtm.sld.cu\/dmsims\/wp-json\/wp\/v2\/pages\/297\/revisions"}],"wp:attachment":[{"href":"https:\/\/instituciones.gtm.sld.cu\/dmsims\/wp-json\/wp\/v2\/media?parent=297"}],"curies":[{"name":"wp","href":"https:\/\/api.w.org\/{rel}","templated":true}]}}