{"id":396,"date":"2019-04-24T14:13:49","date_gmt":"2019-04-24T18:13:49","guid":{"rendered":"http:\/\/instituciones.gtm.sld.cu\/dmsims\/?page_id=396"},"modified":"2019-04-26T15:28:26","modified_gmt":"2019-04-26T19:28:26","slug":"ciro-frias-cabrera","status":"publish","type":"page","link":"https:\/\/instituciones.gtm.sld.cu\/dmsims\/ciro-frias-cabrera\/","title":{"rendered":"Ciro Fr\u00edas Cabrera"},"content":{"rendered":"\n<p>Naci\u00f3 el <a href=\"https:\/\/www.ecured.cu\/10_de_diciembre\">10 de diciembre<\/a> de <a href=\"https:\/\/www.ecured.cu\/1928\">1928<\/a> en la finca Buey Gallego, <a href=\"https:\/\/www.ecured.cu\/Bayamo\">Bayamo<\/a>, antigua provincia <a href=\"https:\/\/www.ecured.cu\/Oriente\">Oriente<\/a>. En la <a href=\"https:\/\/www.ecured.cu\/Sierra_Maestra\">Sierra Maestra<\/a>. En 1956 pose\u00eda una finca y una\nbodega, en el lugar conocido como El Aj\u00ed de Juana. <\/p>\n\n\n\n<p><strong>Trayectoria revolucionaria<\/strong><\/p>\n\n\n\n<p>Luego de producirse el ataque al puesto militar de La\nPlata por la guerrilla comandada por Fidel Castro, Ciro y su hermano Antonio\nhicieron contacto con los revolucionarios y decidieron ayudarlos. Sirvi\u00f3 de\nenlace de la guerrilla y condujo el segundo grupo de hombres que, procedentes\nde Manzanillo, se uni\u00f3 al <a href=\"https:\/\/www.ecured.cu\/Ej%C3%A9rcito_Rebelde\">Ej\u00e9rcito Rebelde<\/a>. A fines de enero de 1957, producto\nde una delaci\u00f3n, su hermano Antonio y el joven arriero Eliecer Tamayo fueron\nasesinados por las tropas del comandante <a href=\"https:\/\/www.ecured.cu\/Joaqu%C3%ADn_Casillas_Lumpuy\">Joaqu\u00edn\nCasillas Lumpuy<\/a>. La mujer\nde Ciro, Secundina Reyes y Sony Florentino Fr\u00edas, un primo hermano que\ntrabajaba como dependiente en la bodega de El Aj\u00ed, fueron detenidos. Los\nsoldados saquearon y luego quemaron el negocio de Ciro. Ante esta situaci\u00f3n\ndecidi\u00f3 incorporarse definitivamente a la guerrilla<a href=\"https:\/\/www.ecured.cu\/Ciro_Fr%C3%ADas_Cabrera#cite_note-1\"><sup>[1]<\/sup><\/a>. <\/p>\n\n\n\n<p>El <a href=\"https:\/\/www.ecured.cu\/9_de_febrero\">9\nde febrero<\/a> particip\u00f3\nen el <a href=\"https:\/\/www.ecured.cu\/Combate_de_Altos_de_Espinosa\">combate de Altos de Espinosa<\/a>, en el cual la guerrilla fue casi\ncercada por el ej\u00e9rcito, guiado por el traidor <a href=\"https:\/\/www.ecured.cu\/index.php?title=Eutimio_Guerra&amp;action=edit&amp;redlink=1\">Eutimio Guerra<\/a>, quien despu\u00e9s fue capturado por\nuna patrulla al mando de <a href=\"https:\/\/www.ecured.cu\/Juan_Almeida\">Juan\nAlmeida<\/a> y reducido\npor el propio Ciro<a href=\"https:\/\/www.ecured.cu\/Ciro_Fr%C3%ADas_Cabrera#cite_note-2\"><sup>[2]<\/sup><\/a>. <\/p>\n\n\n\n<p>A mediados de marzo de 1957 la peque\u00f1a tropa rebelde\nrecibi\u00f3 el <a href=\"https:\/\/www.ecured.cu\/Primer_refuerzo_del_Ej%C3%A9rcito_Rebelde\">primer gran refuerzo<\/a> en hombres y armas enviado desde el\nllano por el jefe de Acci\u00f3n y Sabotaje del <a href=\"https:\/\/www.ecured.cu\/Movimiento_26_de_Julio\">Movimiento\n26 de Julio<\/a>, <a href=\"https:\/\/www.ecured.cu\/Frank_Pa%C3%ADs_Garc%C3%ADa\">Frank\nPa\u00eds Garc\u00eda<\/a>.\nConformaban el mismo unos cincuenta hombres bajo el mando del capit\u00e1n <a href=\"https:\/\/www.ecured.cu\/Jorge_Sot%C3%BAs\">Jorge Sot\u00fas<\/a>. Con esta tropa se reestructur\u00f3 la <a href=\"https:\/\/www.ecured.cu\/Columna_1_Jos%C3%A9_Mart%C3%AD\">Columna\n1 Jos\u00e9 Mart\u00ed<\/a> y se\nformaron tres pelotones. Ciro Fr\u00edas, con grado de teniente, recibi\u00f3 el mando de\nuna de las escuadras del pelot\u00f3n del capit\u00e1n Jorge Sot\u00fas<a href=\"https:\/\/www.ecured.cu\/Ciro_Fr%C3%ADas_Cabrera#cite_note-3\"><sup>[3]<\/sup><\/a>. <\/p>\n\n\n\n<p>El <a href=\"https:\/\/www.ecured.cu\/28_de_mayo\">28\nde mayo<\/a> tuvo una\ndestacada participaci\u00f3n en el <a href=\"https:\/\/www.ecured.cu\/Combate_de_El_Uvero\">Combate de El Uvero<\/a>. El <a href=\"https:\/\/www.ecured.cu\/26_de_julio\">26 de julio<\/a> de 1957 combati\u00f3 bajo las \u00f3rdenes\nde <a href=\"https:\/\/www.ecured.cu\/Guillermo_Garc%C3%ADa\">Guillermo\nGarc\u00eda<\/a> en el <a href=\"https:\/\/www.ecured.cu\/Central_Estrada_Palma\">central Estrada Palma<\/a> y el <a href=\"https:\/\/www.ecured.cu\/20_de_agosto\">20 de agosto<\/a> se convirti\u00f3 en el h\u00e9roe\nindiscutible del <a href=\"https:\/\/www.ecured.cu\/Combate_de_Palma_Mocha\">combate\nde Palma Mocha<\/a>; al avanzar\nbajo las balas y recoger las armas de varios compa\u00f1eros ca\u00eddos. <\/p>\n\n\n\n<p>De all\u00ed parti\u00f3 con <a href=\"https:\/\/www.ecured.cu\/Efigenio_Ameijeiras\">Efigenio Ameijeiras<\/a> para la emboscada del Turquino,\ndonde no llegaron a combatir, pero libraron una batalla de cinco d\u00edas contra el\nhambre y la sed, sin abandonar sus posiciones. <\/p>\n\n\n\n<p>El 8 de noviembre capitane\u00f3 el <a href=\"https:\/\/www.ecured.cu\/index.php?title=Combate_de_Mare%C3%B3n&amp;action=edit&amp;redlink=1\">combate de Mare\u00f3n<\/a>, provocando numerosas bajas al\nenemigo. Doce d\u00edas m\u00e1s tarde dirigi\u00f3, tambi\u00e9n con \u00e9xito, el de <a href=\"https:\/\/www.ecured.cu\/index.php?title=Combate_de_Mota&amp;action=edit&amp;redlink=1\">Mota<\/a>, ya con el grado de teniente. Bajo el mando de Ra\u00fal\nparticip\u00f3 con su escuadra en otras dos acciones m\u00e1s: el <a href=\"https:\/\/www.ecured.cu\/index.php?title=24_de_diciembre_de_1957&amp;action=edit&amp;redlink=1\">24 de diciembre de 1957<\/a>, en Chapala, y el <a href=\"https:\/\/www.ecured.cu\/16_de_febrero\">16 de febrero<\/a> de <a href=\"https:\/\/www.ecured.cu\/1958\">1958<\/a>, en la emboscada al refuerzo del ej\u00e9rcito en Pino del\nAgua. El primero de marzo, cuando el Comandante Ra\u00fal Castro march\u00f3 para abrir\nel <a href=\"https:\/\/www.ecured.cu\/Segundo_Frente_Oriental_Frank_Pa%C3%ADs\">Segundo Frente Oriental<\/a>, Ciro estuvo entre los hombres\nescogidos para acompa\u00f1arle. Fue ascendido a capit\u00e1n y al mando del pelot\u00f3n No 3\nde la <a href=\"https:\/\/www.ecured.cu\/index.php?title=Columna_No_6_Frank_Pa%C3%ADs&amp;action=edit&amp;redlink=1\">Columna No 6 Frank Pa\u00eds<\/a> cruz\u00f3 de la Sierra Maestra hasta\nlas monta\u00f1as situadas al norte de Oriente. <\/p>\n\n\n\n<p><strong>Muerte<\/strong><\/p>\n\n\n\n<p>El <a href=\"https:\/\/www.ecured.cu\/7_de_abril\">7\nde abril<\/a> de <a href=\"https:\/\/www.ecured.cu\/1958\">1958<\/a>, ya en el nuevo frente guerrillero, se le asign\u00f3 el\nmando de la Compa\u00f1\u00eda E, en los momentos en que se preparaba el asalto a varios\ncuarteles en apoyo a la <a href=\"https:\/\/www.ecured.cu\/index.php?title=Huelga_del_9_abril_de_1958&amp;action=edit&amp;redlink=1\">huelga del 9 de abril<\/a>, correspondi\u00e9ndole el de <a href=\"https:\/\/www.ecured.cu\/Im%C3%ADas\">Im\u00edas<\/a>, en la costa sur. <\/p>\n\n\n\n<p>En la madrugada del <a href=\"https:\/\/www.ecured.cu\/9_de_abril\">9 de abril<\/a> de <a href=\"https:\/\/www.ecured.cu\/1958\">1958<\/a>, Ciro ya estaba combatiendo. Sus fuerzas se dividieron en tres grupos, y el suyo atac\u00f3 por el frente. Luego de varias horas de intenso tiroteo orden\u00f3 quemar una casa existente al costado del cuartel. Trat\u00f3 de forzar la resistencia y avanz\u00f3 disparando e intimando a los soldados a la rendici\u00f3n desde muy cerca de sus posiciones. Estos respondieron el fuego y recibi\u00f3 un disparo en el pecho que le caus\u00f3 la muerte inmediatamente. <\/p>\n","protected":false},"excerpt":{"rendered":"<p>Naci\u00f3 el 10 de diciembre de 1928 en la finca Buey Gallego, Bayamo, antigua provincia Oriente. En la Sierra Maestra. En 1956 pose\u00eda una finca y una bodega, en el lugar conocido como El Aj\u00ed de Juana. Trayectoria revolucionaria Luego de producirse el ataque al puesto militar de La Plata por la guerrilla comandada por &hellip; <\/p>\n<p><a class=\"more-link btn\" href=\"https:\/\/instituciones.gtm.sld.cu\/dmsims\/ciro-frias-cabrera\/\">Seguir leyendo<\/a><\/p>\n","protected":false},"author":17,"featured_media":0,"parent":0,"menu_order":0,"comment_status":"closed","ping_status":"closed","template":"","meta":{"ngg_post_thumbnail":0,"_mc_calendar":[]},"yoast_head":"<!-- This site is optimized with the Yoast SEO plugin v21.8 - https:\/\/yoast.com\/wordpress\/plugins\/seo\/ -->\n<title>Ciro Fr\u00edas Cabrera - Policl\u00ednico &quot;Ciro Fr\u00edas Cabrera&quot;<\/title>\n<meta name=\"robots\" content=\"index, follow, max-snippet:-1, max-image-preview:large, max-video-preview:-1\" \/>\n<link rel=\"canonical\" href=\"https:\/\/instituciones.gtm.sld.cu\/dmsims\/ciro-frias-cabrera\/\" \/>\n<meta property=\"og:locale\" content=\"es_ES\" \/>\n<meta property=\"og:type\" content=\"article\" \/>\n<meta property=\"og:title\" content=\"Ciro Fr\u00edas Cabrera - Policl\u00ednico &quot;Ciro Fr\u00edas Cabrera&quot;\" \/>\n<meta property=\"og:description\" content=\"Naci\u00f3 el 10 de diciembre de 1928 en la finca Buey Gallego, Bayamo, antigua provincia Oriente. En la Sierra Maestra. En 1956 pose\u00eda una finca y una bodega, en el lugar conocido como El Aj\u00ed de Juana. Trayectoria revolucionaria Luego de producirse el ataque al puesto militar de La Plata por la guerrilla comandada por &hellip; Seguir leyendo\" \/>\n<meta property=\"og:url\" content=\"https:\/\/instituciones.gtm.sld.cu\/dmsims\/ciro-frias-cabrera\/\" \/>\n<meta property=\"og:site_name\" content=\"Policl\u00ednico &quot;Ciro Fr\u00edas Cabrera&quot;\" \/>\n<meta property=\"article:modified_time\" content=\"2019-04-26T19:28:26+00:00\" \/>\n<meta name=\"twitter:card\" content=\"summary_large_image\" \/>\n<meta name=\"twitter:label1\" content=\"Tiempo de lectura\" \/>\n\t<meta name=\"twitter:data1\" content=\"3 minutos\" \/>\n<script type=\"application\/ld+json\" class=\"yoast-schema-graph\">{\"@context\":\"https:\/\/schema.org\",\"@graph\":[{\"@type\":\"WebPage\",\"@id\":\"https:\/\/instituciones.gtm.sld.cu\/dmsims\/ciro-frias-cabrera\/\",\"url\":\"https:\/\/instituciones.gtm.sld.cu\/dmsims\/ciro-frias-cabrera\/\",\"name\":\"Ciro Fr\u00edas Cabrera - Policl\u00ednico &quot;Ciro Fr\u00edas Cabrera&quot;\",\"isPartOf\":{\"@id\":\"https:\/\/instituciones.gtm.sld.cu\/dmsims\/#website\"},\"datePublished\":\"2019-04-24T18:13:49+00:00\",\"dateModified\":\"2019-04-26T19:28:26+00:00\",\"breadcrumb\":{\"@id\":\"https:\/\/instituciones.gtm.sld.cu\/dmsims\/ciro-frias-cabrera\/#breadcrumb\"},\"inLanguage\":\"es\",\"potentialAction\":[{\"@type\":\"ReadAction\",\"target\":[\"https:\/\/instituciones.gtm.sld.cu\/dmsims\/ciro-frias-cabrera\/\"]}]},{\"@type\":\"BreadcrumbList\",\"@id\":\"https:\/\/instituciones.gtm.sld.cu\/dmsims\/ciro-frias-cabrera\/#breadcrumb\",\"itemListElement\":[{\"@type\":\"ListItem\",\"position\":1,\"name\":\"Portada\",\"item\":\"https:\/\/instituciones.gtm.sld.cu\/dmsims\/\"},{\"@type\":\"ListItem\",\"position\":2,\"name\":\"Ciro Fr\u00edas Cabrera\"}]},{\"@type\":\"WebSite\",\"@id\":\"https:\/\/instituciones.gtm.sld.cu\/dmsims\/#website\",\"url\":\"https:\/\/instituciones.gtm.sld.cu\/dmsims\/\",\"name\":\"Policl\u00ednico &quot;Ciro Fr\u00edas Cabrera&quot;\",\"description\":\"Policl\u00ednico &quot;Ciro Fr\u00edas Cabrera&quot;\",\"potentialAction\":[{\"@type\":\"SearchAction\",\"target\":{\"@type\":\"EntryPoint\",\"urlTemplate\":\"https:\/\/instituciones.gtm.sld.cu\/dmsims\/?s={search_term_string}\"},\"query-input\":\"required name=search_term_string\"}],\"inLanguage\":\"es\"}]}<\/script>\n<!-- \/ Yoast SEO plugin. -->","yoast_head_json":{"title":"Ciro Fr\u00edas Cabrera - Policl\u00ednico &quot;Ciro Fr\u00edas Cabrera&quot;","robots":{"index":"index","follow":"follow","max-snippet":"max-snippet:-1","max-image-preview":"max-image-preview:large","max-video-preview":"max-video-preview:-1"},"canonical":"https:\/\/instituciones.gtm.sld.cu\/dmsims\/ciro-frias-cabrera\/","og_locale":"es_ES","og_type":"article","og_title":"Ciro Fr\u00edas Cabrera - Policl\u00ednico &quot;Ciro Fr\u00edas Cabrera&quot;","og_description":"Naci\u00f3 el 10 de diciembre de 1928 en la finca Buey Gallego, Bayamo, antigua provincia Oriente. En la Sierra Maestra. En 1956 pose\u00eda una finca y una bodega, en el lugar conocido como El Aj\u00ed de Juana. Trayectoria revolucionaria Luego de producirse el ataque al puesto militar de La Plata por la guerrilla comandada por &hellip; Seguir leyendo","og_url":"https:\/\/instituciones.gtm.sld.cu\/dmsims\/ciro-frias-cabrera\/","og_site_name":"Policl\u00ednico &quot;Ciro Fr\u00edas Cabrera&quot;","article_modified_time":"2019-04-26T19:28:26+00:00","twitter_card":"summary_large_image","twitter_misc":{"Tiempo de lectura":"3 minutos"},"schema":{"@context":"https:\/\/schema.org","@graph":[{"@type":"WebPage","@id":"https:\/\/instituciones.gtm.sld.cu\/dmsims\/ciro-frias-cabrera\/","url":"https:\/\/instituciones.gtm.sld.cu\/dmsims\/ciro-frias-cabrera\/","name":"Ciro Fr\u00edas Cabrera - Policl\u00ednico &quot;Ciro Fr\u00edas Cabrera&quot;","isPartOf":{"@id":"https:\/\/instituciones.gtm.sld.cu\/dmsims\/#website"},"datePublished":"2019-04-24T18:13:49+00:00","dateModified":"2019-04-26T19:28:26+00:00","breadcrumb":{"@id":"https:\/\/instituciones.gtm.sld.cu\/dmsims\/ciro-frias-cabrera\/#breadcrumb"},"inLanguage":"es","potentialAction":[{"@type":"ReadAction","target":["https:\/\/instituciones.gtm.sld.cu\/dmsims\/ciro-frias-cabrera\/"]}]},{"@type":"BreadcrumbList","@id":"https:\/\/instituciones.gtm.sld.cu\/dmsims\/ciro-frias-cabrera\/#breadcrumb","itemListElement":[{"@type":"ListItem","position":1,"name":"Portada","item":"https:\/\/instituciones.gtm.sld.cu\/dmsims\/"},{"@type":"ListItem","position":2,"name":"Ciro Fr\u00edas Cabrera"}]},{"@type":"WebSite","@id":"https:\/\/instituciones.gtm.sld.cu\/dmsims\/#website","url":"https:\/\/instituciones.gtm.sld.cu\/dmsims\/","name":"Policl\u00ednico &quot;Ciro Fr\u00edas Cabrera&quot;","description":"Policl\u00ednico &quot;Ciro Fr\u00edas Cabrera&quot;","potentialAction":[{"@type":"SearchAction","target":{"@type":"EntryPoint","urlTemplate":"https:\/\/instituciones.gtm.sld.cu\/dmsims\/?s={search_term_string}"},"query-input":"required name=search_term_string"}],"inLanguage":"es"}]}},"_links":{"self":[{"href":"https:\/\/instituciones.gtm.sld.cu\/dmsims\/wp-json\/wp\/v2\/pages\/396"}],"collection":[{"href":"https:\/\/instituciones.gtm.sld.cu\/dmsims\/wp-json\/wp\/v2\/pages"}],"about":[{"href":"https:\/\/instituciones.gtm.sld.cu\/dmsims\/wp-json\/wp\/v2\/types\/page"}],"author":[{"embeddable":true,"href":"https:\/\/instituciones.gtm.sld.cu\/dmsims\/wp-json\/wp\/v2\/users\/17"}],"replies":[{"embeddable":true,"href":"https:\/\/instituciones.gtm.sld.cu\/dmsims\/wp-json\/wp\/v2\/comments?post=396"}],"version-history":[{"count":0,"href":"https:\/\/instituciones.gtm.sld.cu\/dmsims\/wp-json\/wp\/v2\/pages\/396\/revisions"}],"wp:attachment":[{"href":"https:\/\/instituciones.gtm.sld.cu\/dmsims\/wp-json\/wp\/v2\/media?parent=396"}],"curies":[{"name":"wp","href":"https:\/\/api.w.org\/{rel}","templated":true}]}}