{"id":399,"date":"2019-04-24T14:15:37","date_gmt":"2019-04-24T18:15:37","guid":{"rendered":"http:\/\/instituciones.gtm.sld.cu\/dmsims\/?page_id=399"},"modified":"2024-03-22T15:10:52","modified_gmt":"2024-03-22T19:10:52","slug":"servicios-que-prestan","status":"publish","type":"page","link":"https:\/\/instituciones.gtm.sld.cu\/dmsims\/servicios-que-prestan\/","title":{"rendered":"Servicios que brinda:"},"content":{"rendered":"\n<p>Urgencias M\u00e9dica las 24 horas del d\u00eda.<\/p>\n\n\n\n<p>Urgencia Estomatol\u00f3gica las 24 horas de d\u00eda.<\/p>\n\n\n\n<ol>\n<li>Cuerpo de Guardia.<\/li>\n\n\n\n<li>Observaci\u00f3n.<\/li>\n\n\n\n<li>Unidad de cuidados Intensivos.<\/li>\n\n\n\n<li>Electrocardiograma.<\/li>\n\n\n\n<li>Estomatolog\u00eda.<\/li>\n\n\n\n<li>Rayos X.<\/li>\n\n\n\n<li>Ultrasonido.<\/li>\n\n\n\n<li>Laboratorio Cl\u00ednico.<\/li>\n\n\n\n<li>Rehabilitaci\u00f3n.<\/li>\n\n\n\n<li>Consulta\nde Infertilidad.<\/li>\n\n\n\n<li>Consulta\nde Oftalmolog\u00eda.<\/li>\n\n\n\n<li>Consulta\nde Optometr\u00eda.<\/li>\n\n\n\n<li>Servicio\nde Hospitalizaci\u00f3n.<\/li>\n\n\n\n<li>Esterilizaci\u00f3n.<\/li>\n\n\n\n<li>Consultas\nExternas (Proyecci\u00f3n Comunitaria).<\/li>\n\n\n\n<li>Regulaci\u00f3n\nMenstrual.<\/li>\n\n\n\n<li>Planificaci\u00f3n\nFamiliar.<\/li>\n\n\n\n<li>Vacunatorio.<\/li>\n\n\n\n<li>Consultorios\nM\u00e9dicos de la Familia(23 y 4 m\u00e9dicos con 2 locales&nbsp;&nbsp; y 2 enfermeras).<\/li>\n<\/ol>\n\n\n\n<p>Proyecci\u00f3n Comunitaria<\/p>\n\n\n\n<p>En nuestro policl\u00ednico se\nrealiza la consulta de Atenci\u00f3n Especializada con una frecuencia mensual Donde\nasisten las siguientes especialidades:<\/p>\n\n\n\n<ul>\n<li>Angiolog\u00eda<\/li>\n\n\n\n<li>Reumatolog\u00eda<\/li>\n\n\n\n<li>Dermatolog\u00eda<\/li>\n\n\n\n<li>Urolog\u00eda<\/li>\n\n\n\n<li>Cardiolog\u00eda<\/li>\n\n\n\n<li>Endocrinolog\u00eda<\/li>\n\n\n\n<li>Psquiatria\nInfantil<\/li>\n\n\n\n<li>Psiquiatr\u00eda\nAdulto<\/li>\n\n\n\n<li>Ortopedia\nInfantil<\/li>\n\n\n\n<li>Ortopedia\nAdulto<\/li>\n\n\n\n<li>Geriatr\u00eda<\/li>\n\n\n\n<li>Maxilo\nFacial<\/li>\n\n\n\n<li>Ortodoncia<\/li>\n<\/ul>\n\n\n\n<p><\/p>\n\n\n\n<h1 class=\"wp-block-heading\"><br><\/h1>\n","protected":false},"excerpt":{"rendered":"<p>Urgencias M\u00e9dica las 24 horas del d\u00eda. Urgencia Estomatol\u00f3gica las 24 horas de d\u00eda. Proyecci\u00f3n Comunitaria En nuestro policl\u00ednico se realiza la consulta de Atenci\u00f3n Especializada con una frecuencia mensual Donde asisten las siguientes especialidades:<\/p>\n","protected":false},"author":17,"featured_media":0,"parent":0,"menu_order":0,"comment_status":"closed","ping_status":"closed","template":"","meta":{"ngg_post_thumbnail":0,"_mc_calendar":[]},"yoast_head":"<!-- This site is optimized with the Yoast SEO plugin v21.8 - https:\/\/yoast.com\/wordpress\/plugins\/seo\/ -->\n<title>Servicios que brinda: - Policl\u00ednico &quot;Ciro Fr\u00edas Cabrera&quot;<\/title>\n<meta name=\"robots\" content=\"index, follow, max-snippet:-1, max-image-preview:large, max-video-preview:-1\" \/>\n<link rel=\"canonical\" href=\"https:\/\/instituciones.gtm.sld.cu\/dmsims\/servicios-que-prestan\/\" \/>\n<meta property=\"og:locale\" content=\"es_ES\" \/>\n<meta property=\"og:type\" content=\"article\" \/>\n<meta property=\"og:title\" content=\"Servicios que brinda: - Policl\u00ednico &quot;Ciro Fr\u00edas Cabrera&quot;\" \/>\n<meta property=\"og:description\" content=\"Urgencias M\u00e9dica las 24 horas del d\u00eda. Urgencia Estomatol\u00f3gica las 24 horas de d\u00eda. Proyecci\u00f3n Comunitaria En nuestro policl\u00ednico se realiza la consulta de Atenci\u00f3n Especializada con una frecuencia mensual Donde asisten las siguientes especialidades:\" \/>\n<meta property=\"og:url\" content=\"https:\/\/instituciones.gtm.sld.cu\/dmsims\/servicios-que-prestan\/\" \/>\n<meta property=\"og:site_name\" content=\"Policl\u00ednico &quot;Ciro Fr\u00edas Cabrera&quot;\" \/>\n<meta property=\"article:modified_time\" content=\"2024-03-22T19:10:52+00:00\" \/>\n<meta name=\"twitter:card\" content=\"summary_large_image\" \/>\n<meta name=\"twitter:label1\" content=\"Tiempo de lectura\" \/>\n\t<meta name=\"twitter:data1\" content=\"1 minuto\" \/>\n<script type=\"application\/ld+json\" class=\"yoast-schema-graph\">{\"@context\":\"https:\/\/schema.org\",\"@graph\":[{\"@type\":\"WebPage\",\"@id\":\"https:\/\/instituciones.gtm.sld.cu\/dmsims\/servicios-que-prestan\/\",\"url\":\"https:\/\/instituciones.gtm.sld.cu\/dmsims\/servicios-que-prestan\/\",\"name\":\"Servicios que brinda: - Policl\u00ednico &quot;Ciro Fr\u00edas Cabrera&quot;\",\"isPartOf\":{\"@id\":\"https:\/\/instituciones.gtm.sld.cu\/dmsims\/#website\"},\"datePublished\":\"2019-04-24T18:15:37+00:00\",\"dateModified\":\"2024-03-22T19:10:52+00:00\",\"breadcrumb\":{\"@id\":\"https:\/\/instituciones.gtm.sld.cu\/dmsims\/servicios-que-prestan\/#breadcrumb\"},\"inLanguage\":\"es\",\"potentialAction\":[{\"@type\":\"ReadAction\",\"target\":[\"https:\/\/instituciones.gtm.sld.cu\/dmsims\/servicios-que-prestan\/\"]}]},{\"@type\":\"BreadcrumbList\",\"@id\":\"https:\/\/instituciones.gtm.sld.cu\/dmsims\/servicios-que-prestan\/#breadcrumb\",\"itemListElement\":[{\"@type\":\"ListItem\",\"position\":1,\"name\":\"Portada\",\"item\":\"https:\/\/instituciones.gtm.sld.cu\/dmsims\/\"},{\"@type\":\"ListItem\",\"position\":2,\"name\":\"Servicios que brinda:\"}]},{\"@type\":\"WebSite\",\"@id\":\"https:\/\/instituciones.gtm.sld.cu\/dmsims\/#website\",\"url\":\"https:\/\/instituciones.gtm.sld.cu\/dmsims\/\",\"name\":\"Policl\u00ednico &quot;Ciro Fr\u00edas Cabrera&quot;\",\"description\":\"Policl\u00ednico &quot;Ciro Fr\u00edas Cabrera&quot;\",\"potentialAction\":[{\"@type\":\"SearchAction\",\"target\":{\"@type\":\"EntryPoint\",\"urlTemplate\":\"https:\/\/instituciones.gtm.sld.cu\/dmsims\/?s={search_term_string}\"},\"query-input\":\"required name=search_term_string\"}],\"inLanguage\":\"es\"}]}<\/script>\n<!-- \/ Yoast SEO plugin. -->","yoast_head_json":{"title":"Servicios que brinda: - Policl\u00ednico &quot;Ciro Fr\u00edas Cabrera&quot;","robots":{"index":"index","follow":"follow","max-snippet":"max-snippet:-1","max-image-preview":"max-image-preview:large","max-video-preview":"max-video-preview:-1"},"canonical":"https:\/\/instituciones.gtm.sld.cu\/dmsims\/servicios-que-prestan\/","og_locale":"es_ES","og_type":"article","og_title":"Servicios que brinda: - Policl\u00ednico &quot;Ciro Fr\u00edas Cabrera&quot;","og_description":"Urgencias M\u00e9dica las 24 horas del d\u00eda. Urgencia Estomatol\u00f3gica las 24 horas de d\u00eda. Proyecci\u00f3n Comunitaria En nuestro policl\u00ednico se realiza la consulta de Atenci\u00f3n Especializada con una frecuencia mensual Donde asisten las siguientes especialidades:","og_url":"https:\/\/instituciones.gtm.sld.cu\/dmsims\/servicios-que-prestan\/","og_site_name":"Policl\u00ednico &quot;Ciro Fr\u00edas Cabrera&quot;","article_modified_time":"2024-03-22T19:10:52+00:00","twitter_card":"summary_large_image","twitter_misc":{"Tiempo de lectura":"1 minuto"},"schema":{"@context":"https:\/\/schema.org","@graph":[{"@type":"WebPage","@id":"https:\/\/instituciones.gtm.sld.cu\/dmsims\/servicios-que-prestan\/","url":"https:\/\/instituciones.gtm.sld.cu\/dmsims\/servicios-que-prestan\/","name":"Servicios que brinda: - Policl\u00ednico &quot;Ciro Fr\u00edas Cabrera&quot;","isPartOf":{"@id":"https:\/\/instituciones.gtm.sld.cu\/dmsims\/#website"},"datePublished":"2019-04-24T18:15:37+00:00","dateModified":"2024-03-22T19:10:52+00:00","breadcrumb":{"@id":"https:\/\/instituciones.gtm.sld.cu\/dmsims\/servicios-que-prestan\/#breadcrumb"},"inLanguage":"es","potentialAction":[{"@type":"ReadAction","target":["https:\/\/instituciones.gtm.sld.cu\/dmsims\/servicios-que-prestan\/"]}]},{"@type":"BreadcrumbList","@id":"https:\/\/instituciones.gtm.sld.cu\/dmsims\/servicios-que-prestan\/#breadcrumb","itemListElement":[{"@type":"ListItem","position":1,"name":"Portada","item":"https:\/\/instituciones.gtm.sld.cu\/dmsims\/"},{"@type":"ListItem","position":2,"name":"Servicios que brinda:"}]},{"@type":"WebSite","@id":"https:\/\/instituciones.gtm.sld.cu\/dmsims\/#website","url":"https:\/\/instituciones.gtm.sld.cu\/dmsims\/","name":"Policl\u00ednico &quot;Ciro Fr\u00edas Cabrera&quot;","description":"Policl\u00ednico &quot;Ciro Fr\u00edas Cabrera&quot;","potentialAction":[{"@type":"SearchAction","target":{"@type":"EntryPoint","urlTemplate":"https:\/\/instituciones.gtm.sld.cu\/dmsims\/?s={search_term_string}"},"query-input":"required name=search_term_string"}],"inLanguage":"es"}]}},"_links":{"self":[{"href":"https:\/\/instituciones.gtm.sld.cu\/dmsims\/wp-json\/wp\/v2\/pages\/399"}],"collection":[{"href":"https:\/\/instituciones.gtm.sld.cu\/dmsims\/wp-json\/wp\/v2\/pages"}],"about":[{"href":"https:\/\/instituciones.gtm.sld.cu\/dmsims\/wp-json\/wp\/v2\/types\/page"}],"author":[{"embeddable":true,"href":"https:\/\/instituciones.gtm.sld.cu\/dmsims\/wp-json\/wp\/v2\/users\/17"}],"replies":[{"embeddable":true,"href":"https:\/\/instituciones.gtm.sld.cu\/dmsims\/wp-json\/wp\/v2\/comments?post=399"}],"version-history":[{"count":1,"href":"https:\/\/instituciones.gtm.sld.cu\/dmsims\/wp-json\/wp\/v2\/pages\/399\/revisions"}],"predecessor-version":[{"id":2222,"href":"https:\/\/instituciones.gtm.sld.cu\/dmsims\/wp-json\/wp\/v2\/pages\/399\/revisions\/2222"}],"wp:attachment":[{"href":"https:\/\/instituciones.gtm.sld.cu\/dmsims\/wp-json\/wp\/v2\/media?parent=399"}],"curies":[{"name":"wp","href":"https:\/\/api.w.org\/{rel}","templated":true}]}}