{"id":408,"date":"2019-04-25T08:01:56","date_gmt":"2019-04-25T12:01:56","guid":{"rendered":"http:\/\/instituciones.gtm.sld.cu\/dmsims\/?page_id=408"},"modified":"2024-04-18T09:01:39","modified_gmt":"2024-04-18T13:01:39","slug":"quienes-somos","status":"publish","type":"page","link":"https:\/\/instituciones.gtm.sld.cu\/dmsims\/quienes-somos\/","title":{"rendered":"\u00bfQui\u00e9nes S\u00f3mos?"},"content":{"rendered":"\r\n<p>La Direcci\u00f3n General&nbsp; de Im\u00edas,cuenta con el Consejo de Direcci\u00f3n como&nbsp; \u00f3rgano colegiado encargado de examinar y adoptar los acuerdos sobre los asuntos m\u00e1s importantes que afecten el trabajo de la misma, de las entidades subordinadas y de la red de centros asistenciales pertenecientes al Sistema Nacional de Salud, sobre la base de las decisiones de los organismos superiores del Estado y del Gobierno relacionadas con la actividad del organismo, los planes de desarrollo de las actividades a cargo y las cuestiones relativas a la pol\u00edtica de cuadros, priorizando entre dichos asuntos:<\/p>\r\n\r\n\r\n\r\n<ol>\r\n<li>El grado de cumplimiento en el territorio de las normas, reglamentos, procedimientos y principios metodol\u00f3gicos que rigen los servicios de salud e higi\u00e9nico- epidemiol\u00f3gicos, priorizando lo relacionado con la satisfacci\u00f3n de las necesidades de la poblaci\u00f3n, la higiene, el confort y en general el correcto funcionamiento de los servicios.<\/li>\r\n\r\n\r\n\r\n<li>Organizar, dirigir y controlar en el \u00e1mbito provincial y municipal y ejecutar en lo que corresponde, las estrategias y programas priorizados del Ministerio de Salud P\u00fablica, as\u00ed como otras orientaciones metodol\u00f3gicas.<\/li>\r\n\r\n\r\n\r\n<li>Controlar y hacer cumplir por medio de la inspecci\u00f3n sanitaria estatal las disposiciones legales relacionadas con las normas higi\u00e9nico-sanitarias y antiepid\u00e9micas, tomando las decisiones que correspondan atendiendo a la legislaci\u00f3n vigente.<\/li>\r\n\r\n\r\n\r\n<li>Organizar, dirigir, ejecutar y controlar, en lo que compete la actividad de medicamentos, instrumental y equipos m\u00e9dicos y las normas y procedimientos de sustancias estupefacientes.<\/li>\r\n\r\n\r\n\r\n<li>Controlar el grado de cumplimiento de lo legislado entorno a la pr\u00e1ctica m\u00e9dica y al ejercicio de la Medicina.<\/li>\r\n\r\n\r\n\r\n<li>Ejecutar y controlar los planes, programas y procedimientos referidos a la promoci\u00f3n, prevenci\u00f3n, asistencia, recuperaci\u00f3n y rehabilitaci\u00f3n de la salud humana.<\/li>\r\n\r\n\r\n\r\n<li>Ejecutar las actividades necesarias para desarrollar con calidad los planes de formaci\u00f3n, superaci\u00f3n profesional e investigaci\u00f3n del personal m\u00e9dico, estomatol\u00f3gico y otros profesionales y t\u00e9cnicos de la Salud.<\/li>\r\n\r\n\r\n\r\n<li>El grado de cumplimiento en el marco de sus atribuciones y competencia del desarrollo del proceso docente educativo en la formaci\u00f3n y especializaci\u00f3n de m\u00e9dicos y estomat\u00f3logos, formaci\u00f3n de t\u00e9cnicos medios, superaci\u00f3n profesional y otras formas de capacitaci\u00f3n que se desarrollen en la provincia relacionada con la Salud P\u00fablica.<\/li>\r\n\r\n\r\n\r\n<li>El grado de organizaci\u00f3n, as\u00ed como su direcci\u00f3n y control, tanto en la provincia como en los municipios, de las evaluaciones econ\u00f3micas sistem\u00e1ticas de todas las decisiones de salud que se adopten.<\/li>\r\n\r\n\r\n\r\n<li>Dise\u00f1ar, organizar, dirigir y controlar en el nivel municipal los procedimientos y normas de gerencia de hospitales y otros centros de salud.<\/li>\r\n\r\n\r\n\r\n<li>Dise\u00f1ar, organizar, dirigir y controlar en el nivel provincial y municipal los procedimientos y normas que posibiliten la confecci\u00f3n de planes estrat\u00e9gicos confiables, a mediano y largo plazo, a partir de mantener una constante interacci\u00f3n entre las acciones gerenciales de corto plazo y los planes de desarrollo perspectivos.<\/li>\r\n<\/ol>\r\n\r\n\r\n\r\n<figure class=\"wp-block-table\">\r\n<table>\r\n<tbody>\r\n<tr>\r\n<td><strong>Nivel de subordinaci\u00f3n<\/strong><\/td>\r\n<td>Provincial<\/td>\r\n<\/tr>\r\n<tr>\r\n<td><strong>Tipo Instituci\u00f3n<\/strong><\/td>\r\n<td>\u00c1rea de Salud Im\u00edas<\/td>\r\n<\/tr>\r\n<tr>\r\n<td><strong>Direcci\u00f3n Postal<\/strong><\/td>\r\n<td>Calle 2 %A y B #3.Los Pinos CP. 95100<\/td>\r\n<\/tr>\r\n<tr>\r\n<td><strong>Provincia y Municipio<\/strong><\/td>\r\n<td>Guant\u00e1namo \u2014 Im\u00edas<\/td>\r\n<\/tr>\r\n<tr>\r\n<td><strong>Directora Municipal de Salud<\/strong><\/td>\r\n<td>Dra.Yudith Alba Matos<\/td>\r\n<\/tr>\r\n<tr>\r\n<td><strong>Categor\u00eda <\/strong><\/td>\r\n<td>Especialista en MGI<\/td>\r\n<\/tr>\r\n<tr>\r\n<td><strong>Correo de contacto:<\/strong><\/td>\r\n<td><a href=\"mailto:dms.ims@infomed.sld.cu\">dms.ims@infomed.sld.cu<\/a><\/td>\r\n<\/tr>\r\n<tr>\r\n<td><strong>Tel\u00e9fono<\/strong><\/td>\r\n<td>21880352<\/td>\r\n<\/tr>\r\n<\/tbody>\r\n<\/table>\r\n<\/figure>\r\n","protected":false},"excerpt":{"rendered":"<p>La Direcci\u00f3n General&nbsp; de Im\u00edas,cuenta con el Consejo de Direcci\u00f3n como&nbsp; \u00f3rgano colegiado encargado de examinar y adoptar los acuerdos sobre los asuntos m\u00e1s importantes que afecten el trabajo de la misma, de las entidades subordinadas y de la red de centros asistenciales pertenecientes al Sistema Nacional de Salud, sobre la base de las decisiones &hellip; <\/p>\n<p><a class=\"more-link btn\" href=\"https:\/\/instituciones.gtm.sld.cu\/dmsims\/quienes-somos\/\">Seguir leyendo<\/a><\/p>\n","protected":false},"author":88,"featured_media":0,"parent":0,"menu_order":0,"comment_status":"closed","ping_status":"closed","template":"","meta":{"ngg_post_thumbnail":0,"_mc_calendar":[]},"yoast_head":"<!-- This site is optimized with the Yoast SEO plugin v21.8 - https:\/\/yoast.com\/wordpress\/plugins\/seo\/ -->\n<title>\u00bfQui\u00e9nes S\u00f3mos? - Policl\u00ednico &quot;Ciro Fr\u00edas Cabrera&quot;<\/title>\n<meta name=\"robots\" content=\"index, follow, max-snippet:-1, max-image-preview:large, max-video-preview:-1\" \/>\n<link rel=\"canonical\" href=\"https:\/\/instituciones.gtm.sld.cu\/dmsims\/quienes-somos\/\" \/>\n<meta property=\"og:locale\" content=\"es_ES\" \/>\n<meta property=\"og:type\" content=\"article\" \/>\n<meta property=\"og:title\" content=\"\u00bfQui\u00e9nes S\u00f3mos? - Policl\u00ednico &quot;Ciro Fr\u00edas Cabrera&quot;\" \/>\n<meta property=\"og:description\" content=\"La Direcci\u00f3n General&nbsp; de Im\u00edas,cuenta con el Consejo de Direcci\u00f3n como&nbsp; \u00f3rgano colegiado encargado de examinar y adoptar los acuerdos sobre los asuntos m\u00e1s importantes que afecten el trabajo de la misma, de las entidades subordinadas y de la red de centros asistenciales pertenecientes al Sistema Nacional de Salud, sobre la base de las decisiones &hellip; Seguir leyendo\" \/>\n<meta property=\"og:url\" content=\"https:\/\/instituciones.gtm.sld.cu\/dmsims\/quienes-somos\/\" \/>\n<meta property=\"og:site_name\" content=\"Policl\u00ednico &quot;Ciro Fr\u00edas Cabrera&quot;\" \/>\n<meta property=\"article:modified_time\" content=\"2024-04-18T13:01:39+00:00\" \/>\n<meta name=\"twitter:card\" content=\"summary_large_image\" \/>\n<meta name=\"twitter:label1\" content=\"Tiempo de lectura\" \/>\n\t<meta name=\"twitter:data1\" content=\"3 minutos\" \/>\n<script type=\"application\/ld+json\" class=\"yoast-schema-graph\">{\"@context\":\"https:\/\/schema.org\",\"@graph\":[{\"@type\":\"WebPage\",\"@id\":\"https:\/\/instituciones.gtm.sld.cu\/dmsims\/quienes-somos\/\",\"url\":\"https:\/\/instituciones.gtm.sld.cu\/dmsims\/quienes-somos\/\",\"name\":\"\u00bfQui\u00e9nes S\u00f3mos? - Policl\u00ednico &quot;Ciro Fr\u00edas Cabrera&quot;\",\"isPartOf\":{\"@id\":\"https:\/\/instituciones.gtm.sld.cu\/dmsims\/#website\"},\"datePublished\":\"2019-04-25T12:01:56+00:00\",\"dateModified\":\"2024-04-18T13:01:39+00:00\",\"breadcrumb\":{\"@id\":\"https:\/\/instituciones.gtm.sld.cu\/dmsims\/quienes-somos\/#breadcrumb\"},\"inLanguage\":\"es\",\"potentialAction\":[{\"@type\":\"ReadAction\",\"target\":[\"https:\/\/instituciones.gtm.sld.cu\/dmsims\/quienes-somos\/\"]}]},{\"@type\":\"BreadcrumbList\",\"@id\":\"https:\/\/instituciones.gtm.sld.cu\/dmsims\/quienes-somos\/#breadcrumb\",\"itemListElement\":[{\"@type\":\"ListItem\",\"position\":1,\"name\":\"Portada\",\"item\":\"https:\/\/instituciones.gtm.sld.cu\/dmsims\/\"},{\"@type\":\"ListItem\",\"position\":2,\"name\":\"\u00bfQui\u00e9nes S\u00f3mos?\"}]},{\"@type\":\"WebSite\",\"@id\":\"https:\/\/instituciones.gtm.sld.cu\/dmsims\/#website\",\"url\":\"https:\/\/instituciones.gtm.sld.cu\/dmsims\/\",\"name\":\"Policl\u00ednico &quot;Ciro Fr\u00edas Cabrera&quot;\",\"description\":\"Policl\u00ednico &quot;Ciro Fr\u00edas Cabrera&quot;\",\"potentialAction\":[{\"@type\":\"SearchAction\",\"target\":{\"@type\":\"EntryPoint\",\"urlTemplate\":\"https:\/\/instituciones.gtm.sld.cu\/dmsims\/?s={search_term_string}\"},\"query-input\":\"required name=search_term_string\"}],\"inLanguage\":\"es\"}]}<\/script>\n<!-- \/ Yoast SEO plugin. -->","yoast_head_json":{"title":"\u00bfQui\u00e9nes S\u00f3mos? - Policl\u00ednico &quot;Ciro Fr\u00edas Cabrera&quot;","robots":{"index":"index","follow":"follow","max-snippet":"max-snippet:-1","max-image-preview":"max-image-preview:large","max-video-preview":"max-video-preview:-1"},"canonical":"https:\/\/instituciones.gtm.sld.cu\/dmsims\/quienes-somos\/","og_locale":"es_ES","og_type":"article","og_title":"\u00bfQui\u00e9nes S\u00f3mos? - Policl\u00ednico &quot;Ciro Fr\u00edas Cabrera&quot;","og_description":"La Direcci\u00f3n General&nbsp; de Im\u00edas,cuenta con el Consejo de Direcci\u00f3n como&nbsp; \u00f3rgano colegiado encargado de examinar y adoptar los acuerdos sobre los asuntos m\u00e1s importantes que afecten el trabajo de la misma, de las entidades subordinadas y de la red de centros asistenciales pertenecientes al Sistema Nacional de Salud, sobre la base de las decisiones &hellip; Seguir leyendo","og_url":"https:\/\/instituciones.gtm.sld.cu\/dmsims\/quienes-somos\/","og_site_name":"Policl\u00ednico &quot;Ciro Fr\u00edas Cabrera&quot;","article_modified_time":"2024-04-18T13:01:39+00:00","twitter_card":"summary_large_image","twitter_misc":{"Tiempo de lectura":"3 minutos"},"schema":{"@context":"https:\/\/schema.org","@graph":[{"@type":"WebPage","@id":"https:\/\/instituciones.gtm.sld.cu\/dmsims\/quienes-somos\/","url":"https:\/\/instituciones.gtm.sld.cu\/dmsims\/quienes-somos\/","name":"\u00bfQui\u00e9nes S\u00f3mos? - Policl\u00ednico &quot;Ciro Fr\u00edas Cabrera&quot;","isPartOf":{"@id":"https:\/\/instituciones.gtm.sld.cu\/dmsims\/#website"},"datePublished":"2019-04-25T12:01:56+00:00","dateModified":"2024-04-18T13:01:39+00:00","breadcrumb":{"@id":"https:\/\/instituciones.gtm.sld.cu\/dmsims\/quienes-somos\/#breadcrumb"},"inLanguage":"es","potentialAction":[{"@type":"ReadAction","target":["https:\/\/instituciones.gtm.sld.cu\/dmsims\/quienes-somos\/"]}]},{"@type":"BreadcrumbList","@id":"https:\/\/instituciones.gtm.sld.cu\/dmsims\/quienes-somos\/#breadcrumb","itemListElement":[{"@type":"ListItem","position":1,"name":"Portada","item":"https:\/\/instituciones.gtm.sld.cu\/dmsims\/"},{"@type":"ListItem","position":2,"name":"\u00bfQui\u00e9nes S\u00f3mos?"}]},{"@type":"WebSite","@id":"https:\/\/instituciones.gtm.sld.cu\/dmsims\/#website","url":"https:\/\/instituciones.gtm.sld.cu\/dmsims\/","name":"Policl\u00ednico &quot;Ciro Fr\u00edas Cabrera&quot;","description":"Policl\u00ednico &quot;Ciro Fr\u00edas Cabrera&quot;","potentialAction":[{"@type":"SearchAction","target":{"@type":"EntryPoint","urlTemplate":"https:\/\/instituciones.gtm.sld.cu\/dmsims\/?s={search_term_string}"},"query-input":"required name=search_term_string"}],"inLanguage":"es"}]}},"_links":{"self":[{"href":"https:\/\/instituciones.gtm.sld.cu\/dmsims\/wp-json\/wp\/v2\/pages\/408"}],"collection":[{"href":"https:\/\/instituciones.gtm.sld.cu\/dmsims\/wp-json\/wp\/v2\/pages"}],"about":[{"href":"https:\/\/instituciones.gtm.sld.cu\/dmsims\/wp-json\/wp\/v2\/types\/page"}],"author":[{"embeddable":true,"href":"https:\/\/instituciones.gtm.sld.cu\/dmsims\/wp-json\/wp\/v2\/users\/88"}],"replies":[{"embeddable":true,"href":"https:\/\/instituciones.gtm.sld.cu\/dmsims\/wp-json\/wp\/v2\/comments?post=408"}],"version-history":[{"count":3,"href":"https:\/\/instituciones.gtm.sld.cu\/dmsims\/wp-json\/wp\/v2\/pages\/408\/revisions"}],"predecessor-version":[{"id":2383,"href":"https:\/\/instituciones.gtm.sld.cu\/dmsims\/wp-json\/wp\/v2\/pages\/408\/revisions\/2383"}],"wp:attachment":[{"href":"https:\/\/instituciones.gtm.sld.cu\/dmsims\/wp-json\/wp\/v2\/media?parent=408"}],"curies":[{"name":"wp","href":"https:\/\/api.w.org\/{rel}","templated":true}]}}