{"id":475,"date":"2019-05-03T11:14:21","date_gmt":"2019-05-03T15:14:21","guid":{"rendered":"http:\/\/instituciones.gtm.sld.cu\/dmsims\/?page_id=475"},"modified":"2024-03-22T15:09:24","modified_gmt":"2024-03-22T19:09:24","slug":"consultas-policlinico-ciro-frias-cabrera","status":"publish","type":"page","link":"https:\/\/instituciones.gtm.sld.cu\/dmsims\/consultas-policlinico-ciro-frias-cabrera\/","title":{"rendered":"Consultas policl\u00ednico Ciro Fr\u00edas Cabrera"},"content":{"rendered":"\n<ol>\n<li>Cuerpo de Guardia. 24 horas<\/li>\n\n\n\n<li>Observaci\u00f3n. 24 horas<\/li>\n\n\n\n<li>Unidad de cuidados Intensivos: 24 horas<\/li>\n\n\n\n<li>Servicio de Hospitalizaci\u00f3n:24 horas <\/li>\n\n\n\n<li>Rehabilitaci\u00f3n &nbsp;&nbsp;&nbsp;&nbsp;&nbsp; Lunes- Viernes &nbsp;&nbsp;7:30 am \u2013 12:00 m y 2:00 pm \u2013 5:30 pm &nbsp;&nbsp;&nbsp;&nbsp;&nbsp;&nbsp;&nbsp;&nbsp;&nbsp;&nbsp;&nbsp;&nbsp;&nbsp;&nbsp;&nbsp;&nbsp;&nbsp;&nbsp;&nbsp;&nbsp; &nbsp;&nbsp;&nbsp;&nbsp;&nbsp;&nbsp;&nbsp;&nbsp;&nbsp;&nbsp;&nbsp;&nbsp;&nbsp;&nbsp;&nbsp;&nbsp;&nbsp;    S\u00e1bado&nbsp; 7:30 am \u2013 12:00 m <\/li>\n\n\n\n<li> Vacunatorio&nbsp;          Lunes- Viernes &nbsp;&nbsp;7:30 am \u2013 12:00 m y 2:00 pm \u2013 5:30 pm &nbsp;&nbsp;&nbsp;&nbsp;&nbsp;&nbsp;&nbsp;&nbsp;&nbsp;&nbsp;&nbsp;&nbsp;&nbsp;&nbsp;&nbsp;&nbsp;&nbsp;&nbsp;&nbsp;&nbsp; &nbsp;&nbsp;&nbsp;&nbsp;&nbsp;&nbsp;&nbsp;&nbsp;&nbsp;&nbsp;&nbsp;&nbsp;&nbsp;&nbsp;&nbsp;&nbsp;&nbsp;    S\u00e1bado&nbsp; 7:30 am \u2013 12:00 m  <\/li>\n\n\n\n<li> Laboratorio cl\u00ednico &nbsp; Todo los dias &nbsp;&nbsp; 7:00 am \u2013 3:00pm   &nbsp;&nbsp;&nbsp;&nbsp;&nbsp;&nbsp;&nbsp;&nbsp;&nbsp;&nbsp;&nbsp;&nbsp;&nbsp;&nbsp;&nbsp;&nbsp;&nbsp;&nbsp;&nbsp;&nbsp;&nbsp;&nbsp;&nbsp;&nbsp;&nbsp;&nbsp;&nbsp;&nbsp;&nbsp;&nbsp;&nbsp;&nbsp;&nbsp;&nbsp;&nbsp;&nbsp;&nbsp;&nbsp;&nbsp;&nbsp;&nbsp;&nbsp;&nbsp;&nbsp;&nbsp;&nbsp;&nbsp;        &nbsp; 7:00 am \u2013 7:45 pm <\/li>\n\n\n\n<li>Consulta de Optometr\u00eda  Lunes- Viernes7:30 am \u201312:00 m 2:00 pm- 5:30 pm &nbsp;&nbsp;&nbsp;&nbsp;&nbsp;&nbsp;&nbsp;&nbsp;&nbsp;&nbsp;&nbsp;&nbsp;&nbsp;&nbsp;&nbsp;&nbsp;&nbsp;&nbsp; &nbsp;&nbsp;&nbsp;&nbsp;&nbsp;&nbsp;&nbsp;&nbsp;&nbsp;&nbsp;&nbsp;&nbsp;&nbsp;&nbsp;&nbsp;&nbsp;&nbsp;         S\u00e1bado&nbsp; 7:30 am \u2013 12:00 m  <\/li>\n\n\n\n<li> Rayos X                          Todo los dias 7:30 am \u2013 12:00 m y 2:00 pm \u2013 5:30                       pm(Guardia localizable)   <\/li>\n\n\n\n<li>    Estomatolog\u00eda     Todo los dias 7:30 am \u2013 12:00 m y 2:00 pm \u2013 5:30                       pm(Guardia localizable)    <\/li>\n\n\n\n<li>  Consulta de Infertilidad  Lunes y Martes 8:00 am \u201312:00 m &nbsp;&nbsp;&nbsp;&nbsp;&nbsp;&nbsp;&nbsp;&nbsp;&nbsp;&nbsp;&nbsp;&nbsp;&nbsp;&nbsp; &nbsp;&nbsp;&nbsp;&nbsp;&nbsp;&nbsp;&nbsp;&nbsp;&nbsp;&nbsp;&nbsp;&nbsp;&nbsp;&nbsp;&nbsp;&nbsp;&nbsp;                         Miercoles 1:00 pm \u2013 5:00 pm                                                                               <\/li>\n\n\n\n<li>  Planificaci\u00f3n Familiar   Lunes y Martes  1:30 pm \u2013 5:00 pm   &nbsp;&nbsp;&nbsp;&nbsp;&nbsp;&nbsp;&nbsp;&nbsp;  &nbsp;&nbsp;&nbsp;&nbsp;&nbsp;&nbsp;&nbsp;&nbsp;&nbsp;&nbsp;&nbsp;&nbsp;&nbsp;&nbsp;&nbsp;&nbsp;&nbsp;                      Miercoles,Jueves y Viernes  7:30 am \u2013 12:00 m   <\/li>\n\n\n\n<li> Esterilizaci\u00f3n          Todo  los d\u00edas   7:00 am \u2013 7:45 pm  <\/li>\n<\/ol>\n\n\n\n<p><strong>Consultas Externas (Proyecci\u00f3n Comunitaria).<\/strong><\/p>\n\n\n\n<ul>\n<li>   Angiolog\u00eda      2do   Viernes      8:00   am    Policl\u00ednico Ciro Fr\u00edas Cabrera<\/li>\n\n\n\n<li>   Reumatolog\u00eda   2do   Viernes   8:00   am    Policl\u00ednico Ciro Fr\u00edas Cabrera<\/li>\n\n\n\n<li>  Dermatolog\u00eda  2do   Viernes      8:00   am    Policl\u00ednico Ciro Fr\u00edas Cabrera <\/li>\n\n\n\n<li> Urolog\u00eda            2do   Viernes      8:00   am    Policl\u00ednico Ciro Fr\u00edas Cabrera <\/li>\n\n\n\n<li> Cardiolog\u00eda       2do   Viernes      8:00   am    Policl\u00ednico Ciro Fr\u00edas Cabrera <\/li>\n\n\n\n<li> Endocrinolog\u00eda  2do   Viernes      8:00   am    Policl\u00ednico Ciro Fr\u00edas Cabrera <\/li>\n\n\n\n<li> Psquiatria Infantil  2do Viernes    8:00   am    Policl\u00ednico Ciro Fr\u00edas Cabrera <\/li>\n\n\n\n<li>   Psiquiatr\u00eda   Adulto 2do Viernes 8:00   am    Policl\u00ednico Ciro Fr\u00edas Cabrera  <\/li>\n\n\n\n<li> Ortopedia Infantil  2do   Viernes    8:00   am    Policl\u00ednico Ciro Fr\u00edas Cabrera <\/li>\n\n\n\n<li> Ortopedia Adulto  2do   Viernes   8:00   am    Policl\u00ednico Ciro Fr\u00edas Cabrera <\/li>\n\n\n\n<li>   Geriatr\u00eda           2do   Viernes     8:00   am    Policl\u00ednico Ciro Fr\u00edas Cabrera <\/li>\n\n\n\n<li> Maxilo Facial      2do   Viernes     8:00   am    Policl\u00ednico Ciro Fr\u00edas Cabrera <\/li>\n\n\n\n<li> Ortodoncia         2do   Viernes     8:00   am    Policl\u00ednico Ciro Fr\u00edas Cabrera <\/li>\n<\/ul>\n\n\n\n<ul>\n<li><\/li>\n<\/ul>\n\n\n\n<p><\/p>\n\n\n\n<p> <\/p>\n","protected":false},"excerpt":{"rendered":"<p>Consultas Externas (Proyecci\u00f3n Comunitaria).<\/p>\n","protected":false},"author":17,"featured_media":0,"parent":0,"menu_order":0,"comment_status":"closed","ping_status":"closed","template":"","meta":{"ngg_post_thumbnail":0,"_mc_calendar":[]},"yoast_head":"<!-- This site is optimized with the Yoast SEO plugin v21.8 - https:\/\/yoast.com\/wordpress\/plugins\/seo\/ -->\n<title>Consultas policl\u00ednico Ciro Fr\u00edas Cabrera - Policl\u00ednico &quot;Ciro Fr\u00edas Cabrera&quot;<\/title>\n<meta name=\"robots\" content=\"index, follow, max-snippet:-1, max-image-preview:large, max-video-preview:-1\" \/>\n<link rel=\"canonical\" href=\"https:\/\/instituciones.gtm.sld.cu\/dmsims\/consultas-policlinico-ciro-frias-cabrera\/\" \/>\n<meta property=\"og:locale\" content=\"es_ES\" \/>\n<meta property=\"og:type\" content=\"article\" \/>\n<meta property=\"og:title\" content=\"Consultas policl\u00ednico Ciro Fr\u00edas Cabrera - Policl\u00ednico &quot;Ciro Fr\u00edas Cabrera&quot;\" \/>\n<meta property=\"og:description\" content=\"Consultas Externas (Proyecci\u00f3n Comunitaria).\" \/>\n<meta property=\"og:url\" content=\"https:\/\/instituciones.gtm.sld.cu\/dmsims\/consultas-policlinico-ciro-frias-cabrera\/\" \/>\n<meta property=\"og:site_name\" content=\"Policl\u00ednico &quot;Ciro Fr\u00edas Cabrera&quot;\" \/>\n<meta property=\"article:modified_time\" content=\"2024-03-22T19:09:24+00:00\" \/>\n<meta name=\"twitter:card\" content=\"summary_large_image\" \/>\n<meta name=\"twitter:label1\" content=\"Tiempo de lectura\" \/>\n\t<meta name=\"twitter:data1\" content=\"2 minutos\" \/>\n<script type=\"application\/ld+json\" class=\"yoast-schema-graph\">{\"@context\":\"https:\/\/schema.org\",\"@graph\":[{\"@type\":\"WebPage\",\"@id\":\"https:\/\/instituciones.gtm.sld.cu\/dmsims\/consultas-policlinico-ciro-frias-cabrera\/\",\"url\":\"https:\/\/instituciones.gtm.sld.cu\/dmsims\/consultas-policlinico-ciro-frias-cabrera\/\",\"name\":\"Consultas policl\u00ednico Ciro Fr\u00edas Cabrera - Policl\u00ednico &quot;Ciro Fr\u00edas Cabrera&quot;\",\"isPartOf\":{\"@id\":\"https:\/\/instituciones.gtm.sld.cu\/dmsims\/#website\"},\"datePublished\":\"2019-05-03T15:14:21+00:00\",\"dateModified\":\"2024-03-22T19:09:24+00:00\",\"breadcrumb\":{\"@id\":\"https:\/\/instituciones.gtm.sld.cu\/dmsims\/consultas-policlinico-ciro-frias-cabrera\/#breadcrumb\"},\"inLanguage\":\"es\",\"potentialAction\":[{\"@type\":\"ReadAction\",\"target\":[\"https:\/\/instituciones.gtm.sld.cu\/dmsims\/consultas-policlinico-ciro-frias-cabrera\/\"]}]},{\"@type\":\"BreadcrumbList\",\"@id\":\"https:\/\/instituciones.gtm.sld.cu\/dmsims\/consultas-policlinico-ciro-frias-cabrera\/#breadcrumb\",\"itemListElement\":[{\"@type\":\"ListItem\",\"position\":1,\"name\":\"Portada\",\"item\":\"https:\/\/instituciones.gtm.sld.cu\/dmsims\/\"},{\"@type\":\"ListItem\",\"position\":2,\"name\":\"Consultas policl\u00ednico Ciro Fr\u00edas Cabrera\"}]},{\"@type\":\"WebSite\",\"@id\":\"https:\/\/instituciones.gtm.sld.cu\/dmsims\/#website\",\"url\":\"https:\/\/instituciones.gtm.sld.cu\/dmsims\/\",\"name\":\"Policl\u00ednico &quot;Ciro Fr\u00edas Cabrera&quot;\",\"description\":\"Policl\u00ednico &quot;Ciro Fr\u00edas Cabrera&quot;\",\"potentialAction\":[{\"@type\":\"SearchAction\",\"target\":{\"@type\":\"EntryPoint\",\"urlTemplate\":\"https:\/\/instituciones.gtm.sld.cu\/dmsims\/?s={search_term_string}\"},\"query-input\":\"required name=search_term_string\"}],\"inLanguage\":\"es\"}]}<\/script>\n<!-- \/ Yoast SEO plugin. -->","yoast_head_json":{"title":"Consultas policl\u00ednico Ciro Fr\u00edas Cabrera - Policl\u00ednico &quot;Ciro Fr\u00edas Cabrera&quot;","robots":{"index":"index","follow":"follow","max-snippet":"max-snippet:-1","max-image-preview":"max-image-preview:large","max-video-preview":"max-video-preview:-1"},"canonical":"https:\/\/instituciones.gtm.sld.cu\/dmsims\/consultas-policlinico-ciro-frias-cabrera\/","og_locale":"es_ES","og_type":"article","og_title":"Consultas policl\u00ednico Ciro Fr\u00edas Cabrera - Policl\u00ednico &quot;Ciro Fr\u00edas Cabrera&quot;","og_description":"Consultas Externas (Proyecci\u00f3n Comunitaria).","og_url":"https:\/\/instituciones.gtm.sld.cu\/dmsims\/consultas-policlinico-ciro-frias-cabrera\/","og_site_name":"Policl\u00ednico &quot;Ciro Fr\u00edas Cabrera&quot;","article_modified_time":"2024-03-22T19:09:24+00:00","twitter_card":"summary_large_image","twitter_misc":{"Tiempo de lectura":"2 minutos"},"schema":{"@context":"https:\/\/schema.org","@graph":[{"@type":"WebPage","@id":"https:\/\/instituciones.gtm.sld.cu\/dmsims\/consultas-policlinico-ciro-frias-cabrera\/","url":"https:\/\/instituciones.gtm.sld.cu\/dmsims\/consultas-policlinico-ciro-frias-cabrera\/","name":"Consultas policl\u00ednico Ciro Fr\u00edas Cabrera - Policl\u00ednico &quot;Ciro Fr\u00edas Cabrera&quot;","isPartOf":{"@id":"https:\/\/instituciones.gtm.sld.cu\/dmsims\/#website"},"datePublished":"2019-05-03T15:14:21+00:00","dateModified":"2024-03-22T19:09:24+00:00","breadcrumb":{"@id":"https:\/\/instituciones.gtm.sld.cu\/dmsims\/consultas-policlinico-ciro-frias-cabrera\/#breadcrumb"},"inLanguage":"es","potentialAction":[{"@type":"ReadAction","target":["https:\/\/instituciones.gtm.sld.cu\/dmsims\/consultas-policlinico-ciro-frias-cabrera\/"]}]},{"@type":"BreadcrumbList","@id":"https:\/\/instituciones.gtm.sld.cu\/dmsims\/consultas-policlinico-ciro-frias-cabrera\/#breadcrumb","itemListElement":[{"@type":"ListItem","position":1,"name":"Portada","item":"https:\/\/instituciones.gtm.sld.cu\/dmsims\/"},{"@type":"ListItem","position":2,"name":"Consultas policl\u00ednico Ciro Fr\u00edas Cabrera"}]},{"@type":"WebSite","@id":"https:\/\/instituciones.gtm.sld.cu\/dmsims\/#website","url":"https:\/\/instituciones.gtm.sld.cu\/dmsims\/","name":"Policl\u00ednico &quot;Ciro Fr\u00edas Cabrera&quot;","description":"Policl\u00ednico &quot;Ciro Fr\u00edas Cabrera&quot;","potentialAction":[{"@type":"SearchAction","target":{"@type":"EntryPoint","urlTemplate":"https:\/\/instituciones.gtm.sld.cu\/dmsims\/?s={search_term_string}"},"query-input":"required name=search_term_string"}],"inLanguage":"es"}]}},"_links":{"self":[{"href":"https:\/\/instituciones.gtm.sld.cu\/dmsims\/wp-json\/wp\/v2\/pages\/475"}],"collection":[{"href":"https:\/\/instituciones.gtm.sld.cu\/dmsims\/wp-json\/wp\/v2\/pages"}],"about":[{"href":"https:\/\/instituciones.gtm.sld.cu\/dmsims\/wp-json\/wp\/v2\/types\/page"}],"author":[{"embeddable":true,"href":"https:\/\/instituciones.gtm.sld.cu\/dmsims\/wp-json\/wp\/v2\/users\/17"}],"replies":[{"embeddable":true,"href":"https:\/\/instituciones.gtm.sld.cu\/dmsims\/wp-json\/wp\/v2\/comments?post=475"}],"version-history":[{"count":1,"href":"https:\/\/instituciones.gtm.sld.cu\/dmsims\/wp-json\/wp\/v2\/pages\/475\/revisions"}],"predecessor-version":[{"id":2221,"href":"https:\/\/instituciones.gtm.sld.cu\/dmsims\/wp-json\/wp\/v2\/pages\/475\/revisions\/2221"}],"wp:attachment":[{"href":"https:\/\/instituciones.gtm.sld.cu\/dmsims\/wp-json\/wp\/v2\/media?parent=475"}],"curies":[{"name":"wp","href":"https:\/\/api.w.org\/{rel}","templated":true}]}}