{"id":511,"date":"2019-05-20T17:21:08","date_gmt":"2019-05-20T21:21:08","guid":{"rendered":"http:\/\/instituciones.gtm.sld.cu\/dmsims\/?page_id=511"},"modified":"2019-05-21T09:33:19","modified_gmt":"2019-05-21T13:33:19","slug":"biblioteca","status":"publish","type":"page","link":"https:\/\/instituciones.gtm.sld.cu\/dmsims\/biblioteca\/","title":{"rendered":"Biblioteca"},"content":{"rendered":"\n<p>La biblioteca es una mina de sabidur\u00eda,expl\u00f3tala con \u00a0tus ojos respetala con tu\u00a0 silencio.<\/p>\n\n\n\n<p>Misi\u00f3n<\/p>\n\n\n\n<p>Garantizar la prestaci\u00f3n de\nservicios de informaci\u00f3n cientifico tecnologico a los profesionales que\nconforman el sector de la salud del municipio con el fin de elevar la calidad\nde la asistencia,la investigaci\u00f3n, la direcci\u00f3n, la docencia y la cultura\nm\u00e9dica y propiciar el hallazgo de soluciones que las posibilitan enfrentar los\nproblemas de salud del municipio.<\/p>\n\n\n\n<p>Visi\u00f3n<\/p>\n\n\n\n<p>Convertirse en una\nbiblioteca lider para el desarrollo de informaci\u00f3n cientifica en la Atenci\u00f3n\nPrimaria de Salud.<\/p>\n\n\n\n<p>Meta<\/p>\n\n\n\n<p>Ofrecer un servicio de excelencia a los usuarios.<\/p>\n","protected":false},"excerpt":{"rendered":"<p>La biblioteca es una mina de sabidur\u00eda,expl\u00f3tala con \u00a0tus ojos respetala con tu\u00a0 silencio. Misi\u00f3n Garantizar la prestaci\u00f3n de servicios de informaci\u00f3n cientifico tecnologico a los profesionales que conforman el sector de la salud del municipio con el fin de elevar la calidad de la asistencia,la investigaci\u00f3n, la direcci\u00f3n, la docencia y la cultura m\u00e9dica &hellip; <\/p>\n<p><a class=\"more-link btn\" href=\"https:\/\/instituciones.gtm.sld.cu\/dmsims\/biblioteca\/\">Seguir leyendo<\/a><\/p>\n","protected":false},"author":17,"featured_media":0,"parent":0,"menu_order":0,"comment_status":"closed","ping_status":"closed","template":"","meta":{"ngg_post_thumbnail":0,"_mc_calendar":[]},"yoast_head":"<!-- This site is optimized with the Yoast SEO plugin v21.8 - https:\/\/yoast.com\/wordpress\/plugins\/seo\/ -->\n<title>Biblioteca - Policl\u00ednico &quot;Ciro Fr\u00edas Cabrera&quot;<\/title>\n<meta name=\"robots\" content=\"index, follow, max-snippet:-1, max-image-preview:large, max-video-preview:-1\" \/>\n<link rel=\"canonical\" href=\"https:\/\/instituciones.gtm.sld.cu\/dmsims\/biblioteca\/\" \/>\n<meta property=\"og:locale\" content=\"es_ES\" \/>\n<meta property=\"og:type\" content=\"article\" \/>\n<meta property=\"og:title\" content=\"Biblioteca - Policl\u00ednico &quot;Ciro Fr\u00edas Cabrera&quot;\" \/>\n<meta property=\"og:description\" content=\"La biblioteca es una mina de sabidur\u00eda,expl\u00f3tala con \u00a0tus ojos respetala con tu\u00a0 silencio. Misi\u00f3n Garantizar la prestaci\u00f3n de servicios de informaci\u00f3n cientifico tecnologico a los profesionales que conforman el sector de la salud del municipio con el fin de elevar la calidad de la asistencia,la investigaci\u00f3n, la direcci\u00f3n, la docencia y la cultura m\u00e9dica &hellip; Seguir leyendo\" \/>\n<meta property=\"og:url\" content=\"https:\/\/instituciones.gtm.sld.cu\/dmsims\/biblioteca\/\" \/>\n<meta property=\"og:site_name\" content=\"Policl\u00ednico &quot;Ciro Fr\u00edas Cabrera&quot;\" \/>\n<meta property=\"article:modified_time\" content=\"2019-05-21T13:33:19+00:00\" \/>\n<meta name=\"twitter:card\" content=\"summary_large_image\" \/>\n<meta name=\"twitter:label1\" content=\"Tiempo de lectura\" \/>\n\t<meta name=\"twitter:data1\" content=\"1 minuto\" \/>\n<script type=\"application\/ld+json\" class=\"yoast-schema-graph\">{\"@context\":\"https:\/\/schema.org\",\"@graph\":[{\"@type\":\"WebPage\",\"@id\":\"https:\/\/instituciones.gtm.sld.cu\/dmsims\/biblioteca\/\",\"url\":\"https:\/\/instituciones.gtm.sld.cu\/dmsims\/biblioteca\/\",\"name\":\"Biblioteca - Policl\u00ednico &quot;Ciro Fr\u00edas Cabrera&quot;\",\"isPartOf\":{\"@id\":\"https:\/\/instituciones.gtm.sld.cu\/dmsims\/#website\"},\"datePublished\":\"2019-05-20T21:21:08+00:00\",\"dateModified\":\"2019-05-21T13:33:19+00:00\",\"breadcrumb\":{\"@id\":\"https:\/\/instituciones.gtm.sld.cu\/dmsims\/biblioteca\/#breadcrumb\"},\"inLanguage\":\"es\",\"potentialAction\":[{\"@type\":\"ReadAction\",\"target\":[\"https:\/\/instituciones.gtm.sld.cu\/dmsims\/biblioteca\/\"]}]},{\"@type\":\"BreadcrumbList\",\"@id\":\"https:\/\/instituciones.gtm.sld.cu\/dmsims\/biblioteca\/#breadcrumb\",\"itemListElement\":[{\"@type\":\"ListItem\",\"position\":1,\"name\":\"Portada\",\"item\":\"https:\/\/instituciones.gtm.sld.cu\/dmsims\/\"},{\"@type\":\"ListItem\",\"position\":2,\"name\":\"Biblioteca\"}]},{\"@type\":\"WebSite\",\"@id\":\"https:\/\/instituciones.gtm.sld.cu\/dmsims\/#website\",\"url\":\"https:\/\/instituciones.gtm.sld.cu\/dmsims\/\",\"name\":\"Policl\u00ednico &quot;Ciro Fr\u00edas Cabrera&quot;\",\"description\":\"Policl\u00ednico &quot;Ciro Fr\u00edas Cabrera&quot;\",\"potentialAction\":[{\"@type\":\"SearchAction\",\"target\":{\"@type\":\"EntryPoint\",\"urlTemplate\":\"https:\/\/instituciones.gtm.sld.cu\/dmsims\/?s={search_term_string}\"},\"query-input\":\"required name=search_term_string\"}],\"inLanguage\":\"es\"}]}<\/script>\n<!-- \/ Yoast SEO plugin. -->","yoast_head_json":{"title":"Biblioteca - Policl\u00ednico &quot;Ciro Fr\u00edas Cabrera&quot;","robots":{"index":"index","follow":"follow","max-snippet":"max-snippet:-1","max-image-preview":"max-image-preview:large","max-video-preview":"max-video-preview:-1"},"canonical":"https:\/\/instituciones.gtm.sld.cu\/dmsims\/biblioteca\/","og_locale":"es_ES","og_type":"article","og_title":"Biblioteca - Policl\u00ednico &quot;Ciro Fr\u00edas Cabrera&quot;","og_description":"La biblioteca es una mina de sabidur\u00eda,expl\u00f3tala con \u00a0tus ojos respetala con tu\u00a0 silencio. Misi\u00f3n Garantizar la prestaci\u00f3n de servicios de informaci\u00f3n cientifico tecnologico a los profesionales que conforman el sector de la salud del municipio con el fin de elevar la calidad de la asistencia,la investigaci\u00f3n, la direcci\u00f3n, la docencia y la cultura m\u00e9dica &hellip; Seguir leyendo","og_url":"https:\/\/instituciones.gtm.sld.cu\/dmsims\/biblioteca\/","og_site_name":"Policl\u00ednico &quot;Ciro Fr\u00edas Cabrera&quot;","article_modified_time":"2019-05-21T13:33:19+00:00","twitter_card":"summary_large_image","twitter_misc":{"Tiempo de lectura":"1 minuto"},"schema":{"@context":"https:\/\/schema.org","@graph":[{"@type":"WebPage","@id":"https:\/\/instituciones.gtm.sld.cu\/dmsims\/biblioteca\/","url":"https:\/\/instituciones.gtm.sld.cu\/dmsims\/biblioteca\/","name":"Biblioteca - Policl\u00ednico &quot;Ciro Fr\u00edas Cabrera&quot;","isPartOf":{"@id":"https:\/\/instituciones.gtm.sld.cu\/dmsims\/#website"},"datePublished":"2019-05-20T21:21:08+00:00","dateModified":"2019-05-21T13:33:19+00:00","breadcrumb":{"@id":"https:\/\/instituciones.gtm.sld.cu\/dmsims\/biblioteca\/#breadcrumb"},"inLanguage":"es","potentialAction":[{"@type":"ReadAction","target":["https:\/\/instituciones.gtm.sld.cu\/dmsims\/biblioteca\/"]}]},{"@type":"BreadcrumbList","@id":"https:\/\/instituciones.gtm.sld.cu\/dmsims\/biblioteca\/#breadcrumb","itemListElement":[{"@type":"ListItem","position":1,"name":"Portada","item":"https:\/\/instituciones.gtm.sld.cu\/dmsims\/"},{"@type":"ListItem","position":2,"name":"Biblioteca"}]},{"@type":"WebSite","@id":"https:\/\/instituciones.gtm.sld.cu\/dmsims\/#website","url":"https:\/\/instituciones.gtm.sld.cu\/dmsims\/","name":"Policl\u00ednico &quot;Ciro Fr\u00edas Cabrera&quot;","description":"Policl\u00ednico &quot;Ciro Fr\u00edas Cabrera&quot;","potentialAction":[{"@type":"SearchAction","target":{"@type":"EntryPoint","urlTemplate":"https:\/\/instituciones.gtm.sld.cu\/dmsims\/?s={search_term_string}"},"query-input":"required name=search_term_string"}],"inLanguage":"es"}]}},"_links":{"self":[{"href":"https:\/\/instituciones.gtm.sld.cu\/dmsims\/wp-json\/wp\/v2\/pages\/511"}],"collection":[{"href":"https:\/\/instituciones.gtm.sld.cu\/dmsims\/wp-json\/wp\/v2\/pages"}],"about":[{"href":"https:\/\/instituciones.gtm.sld.cu\/dmsims\/wp-json\/wp\/v2\/types\/page"}],"author":[{"embeddable":true,"href":"https:\/\/instituciones.gtm.sld.cu\/dmsims\/wp-json\/wp\/v2\/users\/17"}],"replies":[{"embeddable":true,"href":"https:\/\/instituciones.gtm.sld.cu\/dmsims\/wp-json\/wp\/v2\/comments?post=511"}],"version-history":[{"count":0,"href":"https:\/\/instituciones.gtm.sld.cu\/dmsims\/wp-json\/wp\/v2\/pages\/511\/revisions"}],"wp:attachment":[{"href":"https:\/\/instituciones.gtm.sld.cu\/dmsims\/wp-json\/wp\/v2\/media?parent=511"}],"curies":[{"name":"wp","href":"https:\/\/api.w.org\/{rel}","templated":true}]}}