{"id":1128,"date":"2019-05-07T16:10:48","date_gmt":"2019-05-07T16:10:48","guid":{"rendered":"http:\/\/instituciones2.gtm.sld.cu\/dmsmta\/?page_id=1128"},"modified":"2019-05-07T16:10:48","modified_gmt":"2019-05-07T16:10:48","slug":"servicios","status":"publish","type":"page","link":"https:\/\/instituciones.gtm.sld.cu\/dmsmta\/policlinico-manuel-tames\/policlinico-manuel-tames\/servicios\/","title":{"rendered":"Servicios"},"content":{"rendered":"\n<table class=\"wp-block-table\"><tbody><tr><td>\n  <strong>Servicios<\/strong>\n  <\/td><td>\n  <strong>Frecuencia de Turnos <\/strong>\n  <strong>&nbsp;<\/strong>\n  <\/td><\/tr><tr><td>\n  Cuerpo de Guardia \n  <\/td><td>\n  Todos los d\u00edas \n  <\/td><\/tr><tr><td>\n  Laboratorio Cl\u00ednico \n  <\/td><td>\n  Todos los d\u00edas \n  <\/td><\/tr><tr><td>\n  Rayos X\n  <\/td><td>\n  Todos los d\u00edas \n  <\/td><\/tr><tr><td>\n  <strong>Gastroenterolog\u00eda <\/strong>\n  <\/td><td>\n  <strong>Cuarto mi\u00e9rcoles de cada mes.<\/strong>\n  <\/td><\/tr><tr><td>\n  <strong>Endocrino<\/strong>\n  <\/td><td>\n  <strong>Cuarto mi\u00e9rcoles de cada mes.<\/strong>\n  <\/td><\/tr><tr><td>\n  <strong>Ortopedia Adulto e Infantil<\/strong>\n  <\/td><td>\n  <strong>Cuarto mi\u00e9rcoles de cada mes.<\/strong>\n  <\/td><\/tr><tr><td>\n  Cardiolog\u00eda\n  <\/td><td>\n  <strong>Cuarto mi\u00e9rcoles de cada mes<\/strong>. \n  <\/td><\/tr><tr><td>\n  Angiolog\u00eda\n  <\/td><td>\n  <strong>Cuarto mi\u00e9rcoles de cada mes.<\/strong>\n  <\/td><\/tr><tr><td>\n  Urolog\u00eda\n  <\/td><td>\n  <strong>Cuarto mi\u00e9rcoles de cada mes.<\/strong>\n  <\/td><\/tr><tr><td>\n  Psiquiatra Adulto \n  <\/td><td>\n  Todos los mi\u00e9rcoles y\n  jueves.\n  <\/td><\/tr><tr><td>\n  Psiquiatr\u00eda Infantil\n  <\/td><td>\n  <strong>Cuarto mi\u00e9rcoles de cada mes.<\/strong>\n  <\/td><\/tr><tr><td>\n  Geriatr\u00eda\n  <\/td><td>\n  <strong>Cuarto mi\u00e9rcoles de cada mes.<\/strong>\n  <\/td><\/tr><tr><td>\n  Estomatolog\u00eda \n  <\/td><td>\n  Todos los d\u00edas 24\n  horas. \n  <\/td><\/tr><tr><td>\n  Rehabilitaci\u00f3n \n  <\/td><td>\n  Todos los d\u00edas. \n  <\/td><\/tr><tr><td>\n  Vacunaci\u00f3n \n  <\/td><td>\n  Todos los d\u00edas. \n  <\/td><\/tr><tr><td>\n  Dermatolog\u00eda\n  <\/td><td>\n  <strong>Todos los lunes y mi\u00e9rcoles.<\/strong>\n  <\/td><\/tr><tr><td>\n  Atenci\u00f3n al Diab\u00e9tico\n  \n  <\/td><td>\n  <strong>Todos los &nbsp;lunes y mi\u00e9rcoles y viernes.<\/strong>\n  <\/td><\/tr><\/tbody><\/table>\n\n\n\n<p><strong>Fuente:<\/strong> Departamento de Estad\u00edsticas y Admisi\u00f3n y Archivo Policl\u00ednico Manuel Tames.  \n\n<\/p>\n","protected":false},"excerpt":{"rendered":"<p>Servicios Frecuencia de Turnos &nbsp; Cuerpo de Guardia Todos los d\u00edas Laboratorio Cl\u00ednico Todos los d\u00edas Rayos X Todos los d\u00edas Gastroenterolog\u00eda Cuarto mi\u00e9rcoles de cada mes. Endocrino Cuarto mi\u00e9rcoles de cada mes. Ortopedia Adulto e Infantil Cuarto mi\u00e9rcoles de cada mes. Cardiolog\u00eda Cuarto mi\u00e9rcoles de cada mes. Angiolog\u00eda Cuarto mi\u00e9rcoles de cada mes. Urolog\u00eda &hellip; <\/p>\n<p><a class=\"more-link btn\" href=\"https:\/\/instituciones.gtm.sld.cu\/dmsmta\/policlinico-manuel-tames\/policlinico-manuel-tames\/servicios\/\">Seguir leyendo<\/a><\/p>\n","protected":false},"author":79,"featured_media":0,"parent":528,"menu_order":1,"comment_status":"closed","ping_status":"closed","template":"","meta":{"ngg_post_thumbnail":0,"_mc_calendar":[]},"yoast_head":"<!-- This site is optimized with the Yoast SEO plugin v21.8 - https:\/\/yoast.com\/wordpress\/plugins\/seo\/ -->\n<title>Servicios - Direcci\u00f3n General de Salud<\/title>\n<meta name=\"robots\" content=\"index, follow, max-snippet:-1, max-image-preview:large, max-video-preview:-1\" \/>\n<link rel=\"canonical\" href=\"https:\/\/instituciones.gtm.sld.cu\/dmsmta\/policlinico-manuel-tames\/policlinico-manuel-tames\/servicios\/\" \/>\n<meta property=\"og:locale\" content=\"es_ES\" \/>\n<meta property=\"og:type\" content=\"article\" \/>\n<meta property=\"og:title\" content=\"Servicios - Direcci\u00f3n General de Salud\" \/>\n<meta property=\"og:description\" content=\"Servicios Frecuencia de Turnos &nbsp; Cuerpo de Guardia Todos los d\u00edas Laboratorio Cl\u00ednico Todos los d\u00edas Rayos X Todos los d\u00edas Gastroenterolog\u00eda Cuarto mi\u00e9rcoles de cada mes. Endocrino Cuarto mi\u00e9rcoles de cada mes. Ortopedia Adulto e Infantil Cuarto mi\u00e9rcoles de cada mes. Cardiolog\u00eda Cuarto mi\u00e9rcoles de cada mes. Angiolog\u00eda Cuarto mi\u00e9rcoles de cada mes. Urolog\u00eda &hellip; Seguir leyendo\" \/>\n<meta property=\"og:url\" content=\"https:\/\/instituciones.gtm.sld.cu\/dmsmta\/policlinico-manuel-tames\/policlinico-manuel-tames\/servicios\/\" \/>\n<meta property=\"og:site_name\" content=\"Direcci\u00f3n General de Salud\" \/>\n<meta name=\"twitter:card\" content=\"summary_large_image\" \/>\n<meta name=\"twitter:label1\" content=\"Tiempo de lectura\" \/>\n\t<meta name=\"twitter:data1\" content=\"1 minuto\" \/>\n<script type=\"application\/ld+json\" class=\"yoast-schema-graph\">{\"@context\":\"https:\/\/schema.org\",\"@graph\":[{\"@type\":\"WebPage\",\"@id\":\"https:\/\/instituciones.gtm.sld.cu\/dmsmta\/policlinico-manuel-tames\/policlinico-manuel-tames\/servicios\/\",\"url\":\"https:\/\/instituciones.gtm.sld.cu\/dmsmta\/policlinico-manuel-tames\/policlinico-manuel-tames\/servicios\/\",\"name\":\"Servicios - Direcci\u00f3n General de Salud\",\"isPartOf\":{\"@id\":\"https:\/\/instituciones.gtm.sld.cu\/dmsmta\/#website\"},\"datePublished\":\"2019-05-07T16:10:48+00:00\",\"dateModified\":\"2019-05-07T16:10:48+00:00\",\"breadcrumb\":{\"@id\":\"https:\/\/instituciones.gtm.sld.cu\/dmsmta\/policlinico-manuel-tames\/policlinico-manuel-tames\/servicios\/#breadcrumb\"},\"inLanguage\":\"es\",\"potentialAction\":[{\"@type\":\"ReadAction\",\"target\":[\"https:\/\/instituciones.gtm.sld.cu\/dmsmta\/policlinico-manuel-tames\/policlinico-manuel-tames\/servicios\/\"]}]},{\"@type\":\"BreadcrumbList\",\"@id\":\"https:\/\/instituciones.gtm.sld.cu\/dmsmta\/policlinico-manuel-tames\/policlinico-manuel-tames\/servicios\/#breadcrumb\",\"itemListElement\":[{\"@type\":\"ListItem\",\"position\":1,\"name\":\"Portada\",\"item\":\"https:\/\/instituciones.gtm.sld.cu\/dmsmta\/\"},{\"@type\":\"ListItem\",\"position\":2,\"name\":\"Unidades\",\"item\":\"https:\/\/instituciones.gtm.sld.cu\/dmsmta\/policlinico-manuel-tames\/\"},{\"@type\":\"ListItem\",\"position\":3,\"name\":\"Policl\u00ednico Manuel Tames\",\"item\":\"https:\/\/instituciones.gtm.sld.cu\/dmsmta\/policlinico-manuel-tames\/policlinico-manuel-tames\/\"},{\"@type\":\"ListItem\",\"position\":4,\"name\":\"Servicios\"}]},{\"@type\":\"WebSite\",\"@id\":\"https:\/\/instituciones.gtm.sld.cu\/dmsmta\/#website\",\"url\":\"https:\/\/instituciones.gtm.sld.cu\/dmsmta\/\",\"name\":\"Direcci\u00f3n General de Salud\",\"description\":\"Manuel Tames\",\"potentialAction\":[{\"@type\":\"SearchAction\",\"target\":{\"@type\":\"EntryPoint\",\"urlTemplate\":\"https:\/\/instituciones.gtm.sld.cu\/dmsmta\/?s={search_term_string}\"},\"query-input\":\"required name=search_term_string\"}],\"inLanguage\":\"es\"}]}<\/script>\n<!-- \/ Yoast SEO plugin. -->","yoast_head_json":{"title":"Servicios - Direcci\u00f3n General de Salud","robots":{"index":"index","follow":"follow","max-snippet":"max-snippet:-1","max-image-preview":"max-image-preview:large","max-video-preview":"max-video-preview:-1"},"canonical":"https:\/\/instituciones.gtm.sld.cu\/dmsmta\/policlinico-manuel-tames\/policlinico-manuel-tames\/servicios\/","og_locale":"es_ES","og_type":"article","og_title":"Servicios - Direcci\u00f3n General de Salud","og_description":"Servicios Frecuencia de Turnos &nbsp; Cuerpo de Guardia Todos los d\u00edas Laboratorio Cl\u00ednico Todos los d\u00edas Rayos X Todos los d\u00edas Gastroenterolog\u00eda Cuarto mi\u00e9rcoles de cada mes. Endocrino Cuarto mi\u00e9rcoles de cada mes. Ortopedia Adulto e Infantil Cuarto mi\u00e9rcoles de cada mes. Cardiolog\u00eda Cuarto mi\u00e9rcoles de cada mes. Angiolog\u00eda Cuarto mi\u00e9rcoles de cada mes. Urolog\u00eda &hellip; Seguir leyendo","og_url":"https:\/\/instituciones.gtm.sld.cu\/dmsmta\/policlinico-manuel-tames\/policlinico-manuel-tames\/servicios\/","og_site_name":"Direcci\u00f3n General de Salud","twitter_card":"summary_large_image","twitter_misc":{"Tiempo de lectura":"1 minuto"},"schema":{"@context":"https:\/\/schema.org","@graph":[{"@type":"WebPage","@id":"https:\/\/instituciones.gtm.sld.cu\/dmsmta\/policlinico-manuel-tames\/policlinico-manuel-tames\/servicios\/","url":"https:\/\/instituciones.gtm.sld.cu\/dmsmta\/policlinico-manuel-tames\/policlinico-manuel-tames\/servicios\/","name":"Servicios - Direcci\u00f3n General de Salud","isPartOf":{"@id":"https:\/\/instituciones.gtm.sld.cu\/dmsmta\/#website"},"datePublished":"2019-05-07T16:10:48+00:00","dateModified":"2019-05-07T16:10:48+00:00","breadcrumb":{"@id":"https:\/\/instituciones.gtm.sld.cu\/dmsmta\/policlinico-manuel-tames\/policlinico-manuel-tames\/servicios\/#breadcrumb"},"inLanguage":"es","potentialAction":[{"@type":"ReadAction","target":["https:\/\/instituciones.gtm.sld.cu\/dmsmta\/policlinico-manuel-tames\/policlinico-manuel-tames\/servicios\/"]}]},{"@type":"BreadcrumbList","@id":"https:\/\/instituciones.gtm.sld.cu\/dmsmta\/policlinico-manuel-tames\/policlinico-manuel-tames\/servicios\/#breadcrumb","itemListElement":[{"@type":"ListItem","position":1,"name":"Portada","item":"https:\/\/instituciones.gtm.sld.cu\/dmsmta\/"},{"@type":"ListItem","position":2,"name":"Unidades","item":"https:\/\/instituciones.gtm.sld.cu\/dmsmta\/policlinico-manuel-tames\/"},{"@type":"ListItem","position":3,"name":"Policl\u00ednico Manuel Tames","item":"https:\/\/instituciones.gtm.sld.cu\/dmsmta\/policlinico-manuel-tames\/policlinico-manuel-tames\/"},{"@type":"ListItem","position":4,"name":"Servicios"}]},{"@type":"WebSite","@id":"https:\/\/instituciones.gtm.sld.cu\/dmsmta\/#website","url":"https:\/\/instituciones.gtm.sld.cu\/dmsmta\/","name":"Direcci\u00f3n General de Salud","description":"Manuel Tames","potentialAction":[{"@type":"SearchAction","target":{"@type":"EntryPoint","urlTemplate":"https:\/\/instituciones.gtm.sld.cu\/dmsmta\/?s={search_term_string}"},"query-input":"required name=search_term_string"}],"inLanguage":"es"}]}},"_links":{"self":[{"href":"https:\/\/instituciones.gtm.sld.cu\/dmsmta\/wp-json\/wp\/v2\/pages\/1128"}],"collection":[{"href":"https:\/\/instituciones.gtm.sld.cu\/dmsmta\/wp-json\/wp\/v2\/pages"}],"about":[{"href":"https:\/\/instituciones.gtm.sld.cu\/dmsmta\/wp-json\/wp\/v2\/types\/page"}],"author":[{"embeddable":true,"href":"https:\/\/instituciones.gtm.sld.cu\/dmsmta\/wp-json\/wp\/v2\/users\/79"}],"replies":[{"embeddable":true,"href":"https:\/\/instituciones.gtm.sld.cu\/dmsmta\/wp-json\/wp\/v2\/comments?post=1128"}],"version-history":[{"count":0,"href":"https:\/\/instituciones.gtm.sld.cu\/dmsmta\/wp-json\/wp\/v2\/pages\/1128\/revisions"}],"up":[{"embeddable":true,"href":"https:\/\/instituciones.gtm.sld.cu\/dmsmta\/wp-json\/wp\/v2\/pages\/528"}],"wp:attachment":[{"href":"https:\/\/instituciones.gtm.sld.cu\/dmsmta\/wp-json\/wp\/v2\/media?parent=1128"}],"curies":[{"name":"wp","href":"https:\/\/api.w.org\/{rel}","templated":true}]}}