{"id":1207,"date":"2019-07-10T15:10:38","date_gmt":"2019-07-10T15:10:38","guid":{"rendered":"http:\/\/instituciones2.gtm.sld.cu\/dmsmta\/?page_id=1207"},"modified":"2019-07-10T15:10:38","modified_gmt":"2019-07-10T15:10:38","slug":"vision","status":"publish","type":"page","link":"https:\/\/instituciones.gtm.sld.cu\/dmsmta\/acerca-de\/vision\/","title":{"rendered":"Visi\u00f3n"},"content":{"rendered":"<p>La Direcci\u00f3n Muncipal de Salud en el municipio, ha logrado la transformaci\u00f3n del estado de salud de la poblaci\u00f3n tamense, consolidando la Atenci\u00f3n Primaria de Salud, y el papel de los policl\u00ednicos docentes, mejrand de forma sostenible la calidad de los servicios, la \u00e9tica,, el humanismo y la solidaridad, respaldada responsabilidad individual, social, la satisfacci\u00f3n de la poblaci\u00f3n y los trabajadores del sistema. Ha formado, comprometidos con la conducta revolucionaria, profesional y m\u00e9dica.<\/p>\n","protected":false},"excerpt":{"rendered":"<p>La Direcci\u00f3n Muncipal de Salud en el municipio, ha logrado la transformaci\u00f3n del estado de salud de la poblaci\u00f3n tamense, consolidando la Atenci\u00f3n Primaria de Salud, y el papel de los policl\u00ednicos docentes, mejrand de forma sostenible la calidad de los servicios, la \u00e9tica,, el humanismo y la solidaridad, respaldada responsabilidad individual, social, la satisfacci\u00f3n &hellip; <\/p>\n<p><a class=\"more-link btn\" href=\"https:\/\/instituciones.gtm.sld.cu\/dmsmta\/acerca-de\/vision\/\">Seguir leyendo<\/a><\/p>\n","protected":false},"author":79,"featured_media":0,"parent":27,"menu_order":3,"comment_status":"closed","ping_status":"closed","template":"","meta":{"ngg_post_thumbnail":0,"_mc_calendar":[]},"yoast_head":"<!-- This site is optimized with the Yoast SEO plugin v21.8 - https:\/\/yoast.com\/wordpress\/plugins\/seo\/ -->\n<title>Visi\u00f3n - Direcci\u00f3n General de Salud<\/title>\n<meta name=\"robots\" content=\"index, follow, max-snippet:-1, max-image-preview:large, max-video-preview:-1\" \/>\n<link rel=\"canonical\" href=\"https:\/\/instituciones.gtm.sld.cu\/dmsmta\/acerca-de\/vision\/\" \/>\n<meta property=\"og:locale\" content=\"es_ES\" \/>\n<meta property=\"og:type\" content=\"article\" \/>\n<meta property=\"og:title\" content=\"Visi\u00f3n - Direcci\u00f3n General de Salud\" \/>\n<meta property=\"og:description\" content=\"La Direcci\u00f3n Muncipal de Salud en el municipio, ha logrado la transformaci\u00f3n del estado de salud de la poblaci\u00f3n tamense, consolidando la Atenci\u00f3n Primaria de Salud, y el papel de los policl\u00ednicos docentes, mejrand de forma sostenible la calidad de los servicios, la \u00e9tica,, el humanismo y la solidaridad, respaldada responsabilidad individual, social, la satisfacci\u00f3n &hellip; Seguir leyendo\" \/>\n<meta property=\"og:url\" content=\"https:\/\/instituciones.gtm.sld.cu\/dmsmta\/acerca-de\/vision\/\" \/>\n<meta property=\"og:site_name\" content=\"Direcci\u00f3n General de Salud\" \/>\n<meta name=\"twitter:card\" content=\"summary_large_image\" \/>\n<script type=\"application\/ld+json\" class=\"yoast-schema-graph\">{\"@context\":\"https:\/\/schema.org\",\"@graph\":[{\"@type\":\"WebPage\",\"@id\":\"https:\/\/instituciones.gtm.sld.cu\/dmsmta\/acerca-de\/vision\/\",\"url\":\"https:\/\/instituciones.gtm.sld.cu\/dmsmta\/acerca-de\/vision\/\",\"name\":\"Visi\u00f3n - Direcci\u00f3n General de Salud\",\"isPartOf\":{\"@id\":\"https:\/\/instituciones.gtm.sld.cu\/dmsmta\/#website\"},\"datePublished\":\"2019-07-10T15:10:38+00:00\",\"dateModified\":\"2019-07-10T15:10:38+00:00\",\"breadcrumb\":{\"@id\":\"https:\/\/instituciones.gtm.sld.cu\/dmsmta\/acerca-de\/vision\/#breadcrumb\"},\"inLanguage\":\"es\",\"potentialAction\":[{\"@type\":\"ReadAction\",\"target\":[\"https:\/\/instituciones.gtm.sld.cu\/dmsmta\/acerca-de\/vision\/\"]}]},{\"@type\":\"BreadcrumbList\",\"@id\":\"https:\/\/instituciones.gtm.sld.cu\/dmsmta\/acerca-de\/vision\/#breadcrumb\",\"itemListElement\":[{\"@type\":\"ListItem\",\"position\":1,\"name\":\"Portada\",\"item\":\"https:\/\/instituciones.gtm.sld.cu\/dmsmta\/\"},{\"@type\":\"ListItem\",\"position\":2,\"name\":\"Acerca De\",\"item\":\"https:\/\/instituciones.gtm.sld.cu\/dmsmta\/acerca-de\/\"},{\"@type\":\"ListItem\",\"position\":3,\"name\":\"Visi\u00f3n\"}]},{\"@type\":\"WebSite\",\"@id\":\"https:\/\/instituciones.gtm.sld.cu\/dmsmta\/#website\",\"url\":\"https:\/\/instituciones.gtm.sld.cu\/dmsmta\/\",\"name\":\"Direcci\u00f3n General de Salud\",\"description\":\"Manuel Tames\",\"potentialAction\":[{\"@type\":\"SearchAction\",\"target\":{\"@type\":\"EntryPoint\",\"urlTemplate\":\"https:\/\/instituciones.gtm.sld.cu\/dmsmta\/?s={search_term_string}\"},\"query-input\":\"required name=search_term_string\"}],\"inLanguage\":\"es\"}]}<\/script>\n<!-- \/ Yoast SEO plugin. -->","yoast_head_json":{"title":"Visi\u00f3n - Direcci\u00f3n General de Salud","robots":{"index":"index","follow":"follow","max-snippet":"max-snippet:-1","max-image-preview":"max-image-preview:large","max-video-preview":"max-video-preview:-1"},"canonical":"https:\/\/instituciones.gtm.sld.cu\/dmsmta\/acerca-de\/vision\/","og_locale":"es_ES","og_type":"article","og_title":"Visi\u00f3n - Direcci\u00f3n General de Salud","og_description":"La Direcci\u00f3n Muncipal de Salud en el municipio, ha logrado la transformaci\u00f3n del estado de salud de la poblaci\u00f3n tamense, consolidando la Atenci\u00f3n Primaria de Salud, y el papel de los policl\u00ednicos docentes, mejrand de forma sostenible la calidad de los servicios, la \u00e9tica,, el humanismo y la solidaridad, respaldada responsabilidad individual, social, la satisfacci\u00f3n &hellip; Seguir leyendo","og_url":"https:\/\/instituciones.gtm.sld.cu\/dmsmta\/acerca-de\/vision\/","og_site_name":"Direcci\u00f3n General de Salud","twitter_card":"summary_large_image","schema":{"@context":"https:\/\/schema.org","@graph":[{"@type":"WebPage","@id":"https:\/\/instituciones.gtm.sld.cu\/dmsmta\/acerca-de\/vision\/","url":"https:\/\/instituciones.gtm.sld.cu\/dmsmta\/acerca-de\/vision\/","name":"Visi\u00f3n - Direcci\u00f3n General de Salud","isPartOf":{"@id":"https:\/\/instituciones.gtm.sld.cu\/dmsmta\/#website"},"datePublished":"2019-07-10T15:10:38+00:00","dateModified":"2019-07-10T15:10:38+00:00","breadcrumb":{"@id":"https:\/\/instituciones.gtm.sld.cu\/dmsmta\/acerca-de\/vision\/#breadcrumb"},"inLanguage":"es","potentialAction":[{"@type":"ReadAction","target":["https:\/\/instituciones.gtm.sld.cu\/dmsmta\/acerca-de\/vision\/"]}]},{"@type":"BreadcrumbList","@id":"https:\/\/instituciones.gtm.sld.cu\/dmsmta\/acerca-de\/vision\/#breadcrumb","itemListElement":[{"@type":"ListItem","position":1,"name":"Portada","item":"https:\/\/instituciones.gtm.sld.cu\/dmsmta\/"},{"@type":"ListItem","position":2,"name":"Acerca De","item":"https:\/\/instituciones.gtm.sld.cu\/dmsmta\/acerca-de\/"},{"@type":"ListItem","position":3,"name":"Visi\u00f3n"}]},{"@type":"WebSite","@id":"https:\/\/instituciones.gtm.sld.cu\/dmsmta\/#website","url":"https:\/\/instituciones.gtm.sld.cu\/dmsmta\/","name":"Direcci\u00f3n General de Salud","description":"Manuel Tames","potentialAction":[{"@type":"SearchAction","target":{"@type":"EntryPoint","urlTemplate":"https:\/\/instituciones.gtm.sld.cu\/dmsmta\/?s={search_term_string}"},"query-input":"required name=search_term_string"}],"inLanguage":"es"}]}},"_links":{"self":[{"href":"https:\/\/instituciones.gtm.sld.cu\/dmsmta\/wp-json\/wp\/v2\/pages\/1207"}],"collection":[{"href":"https:\/\/instituciones.gtm.sld.cu\/dmsmta\/wp-json\/wp\/v2\/pages"}],"about":[{"href":"https:\/\/instituciones.gtm.sld.cu\/dmsmta\/wp-json\/wp\/v2\/types\/page"}],"author":[{"embeddable":true,"href":"https:\/\/instituciones.gtm.sld.cu\/dmsmta\/wp-json\/wp\/v2\/users\/79"}],"replies":[{"embeddable":true,"href":"https:\/\/instituciones.gtm.sld.cu\/dmsmta\/wp-json\/wp\/v2\/comments?post=1207"}],"version-history":[{"count":0,"href":"https:\/\/instituciones.gtm.sld.cu\/dmsmta\/wp-json\/wp\/v2\/pages\/1207\/revisions"}],"up":[{"embeddable":true,"href":"https:\/\/instituciones.gtm.sld.cu\/dmsmta\/wp-json\/wp\/v2\/pages\/27"}],"wp:attachment":[{"href":"https:\/\/instituciones.gtm.sld.cu\/dmsmta\/wp-json\/wp\/v2\/media?parent=1207"}],"curies":[{"name":"wp","href":"https:\/\/api.w.org\/{rel}","templated":true}]}}