{"id":1209,"date":"2019-07-10T15:17:15","date_gmt":"2019-07-10T15:17:15","guid":{"rendered":"http:\/\/instituciones2.gtm.sld.cu\/dmsmta\/?page_id=1209"},"modified":"2019-07-10T15:17:15","modified_gmt":"2019-07-10T15:17:15","slug":"objetivos-del-sitio","status":"publish","type":"page","link":"https:\/\/instituciones.gtm.sld.cu\/dmsmta\/acerca-de\/objetivos-del-sitio\/","title":{"rendered":"Objetivos del Sitio"},"content":{"rendered":"\n<p>La Direcci\u00f3n Muncipal de Salud en Manuel Tames presenta este portal dedicado a publicar todo lo acontecido en materia de salud en el municipio, as\u00ed como los eventos y jornadas cient\u00edfica a desarrollarse; y que el paciente conozca de sus servicios para con mayor calidad lograr una mejor atenci\u00f3n e informaci\u00f3n a toda poblaci\u00f3n en sentido general.<\/p>\n\n\n\n<p>Especificamos que con este objetivo vemos tambi\u00e9n la necesidad de:<\/p>\n\n\n\n<ul><li>Crear y desarrollar un espacio virtual para desarrollar y publicar informaci\u00f3n \u00fatil, actualizada y variada, en correspondencia con los objetivos de trabajo del sector salud en nuestro Municipio.<\/li><li>Promover eventos en la municipales, provinciales, nacionales e internacionales que sean de inter\u00e9s para nuestros profesionales.<\/li><li>Poseer un espacio para el intercambio con nuestra poblaci\u00f3n en aras del mejoramiento de los servicios de salud.<\/li><li>Proveer de informaci\u00f3n cient\u00edfico t\u00e9cnica para contribuir al perfeccionamiento de la calidad de la atenci\u00f3n m\u00e9dica integral a la poblaci\u00f3n.<\/li><li>Mostrar de forma concreta los resultados y el impacto del sistema de salud cubano y en particular el tamense y la del guantanamero en sentido general, en el bienestar de toda la poblaci\u00f3n.<\/li><\/ul>\n\n\n\n<table class=\"wp-block-table\"><tbody><tr><td>&nbsp;<\/td><td>&nbsp;<\/td><\/tr><tr><td>&nbsp;<\/td><td>&nbsp;<\/td><\/tr><\/tbody><\/table>\n","protected":false},"excerpt":{"rendered":"<p>La Direcci\u00f3n Muncipal de Salud en Manuel Tames presenta este portal dedicado a publicar todo lo acontecido en materia de salud en el municipio, as\u00ed como los eventos y jornadas cient\u00edfica a desarrollarse; y que el paciente conozca de sus servicios para con mayor calidad lograr una mejor atenci\u00f3n e informaci\u00f3n a toda poblaci\u00f3n en &hellip; <\/p>\n<p><a class=\"more-link btn\" href=\"https:\/\/instituciones.gtm.sld.cu\/dmsmta\/acerca-de\/objetivos-del-sitio\/\">Seguir leyendo<\/a><\/p>\n","protected":false},"author":79,"featured_media":0,"parent":27,"menu_order":4,"comment_status":"closed","ping_status":"closed","template":"","meta":{"ngg_post_thumbnail":0,"_mc_calendar":[]},"yoast_head":"<!-- This site is optimized with the Yoast SEO plugin v21.8 - https:\/\/yoast.com\/wordpress\/plugins\/seo\/ -->\n<title>Objetivos del Sitio - Direcci\u00f3n General de Salud<\/title>\n<meta name=\"robots\" content=\"index, follow, max-snippet:-1, max-image-preview:large, max-video-preview:-1\" \/>\n<link rel=\"canonical\" href=\"https:\/\/instituciones.gtm.sld.cu\/dmsmta\/acerca-de\/objetivos-del-sitio\/\" \/>\n<meta property=\"og:locale\" content=\"es_ES\" \/>\n<meta property=\"og:type\" content=\"article\" \/>\n<meta property=\"og:title\" content=\"Objetivos del Sitio - Direcci\u00f3n General de Salud\" \/>\n<meta property=\"og:description\" content=\"La Direcci\u00f3n Muncipal de Salud en Manuel Tames presenta este portal dedicado a publicar todo lo acontecido en materia de salud en el municipio, as\u00ed como los eventos y jornadas cient\u00edfica a desarrollarse; y que el paciente conozca de sus servicios para con mayor calidad lograr una mejor atenci\u00f3n e informaci\u00f3n a toda poblaci\u00f3n en &hellip; Seguir leyendo\" \/>\n<meta property=\"og:url\" content=\"https:\/\/instituciones.gtm.sld.cu\/dmsmta\/acerca-de\/objetivos-del-sitio\/\" \/>\n<meta property=\"og:site_name\" content=\"Direcci\u00f3n General de Salud\" \/>\n<meta name=\"twitter:card\" content=\"summary_large_image\" \/>\n<meta name=\"twitter:label1\" content=\"Tiempo de lectura\" \/>\n\t<meta name=\"twitter:data1\" content=\"1 minuto\" \/>\n<script type=\"application\/ld+json\" class=\"yoast-schema-graph\">{\"@context\":\"https:\/\/schema.org\",\"@graph\":[{\"@type\":\"WebPage\",\"@id\":\"https:\/\/instituciones.gtm.sld.cu\/dmsmta\/acerca-de\/objetivos-del-sitio\/\",\"url\":\"https:\/\/instituciones.gtm.sld.cu\/dmsmta\/acerca-de\/objetivos-del-sitio\/\",\"name\":\"Objetivos del Sitio - Direcci\u00f3n General de Salud\",\"isPartOf\":{\"@id\":\"https:\/\/instituciones.gtm.sld.cu\/dmsmta\/#website\"},\"datePublished\":\"2019-07-10T15:17:15+00:00\",\"dateModified\":\"2019-07-10T15:17:15+00:00\",\"breadcrumb\":{\"@id\":\"https:\/\/instituciones.gtm.sld.cu\/dmsmta\/acerca-de\/objetivos-del-sitio\/#breadcrumb\"},\"inLanguage\":\"es\",\"potentialAction\":[{\"@type\":\"ReadAction\",\"target\":[\"https:\/\/instituciones.gtm.sld.cu\/dmsmta\/acerca-de\/objetivos-del-sitio\/\"]}]},{\"@type\":\"BreadcrumbList\",\"@id\":\"https:\/\/instituciones.gtm.sld.cu\/dmsmta\/acerca-de\/objetivos-del-sitio\/#breadcrumb\",\"itemListElement\":[{\"@type\":\"ListItem\",\"position\":1,\"name\":\"Portada\",\"item\":\"https:\/\/instituciones.gtm.sld.cu\/dmsmta\/\"},{\"@type\":\"ListItem\",\"position\":2,\"name\":\"Acerca De\",\"item\":\"https:\/\/instituciones.gtm.sld.cu\/dmsmta\/acerca-de\/\"},{\"@type\":\"ListItem\",\"position\":3,\"name\":\"Objetivos del Sitio\"}]},{\"@type\":\"WebSite\",\"@id\":\"https:\/\/instituciones.gtm.sld.cu\/dmsmta\/#website\",\"url\":\"https:\/\/instituciones.gtm.sld.cu\/dmsmta\/\",\"name\":\"Direcci\u00f3n General de Salud\",\"description\":\"Manuel Tames\",\"potentialAction\":[{\"@type\":\"SearchAction\",\"target\":{\"@type\":\"EntryPoint\",\"urlTemplate\":\"https:\/\/instituciones.gtm.sld.cu\/dmsmta\/?s={search_term_string}\"},\"query-input\":\"required name=search_term_string\"}],\"inLanguage\":\"es\"}]}<\/script>\n<!-- \/ Yoast SEO plugin. -->","yoast_head_json":{"title":"Objetivos del Sitio - Direcci\u00f3n General de Salud","robots":{"index":"index","follow":"follow","max-snippet":"max-snippet:-1","max-image-preview":"max-image-preview:large","max-video-preview":"max-video-preview:-1"},"canonical":"https:\/\/instituciones.gtm.sld.cu\/dmsmta\/acerca-de\/objetivos-del-sitio\/","og_locale":"es_ES","og_type":"article","og_title":"Objetivos del Sitio - Direcci\u00f3n General de Salud","og_description":"La Direcci\u00f3n Muncipal de Salud en Manuel Tames presenta este portal dedicado a publicar todo lo acontecido en materia de salud en el municipio, as\u00ed como los eventos y jornadas cient\u00edfica a desarrollarse; y que el paciente conozca de sus servicios para con mayor calidad lograr una mejor atenci\u00f3n e informaci\u00f3n a toda poblaci\u00f3n en &hellip; Seguir leyendo","og_url":"https:\/\/instituciones.gtm.sld.cu\/dmsmta\/acerca-de\/objetivos-del-sitio\/","og_site_name":"Direcci\u00f3n General de Salud","twitter_card":"summary_large_image","twitter_misc":{"Tiempo de lectura":"1 minuto"},"schema":{"@context":"https:\/\/schema.org","@graph":[{"@type":"WebPage","@id":"https:\/\/instituciones.gtm.sld.cu\/dmsmta\/acerca-de\/objetivos-del-sitio\/","url":"https:\/\/instituciones.gtm.sld.cu\/dmsmta\/acerca-de\/objetivos-del-sitio\/","name":"Objetivos del Sitio - Direcci\u00f3n General de Salud","isPartOf":{"@id":"https:\/\/instituciones.gtm.sld.cu\/dmsmta\/#website"},"datePublished":"2019-07-10T15:17:15+00:00","dateModified":"2019-07-10T15:17:15+00:00","breadcrumb":{"@id":"https:\/\/instituciones.gtm.sld.cu\/dmsmta\/acerca-de\/objetivos-del-sitio\/#breadcrumb"},"inLanguage":"es","potentialAction":[{"@type":"ReadAction","target":["https:\/\/instituciones.gtm.sld.cu\/dmsmta\/acerca-de\/objetivos-del-sitio\/"]}]},{"@type":"BreadcrumbList","@id":"https:\/\/instituciones.gtm.sld.cu\/dmsmta\/acerca-de\/objetivos-del-sitio\/#breadcrumb","itemListElement":[{"@type":"ListItem","position":1,"name":"Portada","item":"https:\/\/instituciones.gtm.sld.cu\/dmsmta\/"},{"@type":"ListItem","position":2,"name":"Acerca De","item":"https:\/\/instituciones.gtm.sld.cu\/dmsmta\/acerca-de\/"},{"@type":"ListItem","position":3,"name":"Objetivos del Sitio"}]},{"@type":"WebSite","@id":"https:\/\/instituciones.gtm.sld.cu\/dmsmta\/#website","url":"https:\/\/instituciones.gtm.sld.cu\/dmsmta\/","name":"Direcci\u00f3n General de Salud","description":"Manuel Tames","potentialAction":[{"@type":"SearchAction","target":{"@type":"EntryPoint","urlTemplate":"https:\/\/instituciones.gtm.sld.cu\/dmsmta\/?s={search_term_string}"},"query-input":"required name=search_term_string"}],"inLanguage":"es"}]}},"_links":{"self":[{"href":"https:\/\/instituciones.gtm.sld.cu\/dmsmta\/wp-json\/wp\/v2\/pages\/1209"}],"collection":[{"href":"https:\/\/instituciones.gtm.sld.cu\/dmsmta\/wp-json\/wp\/v2\/pages"}],"about":[{"href":"https:\/\/instituciones.gtm.sld.cu\/dmsmta\/wp-json\/wp\/v2\/types\/page"}],"author":[{"embeddable":true,"href":"https:\/\/instituciones.gtm.sld.cu\/dmsmta\/wp-json\/wp\/v2\/users\/79"}],"replies":[{"embeddable":true,"href":"https:\/\/instituciones.gtm.sld.cu\/dmsmta\/wp-json\/wp\/v2\/comments?post=1209"}],"version-history":[{"count":0,"href":"https:\/\/instituciones.gtm.sld.cu\/dmsmta\/wp-json\/wp\/v2\/pages\/1209\/revisions"}],"up":[{"embeddable":true,"href":"https:\/\/instituciones.gtm.sld.cu\/dmsmta\/wp-json\/wp\/v2\/pages\/27"}],"wp:attachment":[{"href":"https:\/\/instituciones.gtm.sld.cu\/dmsmta\/wp-json\/wp\/v2\/media?parent=1209"}],"curies":[{"name":"wp","href":"https:\/\/api.w.org\/{rel}","templated":true}]}}