{"id":549,"date":"2019-03-16T12:36:48","date_gmt":"2019-03-16T12:36:48","guid":{"rendered":"http:\/\/instituciones2.gtm.sld.cu\/dmsmta\/?page_id=549"},"modified":"2019-03-16T12:36:48","modified_gmt":"2019-03-16T12:36:48","slug":"informatica","status":"publish","type":"page","link":"https:\/\/instituciones.gtm.sld.cu\/dmsmta\/departamentos\/direccion\/informatica\/","title":{"rendered":"Inform\u00e1tica"},"content":{"rendered":"\n<p><strong>Misi\u00f3n<\/strong> <\/p>\n\n\n\n<p>Responder a las condiciones y necesidades del proceso de informatizaci\u00f3n del pa\u00eds, implantando y manteniendo actualizado un Sistema de Seguridad inform\u00e1tica a partir de la importancia de los bienes a proteger y de los riesgos a que est\u00e1n sometidos, con el fin de alcanzar los siguientes objetivos:<\/p>\n\n\n\n<p>&nbsp;&#8211; Minimizar los riesgos sobre los sistemas\ninform\u00e1ticos.<\/p>\n\n\n\n<p>&#8211; Garantizar la continuidad de los procesos\ninform\u00e1ticos.<\/p>\n\n\n\n<p style=\"text-align:left\">&#8211; El Sistema de Seguridad inform\u00e1tica estar\u00e1\nrelacionado con la confidencialidad, integridad y disponibilidad de la\ninformaci\u00f3n tratada por los ordenadores y las redes de datos.<\/p>\n\n\n\n<p><\/p>\n\n\n\n<p><strong>Visi\u00f3n<\/strong><\/p>\n\n\n\n<p>Dise\u00f1ar un Sistema de Seguridad Inform\u00e1tica y elaborar\nel Plan de Seguridad Inform\u00e1tica de la entidad en correspondencia con las\nmetodolog\u00edas establecidas al respecto por la Oficina de Seguridad para las\nRedes Inform\u00e1ticas, adscripta al Ministerio de la Inform\u00e1tica y las\nComunicaciones.<\/p>\n\n\n\n<p>Aplicar el Sistema de Seguridad inform\u00e1tica\ngarantizando la confidencialidad, integridad y disponibilidad de la informaci\u00f3n\ntratada por los ordenadores y las redes de datos.<\/p>\n\n\n\n<p>Garantizar la disponibilidad de los bienes\ninform\u00e1ticos.<\/p>\n\n\n\n<p>Asesorar a las distintas instancias sobre los aspectos\nt\u00e9cnicos vinculados con la seguridad de las tecnolog\u00edas de la informaci\u00f3n.<\/p>\n\n\n\n<p>Establecer los controles necesarios para impedir la\ninstalaci\u00f3n de cualquier tipo de hardware o software sin la autorizaci\u00f3n de la\nDirecci\u00f3n de la Entidad.<\/p>\n\n\n\n<p>Implantar el sistema operativo de mayor seguridad como\nLinux en sus distintas versiones.<\/p>\n\n\n\n<p>Robustecer la prestaci\u00f3n de servicios en los\nservidores para disminuir los riesgos en el intercambio de informaci\u00f3n con el\nexterior de la entidad.<\/p>\n\n\n\n<p><strong>Objetivos de la estrategia de\nInformatizaci\u00f3n en el Sistema Nacional de Salud.<\/strong><\/p>\n\n\n\n<ol><li>Proporcionar el\nsoporte y soluciones tecnol\u00f3gicas adecuadas que permita el incremento del\nestado de Salud de la poblaci\u00f3n y su satisfacci\u00f3n con los servicios.<\/li><li>Fortalecer la\ninfraestructura tecnol\u00f3gica y de aplicaciones para el desarrollo de las\nacciones de Higiene, Epidemiolog\u00eda y Microbiolog\u00eda.<\/li><li>Fomentar las\naplicaciones que permitan ejercer la Regulaci\u00f3n Sanitaria.<\/li><li>Desarrollar\nestrategias tecnol\u00f3gicas en apoyo a los procesos de formaci\u00f3n, capacitaci\u00f3n e\ninvestigaci\u00f3n.<\/li><li>Implementar soluciones\ninform\u00e1ticas ajustadas para el control de los procesos de las diferentes\nmodalidades de exportaci\u00f3n de servicios y de la cooperaci\u00f3n internacional del\nsistema de salud cubano.<\/li><li>Propiciar aplicaciones\nencaminadas a lograr la racionalidad y la eficiencia econ\u00f3mica en el sector.<\/li><li>Fortalecer la Red\nTelem\u00e1tica y el Centro de Datos de la Salud (INFOMED) como infraestructura de\nla Salud.<\/li><\/ol>\n\n\n\n<p><strong>Objetivos de trabajo para el a\u00f1o 2019<\/strong><\/p>\n\n\n\n<table class=\"wp-block-table\"><tbody><tr><td>\n  <strong>Criterios de medida<\/strong>\n  <\/td><td>\n  <strong>Criterios de evaluaci\u00f3n<\/strong>\n  <\/td><td>\n  <strong>Grado de consecuci\u00f3n<\/strong>\n  <\/td><\/tr><tr><td><strong>1.24 Implementados los planes y proyectos inform\u00e1ticos para el desarrollo    y uso de las TIC en las instituciones de salud (L-123,<br>   <\/strong>L-128)<br>   Evaluaci\u00f3n:<br>   B: Todos B<br>   R: 3 R<br>   M: 3 M   <\/td><td>Porcentaje de institucion es que cuentan con el plan para el desarrollo y uso de las TIC (proyectos    de informatizaci\u00f3n)   <\/td><td>\n  B: M\u00e1s del 95 %<br>\n  R: 85 % al 95 %<br>\n  M: Menos del 85 %\n  <\/td><\/tr><tr><td>\n  <strong>&nbsp;<\/strong>\n  <\/td><td>Implementada la historia cl\u00ednica digital en 6 institutos de investigaci\u00f3n, 12 cl\u00ednicas internacionales y en 16 hospitales provinciales   <\/td><td>\n  B: Mayor del 90 %<br>\n  R: 80 % al 89 %<br>\n  M: Menos del 80 %\n  <\/td><\/tr><tr><td>\n  <strong>&nbsp;<\/strong>\n  <\/td><td>Implantada la soluci\u00f3n Galen Cl\u00ednicas para policl\u00ednicos en 16 unidades del pa\u00eds   <\/td><td>\n  B: Mayor del 90 %<br>\n  R: 80 % al 89 %<br>\n  M: Menos del 80 %\n  <\/td><\/tr><tr><td>\n  <strong>&nbsp;<\/strong>\n  <\/td><td>Implantada la soluci\u00f3n Galen Cl\u00ednicas en 16 cl\u00ednicas estomatol\u00f3gicas del pa\u00eds   <\/td><td>\n  B: Mayor del 90 %<br>\n  R: 80 % al 89 %<br>\n  M: Menos del 80 %\n  <\/td><\/tr><tr><td>\n  <strong>1.25. Garantizado el desarrollo<br>\n  del proceso de informatizaci\u00f3n<br>\n  en la atenci\u00f3n m\u00e9dica<br>\n  internacional. (L-108-122-<br>\n  271-272)<br>\n  <\/strong>Evaluaci\u00f3n:<br>\n  B: Todos B<br>\n  R: 3 R<br>\n  M: 3 M\n  <\/td><td>Porcentaje de cl\u00ednicas internacionales con acceso a internet   <\/td><td>\n  B: mayor o igual a\n  90%&nbsp;&nbsp;&nbsp;&nbsp;&nbsp;&nbsp;&nbsp;&nbsp;&nbsp;&nbsp;&nbsp;&nbsp;&nbsp;&nbsp;&nbsp;&nbsp;&nbsp;&nbsp;&nbsp;&nbsp;&nbsp;&nbsp;&nbsp;&nbsp;&nbsp;&nbsp;&nbsp;<br>\n  R: 70% al\n  89%&nbsp;&nbsp;&nbsp;&nbsp;&nbsp;&nbsp;&nbsp;&nbsp;&nbsp;&nbsp;&nbsp;&nbsp;&nbsp;&nbsp;&nbsp;&nbsp;&nbsp;&nbsp;&nbsp;&nbsp;&nbsp;&nbsp;&nbsp;&nbsp;&nbsp;&nbsp;&nbsp;&nbsp;&nbsp;&nbsp;&nbsp;&nbsp;&nbsp;&nbsp;&nbsp;&nbsp;&nbsp;&nbsp;&nbsp;&nbsp;&nbsp;<br>\n  M: inferior a 70%\n  <\/td><\/tr><tr><td>\n  <strong>&nbsp;<\/strong>\n  <\/td><td>Porcentaje de salas de atenci\u00f3n m\u00e9dica internacional con acceso a internet   <\/td><td>\n  B: mayor o igual a 70 %<br>\n  R: 60 % a 69 %<br>\n  M: inferior a 60 %\n  <\/td><\/tr><tr><td>\n  <strong>&nbsp;<\/strong>\n  <\/td><td>Porcentaje de farmacias internacionales con acceso a internet   <\/td><td>\n  B: mayor o igual a 90 %<br>\n  R: 50 % a 79 %\n  M: inferior a 50 %\n  <\/td><\/tr><tr><td><strong>1.26 Garantizada la infraestructura de conectividad y acceso a internet en las unidades de salud. (L-123)<br>   <\/strong>Evaluaci\u00f3n:<br>   B: 3 B y 1 R<br>   R: 3 R<br>   M: 2 M   <\/td><td>Porcentaje de policl\u00ednicos con autorizos de acceso a internet   <\/td><td>\n  B: mayor o igual a 80 %<br>\n  R: 60 % a 79 %<br>\n  M: inferior a 60 %\n  <\/td><\/tr><tr><td>\n  <strong>&nbsp;<\/strong>\n  <\/td><td>Porcentaje de hospitales con autorizos de acceso a internet   <\/td><td>\n  B: mayor o igual a 90 %<br>\n  R: 70 % a 89 %<br>\n  M: inferior a 70 %\n  <\/td><\/tr><tr><td>\n  <strong>&nbsp;<\/strong>\n  <\/td><td>Porcentaje de farmacias principales, especiales de \u00e1reas conectadas por ADSL   <\/td><td>\n  B: mayor o igual a 70 %<br>\n  R: 60 % a 69 %<br>\n  M: inferior a 60 %\n  <\/td><\/tr><tr><td>\n  <strong>&nbsp;<\/strong>\n  <\/td><td>Porcentaje de unidades de salud conectadas por banda ancha (mayor de 256 KB)   <\/td><td>\n  B: mayor o igual a 95 %<br>\n  R: 90 % a 94 %<br>\n  M: inferior a 90 %\n  <\/td><\/tr><\/tbody><\/table>\n\n\n\n<p><strong>Pol\u00edtica para la\ninformatizaci\u00f3n&nbsp;del Sistema Nacional de Salud (SNS):<\/strong><\/p>\n\n\n\n<ol><li>El proceso de\ninformatizaci\u00f3n responde a las Pol\u00edticas y Principios Socialistas. Es una\nestrategia vital y prioritaria del Sistema Nacional de Salud, que debe\nalinearse con las tecnolog\u00edas de punta y los est\u00e1ndares de calidad\ndesarrollados en el mundo, adecuados a nuestras condiciones particulares.<\/li><li>La Ciberseguridad es\nrequisito imprescindible, responsabilidad ineludible de los productores,\nprestadores y usuarios, para garantizar la disponibilidad, integridad,\nconfidencialidad y seguridad de los datos. Se implementar\u00e1 la firma digital en\nel sector.<\/li><li>Los proyectos de\nmediana y alta complejidad, de alcance nacional ser\u00e1n aprobados centralmente,\nya que todos los productos y servicios se integrar\u00e1n a la ciberinfraestructura\ndel sector y se realizar\u00e1n en lo fundamental sobre sistemas abiertos,\narquitectura orientada a los servicios y basadas en componentes, utilizando en\nlo fundamental software libre y de calidad desarrollados en el pa\u00eds.<\/li><li>El Sistema Nacional de\nSalud asumir\u00e1 la legislaci\u00f3n y regulaciones establecidas en el pa\u00eds para la\naplicaci\u00f3n de las Tecnolog\u00edas de la Informaci\u00f3n y las Comunicaciones y\nactualizar\u00e1 la base legal, normativa y regulatoria del sector en\ncorrespondencia con el proceso de implantaci\u00f3n de las soluciones en cada una de\nlas etapas definidas en la estrategia.<\/li><li>Las aplicaciones\ndesarrolladas e implantadas en el Sistema Nacional de Salud se someter\u00e1n al\nproceso de certificaci\u00f3n nacional en un primer momento e internacional en una\nsegunda etapa.<\/li><li>Priorizar la\nintroducci\u00f3n de aplicaciones en l\u00ednea de cara a los ciudadanos.<\/li><li>Todas las inversiones\nque se desarrollen para el SNS deben considerar el elemento inform\u00e1tico desde\nsu concepci\u00f3n inicial y responder a estrategias, planes de desarrollo y\npol\u00edticas de estandarizaci\u00f3n.<\/li><li>La generalizaci\u00f3n y el\nuso de las aplicaciones deben estar avaladas por investigaci\u00f3n cient\u00edfica desde\nla definici\u00f3n del problema hasta la evaluaci\u00f3n del impacto.<\/li><li>Implantar sistema de\nindicadores para monitorear y evaluar sistem\u00e1ticamente el proceso de\ninformatizaci\u00f3n en el sector.<\/li><li>Garantizar el proceso\nde compatibilizaci\u00f3n con los \u00f3rganos de la defensa de los proyectos,\ntecnolog\u00edas y servicios que se desarrollen en el SNS.<\/li><li>Los programas de\ninformatizaci\u00f3n en la salud se basar\u00e1n en la Direcci\u00f3n Integrada de Proyectos\npara garantizar su viabilidad, sustentabilidad y mantenimiento.<\/li><li>Potenciar y garantizar\nla modernizaci\u00f3n permanente del Centro de Datos de la Salud y su\nciberinfraestructura \u201cINFOMED, la intranet de la Salud P\u00fablica Cubana\u201d.<\/li><li>La superaci\u00f3n y\nespecializaci\u00f3n de la inform\u00e1tica en salud ser\u00e1 una actividad b\u00e1sica para la\nformaci\u00f3n y preparaci\u00f3n del capital humano del sector.<\/li><li>El proceso de\ninformatizaci\u00f3n, la adquisici\u00f3n de recursos y la producci\u00f3n de servicios\nestar\u00e1n dirigidos al desarrollo y adquisici\u00f3n de conocimientos as\u00ed como\norientados a la generalizaci\u00f3n e introducci\u00f3n de innovaciones tecnol\u00f3gicas. La\nexternalizaci\u00f3n en la producci\u00f3n de sistemas y proyectos se regir\u00e1n por las\npol\u00edticas establecidas en el pa\u00eds.<\/li><li>Trabajar en los\naspectos necesarios para garantizar la exportaci\u00f3n de contenidos digitales de\nsalud, aplicaciones y servicios inform\u00e1ticos que generen ingresos al sector y\nal pa\u00eds.<\/li><li>Los proyectos que se\ncoordinen con otros organismos y entidades dentro o fuera del pa\u00eds, est\u00e1n en la\nobligaci\u00f3n de reconocer y cumplir las pol\u00edticas e intereses del MINSAP y\nadmitir la evaluaci\u00f3n, control y certificaci\u00f3n de las soluciones inform\u00e1ticas\npara el sector.<\/li><\/ol>\n","protected":false},"excerpt":{"rendered":"<p>Misi\u00f3n Responder a las condiciones y necesidades del proceso de informatizaci\u00f3n del pa\u00eds, implantando y manteniendo actualizado un Sistema de Seguridad inform\u00e1tica a partir de la importancia de los bienes a proteger y de los riesgos a que est\u00e1n sometidos, con el fin de alcanzar los siguientes objetivos: &nbsp;&#8211; Minimizar los riesgos sobre los sistemas &hellip; <\/p>\n<p><a class=\"more-link btn\" href=\"https:\/\/instituciones.gtm.sld.cu\/dmsmta\/departamentos\/direccion\/informatica\/\">Seguir leyendo<\/a><\/p>\n","protected":false},"author":79,"featured_media":0,"parent":536,"menu_order":5,"comment_status":"closed","ping_status":"closed","template":"","meta":{"ngg_post_thumbnail":0,"_mc_calendar":[]},"yoast_head":"<!-- This site is optimized with the Yoast SEO plugin v21.8 - https:\/\/yoast.com\/wordpress\/plugins\/seo\/ -->\n<title>Inform\u00e1tica - Direcci\u00f3n General de Salud<\/title>\n<meta name=\"robots\" content=\"index, follow, max-snippet:-1, max-image-preview:large, max-video-preview:-1\" \/>\n<link rel=\"canonical\" href=\"https:\/\/instituciones.gtm.sld.cu\/dmsmta\/departamentos\/direccion\/informatica\/\" \/>\n<meta property=\"og:locale\" content=\"es_ES\" \/>\n<meta property=\"og:type\" content=\"article\" \/>\n<meta property=\"og:title\" content=\"Inform\u00e1tica - Direcci\u00f3n General de Salud\" \/>\n<meta property=\"og:description\" content=\"Misi\u00f3n Responder a las condiciones y necesidades del proceso de informatizaci\u00f3n del pa\u00eds, implantando y manteniendo actualizado un Sistema de Seguridad inform\u00e1tica a partir de la importancia de los bienes a proteger y de los riesgos a que est\u00e1n sometidos, con el fin de alcanzar los siguientes objetivos: &nbsp;&#8211; Minimizar los riesgos sobre los sistemas &hellip; Seguir leyendo\" \/>\n<meta property=\"og:url\" content=\"https:\/\/instituciones.gtm.sld.cu\/dmsmta\/departamentos\/direccion\/informatica\/\" \/>\n<meta property=\"og:site_name\" content=\"Direcci\u00f3n General de Salud\" \/>\n<meta name=\"twitter:card\" content=\"summary_large_image\" \/>\n<meta name=\"twitter:label1\" content=\"Tiempo de lectura\" \/>\n\t<meta name=\"twitter:data1\" content=\"7 minutos\" \/>\n<script type=\"application\/ld+json\" class=\"yoast-schema-graph\">{\"@context\":\"https:\/\/schema.org\",\"@graph\":[{\"@type\":\"WebPage\",\"@id\":\"https:\/\/instituciones.gtm.sld.cu\/dmsmta\/departamentos\/direccion\/informatica\/\",\"url\":\"https:\/\/instituciones.gtm.sld.cu\/dmsmta\/departamentos\/direccion\/informatica\/\",\"name\":\"Inform\u00e1tica - Direcci\u00f3n General de Salud\",\"isPartOf\":{\"@id\":\"https:\/\/instituciones.gtm.sld.cu\/dmsmta\/#website\"},\"datePublished\":\"2019-03-16T12:36:48+00:00\",\"dateModified\":\"2019-03-16T12:36:48+00:00\",\"breadcrumb\":{\"@id\":\"https:\/\/instituciones.gtm.sld.cu\/dmsmta\/departamentos\/direccion\/informatica\/#breadcrumb\"},\"inLanguage\":\"es\",\"potentialAction\":[{\"@type\":\"ReadAction\",\"target\":[\"https:\/\/instituciones.gtm.sld.cu\/dmsmta\/departamentos\/direccion\/informatica\/\"]}]},{\"@type\":\"BreadcrumbList\",\"@id\":\"https:\/\/instituciones.gtm.sld.cu\/dmsmta\/departamentos\/direccion\/informatica\/#breadcrumb\",\"itemListElement\":[{\"@type\":\"ListItem\",\"position\":1,\"name\":\"Portada\",\"item\":\"https:\/\/instituciones.gtm.sld.cu\/dmsmta\/\"},{\"@type\":\"ListItem\",\"position\":2,\"name\":\"Director General\",\"item\":\"https:\/\/instituciones.gtm.sld.cu\/dmsmta\/departamentos\/\"},{\"@type\":\"ListItem\",\"position\":3,\"name\":\"Departamento de la Direcci\u00f3n\",\"item\":\"https:\/\/instituciones.gtm.sld.cu\/dmsmta\/departamentos\/direccion\/\"},{\"@type\":\"ListItem\",\"position\":4,\"name\":\"Inform\u00e1tica\"}]},{\"@type\":\"WebSite\",\"@id\":\"https:\/\/instituciones.gtm.sld.cu\/dmsmta\/#website\",\"url\":\"https:\/\/instituciones.gtm.sld.cu\/dmsmta\/\",\"name\":\"Direcci\u00f3n General de Salud\",\"description\":\"Manuel Tames\",\"potentialAction\":[{\"@type\":\"SearchAction\",\"target\":{\"@type\":\"EntryPoint\",\"urlTemplate\":\"https:\/\/instituciones.gtm.sld.cu\/dmsmta\/?s={search_term_string}\"},\"query-input\":\"required name=search_term_string\"}],\"inLanguage\":\"es\"}]}<\/script>\n<!-- \/ Yoast SEO plugin. -->","yoast_head_json":{"title":"Inform\u00e1tica - Direcci\u00f3n General de Salud","robots":{"index":"index","follow":"follow","max-snippet":"max-snippet:-1","max-image-preview":"max-image-preview:large","max-video-preview":"max-video-preview:-1"},"canonical":"https:\/\/instituciones.gtm.sld.cu\/dmsmta\/departamentos\/direccion\/informatica\/","og_locale":"es_ES","og_type":"article","og_title":"Inform\u00e1tica - Direcci\u00f3n General de Salud","og_description":"Misi\u00f3n Responder a las condiciones y necesidades del proceso de informatizaci\u00f3n del pa\u00eds, implantando y manteniendo actualizado un Sistema de Seguridad inform\u00e1tica a partir de la importancia de los bienes a proteger y de los riesgos a que est\u00e1n sometidos, con el fin de alcanzar los siguientes objetivos: &nbsp;&#8211; Minimizar los riesgos sobre los sistemas &hellip; Seguir leyendo","og_url":"https:\/\/instituciones.gtm.sld.cu\/dmsmta\/departamentos\/direccion\/informatica\/","og_site_name":"Direcci\u00f3n General de Salud","twitter_card":"summary_large_image","twitter_misc":{"Tiempo de lectura":"7 minutos"},"schema":{"@context":"https:\/\/schema.org","@graph":[{"@type":"WebPage","@id":"https:\/\/instituciones.gtm.sld.cu\/dmsmta\/departamentos\/direccion\/informatica\/","url":"https:\/\/instituciones.gtm.sld.cu\/dmsmta\/departamentos\/direccion\/informatica\/","name":"Inform\u00e1tica - Direcci\u00f3n General de Salud","isPartOf":{"@id":"https:\/\/instituciones.gtm.sld.cu\/dmsmta\/#website"},"datePublished":"2019-03-16T12:36:48+00:00","dateModified":"2019-03-16T12:36:48+00:00","breadcrumb":{"@id":"https:\/\/instituciones.gtm.sld.cu\/dmsmta\/departamentos\/direccion\/informatica\/#breadcrumb"},"inLanguage":"es","potentialAction":[{"@type":"ReadAction","target":["https:\/\/instituciones.gtm.sld.cu\/dmsmta\/departamentos\/direccion\/informatica\/"]}]},{"@type":"BreadcrumbList","@id":"https:\/\/instituciones.gtm.sld.cu\/dmsmta\/departamentos\/direccion\/informatica\/#breadcrumb","itemListElement":[{"@type":"ListItem","position":1,"name":"Portada","item":"https:\/\/instituciones.gtm.sld.cu\/dmsmta\/"},{"@type":"ListItem","position":2,"name":"Director General","item":"https:\/\/instituciones.gtm.sld.cu\/dmsmta\/departamentos\/"},{"@type":"ListItem","position":3,"name":"Departamento de la Direcci\u00f3n","item":"https:\/\/instituciones.gtm.sld.cu\/dmsmta\/departamentos\/direccion\/"},{"@type":"ListItem","position":4,"name":"Inform\u00e1tica"}]},{"@type":"WebSite","@id":"https:\/\/instituciones.gtm.sld.cu\/dmsmta\/#website","url":"https:\/\/instituciones.gtm.sld.cu\/dmsmta\/","name":"Direcci\u00f3n General de Salud","description":"Manuel Tames","potentialAction":[{"@type":"SearchAction","target":{"@type":"EntryPoint","urlTemplate":"https:\/\/instituciones.gtm.sld.cu\/dmsmta\/?s={search_term_string}"},"query-input":"required name=search_term_string"}],"inLanguage":"es"}]}},"_links":{"self":[{"href":"https:\/\/instituciones.gtm.sld.cu\/dmsmta\/wp-json\/wp\/v2\/pages\/549"}],"collection":[{"href":"https:\/\/instituciones.gtm.sld.cu\/dmsmta\/wp-json\/wp\/v2\/pages"}],"about":[{"href":"https:\/\/instituciones.gtm.sld.cu\/dmsmta\/wp-json\/wp\/v2\/types\/page"}],"author":[{"embeddable":true,"href":"https:\/\/instituciones.gtm.sld.cu\/dmsmta\/wp-json\/wp\/v2\/users\/79"}],"replies":[{"embeddable":true,"href":"https:\/\/instituciones.gtm.sld.cu\/dmsmta\/wp-json\/wp\/v2\/comments?post=549"}],"version-history":[{"count":0,"href":"https:\/\/instituciones.gtm.sld.cu\/dmsmta\/wp-json\/wp\/v2\/pages\/549\/revisions"}],"up":[{"embeddable":true,"href":"https:\/\/instituciones.gtm.sld.cu\/dmsmta\/wp-json\/wp\/v2\/pages\/536"}],"wp:attachment":[{"href":"https:\/\/instituciones.gtm.sld.cu\/dmsmta\/wp-json\/wp\/v2\/media?parent=549"}],"curies":[{"name":"wp","href":"https:\/\/api.w.org\/{rel}","templated":true}]}}