{"id":553,"date":"2019-03-16T12:37:49","date_gmt":"2019-03-16T12:37:49","guid":{"rendered":"http:\/\/instituciones2.gtm.sld.cu\/dmsmta\/?page_id=553"},"modified":"2019-03-16T12:37:49","modified_gmt":"2019-03-16T12:37:49","slug":"proteccion-fisica","status":"publish","type":"page","link":"https:\/\/instituciones.gtm.sld.cu\/dmsmta\/departamentos\/direccion\/proteccion-fisica\/","title":{"rendered":"Protecci\u00f3n F\u00edsica"},"content":{"rendered":"\n<p>El Sistema de Seguridad y Protecci\u00f3n, como complemento de la seguridad y el orden interior del pa\u00eds, abarca la protecci\u00f3n f\u00edsic<strong>a<\/strong>, la<strong> seguridad y protecci\u00f3n <\/strong>de la <strong>informaci\u00f3n oficial<\/strong>, la <strong>seguridad inform\u00e1tica<\/strong>, el <strong>control de los explosivos industriales<\/strong>, sus <strong>precursores qu\u00edmicos<\/strong>, <strong>municiones<\/strong>, <strong>sustancias qu\u00edmicas explosivas o t\u00f3xicas,<\/strong> as\u00ed como las medidas de<strong> protecci\u00f3n contra incendios<\/strong> y de protecci\u00f3n f\u00edsica a las <strong>sustancias radiactivas<\/strong> y otras fuentes de <strong>radiaciones ionizantes<\/strong>.<\/p>\n\n\n\n<p>Para ejercer funciones el personal de Seguridad&nbsp;y&nbsp;Protecci\u00f3n\ndeber\u00e1 tener previamente Ia correspondiente habilitaci\u00f3n. Se entiende por\nhabitaci\u00f3n, proceso mediante el cual se comprueba que las personas que aspiren\na desempe\u00f1arse como personal de Seguridad&nbsp;y&nbsp;Protecci\u00f3n cumplen con\nlos requisitos que se establecen en el Reglamento Resol 2\/2001&nbsp;y&nbsp;en\nla Resoluci\u00f3n&nbsp;51\/99&nbsp;del Ministerio de trabajo&nbsp;y&nbsp;Seguridad\nSocial.<\/p>\n\n\n\n<p><strong>MISI\u00d3N:<\/strong><\/p>\n\n\n\n<ul><li>Comunicar  a los \u00f3rganos del Ministerio del Interior; como parte de sus funciones y en ocasi\u00f3n de la prestaci\u00f3n del servicio, las informaciones de car\u00e1cter  relevante para la preservaci\u00f3n, el mantenimiento o restablecimiento del   orden interior y la tranquilidad ciudadana incluyendo los hechos  delictivos que tengan lugar en el objeto de su protecci\u00f3n;<\/li><li>\u00a0Sustentar  su actuaci\u00f3n en los principios del respeto a la integridad y\u00a0dignidad  de las personas, racionalidad y\u00a0profesionalidad en el uso de sus  facultades y en el empleo de los medios a su disposici\u00f3n.<\/li><li>Garantizar  la custodia del armamento, la documentaci\u00f3n, medios y\u00a0aditamentos destinados para ello evitando el deterioro, extrav\u00edo, robo o sustracci\u00f3n de los mismos informando de inmediato\u00a0a\u00a0su Jefe, si tales hechos se produjeran.<\/li><li>Ejercer sus funciones con la debida discreci\u00f3n\u00a0y\u00a0compartimentaci\u00f3n en lo referente a las misiones asignadas, ubicaci\u00f3n y caracter\u00edsticas de los medios de seguridad\u00a0y\u00a0otras informaciones inherentes a la      seguridad del objeto de su protecci\u00f3n.<\/li><\/ul>\n\n\n\n<p><strong>Fuente: <\/strong>Departamento de Proetecci\u00f3n F\u00edsica DMS.<\/p>\n","protected":false},"excerpt":{"rendered":"<p>El Sistema de Seguridad y Protecci\u00f3n, como complemento de la seguridad y el orden interior del pa\u00eds, abarca la protecci\u00f3n f\u00edsica, la seguridad y protecci\u00f3n de la informaci\u00f3n oficial, la seguridad inform\u00e1tica, el control de los explosivos industriales, sus precursores qu\u00edmicos, municiones, sustancias qu\u00edmicas explosivas o t\u00f3xicas, as\u00ed como las medidas de protecci\u00f3n contra incendios &hellip; <\/p>\n<p><a class=\"more-link btn\" href=\"https:\/\/instituciones.gtm.sld.cu\/dmsmta\/departamentos\/direccion\/proteccion-fisica\/\">Seguir leyendo<\/a><\/p>\n","protected":false},"author":79,"featured_media":0,"parent":536,"menu_order":8,"comment_status":"closed","ping_status":"closed","template":"","meta":{"ngg_post_thumbnail":0,"_mc_calendar":[]},"yoast_head":"<!-- This site is optimized with the Yoast SEO plugin v21.8 - https:\/\/yoast.com\/wordpress\/plugins\/seo\/ -->\n<title>Protecci\u00f3n F\u00edsica - Direcci\u00f3n General de Salud<\/title>\n<meta name=\"robots\" content=\"index, follow, max-snippet:-1, max-image-preview:large, max-video-preview:-1\" \/>\n<link rel=\"canonical\" href=\"https:\/\/instituciones.gtm.sld.cu\/dmsmta\/departamentos\/direccion\/proteccion-fisica\/\" \/>\n<meta property=\"og:locale\" content=\"es_ES\" \/>\n<meta property=\"og:type\" content=\"article\" \/>\n<meta property=\"og:title\" content=\"Protecci\u00f3n F\u00edsica - Direcci\u00f3n General de Salud\" \/>\n<meta property=\"og:description\" content=\"El Sistema de Seguridad y Protecci\u00f3n, como complemento de la seguridad y el orden interior del pa\u00eds, abarca la protecci\u00f3n f\u00edsica, la seguridad y protecci\u00f3n de la informaci\u00f3n oficial, la seguridad inform\u00e1tica, el control de los explosivos industriales, sus precursores qu\u00edmicos, municiones, sustancias qu\u00edmicas explosivas o t\u00f3xicas, as\u00ed como las medidas de protecci\u00f3n contra incendios &hellip; Seguir leyendo\" \/>\n<meta property=\"og:url\" content=\"https:\/\/instituciones.gtm.sld.cu\/dmsmta\/departamentos\/direccion\/proteccion-fisica\/\" \/>\n<meta property=\"og:site_name\" content=\"Direcci\u00f3n General de Salud\" \/>\n<meta name=\"twitter:card\" content=\"summary_large_image\" \/>\n<meta name=\"twitter:label1\" content=\"Tiempo de lectura\" \/>\n\t<meta name=\"twitter:data1\" content=\"2 minutos\" \/>\n<script type=\"application\/ld+json\" class=\"yoast-schema-graph\">{\"@context\":\"https:\/\/schema.org\",\"@graph\":[{\"@type\":\"WebPage\",\"@id\":\"https:\/\/instituciones.gtm.sld.cu\/dmsmta\/departamentos\/direccion\/proteccion-fisica\/\",\"url\":\"https:\/\/instituciones.gtm.sld.cu\/dmsmta\/departamentos\/direccion\/proteccion-fisica\/\",\"name\":\"Protecci\u00f3n F\u00edsica - Direcci\u00f3n General de Salud\",\"isPartOf\":{\"@id\":\"https:\/\/instituciones.gtm.sld.cu\/dmsmta\/#website\"},\"datePublished\":\"2019-03-16T12:37:49+00:00\",\"dateModified\":\"2019-03-16T12:37:49+00:00\",\"breadcrumb\":{\"@id\":\"https:\/\/instituciones.gtm.sld.cu\/dmsmta\/departamentos\/direccion\/proteccion-fisica\/#breadcrumb\"},\"inLanguage\":\"es\",\"potentialAction\":[{\"@type\":\"ReadAction\",\"target\":[\"https:\/\/instituciones.gtm.sld.cu\/dmsmta\/departamentos\/direccion\/proteccion-fisica\/\"]}]},{\"@type\":\"BreadcrumbList\",\"@id\":\"https:\/\/instituciones.gtm.sld.cu\/dmsmta\/departamentos\/direccion\/proteccion-fisica\/#breadcrumb\",\"itemListElement\":[{\"@type\":\"ListItem\",\"position\":1,\"name\":\"Portada\",\"item\":\"https:\/\/instituciones.gtm.sld.cu\/dmsmta\/\"},{\"@type\":\"ListItem\",\"position\":2,\"name\":\"Director General\",\"item\":\"https:\/\/instituciones.gtm.sld.cu\/dmsmta\/departamentos\/\"},{\"@type\":\"ListItem\",\"position\":3,\"name\":\"Departamento de la Direcci\u00f3n\",\"item\":\"https:\/\/instituciones.gtm.sld.cu\/dmsmta\/departamentos\/direccion\/\"},{\"@type\":\"ListItem\",\"position\":4,\"name\":\"Protecci\u00f3n F\u00edsica\"}]},{\"@type\":\"WebSite\",\"@id\":\"https:\/\/instituciones.gtm.sld.cu\/dmsmta\/#website\",\"url\":\"https:\/\/instituciones.gtm.sld.cu\/dmsmta\/\",\"name\":\"Direcci\u00f3n General de Salud\",\"description\":\"Manuel Tames\",\"potentialAction\":[{\"@type\":\"SearchAction\",\"target\":{\"@type\":\"EntryPoint\",\"urlTemplate\":\"https:\/\/instituciones.gtm.sld.cu\/dmsmta\/?s={search_term_string}\"},\"query-input\":\"required name=search_term_string\"}],\"inLanguage\":\"es\"}]}<\/script>\n<!-- \/ Yoast SEO plugin. -->","yoast_head_json":{"title":"Protecci\u00f3n F\u00edsica - Direcci\u00f3n General de Salud","robots":{"index":"index","follow":"follow","max-snippet":"max-snippet:-1","max-image-preview":"max-image-preview:large","max-video-preview":"max-video-preview:-1"},"canonical":"https:\/\/instituciones.gtm.sld.cu\/dmsmta\/departamentos\/direccion\/proteccion-fisica\/","og_locale":"es_ES","og_type":"article","og_title":"Protecci\u00f3n F\u00edsica - Direcci\u00f3n General de Salud","og_description":"El Sistema de Seguridad y Protecci\u00f3n, como complemento de la seguridad y el orden interior del pa\u00eds, abarca la protecci\u00f3n f\u00edsica, la seguridad y protecci\u00f3n de la informaci\u00f3n oficial, la seguridad inform\u00e1tica, el control de los explosivos industriales, sus precursores qu\u00edmicos, municiones, sustancias qu\u00edmicas explosivas o t\u00f3xicas, as\u00ed como las medidas de protecci\u00f3n contra incendios &hellip; Seguir leyendo","og_url":"https:\/\/instituciones.gtm.sld.cu\/dmsmta\/departamentos\/direccion\/proteccion-fisica\/","og_site_name":"Direcci\u00f3n General de Salud","twitter_card":"summary_large_image","twitter_misc":{"Tiempo de lectura":"2 minutos"},"schema":{"@context":"https:\/\/schema.org","@graph":[{"@type":"WebPage","@id":"https:\/\/instituciones.gtm.sld.cu\/dmsmta\/departamentos\/direccion\/proteccion-fisica\/","url":"https:\/\/instituciones.gtm.sld.cu\/dmsmta\/departamentos\/direccion\/proteccion-fisica\/","name":"Protecci\u00f3n F\u00edsica - Direcci\u00f3n General de Salud","isPartOf":{"@id":"https:\/\/instituciones.gtm.sld.cu\/dmsmta\/#website"},"datePublished":"2019-03-16T12:37:49+00:00","dateModified":"2019-03-16T12:37:49+00:00","breadcrumb":{"@id":"https:\/\/instituciones.gtm.sld.cu\/dmsmta\/departamentos\/direccion\/proteccion-fisica\/#breadcrumb"},"inLanguage":"es","potentialAction":[{"@type":"ReadAction","target":["https:\/\/instituciones.gtm.sld.cu\/dmsmta\/departamentos\/direccion\/proteccion-fisica\/"]}]},{"@type":"BreadcrumbList","@id":"https:\/\/instituciones.gtm.sld.cu\/dmsmta\/departamentos\/direccion\/proteccion-fisica\/#breadcrumb","itemListElement":[{"@type":"ListItem","position":1,"name":"Portada","item":"https:\/\/instituciones.gtm.sld.cu\/dmsmta\/"},{"@type":"ListItem","position":2,"name":"Director General","item":"https:\/\/instituciones.gtm.sld.cu\/dmsmta\/departamentos\/"},{"@type":"ListItem","position":3,"name":"Departamento de la Direcci\u00f3n","item":"https:\/\/instituciones.gtm.sld.cu\/dmsmta\/departamentos\/direccion\/"},{"@type":"ListItem","position":4,"name":"Protecci\u00f3n F\u00edsica"}]},{"@type":"WebSite","@id":"https:\/\/instituciones.gtm.sld.cu\/dmsmta\/#website","url":"https:\/\/instituciones.gtm.sld.cu\/dmsmta\/","name":"Direcci\u00f3n General de Salud","description":"Manuel Tames","potentialAction":[{"@type":"SearchAction","target":{"@type":"EntryPoint","urlTemplate":"https:\/\/instituciones.gtm.sld.cu\/dmsmta\/?s={search_term_string}"},"query-input":"required name=search_term_string"}],"inLanguage":"es"}]}},"_links":{"self":[{"href":"https:\/\/instituciones.gtm.sld.cu\/dmsmta\/wp-json\/wp\/v2\/pages\/553"}],"collection":[{"href":"https:\/\/instituciones.gtm.sld.cu\/dmsmta\/wp-json\/wp\/v2\/pages"}],"about":[{"href":"https:\/\/instituciones.gtm.sld.cu\/dmsmta\/wp-json\/wp\/v2\/types\/page"}],"author":[{"embeddable":true,"href":"https:\/\/instituciones.gtm.sld.cu\/dmsmta\/wp-json\/wp\/v2\/users\/79"}],"replies":[{"embeddable":true,"href":"https:\/\/instituciones.gtm.sld.cu\/dmsmta\/wp-json\/wp\/v2\/comments?post=553"}],"version-history":[{"count":0,"href":"https:\/\/instituciones.gtm.sld.cu\/dmsmta\/wp-json\/wp\/v2\/pages\/553\/revisions"}],"up":[{"embeddable":true,"href":"https:\/\/instituciones.gtm.sld.cu\/dmsmta\/wp-json\/wp\/v2\/pages\/536"}],"wp:attachment":[{"href":"https:\/\/instituciones.gtm.sld.cu\/dmsmta\/wp-json\/wp\/v2\/media?parent=553"}],"curies":[{"name":"wp","href":"https:\/\/api.w.org\/{rel}","templated":true}]}}