{"id":562,"date":"2019-03-16T12:47:41","date_gmt":"2019-03-16T12:47:41","guid":{"rendered":"http:\/\/instituciones2.gtm.sld.cu\/dmsmta\/?page_id=562"},"modified":"2019-03-16T12:47:41","modified_gmt":"2019-03-16T12:47:41","slug":"enfermeria","status":"publish","type":"page","link":"https:\/\/instituciones.gtm.sld.cu\/dmsmta\/departamentos\/asistencia-medica\/enfermeria\/","title":{"rendered":"Enfermer\u00eda"},"content":{"rendered":"\n<p><strong>MISI\u00d3N<\/strong><\/p>\n\n\n\n<p>Es una secci\u00f3n organizativa donde se desarrollan\nlas <a href=\"http:\/\/www.enfermeriacubana.sld.cu\/funciones\">funciones<\/a>\nnormativas, metodol\u00f3gicas y de control para dar respuestas a las misiones del\nsistema, estableciendo prioridades en sus <a href=\"http:\/\/www.enfermeriacubana.sld.cu\/tareas\">tareas<\/a> en el cumplimiento\nde misiones espec\u00edficas dentro y fuera del pa\u00eds.<\/p>\n\n\n\n<p>Contribuir a lograr un \u00f3ptimo estado de salud del\nindividuo, la familia y la comunidad, asegurando una atenci\u00f3n de enfermer\u00eda\nintegral y personalizada mediante el uso racional de los recursos humanos y\ntecnol\u00f3gicos, dentro de un marco organizacional propicio, as\u00ed como&nbsp;el\ncumplimiento de los retos, prioridades y objetivos de trabajo, siguiendo las\nestrategias y programas priorizados por el Ministerio Nacional de Salud\nP\u00fablica, (MINSAP).<\/p>\n\n\n\n<p><strong>VISI\u00d3N<\/strong><\/p>\n\n\n\n<p>El subsistema de Atenci\u00f3n de Enfermer\u00eda que garantiza la asistencia de enfermer\u00eda de la poblaci\u00f3n, mediante acciones de Promoci\u00f3n de salud, Prevenci\u00f3n de enfermedades, asegurando la asistencia y rehabilitaci\u00f3n de excelencia, en una red de servicios asistenciales de gran resolutividad y accesibilidad a la poblaci\u00f3n con personal cada vez m\u00e1s competente y comprometido.<\/p>\n\n\n\n<p><strong>Fuente<\/strong>: Departamento de enfermer\u00eda de la DMS.<\/p>\n","protected":false},"excerpt":{"rendered":"<p>MISI\u00d3N Es una secci\u00f3n organizativa donde se desarrollan las funciones normativas, metodol\u00f3gicas y de control para dar respuestas a las misiones del sistema, estableciendo prioridades en sus tareas en el cumplimiento de misiones espec\u00edficas dentro y fuera del pa\u00eds. Contribuir a lograr un \u00f3ptimo estado de salud del individuo, la familia y la comunidad, asegurando &hellip; <\/p>\n<p><a class=\"more-link btn\" href=\"https:\/\/instituciones.gtm.sld.cu\/dmsmta\/departamentos\/asistencia-medica\/enfermeria\/\">Seguir leyendo<\/a><\/p>\n","protected":false},"author":79,"featured_media":0,"parent":543,"menu_order":3,"comment_status":"closed","ping_status":"closed","template":"","meta":{"ngg_post_thumbnail":0,"_mc_calendar":[]},"yoast_head":"<!-- This site is optimized with the Yoast SEO plugin v21.8 - https:\/\/yoast.com\/wordpress\/plugins\/seo\/ -->\n<title>Enfermer\u00eda - Direcci\u00f3n General de Salud<\/title>\n<meta name=\"robots\" content=\"index, follow, max-snippet:-1, max-image-preview:large, max-video-preview:-1\" \/>\n<link rel=\"canonical\" href=\"https:\/\/instituciones.gtm.sld.cu\/dmsmta\/departamentos\/asistencia-medica\/enfermeria\/\" \/>\n<meta property=\"og:locale\" content=\"es_ES\" \/>\n<meta property=\"og:type\" content=\"article\" \/>\n<meta property=\"og:title\" content=\"Enfermer\u00eda - Direcci\u00f3n General de Salud\" \/>\n<meta property=\"og:description\" content=\"MISI\u00d3N Es una secci\u00f3n organizativa donde se desarrollan las funciones normativas, metodol\u00f3gicas y de control para dar respuestas a las misiones del sistema, estableciendo prioridades en sus tareas en el cumplimiento de misiones espec\u00edficas dentro y fuera del pa\u00eds. Contribuir a lograr un \u00f3ptimo estado de salud del individuo, la familia y la comunidad, asegurando &hellip; Seguir leyendo\" \/>\n<meta property=\"og:url\" content=\"https:\/\/instituciones.gtm.sld.cu\/dmsmta\/departamentos\/asistencia-medica\/enfermeria\/\" \/>\n<meta property=\"og:site_name\" content=\"Direcci\u00f3n General de Salud\" \/>\n<meta name=\"twitter:card\" content=\"summary_large_image\" \/>\n<meta name=\"twitter:label1\" content=\"Tiempo de lectura\" \/>\n\t<meta name=\"twitter:data1\" content=\"1 minuto\" \/>\n<script type=\"application\/ld+json\" class=\"yoast-schema-graph\">{\"@context\":\"https:\/\/schema.org\",\"@graph\":[{\"@type\":\"WebPage\",\"@id\":\"https:\/\/instituciones.gtm.sld.cu\/dmsmta\/departamentos\/asistencia-medica\/enfermeria\/\",\"url\":\"https:\/\/instituciones.gtm.sld.cu\/dmsmta\/departamentos\/asistencia-medica\/enfermeria\/\",\"name\":\"Enfermer\u00eda - Direcci\u00f3n General de Salud\",\"isPartOf\":{\"@id\":\"https:\/\/instituciones.gtm.sld.cu\/dmsmta\/#website\"},\"datePublished\":\"2019-03-16T12:47:41+00:00\",\"dateModified\":\"2019-03-16T12:47:41+00:00\",\"breadcrumb\":{\"@id\":\"https:\/\/instituciones.gtm.sld.cu\/dmsmta\/departamentos\/asistencia-medica\/enfermeria\/#breadcrumb\"},\"inLanguage\":\"es\",\"potentialAction\":[{\"@type\":\"ReadAction\",\"target\":[\"https:\/\/instituciones.gtm.sld.cu\/dmsmta\/departamentos\/asistencia-medica\/enfermeria\/\"]}]},{\"@type\":\"BreadcrumbList\",\"@id\":\"https:\/\/instituciones.gtm.sld.cu\/dmsmta\/departamentos\/asistencia-medica\/enfermeria\/#breadcrumb\",\"itemListElement\":[{\"@type\":\"ListItem\",\"position\":1,\"name\":\"Portada\",\"item\":\"https:\/\/instituciones.gtm.sld.cu\/dmsmta\/\"},{\"@type\":\"ListItem\",\"position\":2,\"name\":\"Director General\",\"item\":\"https:\/\/instituciones.gtm.sld.cu\/dmsmta\/departamentos\/\"},{\"@type\":\"ListItem\",\"position\":3,\"name\":\"Direcci\u00f3n de Asistencia M\u00e9dica\",\"item\":\"https:\/\/instituciones.gtm.sld.cu\/dmsmta\/departamentos\/asistencia-medica\/\"},{\"@type\":\"ListItem\",\"position\":4,\"name\":\"Enfermer\u00eda\"}]},{\"@type\":\"WebSite\",\"@id\":\"https:\/\/instituciones.gtm.sld.cu\/dmsmta\/#website\",\"url\":\"https:\/\/instituciones.gtm.sld.cu\/dmsmta\/\",\"name\":\"Direcci\u00f3n General de Salud\",\"description\":\"Manuel Tames\",\"potentialAction\":[{\"@type\":\"SearchAction\",\"target\":{\"@type\":\"EntryPoint\",\"urlTemplate\":\"https:\/\/instituciones.gtm.sld.cu\/dmsmta\/?s={search_term_string}\"},\"query-input\":\"required name=search_term_string\"}],\"inLanguage\":\"es\"}]}<\/script>\n<!-- \/ Yoast SEO plugin. -->","yoast_head_json":{"title":"Enfermer\u00eda - Direcci\u00f3n General de Salud","robots":{"index":"index","follow":"follow","max-snippet":"max-snippet:-1","max-image-preview":"max-image-preview:large","max-video-preview":"max-video-preview:-1"},"canonical":"https:\/\/instituciones.gtm.sld.cu\/dmsmta\/departamentos\/asistencia-medica\/enfermeria\/","og_locale":"es_ES","og_type":"article","og_title":"Enfermer\u00eda - Direcci\u00f3n General de Salud","og_description":"MISI\u00d3N Es una secci\u00f3n organizativa donde se desarrollan las funciones normativas, metodol\u00f3gicas y de control para dar respuestas a las misiones del sistema, estableciendo prioridades en sus tareas en el cumplimiento de misiones espec\u00edficas dentro y fuera del pa\u00eds. Contribuir a lograr un \u00f3ptimo estado de salud del individuo, la familia y la comunidad, asegurando &hellip; Seguir leyendo","og_url":"https:\/\/instituciones.gtm.sld.cu\/dmsmta\/departamentos\/asistencia-medica\/enfermeria\/","og_site_name":"Direcci\u00f3n General de Salud","twitter_card":"summary_large_image","twitter_misc":{"Tiempo de lectura":"1 minuto"},"schema":{"@context":"https:\/\/schema.org","@graph":[{"@type":"WebPage","@id":"https:\/\/instituciones.gtm.sld.cu\/dmsmta\/departamentos\/asistencia-medica\/enfermeria\/","url":"https:\/\/instituciones.gtm.sld.cu\/dmsmta\/departamentos\/asistencia-medica\/enfermeria\/","name":"Enfermer\u00eda - Direcci\u00f3n General de Salud","isPartOf":{"@id":"https:\/\/instituciones.gtm.sld.cu\/dmsmta\/#website"},"datePublished":"2019-03-16T12:47:41+00:00","dateModified":"2019-03-16T12:47:41+00:00","breadcrumb":{"@id":"https:\/\/instituciones.gtm.sld.cu\/dmsmta\/departamentos\/asistencia-medica\/enfermeria\/#breadcrumb"},"inLanguage":"es","potentialAction":[{"@type":"ReadAction","target":["https:\/\/instituciones.gtm.sld.cu\/dmsmta\/departamentos\/asistencia-medica\/enfermeria\/"]}]},{"@type":"BreadcrumbList","@id":"https:\/\/instituciones.gtm.sld.cu\/dmsmta\/departamentos\/asistencia-medica\/enfermeria\/#breadcrumb","itemListElement":[{"@type":"ListItem","position":1,"name":"Portada","item":"https:\/\/instituciones.gtm.sld.cu\/dmsmta\/"},{"@type":"ListItem","position":2,"name":"Director General","item":"https:\/\/instituciones.gtm.sld.cu\/dmsmta\/departamentos\/"},{"@type":"ListItem","position":3,"name":"Direcci\u00f3n de Asistencia M\u00e9dica","item":"https:\/\/instituciones.gtm.sld.cu\/dmsmta\/departamentos\/asistencia-medica\/"},{"@type":"ListItem","position":4,"name":"Enfermer\u00eda"}]},{"@type":"WebSite","@id":"https:\/\/instituciones.gtm.sld.cu\/dmsmta\/#website","url":"https:\/\/instituciones.gtm.sld.cu\/dmsmta\/","name":"Direcci\u00f3n General de Salud","description":"Manuel Tames","potentialAction":[{"@type":"SearchAction","target":{"@type":"EntryPoint","urlTemplate":"https:\/\/instituciones.gtm.sld.cu\/dmsmta\/?s={search_term_string}"},"query-input":"required name=search_term_string"}],"inLanguage":"es"}]}},"_links":{"self":[{"href":"https:\/\/instituciones.gtm.sld.cu\/dmsmta\/wp-json\/wp\/v2\/pages\/562"}],"collection":[{"href":"https:\/\/instituciones.gtm.sld.cu\/dmsmta\/wp-json\/wp\/v2\/pages"}],"about":[{"href":"https:\/\/instituciones.gtm.sld.cu\/dmsmta\/wp-json\/wp\/v2\/types\/page"}],"author":[{"embeddable":true,"href":"https:\/\/instituciones.gtm.sld.cu\/dmsmta\/wp-json\/wp\/v2\/users\/79"}],"replies":[{"embeddable":true,"href":"https:\/\/instituciones.gtm.sld.cu\/dmsmta\/wp-json\/wp\/v2\/comments?post=562"}],"version-history":[{"count":0,"href":"https:\/\/instituciones.gtm.sld.cu\/dmsmta\/wp-json\/wp\/v2\/pages\/562\/revisions"}],"up":[{"embeddable":true,"href":"https:\/\/instituciones.gtm.sld.cu\/dmsmta\/wp-json\/wp\/v2\/pages\/543"}],"wp:attachment":[{"href":"https:\/\/instituciones.gtm.sld.cu\/dmsmta\/wp-json\/wp\/v2\/media?parent=562"}],"curies":[{"name":"wp","href":"https:\/\/api.w.org\/{rel}","templated":true}]}}