{"id":568,"date":"2019-03-16T12:51:29","date_gmt":"2019-03-16T12:51:29","guid":{"rendered":"http:\/\/instituciones2.gtm.sld.cu\/dmsmta\/?page_id=568"},"modified":"2019-03-16T12:51:29","modified_gmt":"2019-03-16T12:51:29","slug":"sium","status":"publish","type":"page","link":"https:\/\/instituciones.gtm.sld.cu\/dmsmta\/departamentos\/direccion\/sium\/","title":{"rendered":"SIUM"},"content":{"rendered":"\n<h4 class=\"wp-block-heading\"><strong>Organizaci\u00f3n\ny funcionamiento del sistema de urgencias m\u00e9dicas en el Municipio<\/strong><\/h4>\n\n\n\n<p><strong>Concepto de emergencias m\u00e9dicas:<\/strong>\nEnfermos o lesionados con peligro vital inmediato real o potencial. Su traslado\nrequiere de Apoyo Vital Avanzado, despu\u00e9s de las medidas de estabilizaci\u00f3n.<\/p>\n\n\n\n<p><strong>Concepto de urgencias m\u00e9dicas: <\/strong>Enfermos o lesionados que no poseen riesgo vital inmediato, pero si puede llegar a ser de manera mediata si no se le presta la atenci\u00f3n requerida. Algunos de estos pacientes pueden atenderse totalmente en la red de urgencia en atenci\u00f3n primaria, ya sea en el servicio de urgencia local o en las \u00c1reas Intensivas Municipales, necesitando traslado bajo Apoyo Vital B\u00e1sico, si lo necesita.<\/p>\n\n\n\n<p>En los consultorios m\u00e9dicos de la familia, policl\u00ednico Martires de Jamaica y Manuel Tames existentes en el municipio hay un cuerpo de guardia con la log\u00edstica y el recurso humano necesario para atender las urgencias y las emergencias m\u00e9dicas, as\u00ed como la sala de terapia intensiva municipal ubicada en Jamaica. Una vez que el paciente es atendido y estabilizado por los m\u00e9dicos en esta unidad de salud, si deciden remitirlo a una instituci\u00f3n de mayor resolutividad, solicita el traslado a los servicios regionalizados correspondiente, previa regulaci\u00f3n del caso, es decir el licenciado o el m\u00e9dico que est\u00e1 en la mesa reguladora crea una comunicaci\u00f3n telef\u00f3nica con el mismo, de manera que tenga conocimiento de la realidad que se va a trasladar, para as\u00ed dar algunas orientaciones, esclarecer algunas dudas, enviar el tipo de ambulancia y el personal indicado para cada caso.<\/p>\n\n\n\n<p>De igual manera, si ocurre un evento de salud en el hogar, y el familiar decide activar al SIUM, debe poner al enfermo en reposo en una posici\u00f3n c\u00f3moda, llamar a los tel\u00e9fonos de los servicios regionalizados (se dan a continuaci\u00f3n) y cumplir las indicaciones que le da el profesional de salud.<\/p>\n\n\n\n<h4 class=\"wp-block-heading\"><strong>Servicios regionalizados:<\/strong><\/h4>\n\n\n\n<h4 class=\"wp-block-heading\"><strong>Las emergencias de los municipios Manuel Tames y Yateras<\/strong><\/h4>\n\n\n\n<ul><li><strong>Municipio Guant\u00e1namo:<\/strong> Tel\u00e9fonos 104 para las urgencias y emergencias y 21324129 para los no urgentes.<\/li><li><strong>Municipio Manuel Tames:<\/strong> Tel\u00e9fonos 21398314 o 21398415-ext152.<\/li><\/ul>\n\n\n\n<h4 class=\"wp-block-heading\"><strong>Servicio Regional Manuel Tames: <\/strong><\/h4>\n\n\n\n<p>&nbsp;&nbsp;&nbsp;&nbsp;&nbsp;&nbsp;&nbsp;&nbsp;&nbsp; Municipio Manuel\nTames<\/p>\n\n\n\n<p>\u00a0\u00a0\u00a0\u00a0\u00a0\u00a0\u00a0\u00a0\u00a0 Municipio Yateras<\/p>\n\n\n\n<p>Una vez que el paciente llega a atenci\u00f3n secundaria, es decir a cualquiera de los 3 hospitales de la provincia (Hospital General Docente Dr. Agostinho Neto, Hospital Psiqui\u00e1trico Luis Ram\u00edrez L\u00f3pez o al Hospital Pedi\u00e1trico Pedro Agust\u00edn P\u00e9rez), el m\u00e9dico lo atiende y decide de acuerdo a la patolog\u00eda, si lo va a ingresar o lo env\u00eda con tratamiento para el sistema de Atenci\u00f3n Primaria de Salud con seguimiento por su m\u00e9dico de familia.<\/p>\n\n\n\n<p><strong>Fuente<\/strong>: http:\/\/www.guantanamo.gob.cu\/index.php\/servicio-integral-de-urgencia-medicas.<\/p>\n","protected":false},"excerpt":{"rendered":"<p>Organizaci\u00f3n y funcionamiento del sistema de urgencias m\u00e9dicas en el Municipio Concepto de emergencias m\u00e9dicas: Enfermos o lesionados con peligro vital inmediato real o potencial. Su traslado requiere de Apoyo Vital Avanzado, despu\u00e9s de las medidas de estabilizaci\u00f3n. Concepto de urgencias m\u00e9dicas: Enfermos o lesionados que no poseen riesgo vital inmediato, pero si puede llegar &hellip; <\/p>\n<p><a class=\"more-link btn\" href=\"https:\/\/instituciones.gtm.sld.cu\/dmsmta\/departamentos\/direccion\/sium\/\">Seguir leyendo<\/a><\/p>\n","protected":false},"author":79,"featured_media":0,"parent":536,"menu_order":0,"comment_status":"closed","ping_status":"closed","template":"","meta":{"ngg_post_thumbnail":0,"_mc_calendar":[]},"yoast_head":"<!-- This site is optimized with the Yoast SEO plugin v21.8 - https:\/\/yoast.com\/wordpress\/plugins\/seo\/ -->\n<title>SIUM - Direcci\u00f3n General de Salud<\/title>\n<meta name=\"robots\" content=\"index, follow, max-snippet:-1, max-image-preview:large, max-video-preview:-1\" \/>\n<link rel=\"canonical\" href=\"https:\/\/instituciones.gtm.sld.cu\/dmsmta\/departamentos\/direccion\/sium\/\" \/>\n<meta property=\"og:locale\" content=\"es_ES\" \/>\n<meta property=\"og:type\" content=\"article\" \/>\n<meta property=\"og:title\" content=\"SIUM - Direcci\u00f3n General de Salud\" \/>\n<meta property=\"og:description\" content=\"Organizaci\u00f3n y funcionamiento del sistema de urgencias m\u00e9dicas en el Municipio Concepto de emergencias m\u00e9dicas: Enfermos o lesionados con peligro vital inmediato real o potencial. Su traslado requiere de Apoyo Vital Avanzado, despu\u00e9s de las medidas de estabilizaci\u00f3n. Concepto de urgencias m\u00e9dicas: Enfermos o lesionados que no poseen riesgo vital inmediato, pero si puede llegar &hellip; Seguir leyendo\" \/>\n<meta property=\"og:url\" content=\"https:\/\/instituciones.gtm.sld.cu\/dmsmta\/departamentos\/direccion\/sium\/\" \/>\n<meta property=\"og:site_name\" content=\"Direcci\u00f3n General de Salud\" \/>\n<meta name=\"twitter:card\" content=\"summary_large_image\" \/>\n<meta name=\"twitter:label1\" content=\"Tiempo de lectura\" \/>\n\t<meta name=\"twitter:data1\" content=\"2 minutos\" \/>\n<script type=\"application\/ld+json\" class=\"yoast-schema-graph\">{\"@context\":\"https:\/\/schema.org\",\"@graph\":[{\"@type\":\"WebPage\",\"@id\":\"https:\/\/instituciones.gtm.sld.cu\/dmsmta\/departamentos\/direccion\/sium\/\",\"url\":\"https:\/\/instituciones.gtm.sld.cu\/dmsmta\/departamentos\/direccion\/sium\/\",\"name\":\"SIUM - Direcci\u00f3n General de Salud\",\"isPartOf\":{\"@id\":\"https:\/\/instituciones.gtm.sld.cu\/dmsmta\/#website\"},\"datePublished\":\"2019-03-16T12:51:29+00:00\",\"dateModified\":\"2019-03-16T12:51:29+00:00\",\"breadcrumb\":{\"@id\":\"https:\/\/instituciones.gtm.sld.cu\/dmsmta\/departamentos\/direccion\/sium\/#breadcrumb\"},\"inLanguage\":\"es\",\"potentialAction\":[{\"@type\":\"ReadAction\",\"target\":[\"https:\/\/instituciones.gtm.sld.cu\/dmsmta\/departamentos\/direccion\/sium\/\"]}]},{\"@type\":\"BreadcrumbList\",\"@id\":\"https:\/\/instituciones.gtm.sld.cu\/dmsmta\/departamentos\/direccion\/sium\/#breadcrumb\",\"itemListElement\":[{\"@type\":\"ListItem\",\"position\":1,\"name\":\"Portada\",\"item\":\"https:\/\/instituciones.gtm.sld.cu\/dmsmta\/\"},{\"@type\":\"ListItem\",\"position\":2,\"name\":\"Director General\",\"item\":\"https:\/\/instituciones.gtm.sld.cu\/dmsmta\/departamentos\/\"},{\"@type\":\"ListItem\",\"position\":3,\"name\":\"Departamento de la Direcci\u00f3n\",\"item\":\"https:\/\/instituciones.gtm.sld.cu\/dmsmta\/departamentos\/direccion\/\"},{\"@type\":\"ListItem\",\"position\":4,\"name\":\"SIUM\"}]},{\"@type\":\"WebSite\",\"@id\":\"https:\/\/instituciones.gtm.sld.cu\/dmsmta\/#website\",\"url\":\"https:\/\/instituciones.gtm.sld.cu\/dmsmta\/\",\"name\":\"Direcci\u00f3n General de Salud\",\"description\":\"Manuel Tames\",\"potentialAction\":[{\"@type\":\"SearchAction\",\"target\":{\"@type\":\"EntryPoint\",\"urlTemplate\":\"https:\/\/instituciones.gtm.sld.cu\/dmsmta\/?s={search_term_string}\"},\"query-input\":\"required name=search_term_string\"}],\"inLanguage\":\"es\"}]}<\/script>\n<!-- \/ Yoast SEO plugin. -->","yoast_head_json":{"title":"SIUM - Direcci\u00f3n General de Salud","robots":{"index":"index","follow":"follow","max-snippet":"max-snippet:-1","max-image-preview":"max-image-preview:large","max-video-preview":"max-video-preview:-1"},"canonical":"https:\/\/instituciones.gtm.sld.cu\/dmsmta\/departamentos\/direccion\/sium\/","og_locale":"es_ES","og_type":"article","og_title":"SIUM - Direcci\u00f3n General de Salud","og_description":"Organizaci\u00f3n y funcionamiento del sistema de urgencias m\u00e9dicas en el Municipio Concepto de emergencias m\u00e9dicas: Enfermos o lesionados con peligro vital inmediato real o potencial. Su traslado requiere de Apoyo Vital Avanzado, despu\u00e9s de las medidas de estabilizaci\u00f3n. Concepto de urgencias m\u00e9dicas: Enfermos o lesionados que no poseen riesgo vital inmediato, pero si puede llegar &hellip; Seguir leyendo","og_url":"https:\/\/instituciones.gtm.sld.cu\/dmsmta\/departamentos\/direccion\/sium\/","og_site_name":"Direcci\u00f3n General de Salud","twitter_card":"summary_large_image","twitter_misc":{"Tiempo de lectura":"2 minutos"},"schema":{"@context":"https:\/\/schema.org","@graph":[{"@type":"WebPage","@id":"https:\/\/instituciones.gtm.sld.cu\/dmsmta\/departamentos\/direccion\/sium\/","url":"https:\/\/instituciones.gtm.sld.cu\/dmsmta\/departamentos\/direccion\/sium\/","name":"SIUM - Direcci\u00f3n General de Salud","isPartOf":{"@id":"https:\/\/instituciones.gtm.sld.cu\/dmsmta\/#website"},"datePublished":"2019-03-16T12:51:29+00:00","dateModified":"2019-03-16T12:51:29+00:00","breadcrumb":{"@id":"https:\/\/instituciones.gtm.sld.cu\/dmsmta\/departamentos\/direccion\/sium\/#breadcrumb"},"inLanguage":"es","potentialAction":[{"@type":"ReadAction","target":["https:\/\/instituciones.gtm.sld.cu\/dmsmta\/departamentos\/direccion\/sium\/"]}]},{"@type":"BreadcrumbList","@id":"https:\/\/instituciones.gtm.sld.cu\/dmsmta\/departamentos\/direccion\/sium\/#breadcrumb","itemListElement":[{"@type":"ListItem","position":1,"name":"Portada","item":"https:\/\/instituciones.gtm.sld.cu\/dmsmta\/"},{"@type":"ListItem","position":2,"name":"Director General","item":"https:\/\/instituciones.gtm.sld.cu\/dmsmta\/departamentos\/"},{"@type":"ListItem","position":3,"name":"Departamento de la Direcci\u00f3n","item":"https:\/\/instituciones.gtm.sld.cu\/dmsmta\/departamentos\/direccion\/"},{"@type":"ListItem","position":4,"name":"SIUM"}]},{"@type":"WebSite","@id":"https:\/\/instituciones.gtm.sld.cu\/dmsmta\/#website","url":"https:\/\/instituciones.gtm.sld.cu\/dmsmta\/","name":"Direcci\u00f3n General de Salud","description":"Manuel Tames","potentialAction":[{"@type":"SearchAction","target":{"@type":"EntryPoint","urlTemplate":"https:\/\/instituciones.gtm.sld.cu\/dmsmta\/?s={search_term_string}"},"query-input":"required name=search_term_string"}],"inLanguage":"es"}]}},"_links":{"self":[{"href":"https:\/\/instituciones.gtm.sld.cu\/dmsmta\/wp-json\/wp\/v2\/pages\/568"}],"collection":[{"href":"https:\/\/instituciones.gtm.sld.cu\/dmsmta\/wp-json\/wp\/v2\/pages"}],"about":[{"href":"https:\/\/instituciones.gtm.sld.cu\/dmsmta\/wp-json\/wp\/v2\/types\/page"}],"author":[{"embeddable":true,"href":"https:\/\/instituciones.gtm.sld.cu\/dmsmta\/wp-json\/wp\/v2\/users\/79"}],"replies":[{"embeddable":true,"href":"https:\/\/instituciones.gtm.sld.cu\/dmsmta\/wp-json\/wp\/v2\/comments?post=568"}],"version-history":[{"count":0,"href":"https:\/\/instituciones.gtm.sld.cu\/dmsmta\/wp-json\/wp\/v2\/pages\/568\/revisions"}],"up":[{"embeddable":true,"href":"https:\/\/instituciones.gtm.sld.cu\/dmsmta\/wp-json\/wp\/v2\/pages\/536"}],"wp:attachment":[{"href":"https:\/\/instituciones.gtm.sld.cu\/dmsmta\/wp-json\/wp\/v2\/media?parent=568"}],"curies":[{"name":"wp","href":"https:\/\/api.w.org\/{rel}","templated":true}]}}