{"id":575,"date":"2019-03-16T12:57:26","date_gmt":"2019-03-16T12:57:26","guid":{"rendered":"http:\/\/instituciones2.gtm.sld.cu\/dmsmta\/?page_id=575"},"modified":"2019-03-16T12:57:26","modified_gmt":"2019-03-16T12:57:26","slug":"auditoria","status":"publish","type":"page","link":"https:\/\/instituciones.gtm.sld.cu\/dmsmta\/departamentos\/direccion\/auditoria\/","title":{"rendered":"Auditor\u00eda"},"content":{"rendered":"\n<p>La <strong>auditor\u00eda en salud<\/strong> es un proceso de evaluaci\u00f3n sistem\u00e1tica de la calidad y la gesti\u00f3n de recursos en la atenci\u00f3n en <strong>salud<\/strong>, con el fin de identificar deficiencias y producir mejoras para el beneficio de la poblaci\u00f3n. <\/p>\n\n\n\n<p><strong>MISI\u00d3N<\/strong><\/p>\n\n\n\n<ul><li>Ejercer con alta profesionalidad, disciplina y elevados valores  \u00e9ticos, la direcci\u00f3n, ejecuci\u00f3n de acciones de control en instituciones  de Salud Publica \u00a0a nivel municipal, ejecutar las acciones necesarias  con el fin de velar por la correcta y transparente administraci\u00f3n de los  recursos del estado con el objetivo de prevenir, detectar y enfrentar  actos de corrupci\u00f3n y Presuntos Hechos Delictivos.<\/li><\/ul>\n\n\n\n<p><strong>VISI\u00d3N<\/strong><\/p>\n\n\n\n<ul><li>Se caracteriza por su alta profesionalidad y calidad, lo cual se \nevidencia en los resultados efectivos y eficaces de las actuaciones en \nla prevenci\u00f3n, detenci\u00f3n y enfrentamiento a los hechos de corrupci\u00f3n \nadministrativos.<\/li><li>Utilizamos medios y m\u00e9todos de control establecido en las Normas&nbsp; Cubanas de Auditor\u00eda.&nbsp;<\/li><li>Somos una Unidad con un colectivo laboral que se distingue por su \nplena identificaci\u00f3n con la Revoluci\u00f3n, austero velador del correcto \nempleo de los recursos del Estado, con alta discreci\u00f3n, objetividad y \nconsagraci\u00f3n.<\/li><\/ul>\n\n\n\n<p><strong>SISTEMA DE VALORES<\/strong><\/p>\n\n\n\n<ul><li><strong>Fidelidad<\/strong><em>:<\/em> Somos y seremos fieles a los principios de la Revoluci\u00f3n.<\/li><li><strong>Honestidad:<\/strong> Integramos un grupo que obra con transparencia y correspondencia entre la forma de pensar y actuar.<\/li><li><strong>Austeridad:<\/strong> Hacemos uso racional&nbsp; de los recursos humanos, materiales y financieros.<\/li><li><strong>Profesionalidad:<\/strong> La calidad identifica los resultados de nuestra labor.<\/li><li><strong>Creatividad: <\/strong> Nos desarrollamos buscando soluciones&nbsp;&nbsp; y creatividad.<\/li><li><strong>Colaboraci\u00f3n:<\/strong> Cultivamos el esp\u00edritu altruista, solidario y de cooperaci\u00f3n.<\/li><\/ul>\n\n\n\n<p><strong>Fuente:<\/strong> Departamento auditoria de la DMS.<\/p>\n","protected":false},"excerpt":{"rendered":"<p>La auditor\u00eda en salud es un proceso de evaluaci\u00f3n sistem\u00e1tica de la calidad y la gesti\u00f3n de recursos en la atenci\u00f3n en salud, con el fin de identificar deficiencias y producir mejoras para el beneficio de la poblaci\u00f3n. MISI\u00d3N Ejercer con alta profesionalidad, disciplina y elevados valores \u00e9ticos, la direcci\u00f3n, ejecuci\u00f3n de acciones de control &hellip; <\/p>\n<p><a class=\"more-link btn\" href=\"https:\/\/instituciones.gtm.sld.cu\/dmsmta\/departamentos\/direccion\/auditoria\/\">Seguir leyendo<\/a><\/p>\n","protected":false},"author":79,"featured_media":0,"parent":536,"menu_order":2,"comment_status":"closed","ping_status":"closed","template":"","meta":{"ngg_post_thumbnail":0,"_mc_calendar":[]},"yoast_head":"<!-- This site is optimized with the Yoast SEO plugin v21.8 - https:\/\/yoast.com\/wordpress\/plugins\/seo\/ -->\n<title>Auditor\u00eda - Direcci\u00f3n General de Salud<\/title>\n<meta name=\"robots\" content=\"index, follow, max-snippet:-1, max-image-preview:large, max-video-preview:-1\" \/>\n<link rel=\"canonical\" href=\"https:\/\/instituciones.gtm.sld.cu\/dmsmta\/departamentos\/direccion\/auditoria\/\" \/>\n<meta property=\"og:locale\" content=\"es_ES\" \/>\n<meta property=\"og:type\" content=\"article\" \/>\n<meta property=\"og:title\" content=\"Auditor\u00eda - Direcci\u00f3n General de Salud\" \/>\n<meta property=\"og:description\" content=\"La auditor\u00eda en salud es un proceso de evaluaci\u00f3n sistem\u00e1tica de la calidad y la gesti\u00f3n de recursos en la atenci\u00f3n en salud, con el fin de identificar deficiencias y producir mejoras para el beneficio de la poblaci\u00f3n. MISI\u00d3N Ejercer con alta profesionalidad, disciplina y elevados valores \u00e9ticos, la direcci\u00f3n, ejecuci\u00f3n de acciones de control &hellip; Seguir leyendo\" \/>\n<meta property=\"og:url\" content=\"https:\/\/instituciones.gtm.sld.cu\/dmsmta\/departamentos\/direccion\/auditoria\/\" \/>\n<meta property=\"og:site_name\" content=\"Direcci\u00f3n General de Salud\" \/>\n<meta name=\"twitter:card\" content=\"summary_large_image\" \/>\n<meta name=\"twitter:label1\" content=\"Tiempo de lectura\" \/>\n\t<meta name=\"twitter:data1\" content=\"1 minuto\" \/>\n<script type=\"application\/ld+json\" class=\"yoast-schema-graph\">{\"@context\":\"https:\/\/schema.org\",\"@graph\":[{\"@type\":\"WebPage\",\"@id\":\"https:\/\/instituciones.gtm.sld.cu\/dmsmta\/departamentos\/direccion\/auditoria\/\",\"url\":\"https:\/\/instituciones.gtm.sld.cu\/dmsmta\/departamentos\/direccion\/auditoria\/\",\"name\":\"Auditor\u00eda - Direcci\u00f3n General de Salud\",\"isPartOf\":{\"@id\":\"https:\/\/instituciones.gtm.sld.cu\/dmsmta\/#website\"},\"datePublished\":\"2019-03-16T12:57:26+00:00\",\"dateModified\":\"2019-03-16T12:57:26+00:00\",\"breadcrumb\":{\"@id\":\"https:\/\/instituciones.gtm.sld.cu\/dmsmta\/departamentos\/direccion\/auditoria\/#breadcrumb\"},\"inLanguage\":\"es\",\"potentialAction\":[{\"@type\":\"ReadAction\",\"target\":[\"https:\/\/instituciones.gtm.sld.cu\/dmsmta\/departamentos\/direccion\/auditoria\/\"]}]},{\"@type\":\"BreadcrumbList\",\"@id\":\"https:\/\/instituciones.gtm.sld.cu\/dmsmta\/departamentos\/direccion\/auditoria\/#breadcrumb\",\"itemListElement\":[{\"@type\":\"ListItem\",\"position\":1,\"name\":\"Portada\",\"item\":\"https:\/\/instituciones.gtm.sld.cu\/dmsmta\/\"},{\"@type\":\"ListItem\",\"position\":2,\"name\":\"Director General\",\"item\":\"https:\/\/instituciones.gtm.sld.cu\/dmsmta\/departamentos\/\"},{\"@type\":\"ListItem\",\"position\":3,\"name\":\"Departamento de la Direcci\u00f3n\",\"item\":\"https:\/\/instituciones.gtm.sld.cu\/dmsmta\/departamentos\/direccion\/\"},{\"@type\":\"ListItem\",\"position\":4,\"name\":\"Auditor\u00eda\"}]},{\"@type\":\"WebSite\",\"@id\":\"https:\/\/instituciones.gtm.sld.cu\/dmsmta\/#website\",\"url\":\"https:\/\/instituciones.gtm.sld.cu\/dmsmta\/\",\"name\":\"Direcci\u00f3n General de Salud\",\"description\":\"Manuel Tames\",\"potentialAction\":[{\"@type\":\"SearchAction\",\"target\":{\"@type\":\"EntryPoint\",\"urlTemplate\":\"https:\/\/instituciones.gtm.sld.cu\/dmsmta\/?s={search_term_string}\"},\"query-input\":\"required name=search_term_string\"}],\"inLanguage\":\"es\"}]}<\/script>\n<!-- \/ Yoast SEO plugin. -->","yoast_head_json":{"title":"Auditor\u00eda - Direcci\u00f3n General de Salud","robots":{"index":"index","follow":"follow","max-snippet":"max-snippet:-1","max-image-preview":"max-image-preview:large","max-video-preview":"max-video-preview:-1"},"canonical":"https:\/\/instituciones.gtm.sld.cu\/dmsmta\/departamentos\/direccion\/auditoria\/","og_locale":"es_ES","og_type":"article","og_title":"Auditor\u00eda - Direcci\u00f3n General de Salud","og_description":"La auditor\u00eda en salud es un proceso de evaluaci\u00f3n sistem\u00e1tica de la calidad y la gesti\u00f3n de recursos en la atenci\u00f3n en salud, con el fin de identificar deficiencias y producir mejoras para el beneficio de la poblaci\u00f3n. MISI\u00d3N Ejercer con alta profesionalidad, disciplina y elevados valores \u00e9ticos, la direcci\u00f3n, ejecuci\u00f3n de acciones de control &hellip; Seguir leyendo","og_url":"https:\/\/instituciones.gtm.sld.cu\/dmsmta\/departamentos\/direccion\/auditoria\/","og_site_name":"Direcci\u00f3n General de Salud","twitter_card":"summary_large_image","twitter_misc":{"Tiempo de lectura":"1 minuto"},"schema":{"@context":"https:\/\/schema.org","@graph":[{"@type":"WebPage","@id":"https:\/\/instituciones.gtm.sld.cu\/dmsmta\/departamentos\/direccion\/auditoria\/","url":"https:\/\/instituciones.gtm.sld.cu\/dmsmta\/departamentos\/direccion\/auditoria\/","name":"Auditor\u00eda - Direcci\u00f3n General de Salud","isPartOf":{"@id":"https:\/\/instituciones.gtm.sld.cu\/dmsmta\/#website"},"datePublished":"2019-03-16T12:57:26+00:00","dateModified":"2019-03-16T12:57:26+00:00","breadcrumb":{"@id":"https:\/\/instituciones.gtm.sld.cu\/dmsmta\/departamentos\/direccion\/auditoria\/#breadcrumb"},"inLanguage":"es","potentialAction":[{"@type":"ReadAction","target":["https:\/\/instituciones.gtm.sld.cu\/dmsmta\/departamentos\/direccion\/auditoria\/"]}]},{"@type":"BreadcrumbList","@id":"https:\/\/instituciones.gtm.sld.cu\/dmsmta\/departamentos\/direccion\/auditoria\/#breadcrumb","itemListElement":[{"@type":"ListItem","position":1,"name":"Portada","item":"https:\/\/instituciones.gtm.sld.cu\/dmsmta\/"},{"@type":"ListItem","position":2,"name":"Director General","item":"https:\/\/instituciones.gtm.sld.cu\/dmsmta\/departamentos\/"},{"@type":"ListItem","position":3,"name":"Departamento de la Direcci\u00f3n","item":"https:\/\/instituciones.gtm.sld.cu\/dmsmta\/departamentos\/direccion\/"},{"@type":"ListItem","position":4,"name":"Auditor\u00eda"}]},{"@type":"WebSite","@id":"https:\/\/instituciones.gtm.sld.cu\/dmsmta\/#website","url":"https:\/\/instituciones.gtm.sld.cu\/dmsmta\/","name":"Direcci\u00f3n General de Salud","description":"Manuel Tames","potentialAction":[{"@type":"SearchAction","target":{"@type":"EntryPoint","urlTemplate":"https:\/\/instituciones.gtm.sld.cu\/dmsmta\/?s={search_term_string}"},"query-input":"required name=search_term_string"}],"inLanguage":"es"}]}},"_links":{"self":[{"href":"https:\/\/instituciones.gtm.sld.cu\/dmsmta\/wp-json\/wp\/v2\/pages\/575"}],"collection":[{"href":"https:\/\/instituciones.gtm.sld.cu\/dmsmta\/wp-json\/wp\/v2\/pages"}],"about":[{"href":"https:\/\/instituciones.gtm.sld.cu\/dmsmta\/wp-json\/wp\/v2\/types\/page"}],"author":[{"embeddable":true,"href":"https:\/\/instituciones.gtm.sld.cu\/dmsmta\/wp-json\/wp\/v2\/users\/79"}],"replies":[{"embeddable":true,"href":"https:\/\/instituciones.gtm.sld.cu\/dmsmta\/wp-json\/wp\/v2\/comments?post=575"}],"version-history":[{"count":0,"href":"https:\/\/instituciones.gtm.sld.cu\/dmsmta\/wp-json\/wp\/v2\/pages\/575\/revisions"}],"up":[{"embeddable":true,"href":"https:\/\/instituciones.gtm.sld.cu\/dmsmta\/wp-json\/wp\/v2\/pages\/536"}],"wp:attachment":[{"href":"https:\/\/instituciones.gtm.sld.cu\/dmsmta\/wp-json\/wp\/v2\/media?parent=575"}],"curies":[{"name":"wp","href":"https:\/\/api.w.org\/{rel}","templated":true}]}}