{"id":627,"date":"2019-03-18T17:05:08","date_gmt":"2019-03-18T17:05:08","guid":{"rendered":"http:\/\/instituciones2.gtm.sld.cu\/dmsmta\/?page_id=627"},"modified":"2019-03-18T17:05:08","modified_gmt":"2019-03-18T17:05:08","slug":"metrologia","status":"publish","type":"page","link":"https:\/\/instituciones.gtm.sld.cu\/dmsmta\/departamentos\/direccion\/metrologia\/","title":{"rendered":"Metrolog\u00eda"},"content":{"rendered":"\n<h4 class=\"wp-block-heading\"><strong>Concepto<\/strong>:<\/h4>\n\n\n\n<p>Es la ciencia de la medida. Tiene por objetivo el estudio de los   sistemas de medida en cualquier campo de la ciencia. Tambi\u00e9n tiene como  objetivo indirecto que se cumpla con la calidad. Tiene dos  caracter\u00edsticas muy importantes el resultado de la medici\u00f3n y la  incertidumbre de medida. Los  f\u00edsicos y las industrias utilizan una gran  variedad de instrumentos para llevar a cabo sus mediciones. Desde  objetos sencillos como reglas y <a href=\"https:\/\/www.ecured.cu\/Cron%C3%B3metro\">cron\u00f3metros<\/a>, hasta potentes <a href=\"https:\/\/www.ecured.cu\/Microscopio\">microscopios<\/a>, medidores de <a href=\"https:\/\/www.ecured.cu\/L%C3%A1ser\">l\u00e1ser<\/a> e incluso  avanzadas <a href=\"https:\/\/www.ecured.cu\/Computadora\">computadoras<\/a> muy precisas.  <\/p>\n\n\n\n<h4 class=\"wp-block-heading\">Beneficios<\/h4>\n\n\n\n<ul><li>Promueve  el desarrollo de un sistema armonizado de medidas, an\u00e1lisis ensayos  exactos, necesarios para que la industria sea competitiva.<\/li><li>Facilita  a la industria las herramientas de medida necesarias para la investigaci\u00f3n y desarrollo de campos determinados y para definir y controlar mejor la calidad de los productos.<\/li><li>Perfecciona los m\u00e9todos y medios de medici\u00f3n.<\/li><li>Facilita el intercambio de informaci\u00f3n cient\u00edfica y t\u00e9cnica.<\/li><li>Posibilita una mayor normalizaci\u00f3n internacional de productos en general, maquinaria, equipos y medios de medici\u00f3n.<\/li><\/ul>\n\n\n\n<h4 class=\"wp-block-heading\">Confirmaci\u00f3n Metrol\u00f3gica<\/h4>\n\n\n\n<p>Conjunto de operaciones necesarias para asegurar que el equipo de medici\u00f3n\ncumple con los requisitos para su uso previsto. La confirmaci\u00f3n metrol\u00f3gica\ngeneralmente incluye calibraci\u00f3n y\/o verificaci\u00f3n, cualquier ajuste necesario o\nreparaci\u00f3n y posterior recalibraci\u00f3n, comparaci\u00f3n con los requisitos\nmetrol\u00f3gicos para el uso previsto del equipo de medici\u00f3n, as\u00ed como cualquier\nsellado y etiquetado requeridos. La confirmaci\u00f3n metrol\u00f3gica no se consigue hasta\nque se demuestre y documente la adecuaci\u00f3n de los equipos de medici\u00f3n para la\nutilizaci\u00f3n prevista. Los requisitos relativos a la utilizaci\u00f3n prevista pueden\nincluir consideraciones tales como el rango, la resoluci\u00f3n, los errores m\u00e1ximos\npermisibles, etc. Los requisitos de confirmaci\u00f3n metrol\u00f3gica normalmente son\ndistintos de los requisitos del producto y no se encuentran especificados en\nlos mismos. <\/p>\n\n\n\n<h4 class=\"wp-block-heading\">Prop\u00f3sito del sistema<\/h4>\n\n\n\n<p>Reducir al m\u00e1ximo el riesgo de que el equipo de medici\u00f3n produzca resultados\ncon errores fuera de tolerancias; y cuidar que se mantenga dentro de los\nl\u00edmites aceptables. Se pueden utilizar <a href=\"https:\/\/www.ecured.cu\/index.php?title=T%C3%A9cnicas_estad%C3%ADsticas&amp;action=edit&amp;redlink=1\">T\u00e9cnicas estad\u00edsticas<\/a>\napropiadas para analizar los resultados de calibraciones anteriores. Es\nrecomendable que los errores atribuibles a las calibraciones sean lo m\u00e1s\npeque\u00f1os posibles. Las revisiones peri\u00f3dicas del buen funcionamiento de los\nequipos nos pueden ahorrar muchos problemas y, por consiguiente, ahorrar muchos\npesos. Una verificaci\u00f3n interna es de mucha utilidad siempre y cuando se\nrealice en las condiciones m\u00e1s apropiadas y con los instrumentos o patrones\nadecuados. De este modo se asegura que el instrumento de medici\u00f3n contin\u00faa\nmidiendo bien y funciona correctamente. La utilizaci\u00f3n de un patr\u00f3n de\nverificaci\u00f3n no es de ninguna manera un sustituto de la calibraci\u00f3n y\nconfirmaci\u00f3n regulares del instrumento, pero puede prevenir la utilizaci\u00f3n de\nun instrumento que deja de cumplir con la especificaci\u00f3n dentro del lapso de\ndos confirmaciones formales. <\/p>\n\n\n\n<h4 class=\"wp-block-heading\">Calibraci\u00f3n<\/h4>\n\n\n\n<p>Es comparar, el valor de una cantidad medida por el equipo con el valor de\nla misma cantidad proporcionada por un patr\u00f3n de medida. Por ejemplo un\ntornillo microm\u00e9trico puede calibrarse por un conjunto de bloques calibradores\nest\u00e1ndar, y para calibrar un instrumento de peso se utiliza un conjunto de\npesos est\u00e1ndar. La comparaci\u00f3n con patrones revela si la exactitud del equipo\nde medida est\u00e1 dentro de las tolerancias especificadas por el fabricante o\ndentro de los m\u00e1rgenes de error prescrito. Especialistas en el \u00e1rea recomiendan\nrealizar una recalibraci\u00f3n a los equipos despu\u00e9s de una sobre carga, bien sea\nmec\u00e1nica o el\u00e9ctrica, o despu\u00e9s de que el equipo haya sufrido un golpe,\nvibraci\u00f3n o alguna manipulaci\u00f3n incorrecta. Algunos instrumentos, como los\nmatraces de cristal graduados, no necesitan la recalibraci\u00f3n porque mantiene\nsus propiedades metrol\u00f3gicas a no ser que se rompa el cristal. <\/p>\n\n\n\n<h4 class=\"wp-block-heading\">Verificaci\u00f3n<\/h4>\n\n\n\n<p>\n\nSe define como el conjunto de operaciones ejecutadas\npor un \u00f3rgano de servicio metrol\u00f3gico con el fin de determinar el error de los\nmedios de medici\u00f3n y establecer su aptitud para el uso. \n\n\n\n<\/p>\n\n\n\n<h4 class=\"wp-block-heading\">Aseguramiento metrol\u00f3gico<\/h4>\n\n\n\n<p>Es el conjunto de actividades organizativas, t\u00e9cnicas, cient\u00edficas y \nproductivas desarrolladas por lo \u00f3rganos petrol\u00f3gicos estatales y no \nestatales, con la finalidad de garantizar la uniformidad de las \nmediciones. \n<\/p>\n\n\n\n<h4 class=\"wp-block-heading\">Tareas principales del aseguramiento metrol\u00f3gico<\/h4>\n\n\n\n<ul><li>Participar en la elaboraci\u00f3n y ejecuci\u00f3n del programa de <a href=\"https:\/\/www.ecured.cu\/index.php?title=Aseguramiento_de_la_Calidad&amp;action=edit&amp;redlink=1\">Aseguramiento de la Calidad<\/a>.<\/li><li>Establecer nomenclatura racional de los par\u00e1metros que se han de medir, as\u00ed como sus normas.<\/li><li>Ejecutar los trabajos para la adquisici\u00f3n, creaci\u00f3n e implantaci\u00f3n de los medios de medici\u00f3n, ensayo y control.<\/li><li>Establecer nomenclatura racional de los <a href=\"https:\/\/www.ecured.cu\/Medios_de_medici%C3%B3n\">Medios de medici\u00f3n<\/a> y medios de verificaci\u00f3n utilizados en las empresas.<\/li><li>Implantar normas estatales y ramales sobre el aseguramiento metrol\u00f3gico<\/li><li>Organizar y ejecutar la verificaci\u00f3n de los medios de medici\u00f3n.<\/li><li>Ejecutar el control de la producci\u00f3n, estado, uso y reparaci\u00f3n de \nlos medios de medici\u00f3n y la observaci\u00f3n de reglas metrol\u00f3gicas, \nrequisitos y normas de <a href=\"https:\/\/www.ecured.cu\/Empresa\">Empresa<\/a>.<\/li><li>Ejecutar el peritaje metrol\u00f3gico de los proyectos de documentaci\u00f3n t\u00e9cnico-normalizativa, de construcci\u00f3n y tecnol\u00f3gica.<\/li><\/ul>\n\n\n\n<p><strong>Fuente:<\/strong> https:\/\/www.ecured.cu\/Metrolog\u00eda<\/p>\n","protected":false},"excerpt":{"rendered":"<p>Concepto: Es la ciencia de la medida. Tiene por objetivo el estudio de los sistemas de medida en cualquier campo de la ciencia. Tambi\u00e9n tiene como objetivo indirecto que se cumpla con la calidad. Tiene dos caracter\u00edsticas muy importantes el resultado de la medici\u00f3n y la incertidumbre de medida. Los f\u00edsicos y las industrias utilizan &hellip; <\/p>\n<p><a class=\"more-link btn\" href=\"https:\/\/instituciones.gtm.sld.cu\/dmsmta\/departamentos\/direccion\/metrologia\/\">Seguir leyendo<\/a><\/p>\n","protected":false},"author":79,"featured_media":0,"parent":536,"menu_order":6,"comment_status":"closed","ping_status":"closed","template":"","meta":{"ngg_post_thumbnail":0,"_mc_calendar":[]},"yoast_head":"<!-- This site is optimized with the Yoast SEO plugin v21.8 - https:\/\/yoast.com\/wordpress\/plugins\/seo\/ -->\n<title>Metrolog\u00eda - Direcci\u00f3n General de Salud<\/title>\n<meta name=\"robots\" content=\"index, follow, max-snippet:-1, max-image-preview:large, max-video-preview:-1\" \/>\n<link rel=\"canonical\" href=\"https:\/\/instituciones.gtm.sld.cu\/dmsmta\/departamentos\/direccion\/metrologia\/\" \/>\n<meta property=\"og:locale\" content=\"es_ES\" \/>\n<meta property=\"og:type\" content=\"article\" \/>\n<meta property=\"og:title\" content=\"Metrolog\u00eda - Direcci\u00f3n General de Salud\" \/>\n<meta property=\"og:description\" content=\"Concepto: Es la ciencia de la medida. Tiene por objetivo el estudio de los sistemas de medida en cualquier campo de la ciencia. Tambi\u00e9n tiene como objetivo indirecto que se cumpla con la calidad. Tiene dos caracter\u00edsticas muy importantes el resultado de la medici\u00f3n y la incertidumbre de medida. Los f\u00edsicos y las industrias utilizan &hellip; Seguir leyendo\" \/>\n<meta property=\"og:url\" content=\"https:\/\/instituciones.gtm.sld.cu\/dmsmta\/departamentos\/direccion\/metrologia\/\" \/>\n<meta property=\"og:site_name\" content=\"Direcci\u00f3n General de Salud\" \/>\n<meta name=\"twitter:card\" content=\"summary_large_image\" \/>\n<meta name=\"twitter:label1\" content=\"Tiempo de lectura\" \/>\n\t<meta name=\"twitter:data1\" content=\"4 minutos\" \/>\n<script type=\"application\/ld+json\" class=\"yoast-schema-graph\">{\"@context\":\"https:\/\/schema.org\",\"@graph\":[{\"@type\":\"WebPage\",\"@id\":\"https:\/\/instituciones.gtm.sld.cu\/dmsmta\/departamentos\/direccion\/metrologia\/\",\"url\":\"https:\/\/instituciones.gtm.sld.cu\/dmsmta\/departamentos\/direccion\/metrologia\/\",\"name\":\"Metrolog\u00eda - Direcci\u00f3n General de Salud\",\"isPartOf\":{\"@id\":\"https:\/\/instituciones.gtm.sld.cu\/dmsmta\/#website\"},\"datePublished\":\"2019-03-18T17:05:08+00:00\",\"dateModified\":\"2019-03-18T17:05:08+00:00\",\"breadcrumb\":{\"@id\":\"https:\/\/instituciones.gtm.sld.cu\/dmsmta\/departamentos\/direccion\/metrologia\/#breadcrumb\"},\"inLanguage\":\"es\",\"potentialAction\":[{\"@type\":\"ReadAction\",\"target\":[\"https:\/\/instituciones.gtm.sld.cu\/dmsmta\/departamentos\/direccion\/metrologia\/\"]}]},{\"@type\":\"BreadcrumbList\",\"@id\":\"https:\/\/instituciones.gtm.sld.cu\/dmsmta\/departamentos\/direccion\/metrologia\/#breadcrumb\",\"itemListElement\":[{\"@type\":\"ListItem\",\"position\":1,\"name\":\"Portada\",\"item\":\"https:\/\/instituciones.gtm.sld.cu\/dmsmta\/\"},{\"@type\":\"ListItem\",\"position\":2,\"name\":\"Director General\",\"item\":\"https:\/\/instituciones.gtm.sld.cu\/dmsmta\/departamentos\/\"},{\"@type\":\"ListItem\",\"position\":3,\"name\":\"Departamento de la Direcci\u00f3n\",\"item\":\"https:\/\/instituciones.gtm.sld.cu\/dmsmta\/departamentos\/direccion\/\"},{\"@type\":\"ListItem\",\"position\":4,\"name\":\"Metrolog\u00eda\"}]},{\"@type\":\"WebSite\",\"@id\":\"https:\/\/instituciones.gtm.sld.cu\/dmsmta\/#website\",\"url\":\"https:\/\/instituciones.gtm.sld.cu\/dmsmta\/\",\"name\":\"Direcci\u00f3n General de Salud\",\"description\":\"Manuel Tames\",\"potentialAction\":[{\"@type\":\"SearchAction\",\"target\":{\"@type\":\"EntryPoint\",\"urlTemplate\":\"https:\/\/instituciones.gtm.sld.cu\/dmsmta\/?s={search_term_string}\"},\"query-input\":\"required name=search_term_string\"}],\"inLanguage\":\"es\"}]}<\/script>\n<!-- \/ Yoast SEO plugin. -->","yoast_head_json":{"title":"Metrolog\u00eda - Direcci\u00f3n General de Salud","robots":{"index":"index","follow":"follow","max-snippet":"max-snippet:-1","max-image-preview":"max-image-preview:large","max-video-preview":"max-video-preview:-1"},"canonical":"https:\/\/instituciones.gtm.sld.cu\/dmsmta\/departamentos\/direccion\/metrologia\/","og_locale":"es_ES","og_type":"article","og_title":"Metrolog\u00eda - Direcci\u00f3n General de Salud","og_description":"Concepto: Es la ciencia de la medida. Tiene por objetivo el estudio de los sistemas de medida en cualquier campo de la ciencia. Tambi\u00e9n tiene como objetivo indirecto que se cumpla con la calidad. Tiene dos caracter\u00edsticas muy importantes el resultado de la medici\u00f3n y la incertidumbre de medida. Los f\u00edsicos y las industrias utilizan &hellip; Seguir leyendo","og_url":"https:\/\/instituciones.gtm.sld.cu\/dmsmta\/departamentos\/direccion\/metrologia\/","og_site_name":"Direcci\u00f3n General de Salud","twitter_card":"summary_large_image","twitter_misc":{"Tiempo de lectura":"4 minutos"},"schema":{"@context":"https:\/\/schema.org","@graph":[{"@type":"WebPage","@id":"https:\/\/instituciones.gtm.sld.cu\/dmsmta\/departamentos\/direccion\/metrologia\/","url":"https:\/\/instituciones.gtm.sld.cu\/dmsmta\/departamentos\/direccion\/metrologia\/","name":"Metrolog\u00eda - Direcci\u00f3n General de Salud","isPartOf":{"@id":"https:\/\/instituciones.gtm.sld.cu\/dmsmta\/#website"},"datePublished":"2019-03-18T17:05:08+00:00","dateModified":"2019-03-18T17:05:08+00:00","breadcrumb":{"@id":"https:\/\/instituciones.gtm.sld.cu\/dmsmta\/departamentos\/direccion\/metrologia\/#breadcrumb"},"inLanguage":"es","potentialAction":[{"@type":"ReadAction","target":["https:\/\/instituciones.gtm.sld.cu\/dmsmta\/departamentos\/direccion\/metrologia\/"]}]},{"@type":"BreadcrumbList","@id":"https:\/\/instituciones.gtm.sld.cu\/dmsmta\/departamentos\/direccion\/metrologia\/#breadcrumb","itemListElement":[{"@type":"ListItem","position":1,"name":"Portada","item":"https:\/\/instituciones.gtm.sld.cu\/dmsmta\/"},{"@type":"ListItem","position":2,"name":"Director General","item":"https:\/\/instituciones.gtm.sld.cu\/dmsmta\/departamentos\/"},{"@type":"ListItem","position":3,"name":"Departamento de la Direcci\u00f3n","item":"https:\/\/instituciones.gtm.sld.cu\/dmsmta\/departamentos\/direccion\/"},{"@type":"ListItem","position":4,"name":"Metrolog\u00eda"}]},{"@type":"WebSite","@id":"https:\/\/instituciones.gtm.sld.cu\/dmsmta\/#website","url":"https:\/\/instituciones.gtm.sld.cu\/dmsmta\/","name":"Direcci\u00f3n General de Salud","description":"Manuel Tames","potentialAction":[{"@type":"SearchAction","target":{"@type":"EntryPoint","urlTemplate":"https:\/\/instituciones.gtm.sld.cu\/dmsmta\/?s={search_term_string}"},"query-input":"required name=search_term_string"}],"inLanguage":"es"}]}},"_links":{"self":[{"href":"https:\/\/instituciones.gtm.sld.cu\/dmsmta\/wp-json\/wp\/v2\/pages\/627"}],"collection":[{"href":"https:\/\/instituciones.gtm.sld.cu\/dmsmta\/wp-json\/wp\/v2\/pages"}],"about":[{"href":"https:\/\/instituciones.gtm.sld.cu\/dmsmta\/wp-json\/wp\/v2\/types\/page"}],"author":[{"embeddable":true,"href":"https:\/\/instituciones.gtm.sld.cu\/dmsmta\/wp-json\/wp\/v2\/users\/79"}],"replies":[{"embeddable":true,"href":"https:\/\/instituciones.gtm.sld.cu\/dmsmta\/wp-json\/wp\/v2\/comments?post=627"}],"version-history":[{"count":0,"href":"https:\/\/instituciones.gtm.sld.cu\/dmsmta\/wp-json\/wp\/v2\/pages\/627\/revisions"}],"up":[{"embeddable":true,"href":"https:\/\/instituciones.gtm.sld.cu\/dmsmta\/wp-json\/wp\/v2\/pages\/536"}],"wp:attachment":[{"href":"https:\/\/instituciones.gtm.sld.cu\/dmsmta\/wp-json\/wp\/v2\/media?parent=627"}],"curies":[{"name":"wp","href":"https:\/\/api.w.org\/{rel}","templated":true}]}}